{"id":8591,"date":"2014-04-29T16:24:52","date_gmt":"2014-04-29T16:24:52","guid":{"rendered":"https:\/\/www.cfm.co.mz\/2014\/04\/29\/ambiente-e-seguranca-no-trabalho\/"},"modified":"2025-03-17T06:16:58","modified_gmt":"2025-03-17T06:16:58","slug":"ambiente-e-seguranca-no-trabalho","status":"publish","type":"page","link":"https:\/\/www.cfm.co.mz\/en\/ambiente-e-seguranca-no-trabalho\/","title":{"rendered":"Ambiente e Seguran\u00e7a no Trabalho"},"content":{"rendered":"<div data-elementor-type=\"wp-page\" data-elementor-id=\"8591\" class=\"elementor elementor-8591\">\n\t\t\t\t<div class=\"elementor-element elementor-element-2b757d2 e-flex e-con-boxed wpr-particle-no wpr-jarallax-no wpr-parallax-no wpr-sticky-section-no e-con e-parent\" data-id=\"2b757d2\" data-element_type=\"container\" data-settings=\"{&quot;background_background&quot;:&quot;classic&quot;}\">\n\t\t\t\t\t<div class=\"e-con-inner\">\n\t\t\t\t<div class=\"elementor-element elementor-element-50cab77 elementor-widget elementor-widget-heading\" data-id=\"50cab77\" data-element_type=\"widget\" data-widget_type=\"heading.default\">\n\t\t\t\t<div class=\"elementor-widget-container\">\n\t\t\t\t\t<h2 class=\"elementor-heading-title elementor-size-default\">Ambiente e Seguran\u00e7a no  Trabalho<\/h2>\t\t\t\t<\/div>\n\t\t\t\t<\/div>\n\t\t\t\t\t<\/div>\n\t\t\t\t<\/div>\n\t\t<div class=\"elementor-element elementor-element-093892a e-flex e-con-boxed wpr-particle-no wpr-jarallax-no wpr-parallax-no wpr-sticky-section-no e-con e-parent\" data-id=\"093892a\" data-element_type=\"container\" data-settings=\"{&quot;background_background&quot;:&quot;classic&quot;}\">\n\t\t\t\t\t<div class=\"e-con-inner\">\n\t\t\t\t<div class=\"elementor-element elementor-element-ba506e6 elementor-widget elementor-widget-eael-breadcrumbs\" data-id=\"ba506e6\" data-element_type=\"widget\" data-widget_type=\"eael-breadcrumbs.default\">\n\t\t\t\t<div class=\"elementor-widget-container\">\n\t\t\t\t\t\t\t<div class=\"eael-breadcrumbs\">\n\t\t\t<div class=\"eael-breadcrumbs__content\"><a href=\"https:\/\/www.cfm.co.mz\/en\">Home<\/a> <span class=\"eael-breadcrumb-separator\"><i aria-hidden=\"true\" class=\"icon icon-right-arrow1\"><\/i><\/span> <span class = \"eael-current\">Page<\/span><\/div>\t\t<\/div>\n\t\t\t\t\t\t<\/div>\n\t\t\t\t<\/div>\n\t\t\t\t\t<\/div>\n\t\t\t\t<\/div>\n\t\t<div class=\"elementor-element elementor-element-74c7eea e-flex e-con-boxed wpr-particle-no wpr-jarallax-no wpr-parallax-no wpr-sticky-section-no e-con e-parent\" data-id=\"74c7eea\" data-element_type=\"container\">\n\t\t\t\t\t<div class=\"e-con-inner\">\n\t\t\t\t<div class=\"elementor-element elementor-element-7ef04c99 elementor-widget elementor-widget-text-editor\" data-id=\"7ef04c99\" data-element_type=\"widget\" data-widget_type=\"text-editor.default\">\n\t\t\t\t<div class=\"elementor-widget-container\">\n\t\t\t\t\t\t\t\t\t<p><img fetchpriority=\"high\" decoding=\"async\" class=\"alignleft size-full wp-image-8589\" src=\"http:\/\/www.cfm.co.mz\/wp-content\/uploads\/2014\/04\/Ambiente_e_Seguranca-scaled.jpg\" alt=\"Ambiente e Seguran\u00e7a\" width=\"300\" height=\"200\" style=\"margin: 10px; float: left;\" srcset=\"https:\/\/www.cfm.co.mz\/wp-content\/uploads\/2014\/04\/Ambiente_e_Seguranca-scaled.jpg 2560w, https:\/\/www.cfm.co.mz\/wp-content\/uploads\/2014\/04\/Ambiente_e_Seguranca-300x200.jpg 300w, https:\/\/www.cfm.co.mz\/wp-content\/uploads\/2014\/04\/Ambiente_e_Seguranca-1024x683.jpg 1024w, https:\/\/www.cfm.co.mz\/wp-content\/uploads\/2014\/04\/Ambiente_e_Seguranca-768x512.jpg 768w, https:\/\/www.cfm.co.mz\/wp-content\/uploads\/2014\/04\/Ambiente_e_Seguranca-1536x1024.jpg 1536w, https:\/\/www.cfm.co.mz\/wp-content\/uploads\/2014\/04\/Ambiente_e_Seguranca-2048x1365.jpg 2048w\" sizes=\"(max-width: 300px) 100vw, 300px\" \/>O CFM est\u00e1 comprometido a trabalhar de forma a alcan\u00e7ar o objectivo de Zero danos \u00e0s pessoas e ao meio ambiente. Na persecu\u00e7\u00e3o deste objectivo, a empresa garante que as actividades sejam conduzidas de tal maneira que evitem ou minimizem impactos adversos \u00e0 Sa\u00fade, Seguran\u00e7a e Meio Ambiente. A seguran\u00e7a dos Trabalhadores e a protec\u00e7\u00e3o do meio ambiente s\u00e3o essenciais para o sucesso e o crescimento futuro das actividades do CFM.<\/p>\r\n\n<\/div><\/div><\/div><\/div><\/div> <a href=\"https:\/\/www.cfm.co.mz\/en\/ambiente-e-seguranca-no-trabalho\/#more-8591\" class=\"more-link elementor-more-link\"><span aria-label=\"Continue reading Ambiente e Seguran\u00e7a no Trabalho\">(more&hellip;)<\/span><\/a>","protected":false},"excerpt":{"rendered":"<p>Ambiente e Seguran\u00e7a no Trabalho In\u00edcio Page O CFM est\u00e1 comprometido a trabalhar de forma a alcan\u00e7ar o objectivo de Zero danos \u00e0s pessoas e ao meio ambiente. Na persecu\u00e7\u00e3o deste objectivo, a empresa garante que as actividades sejam conduzidas de tal maneira que evitem ou minimizem impactos adversos \u00e0 Sa\u00fade, Seguran\u00e7a e Meio Ambiente. A seguran\u00e7a dos Trabalhadores e a protec\u00e7\u00e3o do meio ambiente s\u00e3o essenciais para o sucesso e o crescimento futuro das actividades do CFM.<\/p>","protected":false},"author":89,"featured_media":8589,"parent":0,"menu_order":8,"comment_status":"closed","ping_status":"open","template":"","meta":{"_acf_changed":false,"pgc_sgb_lightbox_settings":"","footnotes":""},"class_list":["post-8591","page","type-page","status-publish","has-post-thumbnail","hentry"],"acf":[],"yoast_head":"<!-- This site is optimized with the Yoast SEO plugin v26.5 - https:\/\/yoast.com\/wordpress\/plugins\/seo\/ -->\n<title>Ambiente e Seguran\u00e7a no Trabalho - CFM - Caminhos De Ferros de Mo\u00e7ambique<\/title>\n<meta name=\"robots\" content=\"index, follow, max-snippet:-1, max-image-preview:large, max-video-preview:-1\" \/>\n<link rel=\"canonical\" href=\"https:\/\/www.cfm.co.mz\/en\/ambiente-e-seguranca-no-trabalho\/\" \/>\n<meta property=\"og:locale\" content=\"en_US\" \/>\n<meta property=\"og:type\" content=\"article\" \/>\n<meta property=\"og:title\" content=\"Ambiente e Seguran\u00e7a no Trabalho - CFM - Caminhos De Ferros de Mo\u00e7ambique\" \/>\n<meta property=\"og:description\" content=\"Ambiente e Seguran\u00e7a no Trabalho In\u00edcio Page O CFM est\u00e1 comprometido a trabalhar de forma a alcan\u00e7ar o objectivo de Zero danos \u00e0s pessoas e ao meio ambiente. Na persecu\u00e7\u00e3o deste objectivo, a empresa garante que as actividades sejam conduzidas de tal maneira que evitem ou minimizem impactos adversos \u00e0 Sa\u00fade, Seguran\u00e7a e Meio Ambiente. A seguran\u00e7a dos Trabalhadores e a protec\u00e7\u00e3o do meio ambiente s\u00e3o essenciais para o sucesso e o crescimento futuro das actividades do CFM.\" \/>\n<meta property=\"og:url\" content=\"https:\/\/www.cfm.co.mz\/en\/ambiente-e-seguranca-no-trabalho\/\" \/>\n<meta property=\"og:site_name\" content=\"CFM - Caminhos De Ferros de Mo\u00e7ambique\" \/>\n<meta property=\"article:publisher\" content=\"https:\/\/www.facebook.com\/CFMMoz\" \/>\n<meta property=\"article:modified_time\" content=\"2025-03-17T06:16:58+00:00\" \/>\n<meta property=\"og:image\" content=\"https:\/\/www.cfm.co.mz\/wp-content\/uploads\/2014\/04\/Ambiente_e_Seguranca-scaled.jpg\" \/>\n\t<meta property=\"og:image:width\" content=\"2560\" \/>\n\t<meta property=\"og:image:height\" content=\"1707\" \/>\n\t<meta property=\"og:image:type\" content=\"image\/jpeg\" \/>\n<meta name=\"twitter:card\" content=\"summary_large_image\" \/>\n<meta name=\"twitter:label1\" content=\"Est. reading time\" \/>\n\t<meta name=\"twitter:data1\" content=\"2 minutes\" \/>\n<script type=\"application\/ld+json\" class=\"yoast-schema-graph\">{\"@context\":\"https:\/\/schema.org\",\"@graph\":[{\"@type\":\"WebPage\",\"@id\":\"https:\/\/www.cfm.co.mz\/ambiente-e-seguranca-no-trabalho\/\",\"url\":\"https:\/\/www.cfm.co.mz\/ambiente-e-seguranca-no-trabalho\/\",\"name\":\"Ambiente e Seguran\u00e7a no Trabalho - CFM - Caminhos De Ferros de Mo\u00e7ambique\",\"isPartOf\":{\"@id\":\"https:\/\/www.cfm.co.mz\/#website\"},\"primaryImageOfPage\":{\"@id\":\"https:\/\/www.cfm.co.mz\/ambiente-e-seguranca-no-trabalho\/#primaryimage\"},\"image\":{\"@id\":\"https:\/\/www.cfm.co.mz\/ambiente-e-seguranca-no-trabalho\/#primaryimage\"},\"thumbnailUrl\":\"https:\/\/www.cfm.co.mz\/wp-content\/uploads\/2014\/04\/Ambiente_e_Seguranca-scaled.jpg\",\"datePublished\":\"2014-04-29T16:24:52+00:00\",\"dateModified\":\"2025-03-17T06:16:58+00:00\",\"breadcrumb\":{\"@id\":\"https:\/\/www.cfm.co.mz\/ambiente-e-seguranca-no-trabalho\/#breadcrumb\"},\"inLanguage\":\"en-US\",\"potentialAction\":[{\"@type\":\"ReadAction\",\"target\":[\"https:\/\/www.cfm.co.mz\/ambiente-e-seguranca-no-trabalho\/\"]}]},{\"@type\":\"ImageObject\",\"inLanguage\":\"en-US\",\"@id\":\"https:\/\/www.cfm.co.mz\/ambiente-e-seguranca-no-trabalho\/#primaryimage\",\"url\":\"https:\/\/www.cfm.co.mz\/wp-content\/uploads\/2014\/04\/Ambiente_e_Seguranca-scaled.jpg\",\"contentUrl\":\"https:\/\/www.cfm.co.mz\/wp-content\/uploads\/2014\/04\/Ambiente_e_Seguranca-scaled.jpg\",\"width\":2560,\"height\":1707,\"caption\":\"Ambiente e Seguran\u00e7a\"},{\"@type\":\"BreadcrumbList\",\"@id\":\"https:\/\/www.cfm.co.mz\/ambiente-e-seguranca-no-trabalho\/#breadcrumb\",\"itemListElement\":[{\"@type\":\"ListItem\",\"position\":1,\"name\":\"Home\",\"item\":\"https:\/\/www.cfm.co.mz\/\"},{\"@type\":\"ListItem\",\"position\":2,\"name\":\"Ambiente e Seguran\u00e7a no Trabalho\"}]},{\"@type\":\"WebSite\",\"@id\":\"https:\/\/www.cfm.co.mz\/#website\",\"url\":\"https:\/\/www.cfm.co.mz\/\",\"name\":\"CFM - Caminhos De Ferros de Mo\u00e7ambique\",\"description\":\"Ampliando Horizontes\",\"publisher\":{\"@id\":\"https:\/\/www.cfm.co.mz\/#organization\"},\"potentialAction\":[{\"@type\":\"SearchAction\",\"target\":{\"@type\":\"EntryPoint\",\"urlTemplate\":\"https:\/\/www.cfm.co.mz\/?s={search_term_string}\"},\"query-input\":{\"@type\":\"PropertyValueSpecification\",\"valueRequired\":true,\"valueName\":\"search_term_string\"}}],\"inLanguage\":\"en-US\"},{\"@type\":\"Organization\",\"@id\":\"https:\/\/www.cfm.co.mz\/#organization\",\"name\":\"CFM - Caminhos De Ferros de Mo\u00e7ambique\",\"url\":\"https:\/\/www.cfm.co.mz\/\",\"logo\":{\"@type\":\"ImageObject\",\"inLanguage\":\"en-US\",\"@id\":\"https:\/\/www.cfm.co.mz\/#\/schema\/logo\/image\/\",\"url\":\"https:\/\/www.cfm.co.mz\/wp-content\/uploads\/2025\/07\/be5f0679-4f5b-4d02-9719-a26ceed29162.jpg\",\"contentUrl\":\"https:\/\/www.cfm.co.mz\/wp-content\/uploads\/2025\/07\/be5f0679-4f5b-4d02-9719-a26ceed29162.jpg\",\"width\":400,\"height\":65,\"caption\":\"CFM - Caminhos De Ferros de Mo\u00e7ambique\"},\"image\":{\"@id\":\"https:\/\/www.cfm.co.mz\/#\/schema\/logo\/image\/\"},\"sameAs\":[\"https:\/\/www.facebook.com\/CFMMoz\",\"https:\/\/www.linkedin.com\/company\/caminhos-de-ferro-de-moambique\/\"]}]}<\/script>\n<!-- \/ Yoast SEO plugin. -->","yoast_head_json":{"title":"Ambiente e Seguran\u00e7a no Trabalho - CFM - Caminhos De Ferros de Mo\u00e7ambique","robots":{"index":"index","follow":"follow","max-snippet":"max-snippet:-1","max-image-preview":"max-image-preview:large","max-video-preview":"max-video-preview:-1"},"canonical":"https:\/\/www.cfm.co.mz\/en\/ambiente-e-seguranca-no-trabalho\/","og_locale":"en_US","og_type":"article","og_title":"Ambiente e Seguran\u00e7a no Trabalho - CFM - Caminhos De Ferros de Mo\u00e7ambique","og_description":"Ambiente e Seguran\u00e7a no Trabalho In\u00edcio Page O CFM est\u00e1 comprometido a trabalhar de forma a alcan\u00e7ar o objectivo de Zero danos \u00e0s pessoas e ao meio ambiente. Na persecu\u00e7\u00e3o deste objectivo, a empresa garante que as actividades sejam conduzidas de tal maneira que evitem ou minimizem impactos adversos \u00e0 Sa\u00fade, Seguran\u00e7a e Meio Ambiente. A seguran\u00e7a dos Trabalhadores e a protec\u00e7\u00e3o do meio ambiente s\u00e3o essenciais para o sucesso e o crescimento futuro das actividades do CFM.","og_url":"https:\/\/www.cfm.co.mz\/en\/ambiente-e-seguranca-no-trabalho\/","og_site_name":"CFM - Caminhos De Ferros de Mo\u00e7ambique","article_publisher":"https:\/\/www.facebook.com\/CFMMoz","article_modified_time":"2025-03-17T06:16:58+00:00","og_image":[{"width":2560,"height":1707,"url":"https:\/\/www.cfm.co.mz\/wp-content\/uploads\/2014\/04\/Ambiente_e_Seguranca-scaled.jpg","type":"image\/jpeg"}],"twitter_card":"summary_large_image","twitter_misc":{"Est. reading time":"2 minutes"},"schema":{"@context":"https:\/\/schema.org","@graph":[{"@type":"WebPage","@id":"https:\/\/www.cfm.co.mz\/ambiente-e-seguranca-no-trabalho\/","url":"https:\/\/www.cfm.co.mz\/ambiente-e-seguranca-no-trabalho\/","name":"Ambiente e Seguran\u00e7a no Trabalho - CFM - Caminhos De Ferros de Mo\u00e7ambique","isPartOf":{"@id":"https:\/\/www.cfm.co.mz\/#website"},"primaryImageOfPage":{"@id":"https:\/\/www.cfm.co.mz\/ambiente-e-seguranca-no-trabalho\/#primaryimage"},"image":{"@id":"https:\/\/www.cfm.co.mz\/ambiente-e-seguranca-no-trabalho\/#primaryimage"},"thumbnailUrl":"https:\/\/www.cfm.co.mz\/wp-content\/uploads\/2014\/04\/Ambiente_e_Seguranca-scaled.jpg","datePublished":"2014-04-29T16:24:52+00:00","dateModified":"2025-03-17T06:16:58+00:00","breadcrumb":{"@id":"https:\/\/www.cfm.co.mz\/ambiente-e-seguranca-no-trabalho\/#breadcrumb"},"inLanguage":"en-US","potentialAction":[{"@type":"ReadAction","target":["https:\/\/www.cfm.co.mz\/ambiente-e-seguranca-no-trabalho\/"]}]},{"@type":"ImageObject","inLanguage":"en-US","@id":"https:\/\/www.cfm.co.mz\/ambiente-e-seguranca-no-trabalho\/#primaryimage","url":"https:\/\/www.cfm.co.mz\/wp-content\/uploads\/2014\/04\/Ambiente_e_Seguranca-scaled.jpg","contentUrl":"https:\/\/www.cfm.co.mz\/wp-content\/uploads\/2014\/04\/Ambiente_e_Seguranca-scaled.jpg","width":2560,"height":1707,"caption":"Ambiente e Seguran\u00e7a"},{"@type":"BreadcrumbList","@id":"https:\/\/www.cfm.co.mz\/ambiente-e-seguranca-no-trabalho\/#breadcrumb","itemListElement":[{"@type":"ListItem","position":1,"name":"Home","item":"https:\/\/www.cfm.co.mz\/"},{"@type":"ListItem","position":2,"name":"Ambiente e Seguran\u00e7a no Trabalho"}]},{"@type":"WebSite","@id":"https:\/\/www.cfm.co.mz\/#website","url":"https:\/\/www.cfm.co.mz\/","name":"CFM - Caminhos De Ferros de Mo\u00e7ambique","description":"Ampliando Horizontes","publisher":{"@id":"https:\/\/www.cfm.co.mz\/#organization"},"potentialAction":[{"@type":"SearchAction","target":{"@type":"EntryPoint","urlTemplate":"https:\/\/www.cfm.co.mz\/?s={search_term_string}"},"query-input":{"@type":"PropertyValueSpecification","valueRequired":true,"valueName":"search_term_string"}}],"inLanguage":"en-US"},{"@type":"Organization","@id":"https:\/\/www.cfm.co.mz\/#organization","name":"CFM - Caminhos De Ferros de Mo\u00e7ambique","url":"https:\/\/www.cfm.co.mz\/","logo":{"@type":"ImageObject","inLanguage":"en-US","@id":"https:\/\/www.cfm.co.mz\/#\/schema\/logo\/image\/","url":"https:\/\/www.cfm.co.mz\/wp-content\/uploads\/2025\/07\/be5f0679-4f5b-4d02-9719-a26ceed29162.jpg","contentUrl":"https:\/\/www.cfm.co.mz\/wp-content\/uploads\/2025\/07\/be5f0679-4f5b-4d02-9719-a26ceed29162.jpg","width":400,"height":65,"caption":"CFM - Caminhos De Ferros de Mo\u00e7ambique"},"image":{"@id":"https:\/\/www.cfm.co.mz\/#\/schema\/logo\/image\/"},"sameAs":["https:\/\/www.facebook.com\/CFMMoz","https:\/\/www.linkedin.com\/company\/caminhos-de-ferro-de-moambique\/"]}]}},"_links":{"self":[{"href":"https:\/\/www.cfm.co.mz\/en\/wp-json\/wp\/v2\/pages\/8591","targetHints":{"allow":["GET"]}}],"collection":[{"href":"https:\/\/www.cfm.co.mz\/en\/wp-json\/wp\/v2\/pages"}],"about":[{"href":"https:\/\/www.cfm.co.mz\/en\/wp-json\/wp\/v2\/types\/page"}],"author":[{"embeddable":true,"href":"https:\/\/www.cfm.co.mz\/en\/wp-json\/wp\/v2\/users\/89"}],"replies":[{"embeddable":true,"href":"https:\/\/www.cfm.co.mz\/en\/wp-json\/wp\/v2\/comments?post=8591"}],"version-history":[{"count":10,"href":"https:\/\/www.cfm.co.mz\/en\/wp-json\/wp\/v2\/pages\/8591\/revisions"}],"predecessor-version":[{"id":12959,"href":"https:\/\/www.cfm.co.mz\/en\/wp-json\/wp\/v2\/pages\/8591\/revisions\/12959"}],"wp:featuredmedia":[{"embeddable":true,"href":"https:\/\/www.cfm.co.mz\/en\/wp-json\/wp\/v2\/media\/8589"}],"wp:attachment":[{"href":"https:\/\/www.cfm.co.mz\/en\/wp-json\/wp\/v2\/media?parent=8591"}],"curies":[{"name":"wp","href":"https:\/\/api.w.org\/{rel}","templated":true}]}}