{"id":8574,"date":"2013-09-10T12:05:02","date_gmt":"2013-09-10T12:05:02","guid":{"rendered":"https:\/\/www.cfm.co.mz\/2013\/09\/10\/manuseamento-de-carga-centro\/"},"modified":"2025-07-08T14:15:35","modified_gmt":"2025-07-08T14:15:35","slug":"manuseamento-de-carga","status":"publish","type":"page","link":"https:\/\/www.cfm.co.mz\/en\/manuseamento-de-carga\/","title":{"rendered":"Handling of Cargo"},"content":{"rendered":"<div data-elementor-type=\"wp-page\" data-elementor-id=\"8574\" class=\"elementor elementor-8574\">\n\t\t\t\t<div class=\"elementor-element elementor-element-b608fb5 e-flex e-con-boxed wpr-particle-no wpr-jarallax-no wpr-parallax-no wpr-sticky-section-no e-con e-parent\" data-id=\"b608fb5\" data-element_type=\"container\" data-settings=\"{&quot;background_background&quot;:&quot;classic&quot;}\">\n\t\t\t\t\t<div class=\"e-con-inner\">\n\t\t\t\t<div class=\"elementor-element elementor-element-73f7dd4 elementor-widget elementor-widget-heading\" data-id=\"73f7dd4\" data-element_type=\"widget\" data-widget_type=\"heading.default\">\n\t\t\t\t<div class=\"elementor-widget-container\">\n\t\t\t\t\t<h2 class=\"elementor-heading-title elementor-size-default\">Handling of Cargo<\/h2>\t\t\t\t<\/div>\n\t\t\t\t<\/div>\n\t\t\t\t\t<\/div>\n\t\t\t\t<\/div>\n\t\t<div class=\"elementor-element elementor-element-c408dd9 e-flex e-con-boxed wpr-particle-no wpr-jarallax-no wpr-parallax-no wpr-sticky-section-no e-con e-parent\" data-id=\"c408dd9\" data-element_type=\"container\" data-settings=\"{&quot;background_background&quot;:&quot;classic&quot;}\">\n\t\t\t\t\t<div class=\"e-con-inner\">\n\t\t\t\t<div class=\"elementor-element elementor-element-385a173 elementor-widget elementor-widget-eael-breadcrumbs\" data-id=\"385a173\" data-element_type=\"widget\" data-widget_type=\"eael-breadcrumbs.default\">\n\t\t\t\t<div class=\"elementor-widget-container\">\n\t\t\t\t\t\t\t<div class=\"eael-breadcrumbs\">\n\t\t\t<div class=\"eael-breadcrumbs__content\"><a href=\"https:\/\/www.cfm.co.mz\/en\">Home<\/a> <span class=\"eael-breadcrumb-separator\"><i aria-hidden=\"true\" class=\"icon icon-right-arrow1\"><\/i><\/span> <span class = \"eael-current\">Page<\/span><\/div>\t\t<\/div>\n\t\t\t\t\t\t<\/div>\n\t\t\t\t<\/div>\n\t\t\t\t\t<\/div>\n\t\t\t\t<\/div>\n\t\t<div class=\"elementor-element elementor-element-928fe2c e-flex e-con-boxed wpr-particle-no wpr-jarallax-no wpr-parallax-no wpr-sticky-section-no e-con e-parent\" data-id=\"928fe2c\" data-element_type=\"container\">\n\t\t\t\t\t<div class=\"e-con-inner\">\n\t\t<div class=\"elementor-element elementor-element-0baa2e8 e-con-full e-flex wpr-particle-no wpr-jarallax-no wpr-parallax-no wpr-sticky-section-no e-con e-child\" data-id=\"0baa2e8\" data-element_type=\"container\">\n\t\t\t\t<div class=\"elementor-element elementor-element-437ba9b elementor-widget elementor-widget-image\" data-id=\"437ba9b\" data-element_type=\"widget\" data-widget_type=\"image.default\">\n\t\t\t\t<div class=\"elementor-widget-container\">\n\t\t\t\t\t\t\t\t\t\t\t\t\t\t\t<img fetchpriority=\"high\" decoding=\"async\" width=\"800\" height=\"534\" src=\"https:\/\/www.cfm.co.mz\/wp-content\/uploads\/2025\/07\/Porto_da_Beira_Maior_Navio_2024_Terminal_de_Contentores-1024x683.jpg\" class=\"attachment-large size-large wp-image-13712\" alt=\"\" srcset=\"https:\/\/www.cfm.co.mz\/wp-content\/uploads\/2025\/07\/Porto_da_Beira_Maior_Navio_2024_Terminal_de_Contentores-1024x683.jpg 1024w, https:\/\/www.cfm.co.mz\/wp-content\/uploads\/2025\/07\/Porto_da_Beira_Maior_Navio_2024_Terminal_de_Contentores-300x200.jpg 300w, https:\/\/www.cfm.co.mz\/wp-content\/uploads\/2025\/07\/Porto_da_Beira_Maior_Navio_2024_Terminal_de_Contentores-768x512.jpg 768w, https:\/\/www.cfm.co.mz\/wp-content\/uploads\/2025\/07\/Porto_da_Beira_Maior_Navio_2024_Terminal_de_Contentores-1536x1024.jpg 1536w, https:\/\/www.cfm.co.mz\/wp-content\/uploads\/2025\/07\/Porto_da_Beira_Maior_Navio_2024_Terminal_de_Contentores-2048x1366.jpg 2048w\" sizes=\"(max-width: 800px) 100vw, 800px\" \/>\t\t\t\t\t\t\t\t\t\t\t\t\t\t\t<\/div>\n\t\t\t\t<\/div>\n\t\t\t\t<\/div>\n\t\t<div class=\"elementor-element elementor-element-69fad3a e-con-full e-flex wpr-particle-no wpr-jarallax-no wpr-parallax-no wpr-sticky-section-no e-con e-child\" data-id=\"69fad3a\" data-element_type=\"container\">\n\t\t\t\t<div class=\"elementor-element elementor-element-d06e1a8 elementor-widget elementor-widget-text-editor\" data-id=\"d06e1a8\" data-element_type=\"widget\" data-widget_type=\"text-editor.default\">\n\t\t\t\t<div class=\"elementor-widget-container\">\n\t\t\t\t\t\t\t\t\tDomestic port handling of goods (cabotage), the country's trade with foreign countries (Mozambican imports and exports), and the transit of goods from countries in the region through our ports have been extremely positive in recent years.\n\nThis growth is thanks to our commitment to improving our infrastructure to provide excellent services to users, contributing to the economic development of our country.\t\t\t\t\t\t\t\t<\/div>\n\t\t\t\t<\/div>\n\t\t<div class=\"elementor-element elementor-element-dbf686c e-grid e-con-full elementor-hidden-desktop elementor-hidden-tablet elementor-hidden-mobile wpr-particle-no wpr-jarallax-no wpr-parallax-no wpr-sticky-section-no e-con e-child\" data-id=\"dbf686c\" data-element_type=\"container\">\n\t\t\t\t<div class=\"elementor-element elementor-element-ccf3338 elementor-widget elementor-widget-elementskit-funfact\" data-id=\"ccf3338\" data-element_type=\"widget\" data-widget_type=\"elementskit-funfact.default\">\n\t\t\t\t<div class=\"elementor-widget-container\">\n\t\t\t\t\t<div class=\"ekit-wid-con\" >\n\t\t<div class=\"elementskit-funfact text-center\">\n\t\t\t\n\t\t\t<div class=\"elementskit-funfact-inner\">\n\t\t\t\t\t\t\t\t\n\t\t\t\t<div class=\"funfact-content\">\n\t\t\t\t\t<div class=\"number-percentage-wraper\">\n\t\t\t\t\t\t\t\t\t\t\t\t<span class=\"number-percentage\"\n\t\t\t\t\t\t      data-value=\"17000000\"\n\t\t\t\t\t\t      data-animation-duration=\"3500\"\n\t\t\t\t\t\t\t  data-style=\"static\">0<\/span>\n\t\t\t\t\t\tT\t\t\t\t\t\t\t\t\t\t\t<\/div>\n\n\t\t\t\t\t<h3 class=\"funfact-title\">De capacidade de manuseamento anual<\/h3>\t\t\t\t\t\t\t\t<\/div>\n\t\t<\/div>\n\t\t<\/div>\n\n\n\t\t<\/div>\t\t\t\t<\/div>\n\t\t\t\t<\/div>\n\t\t\t\t<div class=\"elementor-element elementor-element-bb151f5 elementor-widget elementor-widget-elementskit-funfact\" data-id=\"bb151f5\" data-element_type=\"widget\" data-widget_type=\"elementskit-funfact.default\">\n\t\t\t\t<div class=\"elementor-widget-container\">\n\t\t\t\t\t<div class=\"ekit-wid-con\" >\n\t\t<div class=\"elementskit-funfact text-center\">\n\t\t\t\n\t\t\t<div class=\"elementskit-funfact-inner\">\n\t\t\t\t\t\t\t\t\n\t\t\t\t<div class=\"funfact-content\">\n\t\t\t\t\t<div class=\"number-percentage-wraper\">\n\t\t\t\t\t\t\t\t\t\t\t\t<span class=\"number-percentage\"\n\t\t\t\t\t\t      data-value=\"3876\"\n\t\t\t\t\t\t      data-animation-duration=\"3500\"\n\t\t\t\t\t\t\t  data-style=\"static\">0<\/span>\n\t\t\t\t\t\tm\t\t\t\t\t\t\t\t\t\t\t<\/div>\n\n\t\t\t\t\t<h3 class=\"funfact-title\">De comprimento<\/h3>\t\t\t\t\t\t\t\t<\/div>\n\t\t<\/div>\n\t\t<\/div>\n\n\n\t\t<\/div>\t\t\t\t<\/div>\n\t\t\t\t<\/div>\n\t\t\t\t<div class=\"elementor-element elementor-element-a848fdb elementor-widget elementor-widget-elementskit-funfact\" data-id=\"a848fdb\" data-element_type=\"widget\" data-widget_type=\"elementskit-funfact.default\">\n\t\t\t\t<div class=\"elementor-widget-container\">\n\t\t\t\t\t<div class=\"ekit-wid-con\" >\n\t\t<div class=\"elementskit-funfact text-center\">\n\t\t\t\n\t\t\t<div class=\"elementskit-funfact-inner\">\n\t\t\t\t\t\t\t\t\n\t\t\t\t<div class=\"funfact-content\">\n\t\t\t\t\t<div class=\"number-percentage-wraper\">\n\t\t\t\t\t\t\t\t\t\t\t\t<span class=\"number-percentage\"\n\t\t\t\t\t\t      data-value=\"14\"\n\t\t\t\t\t\t      data-animation-duration=\"3500\"\n\t\t\t\t\t\t\t  data-style=\"static\">0<\/span>\n\t\t\t\t\t\tm\t\t\t\t\t\t\t\t\t\t\t<\/div>\n\n\t\t\t\t\t<h3 class=\"funfact-title\">De Profundidade m\u00e1xima<\/h3>\t\t\t\t\t\t\t\t<\/div>\n\t\t<\/div>\n\t\t<\/div>\n\n\n\t\t<\/div>\t\t\t\t<\/div>\n\t\t\t\t<\/div>\n\t\t\t\t<\/div>\n\t\t\t\t<\/div>\n\t\t\t\t\t<\/div>\n\t\t\t\t<\/div>\n\t\t\t\t<\/div>","protected":false},"excerpt":{"rendered":"<p>Manuseamento de Carga In\u00edcio Page O manuseamento portu\u00e1rio de mercadorias ao n\u00edvel interno do Pa\u00eds (Cabotagem), as trocas comerciais do Pa\u00eds com o exterior (importa\u00e7\u00f5es e exporta\u00e7\u00f5es de Mo\u00e7ambique) e o tr\u00e2nsito de mercadorias dos Pa\u00edses da regi\u00e3o atrav\u00e9s dos nossos Portos, tem sido, nos \u00faltimos anos, extremamente\u00a0positivo. Esse crescimento \u00e9 gra\u00e7as ao nosso compromisso de trabalhar tendo em vista a melhorar as nossas infra-estruturas para proporcionar servi\u00e7os de excel\u00eancia para os utilizadores, contribuindo para o desenvolvimento econ\u00f3mico do nosso pa\u00eds. 0 T De capacidade de manuseamento anual 0 m De comprimento 0 m De Profundidade m\u00e1xima<\/p>","protected":false},"author":89,"featured_media":8573,"parent":0,"menu_order":2,"comment_status":"closed","ping_status":"closed","template":"","meta":{"_acf_changed":false,"pgc_sgb_lightbox_settings":"","footnotes":""},"class_list":["post-8574","page","type-page","status-publish","has-post-thumbnail","hentry"],"acf":[],"yoast_head":"<!-- This site is optimized with the Yoast SEO plugin v26.5 - https:\/\/yoast.com\/wordpress\/plugins\/seo\/ -->\n<title>Manuseamento de carga - CFM - Caminhos De Ferros de Mo\u00e7ambique<\/title>\n<meta name=\"robots\" content=\"index, follow, max-snippet:-1, max-image-preview:large, max-video-preview:-1\" \/>\n<link rel=\"canonical\" href=\"https:\/\/www.cfm.co.mz\/en\/manuseamento-de-carga\/\" \/>\n<meta property=\"og:locale\" content=\"en_US\" \/>\n<meta property=\"og:type\" content=\"article\" \/>\n<meta property=\"og:title\" content=\"Manuseamento de carga - CFM - Caminhos De Ferros de Mo\u00e7ambique\" \/>\n<meta property=\"og:description\" content=\"Manuseamento de Carga In\u00edcio Page O manuseamento portu\u00e1rio de mercadorias ao n\u00edvel interno do Pa\u00eds (Cabotagem), as trocas comerciais do Pa\u00eds com o exterior (importa\u00e7\u00f5es e exporta\u00e7\u00f5es de Mo\u00e7ambique) e o tr\u00e2nsito de mercadorias dos Pa\u00edses da regi\u00e3o atrav\u00e9s dos nossos Portos, tem sido, nos \u00faltimos anos, extremamente\u00a0positivo. Esse crescimento \u00e9 gra\u00e7as ao nosso compromisso de trabalhar tendo em vista a melhorar as nossas infra-estruturas para proporcionar servi\u00e7os de excel\u00eancia para os utilizadores, contribuindo para o desenvolvimento econ\u00f3mico do nosso pa\u00eds. 0 T De capacidade de manuseamento anual 0 m De comprimento 0 m De Profundidade m\u00e1xima\" \/>\n<meta property=\"og:url\" content=\"https:\/\/www.cfm.co.mz\/en\/manuseamento-de-carga\/\" \/>\n<meta property=\"og:site_name\" content=\"CFM - Caminhos De Ferros de Mo\u00e7ambique\" \/>\n<meta property=\"article:publisher\" content=\"https:\/\/www.facebook.com\/CFMMoz\" \/>\n<meta property=\"article:modified_time\" content=\"2025-07-08T14:15:35+00:00\" \/>\n<meta property=\"og:image\" content=\"https:\/\/www.cfm.co.mz\/wp-content\/uploads\/2013\/09\/carga.jpg\" \/>\n\t<meta property=\"og:image:width\" content=\"201\" \/>\n\t<meta property=\"og:image:height\" content=\"126\" \/>\n\t<meta property=\"og:image:type\" content=\"image\/jpeg\" \/>\n<meta name=\"twitter:card\" content=\"summary_large_image\" \/>\n<meta name=\"twitter:label1\" content=\"Est. reading time\" \/>\n\t<meta name=\"twitter:data1\" content=\"1 minute\" \/>\n<script type=\"application\/ld+json\" class=\"yoast-schema-graph\">{\"@context\":\"https:\/\/schema.org\",\"@graph\":[{\"@type\":\"WebPage\",\"@id\":\"https:\/\/www.cfm.co.mz\/manuseamento-de-carga\/\",\"url\":\"https:\/\/www.cfm.co.mz\/manuseamento-de-carga\/\",\"name\":\"Manuseamento de carga - CFM - Caminhos De Ferros de Mo\u00e7ambique\",\"isPartOf\":{\"@id\":\"https:\/\/www.cfm.co.mz\/#website\"},\"primaryImageOfPage\":{\"@id\":\"https:\/\/www.cfm.co.mz\/manuseamento-de-carga\/#primaryimage\"},\"image\":{\"@id\":\"https:\/\/www.cfm.co.mz\/manuseamento-de-carga\/#primaryimage\"},\"thumbnailUrl\":\"https:\/\/www.cfm.co.mz\/wp-content\/uploads\/2013\/09\/carga.jpg\",\"datePublished\":\"2013-09-10T12:05:02+00:00\",\"dateModified\":\"2025-07-08T14:15:35+00:00\",\"breadcrumb\":{\"@id\":\"https:\/\/www.cfm.co.mz\/manuseamento-de-carga\/#breadcrumb\"},\"inLanguage\":\"en-US\",\"potentialAction\":[{\"@type\":\"ReadAction\",\"target\":[\"https:\/\/www.cfm.co.mz\/manuseamento-de-carga\/\"]}]},{\"@type\":\"ImageObject\",\"inLanguage\":\"en-US\",\"@id\":\"https:\/\/www.cfm.co.mz\/manuseamento-de-carga\/#primaryimage\",\"url\":\"https:\/\/www.cfm.co.mz\/wp-content\/uploads\/2013\/09\/carga.jpg\",\"contentUrl\":\"https:\/\/www.cfm.co.mz\/wp-content\/uploads\/2013\/09\/carga.jpg\",\"width\":201,\"height\":126,\"caption\":\"carga\"},{\"@type\":\"BreadcrumbList\",\"@id\":\"https:\/\/www.cfm.co.mz\/manuseamento-de-carga\/#breadcrumb\",\"itemListElement\":[{\"@type\":\"ListItem\",\"position\":1,\"name\":\"Home\",\"item\":\"https:\/\/www.cfm.co.mz\/\"},{\"@type\":\"ListItem\",\"position\":2,\"name\":\"Manuseamento de carga\"}]},{\"@type\":\"WebSite\",\"@id\":\"https:\/\/www.cfm.co.mz\/#website\",\"url\":\"https:\/\/www.cfm.co.mz\/\",\"name\":\"CFM - Caminhos De Ferros de Mo\u00e7ambique\",\"description\":\"Ampliando Horizontes\",\"publisher\":{\"@id\":\"https:\/\/www.cfm.co.mz\/#organization\"},\"potentialAction\":[{\"@type\":\"SearchAction\",\"target\":{\"@type\":\"EntryPoint\",\"urlTemplate\":\"https:\/\/www.cfm.co.mz\/?s={search_term_string}\"},\"query-input\":{\"@type\":\"PropertyValueSpecification\",\"valueRequired\":true,\"valueName\":\"search_term_string\"}}],\"inLanguage\":\"en-US\"},{\"@type\":\"Organization\",\"@id\":\"https:\/\/www.cfm.co.mz\/#organization\",\"name\":\"CFM - Caminhos De Ferros de Mo\u00e7ambique\",\"url\":\"https:\/\/www.cfm.co.mz\/\",\"logo\":{\"@type\":\"ImageObject\",\"inLanguage\":\"en-US\",\"@id\":\"https:\/\/www.cfm.co.mz\/#\/schema\/logo\/image\/\",\"url\":\"https:\/\/www.cfm.co.mz\/wp-content\/uploads\/2025\/07\/be5f0679-4f5b-4d02-9719-a26ceed29162.jpg\",\"contentUrl\":\"https:\/\/www.cfm.co.mz\/wp-content\/uploads\/2025\/07\/be5f0679-4f5b-4d02-9719-a26ceed29162.jpg\",\"width\":400,\"height\":65,\"caption\":\"CFM - Caminhos De Ferros de Mo\u00e7ambique\"},\"image\":{\"@id\":\"https:\/\/www.cfm.co.mz\/#\/schema\/logo\/image\/\"},\"sameAs\":[\"https:\/\/www.facebook.com\/CFMMoz\",\"https:\/\/www.linkedin.com\/company\/caminhos-de-ferro-de-moambique\/\"]}]}<\/script>\n<!-- \/ Yoast SEO plugin. -->","yoast_head_json":{"title":"Manuseamento de carga - CFM - Caminhos De Ferros de Mo\u00e7ambique","robots":{"index":"index","follow":"follow","max-snippet":"max-snippet:-1","max-image-preview":"max-image-preview:large","max-video-preview":"max-video-preview:-1"},"canonical":"https:\/\/www.cfm.co.mz\/en\/manuseamento-de-carga\/","og_locale":"en_US","og_type":"article","og_title":"Manuseamento de carga - CFM - Caminhos De Ferros de Mo\u00e7ambique","og_description":"Manuseamento de Carga In\u00edcio Page O manuseamento portu\u00e1rio de mercadorias ao n\u00edvel interno do Pa\u00eds (Cabotagem), as trocas comerciais do Pa\u00eds com o exterior (importa\u00e7\u00f5es e exporta\u00e7\u00f5es de Mo\u00e7ambique) e o tr\u00e2nsito de mercadorias dos Pa\u00edses da regi\u00e3o atrav\u00e9s dos nossos Portos, tem sido, nos \u00faltimos anos, extremamente\u00a0positivo. Esse crescimento \u00e9 gra\u00e7as ao nosso compromisso de trabalhar tendo em vista a melhorar as nossas infra-estruturas para proporcionar servi\u00e7os de excel\u00eancia para os utilizadores, contribuindo para o desenvolvimento econ\u00f3mico do nosso pa\u00eds. 0 T De capacidade de manuseamento anual 0 m De comprimento 0 m De Profundidade m\u00e1xima","og_url":"https:\/\/www.cfm.co.mz\/en\/manuseamento-de-carga\/","og_site_name":"CFM - Caminhos De Ferros de Mo\u00e7ambique","article_publisher":"https:\/\/www.facebook.com\/CFMMoz","article_modified_time":"2025-07-08T14:15:35+00:00","og_image":[{"width":201,"height":126,"url":"https:\/\/www.cfm.co.mz\/wp-content\/uploads\/2013\/09\/carga.jpg","type":"image\/jpeg"}],"twitter_card":"summary_large_image","twitter_misc":{"Est. reading time":"1 minute"},"schema":{"@context":"https:\/\/schema.org","@graph":[{"@type":"WebPage","@id":"https:\/\/www.cfm.co.mz\/manuseamento-de-carga\/","url":"https:\/\/www.cfm.co.mz\/manuseamento-de-carga\/","name":"Manuseamento de carga - CFM - Caminhos De Ferros de Mo\u00e7ambique","isPartOf":{"@id":"https:\/\/www.cfm.co.mz\/#website"},"primaryImageOfPage":{"@id":"https:\/\/www.cfm.co.mz\/manuseamento-de-carga\/#primaryimage"},"image":{"@id":"https:\/\/www.cfm.co.mz\/manuseamento-de-carga\/#primaryimage"},"thumbnailUrl":"https:\/\/www.cfm.co.mz\/wp-content\/uploads\/2013\/09\/carga.jpg","datePublished":"2013-09-10T12:05:02+00:00","dateModified":"2025-07-08T14:15:35+00:00","breadcrumb":{"@id":"https:\/\/www.cfm.co.mz\/manuseamento-de-carga\/#breadcrumb"},"inLanguage":"en-US","potentialAction":[{"@type":"ReadAction","target":["https:\/\/www.cfm.co.mz\/manuseamento-de-carga\/"]}]},{"@type":"ImageObject","inLanguage":"en-US","@id":"https:\/\/www.cfm.co.mz\/manuseamento-de-carga\/#primaryimage","url":"https:\/\/www.cfm.co.mz\/wp-content\/uploads\/2013\/09\/carga.jpg","contentUrl":"https:\/\/www.cfm.co.mz\/wp-content\/uploads\/2013\/09\/carga.jpg","width":201,"height":126,"caption":"carga"},{"@type":"BreadcrumbList","@id":"https:\/\/www.cfm.co.mz\/manuseamento-de-carga\/#breadcrumb","itemListElement":[{"@type":"ListItem","position":1,"name":"Home","item":"https:\/\/www.cfm.co.mz\/"},{"@type":"ListItem","position":2,"name":"Manuseamento de carga"}]},{"@type":"WebSite","@id":"https:\/\/www.cfm.co.mz\/#website","url":"https:\/\/www.cfm.co.mz\/","name":"CFM - Caminhos De Ferros de Mo\u00e7ambique","description":"Ampliando Horizontes","publisher":{"@id":"https:\/\/www.cfm.co.mz\/#organization"},"potentialAction":[{"@type":"SearchAction","target":{"@type":"EntryPoint","urlTemplate":"https:\/\/www.cfm.co.mz\/?s={search_term_string}"},"query-input":{"@type":"PropertyValueSpecification","valueRequired":true,"valueName":"search_term_string"}}],"inLanguage":"en-US"},{"@type":"Organization","@id":"https:\/\/www.cfm.co.mz\/#organization","name":"CFM - Caminhos De Ferros de Mo\u00e7ambique","url":"https:\/\/www.cfm.co.mz\/","logo":{"@type":"ImageObject","inLanguage":"en-US","@id":"https:\/\/www.cfm.co.mz\/#\/schema\/logo\/image\/","url":"https:\/\/www.cfm.co.mz\/wp-content\/uploads\/2025\/07\/be5f0679-4f5b-4d02-9719-a26ceed29162.jpg","contentUrl":"https:\/\/www.cfm.co.mz\/wp-content\/uploads\/2025\/07\/be5f0679-4f5b-4d02-9719-a26ceed29162.jpg","width":400,"height":65,"caption":"CFM - Caminhos De Ferros de Mo\u00e7ambique"},"image":{"@id":"https:\/\/www.cfm.co.mz\/#\/schema\/logo\/image\/"},"sameAs":["https:\/\/www.facebook.com\/CFMMoz","https:\/\/www.linkedin.com\/company\/caminhos-de-ferro-de-moambique\/"]}]}},"_links":{"self":[{"href":"https:\/\/www.cfm.co.mz\/en\/wp-json\/wp\/v2\/pages\/8574","targetHints":{"allow":["GET"]}}],"collection":[{"href":"https:\/\/www.cfm.co.mz\/en\/wp-json\/wp\/v2\/pages"}],"about":[{"href":"https:\/\/www.cfm.co.mz\/en\/wp-json\/wp\/v2\/types\/page"}],"author":[{"embeddable":true,"href":"https:\/\/www.cfm.co.mz\/en\/wp-json\/wp\/v2\/users\/89"}],"replies":[{"embeddable":true,"href":"https:\/\/www.cfm.co.mz\/en\/wp-json\/wp\/v2\/comments?post=8574"}],"version-history":[{"count":16,"href":"https:\/\/www.cfm.co.mz\/en\/wp-json\/wp\/v2\/pages\/8574\/revisions"}],"predecessor-version":[{"id":13799,"href":"https:\/\/www.cfm.co.mz\/en\/wp-json\/wp\/v2\/pages\/8574\/revisions\/13799"}],"wp:featuredmedia":[{"embeddable":true,"href":"https:\/\/www.cfm.co.mz\/en\/wp-json\/wp\/v2\/media\/8573"}],"wp:attachment":[{"href":"https:\/\/www.cfm.co.mz\/en\/wp-json\/wp\/v2\/media?parent=8574"}],"curies":[{"name":"wp","href":"https:\/\/api.w.org\/{rel}","templated":true}]}}