{"id":8570,"date":"2013-09-10T12:05:02","date_gmt":"2013-09-10T12:05:02","guid":{"rendered":"https:\/\/www.cfm.co.mz\/2013\/09\/10\/transporte-de-passageiros-centro\/"},"modified":"2025-09-11T13:09:40","modified_gmt":"2025-09-11T13:09:40","slug":"transporte-de-passageiros","status":"publish","type":"page","link":"https:\/\/www.cfm.co.mz\/en\/transporte-de-passageiros\/","title":{"rendered":"Passenger Transport"},"content":{"rendered":"<div data-elementor-type=\"wp-page\" data-elementor-id=\"8570\" class=\"elementor elementor-8570\">\n\t\t\t\t<div class=\"elementor-element elementor-element-cf852a7 e-flex e-con-boxed wpr-particle-no wpr-jarallax-no wpr-parallax-no wpr-sticky-section-no e-con e-parent\" data-id=\"cf852a7\" data-element_type=\"container\" data-settings=\"{&quot;background_background&quot;:&quot;classic&quot;}\">\n\t\t\t\t\t<div class=\"e-con-inner\">\n\t\t\t\t<div class=\"elementor-element elementor-element-bbef3ad elementor-widget elementor-widget-heading\" data-id=\"bbef3ad\" data-element_type=\"widget\" data-widget_type=\"heading.default\">\n\t\t\t\t<div class=\"elementor-widget-container\">\n\t\t\t\t\t<h2 class=\"elementor-heading-title elementor-size-default\">Passenger Transport<\/h2>\t\t\t\t<\/div>\n\t\t\t\t<\/div>\n\t\t\t\t\t<\/div>\n\t\t\t\t<\/div>\n\t\t<div class=\"elementor-element elementor-element-64ab94f e-flex e-con-boxed wpr-particle-no wpr-jarallax-no wpr-parallax-no wpr-sticky-section-no e-con e-parent\" data-id=\"64ab94f\" data-element_type=\"container\" data-settings=\"{&quot;background_background&quot;:&quot;classic&quot;}\">\n\t\t\t\t\t<div class=\"e-con-inner\">\n\t\t\t\t<div class=\"elementor-element elementor-element-553caf3 elementor-widget elementor-widget-eael-breadcrumbs\" data-id=\"553caf3\" data-element_type=\"widget\" data-widget_type=\"eael-breadcrumbs.default\">\n\t\t\t\t<div class=\"elementor-widget-container\">\n\t\t\t\t\t\t\t<div class=\"eael-breadcrumbs\">\n\t\t\t<div class=\"eael-breadcrumbs__content\"><a href=\"https:\/\/www.cfm.co.mz\/en\">Home<\/a> <span class=\"eael-breadcrumb-separator\"><i aria-hidden=\"true\" class=\"icon icon-right-arrow1\"><\/i><\/span> <span class = \"eael-current\">Page<\/span><\/div>\t\t<\/div>\n\t\t\t\t\t\t<\/div>\n\t\t\t\t<\/div>\n\t\t\t\t\t<\/div>\n\t\t\t\t<\/div>\n\t\t<div class=\"elementor-element elementor-element-bf59d3f e-flex e-con-boxed wpr-particle-no wpr-jarallax-no wpr-parallax-no wpr-sticky-section-no e-con e-parent\" data-id=\"bf59d3f\" data-element_type=\"container\">\n\t\t\t\t\t<div class=\"e-con-inner\">\n\t\t<div class=\"elementor-element elementor-element-e6870db e-con-full e-flex wpr-particle-no wpr-jarallax-no wpr-parallax-no wpr-sticky-section-no e-con e-child\" data-id=\"e6870db\" data-element_type=\"container\">\n\t\t\t\t<div class=\"elementor-element elementor-element-0b07b6a elementor-widget elementor-widget-image\" data-id=\"0b07b6a\" data-element_type=\"widget\" data-widget_type=\"image.default\">\n\t\t\t\t<div class=\"elementor-widget-container\">\n\t\t\t\t\t\t\t\t\t\t\t\t\t\t\t<img fetchpriority=\"high\" decoding=\"async\" width=\"800\" height=\"534\" src=\"https:\/\/www.cfm.co.mz\/wp-content\/uploads\/2013\/09\/Passageiros-1024x683.jpg\" class=\"attachment-large size-large wp-image-8569\" alt=\"Passageiros\" srcset=\"https:\/\/www.cfm.co.mz\/wp-content\/uploads\/2013\/09\/Passageiros-1024x683.jpg 1024w, https:\/\/www.cfm.co.mz\/wp-content\/uploads\/2013\/09\/Passageiros-300x200.jpg 300w, https:\/\/www.cfm.co.mz\/wp-content\/uploads\/2013\/09\/Passageiros-768x512.jpg 768w, https:\/\/www.cfm.co.mz\/wp-content\/uploads\/2013\/09\/Passageiros-1536x1024.jpg 1536w, https:\/\/www.cfm.co.mz\/wp-content\/uploads\/2013\/09\/Passageiros.jpg 1800w\" sizes=\"(max-width: 800px) 100vw, 800px\" \/>\t\t\t\t\t\t\t\t\t\t\t\t\t\t\t<\/div>\n\t\t\t\t<\/div>\n\t\t\t\t<\/div>\n\t\t<div class=\"elementor-element elementor-element-fd08f82 e-con-full e-flex wpr-particle-no wpr-jarallax-no wpr-parallax-no wpr-sticky-section-no e-con e-child\" data-id=\"fd08f82\" data-element_type=\"container\">\n\t\t\t\t<div class=\"elementor-element elementor-element-c439346 elementor-widget elementor-widget-text-editor\" data-id=\"c439346\" data-element_type=\"widget\" data-widget_type=\"text-editor.default\">\n\t\t\t\t<div class=\"elementor-widget-container\">\n\t\t\t\t\t\t\t\t\t<p style=\"text-align: justify;\">The demand for rail passenger services has been growing over recent times. The company Ports and Railways of Mozambique - CFM has been making efforts towards satisfying this demand by helping to alleviate the distress and suffering of thousands of citizens who seek this service on a daily basis.<\/p><p style=\"text-align: justify;\">Our company subsidizes 85% of the travel cost and the passengers pay only the remaining 15%.\nRight now, at the South Railway System, CFM operates daily passenger trains on Goba, Ressano Garcia and Limpopo Lines.<\/p><p style=\"text-align: justify;\">Para al\u00e9m do servi\u00e7o de longo curso, a empresa realiza um servi\u00e7o inter-urbano de passageiros ligando a Cidade de Maputo a Matola-Gare, Boane e Marracuene, garantindo assim a circula\u00e7\u00e3o de milhares de pessoas e bens. A n\u00edvel da Regi\u00e3o Centro, temos os comboios que circulam entre a cidade da Beira e a Vila de Moatize, e entre a cidade da Beira e Vila fronteiri\u00e7a de Machipanda.<\/p><p style=\"text-align: justify;\" class=\"translation-block\">In the North Region, passenger transport is provided by <strong>CDN- Northern Development Corridor<\/strong>.<\/p><p style=\"text-align: justify;\">Our commitment and challenge is to find ways to allocate more resources for us to perform this essential service to our people with the necessary convenience, safety and efficiency.\nIt is a complex task due to the increasing costs that this challenging operation entails, but we must not disregard our responsibility in this area of public service.<\/p>\t\t\t\t\t\t\t\t<\/div>\n\t\t\t\t<\/div>\n\t\t<div class=\"elementor-element elementor-element-8e57f96 e-grid e-con-full elementor-hidden-desktop elementor-hidden-tablet elementor-hidden-mobile wpr-particle-no wpr-jarallax-no wpr-parallax-no wpr-sticky-section-no e-con e-child\" data-id=\"8e57f96\" data-element_type=\"container\">\n\t\t\t\t<div class=\"elementor-element elementor-element-36b6f8f elementor-widget elementor-widget-elementskit-funfact\" data-id=\"36b6f8f\" data-element_type=\"widget\" data-widget_type=\"elementskit-funfact.default\">\n\t\t\t\t<div class=\"elementor-widget-container\">\n\t\t\t\t\t<div class=\"ekit-wid-con\" >\n\t\t<div class=\"elementskit-funfact text-center\">\n\t\t\t\n\t\t\t<div class=\"elementskit-funfact-inner\">\n\t\t\t\t\t\t\t\t\n\t\t\t\t<div class=\"funfact-content\">\n\t\t\t\t\t<div class=\"number-percentage-wraper\">\n\t\t\t\t\t\t+\t\t\t\t\t\t<span class=\"number-percentage\"\n\t\t\t\t\t\t      data-value=\"17000000\"\n\t\t\t\t\t\t      data-animation-duration=\"3500\"\n\t\t\t\t\t\t\t  data-style=\"static\">0<\/span>\n\t\t\t\t\t\t\t\t\t\t\t\t\t\t\t\t\t<\/div>\n\n\t\t\t\t\t<h3 class=\"funfact-title\">De Passageiros Transportados Anualmente<\/h3>\t\t\t\t\t\t\t\t<\/div>\n\t\t<\/div>\n\t\t<\/div>\n\n\n\t\t<\/div>\t\t\t\t<\/div>\n\t\t\t\t<\/div>\n\t\t\t\t<div class=\"elementor-element elementor-element-3f71010 elementor-widget elementor-widget-elementskit-funfact\" data-id=\"3f71010\" data-element_type=\"widget\" data-widget_type=\"elementskit-funfact.default\">\n\t\t\t\t<div class=\"elementor-widget-container\">\n\t\t\t\t\t<div class=\"ekit-wid-con\" >\n\t\t<div class=\"elementskit-funfact text-center\">\n\t\t\t\n\t\t\t<div class=\"elementskit-funfact-inner\">\n\t\t\t\t\t\t\t\t\n\t\t\t\t<div class=\"funfact-content\">\n\t\t\t\t\t<div class=\"number-percentage-wraper\">\n\t\t\t\t\t\t\t\t\t\t\t\t<span class=\"number-percentage\"\n\t\t\t\t\t\t      data-value=\"3876\"\n\t\t\t\t\t\t      data-animation-duration=\"3500\"\n\t\t\t\t\t\t\t  data-style=\"static\">0<\/span>\n\t\t\t\t\t\tkm\t\t\t\t\t\t\t\t\t\t\t<\/div>\n\n\t\t\t\t\t<h3 class=\"funfact-title\">De cobertura de linha de transporte<\/h3>\t\t\t\t\t\t\t\t<\/div>\n\t\t<\/div>\n\t\t<\/div>\n\n\n\t\t<\/div>\t\t\t\t<\/div>\n\t\t\t\t<\/div>\n\t\t\t\t<div class=\"elementor-element elementor-element-c371579 elementor-widget elementor-widget-elementskit-funfact\" data-id=\"c371579\" data-element_type=\"widget\" data-widget_type=\"elementskit-funfact.default\">\n\t\t\t\t<div class=\"elementor-widget-container\">\n\t\t\t\t\t<div class=\"ekit-wid-con\" >\n\t\t<div class=\"elementskit-funfact text-center\">\n\t\t\t\n\t\t\t<div class=\"elementskit-funfact-inner\">\n\t\t\t\t\t\t\t\t\n\t\t\t\t<div class=\"funfact-content\">\n\t\t\t\t\t<div class=\"number-percentage-wraper\">\n\t\t\t\t\t\t\t\t\t\t\t\t<span class=\"number-percentage\"\n\t\t\t\t\t\t      data-value=\"90000\"\n\t\t\t\t\t\t      data-animation-duration=\"3500\"\n\t\t\t\t\t\t\t  data-style=\"static\">0<\/span>\n\t\t\t\t\t\t\t\t\t\t\t\t\t\t\t\t\t<\/div>\n\n\t\t\t\t\t<h3 class=\"funfact-title\">Viajens anuais<\/h3>\t\t\t\t\t\t\t\t<\/div>\n\t\t<\/div>\n\t\t<\/div>\n\n\n\t\t<\/div>\t\t\t\t<\/div>\n\t\t\t\t<\/div>\n\t\t\t\t<\/div>\n\t\t\t\t<\/div>\n\t\t\t\t\t<\/div>\n\t\t\t\t<\/div>\n\t\t\t\t<\/div>","protected":false},"excerpt":{"rendered":"<p>Transporte de Passageiros In\u00edcio Page A procura do transporte ferrovi\u00e1rio de passageiros tende a crescer nos \u00faltimos tempos.\u00a0O CFM tem vindo a envidar esfor\u00e7os tendentes a dar resposta a esta procura, contribuindo para minorar a ang\u00fastia e o sofrimento de milhares de cidad\u00e3os que diariamente procuram este servi\u00e7o. A nossa empresa comparticipa com 85% do custo da passagem, cabendo ao passageiro apenas os restantes 15%.\u00a0Neste momento, ao n\u00edvel do Sistema Ferrovi\u00e1rio Sul, o CFM realiza comboios di\u00e1rios de passageiros nas Linhas de Goba, Ressano Garcia e Limpopo. Para al\u00e9m do servi\u00e7o de longo curso, a empresa realiza um servi\u00e7o inter-urbano de passageiros ligando a Cidade de Maputo a Matola-Gare, Boane e Marracuene, garantindo assim a circula\u00e7\u00e3o de milhares de pessoas e bens. A n\u00edvel da Regi\u00e3o Centro, temos os comboios que circulam entre a cidade da Beira e a Vila de Moatize, e entre a cidade da Beira e Vila fronteiri\u00e7a de Machipanda. Relativamente \u00e0 regi\u00e3o norte Norte, o transporte de passageiros \u00e9 assegurado pela Concession\u00e1ria\u00a0CDN- Corredor de Desenvolvimento do Norte.\u00a0\u00a0 Nosso compromisso e desafio \u00e9 procurar formas de alocar mais meios para que possamos realizar este servi\u00e7o essencial para a nossa popula\u00e7\u00e3o com a necess\u00e1ria comodidade, seguran\u00e7a e efici\u00eancia. Trata-se de um desafio complexo em virtude dos crescentes custos que esta opera\u00e7\u00e3o acarreta, mas n\u00e3o nos devemos furtar da nossa responsabilidade neste dom\u00ednio de servi\u00e7o p\u00fablico. + 0 De Passageiros Transportados Anualmente 0 km De cobertura de linha de transporte 0 Viajens anuais<\/p>","protected":false},"author":89,"featured_media":8569,"parent":0,"menu_order":4,"comment_status":"closed","ping_status":"closed","template":"","meta":{"_acf_changed":false,"pgc_sgb_lightbox_settings":"","footnotes":""},"class_list":["post-8570","page","type-page","status-publish","has-post-thumbnail","hentry"],"acf":[],"yoast_head":"<!-- This site is optimized with the Yoast SEO plugin v26.5 - https:\/\/yoast.com\/wordpress\/plugins\/seo\/ -->\n<title>Transporte de passageiros - CFM - Caminhos De Ferros de Mo\u00e7ambique<\/title>\n<meta name=\"robots\" content=\"index, follow, max-snippet:-1, max-image-preview:large, max-video-preview:-1\" \/>\n<link rel=\"canonical\" href=\"https:\/\/www.cfm.co.mz\/en\/transporte-de-passageiros\/\" \/>\n<meta property=\"og:locale\" content=\"en_US\" \/>\n<meta property=\"og:type\" content=\"article\" \/>\n<meta property=\"og:title\" content=\"Transporte de passageiros - CFM - Caminhos De Ferros de Mo\u00e7ambique\" \/>\n<meta property=\"og:description\" content=\"Transporte de Passageiros In\u00edcio Page A procura do transporte ferrovi\u00e1rio de passageiros tende a crescer nos \u00faltimos tempos.\u00a0O CFM tem vindo a envidar esfor\u00e7os tendentes a dar resposta a esta procura, contribuindo para minorar a ang\u00fastia e o sofrimento de milhares de cidad\u00e3os que diariamente procuram este servi\u00e7o. A nossa empresa comparticipa com 85% do custo da passagem, cabendo ao passageiro apenas os restantes 15%.\u00a0Neste momento, ao n\u00edvel do Sistema Ferrovi\u00e1rio Sul, o CFM realiza comboios di\u00e1rios de passageiros nas Linhas de Goba, Ressano Garcia e Limpopo. Para al\u00e9m do servi\u00e7o de longo curso, a empresa realiza um servi\u00e7o inter-urbano de passageiros ligando a Cidade de Maputo a Matola-Gare, Boane e Marracuene, garantindo assim a circula\u00e7\u00e3o de milhares de pessoas e bens. A n\u00edvel da Regi\u00e3o Centro, temos os comboios que circulam entre a cidade da Beira e a Vila de Moatize, e entre a cidade da Beira e Vila fronteiri\u00e7a de Machipanda. Relativamente \u00e0 regi\u00e3o norte Norte, o transporte de passageiros \u00e9 assegurado pela Concession\u00e1ria\u00a0CDN- Corredor de Desenvolvimento do Norte.\u00a0\u00a0 Nosso compromisso e desafio \u00e9 procurar formas de alocar mais meios para que possamos realizar este servi\u00e7o essencial para a nossa popula\u00e7\u00e3o com a necess\u00e1ria comodidade, seguran\u00e7a e efici\u00eancia. Trata-se de um desafio complexo em virtude dos crescentes custos que esta opera\u00e7\u00e3o acarreta, mas n\u00e3o nos devemos furtar da nossa responsabilidade neste dom\u00ednio de servi\u00e7o p\u00fablico. + 0 De Passageiros Transportados Anualmente 0 km De cobertura de linha de transporte 0 Viajens anuais\" \/>\n<meta property=\"og:url\" content=\"https:\/\/www.cfm.co.mz\/en\/transporte-de-passageiros\/\" \/>\n<meta property=\"og:site_name\" content=\"CFM - Caminhos De Ferros de Mo\u00e7ambique\" \/>\n<meta property=\"article:publisher\" content=\"https:\/\/www.facebook.com\/CFMMoz\" \/>\n<meta property=\"article:modified_time\" content=\"2025-09-11T13:09:40+00:00\" \/>\n<meta property=\"og:image\" content=\"https:\/\/www.cfm.co.mz\/wp-content\/uploads\/2013\/09\/Passageiros.jpg\" \/>\n\t<meta property=\"og:image:width\" content=\"1800\" \/>\n\t<meta property=\"og:image:height\" content=\"1200\" \/>\n\t<meta property=\"og:image:type\" content=\"image\/jpeg\" \/>\n<meta name=\"twitter:card\" content=\"summary_large_image\" \/>\n<meta name=\"twitter:label1\" content=\"Est. reading time\" \/>\n\t<meta name=\"twitter:data1\" content=\"2 minutes\" \/>\n<script type=\"application\/ld+json\" class=\"yoast-schema-graph\">{\"@context\":\"https:\/\/schema.org\",\"@graph\":[{\"@type\":\"WebPage\",\"@id\":\"https:\/\/www.cfm.co.mz\/transporte-de-passageiros\/\",\"url\":\"https:\/\/www.cfm.co.mz\/transporte-de-passageiros\/\",\"name\":\"Transporte de passageiros - CFM - Caminhos De Ferros de Mo\u00e7ambique\",\"isPartOf\":{\"@id\":\"https:\/\/www.cfm.co.mz\/#website\"},\"primaryImageOfPage\":{\"@id\":\"https:\/\/www.cfm.co.mz\/transporte-de-passageiros\/#primaryimage\"},\"image\":{\"@id\":\"https:\/\/www.cfm.co.mz\/transporte-de-passageiros\/#primaryimage\"},\"thumbnailUrl\":\"https:\/\/www.cfm.co.mz\/wp-content\/uploads\/2013\/09\/Passageiros.jpg\",\"datePublished\":\"2013-09-10T12:05:02+00:00\",\"dateModified\":\"2025-09-11T13:09:40+00:00\",\"breadcrumb\":{\"@id\":\"https:\/\/www.cfm.co.mz\/transporte-de-passageiros\/#breadcrumb\"},\"inLanguage\":\"en-US\",\"potentialAction\":[{\"@type\":\"ReadAction\",\"target\":[\"https:\/\/www.cfm.co.mz\/transporte-de-passageiros\/\"]}]},{\"@type\":\"ImageObject\",\"inLanguage\":\"en-US\",\"@id\":\"https:\/\/www.cfm.co.mz\/transporte-de-passageiros\/#primaryimage\",\"url\":\"https:\/\/www.cfm.co.mz\/wp-content\/uploads\/2013\/09\/Passageiros.jpg\",\"contentUrl\":\"https:\/\/www.cfm.co.mz\/wp-content\/uploads\/2013\/09\/Passageiros.jpg\",\"width\":1800,\"height\":1200,\"caption\":\"Passageiros\"},{\"@type\":\"BreadcrumbList\",\"@id\":\"https:\/\/www.cfm.co.mz\/transporte-de-passageiros\/#breadcrumb\",\"itemListElement\":[{\"@type\":\"ListItem\",\"position\":1,\"name\":\"Home\",\"item\":\"https:\/\/www.cfm.co.mz\/\"},{\"@type\":\"ListItem\",\"position\":2,\"name\":\"Transporte de passageiros\"}]},{\"@type\":\"WebSite\",\"@id\":\"https:\/\/www.cfm.co.mz\/#website\",\"url\":\"https:\/\/www.cfm.co.mz\/\",\"name\":\"CFM - Caminhos De Ferros de Mo\u00e7ambique\",\"description\":\"Ampliando Horizontes\",\"publisher\":{\"@id\":\"https:\/\/www.cfm.co.mz\/#organization\"},\"potentialAction\":[{\"@type\":\"SearchAction\",\"target\":{\"@type\":\"EntryPoint\",\"urlTemplate\":\"https:\/\/www.cfm.co.mz\/?s={search_term_string}\"},\"query-input\":{\"@type\":\"PropertyValueSpecification\",\"valueRequired\":true,\"valueName\":\"search_term_string\"}}],\"inLanguage\":\"en-US\"},{\"@type\":\"Organization\",\"@id\":\"https:\/\/www.cfm.co.mz\/#organization\",\"name\":\"CFM - Caminhos De Ferros de Mo\u00e7ambique\",\"url\":\"https:\/\/www.cfm.co.mz\/\",\"logo\":{\"@type\":\"ImageObject\",\"inLanguage\":\"en-US\",\"@id\":\"https:\/\/www.cfm.co.mz\/#\/schema\/logo\/image\/\",\"url\":\"https:\/\/www.cfm.co.mz\/wp-content\/uploads\/2025\/07\/be5f0679-4f5b-4d02-9719-a26ceed29162.jpg\",\"contentUrl\":\"https:\/\/www.cfm.co.mz\/wp-content\/uploads\/2025\/07\/be5f0679-4f5b-4d02-9719-a26ceed29162.jpg\",\"width\":400,\"height\":65,\"caption\":\"CFM - Caminhos De Ferros de Mo\u00e7ambique\"},\"image\":{\"@id\":\"https:\/\/www.cfm.co.mz\/#\/schema\/logo\/image\/\"},\"sameAs\":[\"https:\/\/www.facebook.com\/CFMMoz\",\"https:\/\/www.linkedin.com\/company\/caminhos-de-ferro-de-moambique\/\"]}]}<\/script>\n<!-- \/ Yoast SEO plugin. -->","yoast_head_json":{"title":"Transporte de passageiros - CFM - Caminhos De Ferros de Mo\u00e7ambique","robots":{"index":"index","follow":"follow","max-snippet":"max-snippet:-1","max-image-preview":"max-image-preview:large","max-video-preview":"max-video-preview:-1"},"canonical":"https:\/\/www.cfm.co.mz\/en\/transporte-de-passageiros\/","og_locale":"en_US","og_type":"article","og_title":"Transporte de passageiros - CFM - Caminhos De Ferros de Mo\u00e7ambique","og_description":"Transporte de Passageiros In\u00edcio Page A procura do transporte ferrovi\u00e1rio de passageiros tende a crescer nos \u00faltimos tempos.\u00a0O CFM tem vindo a envidar esfor\u00e7os tendentes a dar resposta a esta procura, contribuindo para minorar a ang\u00fastia e o sofrimento de milhares de cidad\u00e3os que diariamente procuram este servi\u00e7o. A nossa empresa comparticipa com 85% do custo da passagem, cabendo ao passageiro apenas os restantes 15%.\u00a0Neste momento, ao n\u00edvel do Sistema Ferrovi\u00e1rio Sul, o CFM realiza comboios di\u00e1rios de passageiros nas Linhas de Goba, Ressano Garcia e Limpopo. Para al\u00e9m do servi\u00e7o de longo curso, a empresa realiza um servi\u00e7o inter-urbano de passageiros ligando a Cidade de Maputo a Matola-Gare, Boane e Marracuene, garantindo assim a circula\u00e7\u00e3o de milhares de pessoas e bens. A n\u00edvel da Regi\u00e3o Centro, temos os comboios que circulam entre a cidade da Beira e a Vila de Moatize, e entre a cidade da Beira e Vila fronteiri\u00e7a de Machipanda. Relativamente \u00e0 regi\u00e3o norte Norte, o transporte de passageiros \u00e9 assegurado pela Concession\u00e1ria\u00a0CDN- Corredor de Desenvolvimento do Norte.\u00a0\u00a0 Nosso compromisso e desafio \u00e9 procurar formas de alocar mais meios para que possamos realizar este servi\u00e7o essencial para a nossa popula\u00e7\u00e3o com a necess\u00e1ria comodidade, seguran\u00e7a e efici\u00eancia. Trata-se de um desafio complexo em virtude dos crescentes custos que esta opera\u00e7\u00e3o acarreta, mas n\u00e3o nos devemos furtar da nossa responsabilidade neste dom\u00ednio de servi\u00e7o p\u00fablico. + 0 De Passageiros Transportados Anualmente 0 km De cobertura de linha de transporte 0 Viajens anuais","og_url":"https:\/\/www.cfm.co.mz\/en\/transporte-de-passageiros\/","og_site_name":"CFM - Caminhos De Ferros de Mo\u00e7ambique","article_publisher":"https:\/\/www.facebook.com\/CFMMoz","article_modified_time":"2025-09-11T13:09:40+00:00","og_image":[{"width":1800,"height":1200,"url":"https:\/\/www.cfm.co.mz\/wp-content\/uploads\/2013\/09\/Passageiros.jpg","type":"image\/jpeg"}],"twitter_card":"summary_large_image","twitter_misc":{"Est. reading time":"2 minutes"},"schema":{"@context":"https:\/\/schema.org","@graph":[{"@type":"WebPage","@id":"https:\/\/www.cfm.co.mz\/transporte-de-passageiros\/","url":"https:\/\/www.cfm.co.mz\/transporte-de-passageiros\/","name":"Transporte de passageiros - CFM - Caminhos De Ferros de Mo\u00e7ambique","isPartOf":{"@id":"https:\/\/www.cfm.co.mz\/#website"},"primaryImageOfPage":{"@id":"https:\/\/www.cfm.co.mz\/transporte-de-passageiros\/#primaryimage"},"image":{"@id":"https:\/\/www.cfm.co.mz\/transporte-de-passageiros\/#primaryimage"},"thumbnailUrl":"https:\/\/www.cfm.co.mz\/wp-content\/uploads\/2013\/09\/Passageiros.jpg","datePublished":"2013-09-10T12:05:02+00:00","dateModified":"2025-09-11T13:09:40+00:00","breadcrumb":{"@id":"https:\/\/www.cfm.co.mz\/transporte-de-passageiros\/#breadcrumb"},"inLanguage":"en-US","potentialAction":[{"@type":"ReadAction","target":["https:\/\/www.cfm.co.mz\/transporte-de-passageiros\/"]}]},{"@type":"ImageObject","inLanguage":"en-US","@id":"https:\/\/www.cfm.co.mz\/transporte-de-passageiros\/#primaryimage","url":"https:\/\/www.cfm.co.mz\/wp-content\/uploads\/2013\/09\/Passageiros.jpg","contentUrl":"https:\/\/www.cfm.co.mz\/wp-content\/uploads\/2013\/09\/Passageiros.jpg","width":1800,"height":1200,"caption":"Passageiros"},{"@type":"BreadcrumbList","@id":"https:\/\/www.cfm.co.mz\/transporte-de-passageiros\/#breadcrumb","itemListElement":[{"@type":"ListItem","position":1,"name":"Home","item":"https:\/\/www.cfm.co.mz\/"},{"@type":"ListItem","position":2,"name":"Transporte de passageiros"}]},{"@type":"WebSite","@id":"https:\/\/www.cfm.co.mz\/#website","url":"https:\/\/www.cfm.co.mz\/","name":"CFM - Caminhos De Ferros de Mo\u00e7ambique","description":"Ampliando Horizontes","publisher":{"@id":"https:\/\/www.cfm.co.mz\/#organization"},"potentialAction":[{"@type":"SearchAction","target":{"@type":"EntryPoint","urlTemplate":"https:\/\/www.cfm.co.mz\/?s={search_term_string}"},"query-input":{"@type":"PropertyValueSpecification","valueRequired":true,"valueName":"search_term_string"}}],"inLanguage":"en-US"},{"@type":"Organization","@id":"https:\/\/www.cfm.co.mz\/#organization","name":"CFM - Caminhos De Ferros de Mo\u00e7ambique","url":"https:\/\/www.cfm.co.mz\/","logo":{"@type":"ImageObject","inLanguage":"en-US","@id":"https:\/\/www.cfm.co.mz\/#\/schema\/logo\/image\/","url":"https:\/\/www.cfm.co.mz\/wp-content\/uploads\/2025\/07\/be5f0679-4f5b-4d02-9719-a26ceed29162.jpg","contentUrl":"https:\/\/www.cfm.co.mz\/wp-content\/uploads\/2025\/07\/be5f0679-4f5b-4d02-9719-a26ceed29162.jpg","width":400,"height":65,"caption":"CFM - Caminhos De Ferros de Mo\u00e7ambique"},"image":{"@id":"https:\/\/www.cfm.co.mz\/#\/schema\/logo\/image\/"},"sameAs":["https:\/\/www.facebook.com\/CFMMoz","https:\/\/www.linkedin.com\/company\/caminhos-de-ferro-de-moambique\/"]}]}},"_links":{"self":[{"href":"https:\/\/www.cfm.co.mz\/en\/wp-json\/wp\/v2\/pages\/8570","targetHints":{"allow":["GET"]}}],"collection":[{"href":"https:\/\/www.cfm.co.mz\/en\/wp-json\/wp\/v2\/pages"}],"about":[{"href":"https:\/\/www.cfm.co.mz\/en\/wp-json\/wp\/v2\/types\/page"}],"author":[{"embeddable":true,"href":"https:\/\/www.cfm.co.mz\/en\/wp-json\/wp\/v2\/users\/89"}],"replies":[{"embeddable":true,"href":"https:\/\/www.cfm.co.mz\/en\/wp-json\/wp\/v2\/comments?post=8570"}],"version-history":[{"count":16,"href":"https:\/\/www.cfm.co.mz\/en\/wp-json\/wp\/v2\/pages\/8570\/revisions"}],"predecessor-version":[{"id":14344,"href":"https:\/\/www.cfm.co.mz\/en\/wp-json\/wp\/v2\/pages\/8570\/revisions\/14344"}],"wp:featuredmedia":[{"embeddable":true,"href":"https:\/\/www.cfm.co.mz\/en\/wp-json\/wp\/v2\/media\/8569"}],"wp:attachment":[{"href":"https:\/\/www.cfm.co.mz\/en\/wp-json\/wp\/v2\/media?parent=8570"}],"curies":[{"name":"wp","href":"https:\/\/api.w.org\/{rel}","templated":true}]}}