{"id":8556,"date":"2014-02-20T13:19:35","date_gmt":"2014-02-20T13:19:35","guid":{"rendered":"https:\/\/www.cfm.co.mz\/2014\/02\/20\/estrutura-organica\/"},"modified":"2026-03-11T13:01:14","modified_gmt":"2026-03-11T13:01:14","slug":"estrutura-organica","status":"publish","type":"page","link":"https:\/\/www.cfm.co.mz\/en\/estrutura-organica\/","title":{"rendered":"Organization Structure"},"content":{"rendered":"<div data-elementor-type=\"wp-page\" data-elementor-id=\"8556\" class=\"elementor elementor-8556\">\n\t\t\t\t<div class=\"elementor-element elementor-element-3124ad4 e-flex e-con-boxed wpr-particle-no wpr-jarallax-no wpr-parallax-no wpr-sticky-section-no e-con e-parent\" data-id=\"3124ad4\" data-element_type=\"container\" data-settings=\"{&quot;background_background&quot;:&quot;classic&quot;}\">\n\t\t\t\t\t<div class=\"e-con-inner\">\n\t\t\t\t<div class=\"elementor-element elementor-element-4ca7219 elementor-widget elementor-widget-heading\" data-id=\"4ca7219\" data-element_type=\"widget\" data-widget_type=\"heading.default\">\n\t\t\t\t<div class=\"elementor-widget-container\">\n\t\t\t\t\t<h2 class=\"elementor-heading-title elementor-size-default\">Organization Structure<\/h2>\t\t\t\t<\/div>\n\t\t\t\t<\/div>\n\t\t\t\t\t<\/div>\n\t\t\t\t<\/div>\n\t\t<div class=\"elementor-element elementor-element-bc75749 e-flex e-con-boxed wpr-particle-no wpr-jarallax-no wpr-parallax-no wpr-sticky-section-no e-con e-parent\" data-id=\"bc75749\" data-element_type=\"container\" data-settings=\"{&quot;background_background&quot;:&quot;classic&quot;}\">\n\t\t\t\t\t<div class=\"e-con-inner\">\n\t\t\t\t<div class=\"elementor-element elementor-element-7f9c227 elementor-widget elementor-widget-eael-breadcrumbs\" data-id=\"7f9c227\" data-element_type=\"widget\" data-widget_type=\"eael-breadcrumbs.default\">\n\t\t\t\t<div class=\"elementor-widget-container\">\n\t\t\t\t\t\t\t<div class=\"eael-breadcrumbs\">\n\t\t\t<div class=\"eael-breadcrumbs__content\"><a href=\"https:\/\/www.cfm.co.mz\/en\">Home<\/a> <span class=\"eael-breadcrumb-separator\"><i aria-hidden=\"true\" class=\"icon icon-right-arrow1\"><\/i><\/span> <span class = \"eael-current\">Page<\/span><\/div>\t\t<\/div>\n\t\t\t\t\t\t<\/div>\n\t\t\t\t<\/div>\n\t\t\t\t\t<\/div>\n\t\t\t\t<\/div>\n\t\t<div class=\"elementor-element elementor-element-3cd8ab9 e-flex e-con-boxed wpr-particle-no wpr-jarallax-no wpr-parallax-no wpr-sticky-section-no e-con e-parent\" data-id=\"3cd8ab9\" data-element_type=\"container\">\n\t\t\t\t\t<div class=\"e-con-inner\">\n\t\t\t\t<div class=\"elementor-element elementor-element-496e5a7 elementor-widget elementor-widget-image\" data-id=\"496e5a7\" data-element_type=\"widget\" data-widget_type=\"image.default\">\n\t\t\t\t<div class=\"elementor-widget-container\">\n\t\t\t\t\t\t\t\t\t\t\t\t\t\t\t<img decoding=\"async\" src=\"https:\/\/www.cfm.co.mz\/wp-content\/uploads\/2025\/08\/Estrutura_Organica_CFM_2025_.jpg\" title=\"Estrutura_Organica_CFM_2025_\" alt=\"Estrutura_Organica_CFM_2025_\" loading=\"lazy\" \/>\t\t\t\t\t\t\t\t\t\t\t\t\t\t\t<\/div>\n\t\t\t\t<\/div>\n\t\t\t\t<div class=\"elementor-element elementor-element-6958899 elementor-widget elementor-widget-text-editor\" data-id=\"6958899\" data-element_type=\"widget\" data-widget_type=\"text-editor.default\">\n\t\t\t\t<div class=\"elementor-widget-container\">\n\t\t\t\t\t\t\t\t\t<table><tbody><tr><td width=\"198\"><p><strong>Board of Directors<\/strong><\/p><\/td><td width=\"161\"><p><strong>Pelouro<\/strong><\/p><\/td><td width=\"312\"><p><strong>Departament<\/strong><\/p><\/td><td width=\"185\"><p><strong>Manager<\/strong><\/p><\/td><\/tr><tr><td width=\"198\"><p><strong>Agostinho Langa J\u00fanior<\/strong><\/p><\/td><td width=\"161\"><p><strong>Chairman of Board of Directors<\/strong><\/p><\/td><td width=\"312\"><p>Southern Executive Board<\/p><p>Executive Board Center<\/p><p>Direc\u00e7\u00e3o Executiva Norte<\/p><p>General Secretariat<\/p><p>General Inspection<\/p><p>Internal Audit Department<\/p><p>Quality, Safety and Environment Office<\/p><p>Acquisitions and Logistics Directorate<\/p><p>Communication and Image Consulting<\/p><\/td><td width=\"185\"><p>Em\u00eddio Bata<\/p><p>Ant\u00f3nio Bi\u00e9<\/p><p>Augusto Abudo<\/p><p>Julita Juma<\/p><p>Ac\u00edlio Chiau<\/p><p>Ana Zandamela<\/p><p>Yassimina Abudou<\/p><p>Samuel Muzime<\/p><p>Ad\u00e9lio Dias<\/p><\/td><\/tr><tr><td width=\"198\"><p><strong>Joaquim Zucule<\/strong><\/p><\/td><td width=\"161\"><p><strong>Administration and Finances<\/strong><\/p><\/td><td width=\"312\"><p>Administration and Finance Department<\/p><p>Directorate of Economic Studies and Partnerships<\/p><p>Heritage Department<\/p><p>Xiporo Management Office<\/p><\/td><td width=\"185\"><p>Carlos Macamo<\/p><p>Julieta Gaspar<\/p><p>Delfino Aleluia<\/p><p>Marta Mapilele<\/p><\/td><\/tr><tr><td width=\"198\"><p><strong>C\u00e2ndido Jone<\/strong><\/p><\/td><td width=\"161\"><p><strong>Operational and Commercial<\/strong><\/p><\/td><td width=\"312\"><p>Railway Operations Directorate \u2013 South<\/p><p>Railway Operations Directorate \u2013 Center<\/p><p>Port Operations Directorate  \u2013 South<\/p><p>Port Operations Directorate \u2013 Center<\/p><p>Port Operations Directorate \u2013 North<\/p><p>Commercial and Statistical Directorate<\/p><p>\u00a0Sales Representative in South Africa<\/p><p>\u00a0Commercial Representative in the Kingdom of Eswatine<\/p><p>\u00a0Commercial Representative in Zimbabwe<\/p><\/td><td width=\"185\"><p>Arnaldo Manjate<\/p><p>Emanuel Chacanza<\/p><p>H\u00e9lder Massingue<\/p><p>Augusto Francisco<\/p><p>Filomena Bene<\/p><p>Ermelinda Xerinda<\/p><p>Boaventura Mahave<\/p><p>Filipe Joaquim<\/p><p>Ema Narciso<\/p><\/td><\/tr><tr><td width=\"198\"><p><strong>Aboobacar Muss\u00e1<\/strong><\/p><\/td><td width=\"161\"><p><strong>Engineering and ICT<\/strong><\/p><\/td><td width=\"312\"><p>Southern Maintenance Directorate<\/p><p>Maintenance Department Center<\/p><p>Engineering Directorate<\/p><p>Information and Communication Technologies Directorate<\/p><\/td><td width=\"185\"><p>Iara Popinsky<\/p><p>Atan\u00e1sio das Neves<\/p><p>Edgar Jorge<\/p><p>Il\u00eddio Matola<\/p><\/td><\/tr><tr><td width=\"198\"><p><strong>Selma Ferreira Dixon<\/strong><\/p><\/td><td width=\"161\"><p><strong>Human Capital Development and Legal Affairs<\/strong><\/p><\/td><td width=\"312\"><p>Human Resources Department<\/p><p>Legal Department<\/p><p>Museum<\/p><\/td><td width=\"185\"><p>Mar\u00edlia Jorge<\/p><p>Ivete Muhai<\/p><p>Nelson Sa\u00fate<\/p><\/td><\/tr><\/tbody><\/table>\t\t\t\t\t\t\t\t<\/div>\n\t\t\t\t<\/div>\n\t\t\t\t\t<\/div>\n\t\t\t\t<\/div>\n\t\t\t\t<\/div>","protected":false},"excerpt":{"rendered":"<p>Estrutura Org\u00e2nica In\u00edcio Page Conselho de Administra\u00e7\u00e3o Pelouro Unidade Org\u00e2nica Respons\u00e1vel da Unidade Agostinho Langa J\u00fanior PCA Direc\u00e7\u00e3o Executiva Sul Direc\u00e7\u00e3o Executiva Centro Direc\u00e7\u00e3o Executiva Norte Secretariado Geral Inspec\u00e7\u00e3o Geral Direc\u00e7\u00e3o de Auditoria lnterna Gabinete de Qualidade, Seguran\u00e7a e Meio Ambiente Direc\u00e7\u00e3o de Aquisi\u00e7\u00f5es e Logistica Gabinete de Comunica\u00e7\u00e3o e Imagem Em\u00eddio Bata Ant\u00f3nio Bi\u00e9 Augusto Abudo Julita Juma Ac\u00edlio Chiau Ana Zandamela Yassimina Abudou Samuel Muzime Ad\u00e9lio Dias Joaquim Zucule Administra\u00e7\u00e3o e Finan\u00e7as Direc\u00e7\u00e3o de Administra\u00e7\u00e3o e Finan\u00e7as Direc\u00e7\u00e3o de Estudos Econ\u00f3micos e Parcerias Direc\u00e7\u00e3o de Patrim\u00f3nio Gabinete de Gest\u00e3o do Xiporo Carlos Macamo Julieta Gaspar Delfino Aleluia Marta Mapilele C\u00e2ndido Jone Operacional e Comercial Direc\u00e7\u00e3o de Opera\u00e7\u00f5es Ferrovi\u00e1rias \u2013 Sul Direc\u00e7\u00e3o de Opera\u00e7\u00f5es Ferrovi\u00e1rias \u2013 Centro Direc\u00e7\u00e3o de Opera\u00e7\u00f5es Portu\u00e1rias \u2013 Sul Direc\u00e7\u00e3o de Opera\u00e7\u00f5es Portu\u00e1rias \u2013 Centro Direc\u00e7\u00e3o de Opera\u00e7\u00f5es Portu\u00e1rias \u2013 Norte Direc\u00e7\u00e3o Comercial e Estatistica \u00a0&#8211; Representante Comercial na \u00c1frica do Sul \u00a0&#8211; Representante Comercial no Reino de Eswatine \u00a0&#8211; Representante Comercial no Zimbabwe Arnaldo Manjate Emanuel Chacanza H\u00e9lder Massingue Augusto Francisco Filomena Bene Ermelinda Xerinda Boaventura Mahave Filipe Joaquim Ema Narciso Aboobacar Muss\u00e1 Engenharia e TICs Direc\u00e7\u00e3o de Manuten\u00e7\u00e3o Sul Direc\u00e7\u00e3o de Manuten\u00e7\u00e3o Centro Direc\u00e7\u00e3o de Engenharia Direc\u00e7\u00e3o de Tecnologias de Infoma\u00e7\u00e3o e Comunica\u00e7\u00e3o Iara Popinsky Atan\u00e1sio das Neves Edgar Jorge Il\u00eddio Matola Selma Ferreira Dixon Desenvolvimento do Capital Humano e Assuntos Jur\u00eddicos Direc\u00e7\u00e3o dos Recursos Humanos Direc\u00e7\u00e3o Jur\u00eddica Museu Mar\u00edlia Jorge Ivete Muhai Nelson Sa\u00fate<\/p>","protected":false},"author":89,"featured_media":8555,"parent":0,"menu_order":5,"comment_status":"closed","ping_status":"open","template":"","meta":{"_acf_changed":false,"pgc_sgb_lightbox_settings":"","footnotes":""},"class_list":["post-8556","page","type-page","status-publish","has-post-thumbnail","hentry"],"acf":[],"yoast_head":"<!-- This site is optimized with the Yoast SEO plugin v26.5 - https:\/\/yoast.com\/wordpress\/plugins\/seo\/ -->\n<title>Estrutura Org\u00e2nica - CFM - Caminhos De Ferros de Mo\u00e7ambique<\/title>\n<meta name=\"robots\" content=\"index, follow, max-snippet:-1, max-image-preview:large, max-video-preview:-1\" \/>\n<link rel=\"canonical\" href=\"https:\/\/www.cfm.co.mz\/en\/estrutura-organica\/\" \/>\n<meta property=\"og:locale\" content=\"en_US\" \/>\n<meta property=\"og:type\" content=\"article\" \/>\n<meta property=\"og:title\" content=\"Estrutura Org\u00e2nica - CFM - Caminhos De Ferros de Mo\u00e7ambique\" \/>\n<meta property=\"og:description\" content=\"Estrutura Org\u00e2nica In\u00edcio Page Conselho de Administra\u00e7\u00e3o Pelouro Unidade Org\u00e2nica Respons\u00e1vel da Unidade Agostinho Langa J\u00fanior PCA Direc\u00e7\u00e3o Executiva Sul Direc\u00e7\u00e3o Executiva Centro Direc\u00e7\u00e3o Executiva Norte Secretariado Geral Inspec\u00e7\u00e3o Geral Direc\u00e7\u00e3o de Auditoria lnterna Gabinete de Qualidade, Seguran\u00e7a e Meio Ambiente Direc\u00e7\u00e3o de Aquisi\u00e7\u00f5es e Logistica Gabinete de Comunica\u00e7\u00e3o e Imagem Em\u00eddio Bata Ant\u00f3nio Bi\u00e9 Augusto Abudo Julita Juma Ac\u00edlio Chiau Ana Zandamela Yassimina Abudou Samuel Muzime Ad\u00e9lio Dias Joaquim Zucule Administra\u00e7\u00e3o e Finan\u00e7as Direc\u00e7\u00e3o de Administra\u00e7\u00e3o e Finan\u00e7as Direc\u00e7\u00e3o de Estudos Econ\u00f3micos e Parcerias Direc\u00e7\u00e3o de Patrim\u00f3nio Gabinete de Gest\u00e3o do Xiporo Carlos Macamo Julieta Gaspar Delfino Aleluia Marta Mapilele C\u00e2ndido Jone Operacional e Comercial Direc\u00e7\u00e3o de Opera\u00e7\u00f5es Ferrovi\u00e1rias \u2013 Sul Direc\u00e7\u00e3o de Opera\u00e7\u00f5es Ferrovi\u00e1rias \u2013 Centro Direc\u00e7\u00e3o de Opera\u00e7\u00f5es Portu\u00e1rias \u2013 Sul Direc\u00e7\u00e3o de Opera\u00e7\u00f5es Portu\u00e1rias \u2013 Centro Direc\u00e7\u00e3o de Opera\u00e7\u00f5es Portu\u00e1rias \u2013 Norte Direc\u00e7\u00e3o Comercial e Estatistica \u00a0&#8211; Representante Comercial na \u00c1frica do Sul \u00a0&#8211; Representante Comercial no Reino de Eswatine \u00a0&#8211; Representante Comercial no Zimbabwe Arnaldo Manjate Emanuel Chacanza H\u00e9lder Massingue Augusto Francisco Filomena Bene Ermelinda Xerinda Boaventura Mahave Filipe Joaquim Ema Narciso Aboobacar Muss\u00e1 Engenharia e TICs Direc\u00e7\u00e3o de Manuten\u00e7\u00e3o Sul Direc\u00e7\u00e3o de Manuten\u00e7\u00e3o Centro Direc\u00e7\u00e3o de Engenharia Direc\u00e7\u00e3o de Tecnologias de Infoma\u00e7\u00e3o e Comunica\u00e7\u00e3o Iara Popinsky Atan\u00e1sio das Neves Edgar Jorge Il\u00eddio Matola Selma Ferreira Dixon Desenvolvimento do Capital Humano e Assuntos Jur\u00eddicos Direc\u00e7\u00e3o dos Recursos Humanos Direc\u00e7\u00e3o Jur\u00eddica Museu Mar\u00edlia Jorge Ivete Muhai Nelson Sa\u00fate\" \/>\n<meta property=\"og:url\" content=\"https:\/\/www.cfm.co.mz\/en\/estrutura-organica\/\" \/>\n<meta property=\"og:site_name\" content=\"CFM - Caminhos De Ferros de Mo\u00e7ambique\" \/>\n<meta property=\"article:publisher\" content=\"https:\/\/www.facebook.com\/CFMMoz\" \/>\n<meta property=\"article:modified_time\" content=\"2026-03-11T13:01:14+00:00\" \/>\n<meta property=\"og:image\" content=\"https:\/\/www.cfm.co.mz\/wp-content\/uploads\/2014\/02\/Estrutura_Organica_Vigente_-_CFM_-_Junho_2021-scaled.jpg\" \/>\n\t<meta property=\"og:image:width\" content=\"2560\" \/>\n\t<meta property=\"og:image:height\" content=\"1328\" \/>\n\t<meta property=\"og:image:type\" content=\"image\/jpeg\" \/>\n<meta name=\"twitter:card\" content=\"summary_large_image\" \/>\n<meta name=\"twitter:label1\" content=\"Est. reading time\" \/>\n\t<meta name=\"twitter:data1\" content=\"2 minutes\" \/>\n<script type=\"application\/ld+json\" class=\"yoast-schema-graph\">{\"@context\":\"https:\/\/schema.org\",\"@graph\":[{\"@type\":\"WebPage\",\"@id\":\"https:\/\/www.cfm.co.mz\/estrutura-organica\/\",\"url\":\"https:\/\/www.cfm.co.mz\/estrutura-organica\/\",\"name\":\"Estrutura Org\u00e2nica - CFM - Caminhos De Ferros de Mo\u00e7ambique\",\"isPartOf\":{\"@id\":\"https:\/\/www.cfm.co.mz\/#website\"},\"primaryImageOfPage\":{\"@id\":\"https:\/\/www.cfm.co.mz\/estrutura-organica\/#primaryimage\"},\"image\":{\"@id\":\"https:\/\/www.cfm.co.mz\/estrutura-organica\/#primaryimage\"},\"thumbnailUrl\":\"https:\/\/www.cfm.co.mz\/wp-content\/uploads\/2014\/02\/Estrutura_Organica_Vigente_-_CFM_-_Junho_2021-scaled.jpg\",\"datePublished\":\"2014-02-20T13:19:35+00:00\",\"dateModified\":\"2026-03-11T13:01:14+00:00\",\"breadcrumb\":{\"@id\":\"https:\/\/www.cfm.co.mz\/estrutura-organica\/#breadcrumb\"},\"inLanguage\":\"en-US\",\"potentialAction\":[{\"@type\":\"ReadAction\",\"target\":[\"https:\/\/www.cfm.co.mz\/estrutura-organica\/\"]}]},{\"@type\":\"ImageObject\",\"inLanguage\":\"en-US\",\"@id\":\"https:\/\/www.cfm.co.mz\/estrutura-organica\/#primaryimage\",\"url\":\"https:\/\/www.cfm.co.mz\/wp-content\/uploads\/2014\/02\/Estrutura_Organica_Vigente_-_CFM_-_Junho_2021-scaled.jpg\",\"contentUrl\":\"https:\/\/www.cfm.co.mz\/wp-content\/uploads\/2014\/02\/Estrutura_Organica_Vigente_-_CFM_-_Junho_2021-scaled.jpg\",\"width\":2560,\"height\":1328,\"caption\":\"Estrutura Organica Vigente CFM Junho 2021\"},{\"@type\":\"BreadcrumbList\",\"@id\":\"https:\/\/www.cfm.co.mz\/estrutura-organica\/#breadcrumb\",\"itemListElement\":[{\"@type\":\"ListItem\",\"position\":1,\"name\":\"Home\",\"item\":\"https:\/\/www.cfm.co.mz\/\"},{\"@type\":\"ListItem\",\"position\":2,\"name\":\"Estrutura Org\u00e2nica\"}]},{\"@type\":\"WebSite\",\"@id\":\"https:\/\/www.cfm.co.mz\/#website\",\"url\":\"https:\/\/www.cfm.co.mz\/\",\"name\":\"CFM - Caminhos De Ferros de Mo\u00e7ambique\",\"description\":\"Ampliando Horizontes\",\"publisher\":{\"@id\":\"https:\/\/www.cfm.co.mz\/#organization\"},\"potentialAction\":[{\"@type\":\"SearchAction\",\"target\":{\"@type\":\"EntryPoint\",\"urlTemplate\":\"https:\/\/www.cfm.co.mz\/?s={search_term_string}\"},\"query-input\":{\"@type\":\"PropertyValueSpecification\",\"valueRequired\":true,\"valueName\":\"search_term_string\"}}],\"inLanguage\":\"en-US\"},{\"@type\":\"Organization\",\"@id\":\"https:\/\/www.cfm.co.mz\/#organization\",\"name\":\"CFM - Caminhos De Ferros de Mo\u00e7ambique\",\"url\":\"https:\/\/www.cfm.co.mz\/\",\"logo\":{\"@type\":\"ImageObject\",\"inLanguage\":\"en-US\",\"@id\":\"https:\/\/www.cfm.co.mz\/#\/schema\/logo\/image\/\",\"url\":\"https:\/\/www.cfm.co.mz\/wp-content\/uploads\/2025\/07\/be5f0679-4f5b-4d02-9719-a26ceed29162.jpg\",\"contentUrl\":\"https:\/\/www.cfm.co.mz\/wp-content\/uploads\/2025\/07\/be5f0679-4f5b-4d02-9719-a26ceed29162.jpg\",\"width\":400,\"height\":65,\"caption\":\"CFM - Caminhos De Ferros de Mo\u00e7ambique\"},\"image\":{\"@id\":\"https:\/\/www.cfm.co.mz\/#\/schema\/logo\/image\/\"},\"sameAs\":[\"https:\/\/www.facebook.com\/CFMMoz\",\"https:\/\/www.linkedin.com\/company\/caminhos-de-ferro-de-moambique\/\"]}]}<\/script>\n<!-- \/ Yoast SEO plugin. -->","yoast_head_json":{"title":"Estrutura Org\u00e2nica - CFM - Caminhos De Ferros de Mo\u00e7ambique","robots":{"index":"index","follow":"follow","max-snippet":"max-snippet:-1","max-image-preview":"max-image-preview:large","max-video-preview":"max-video-preview:-1"},"canonical":"https:\/\/www.cfm.co.mz\/en\/estrutura-organica\/","og_locale":"en_US","og_type":"article","og_title":"Estrutura Org\u00e2nica - CFM - Caminhos De Ferros de Mo\u00e7ambique","og_description":"Estrutura Org\u00e2nica In\u00edcio Page Conselho de Administra\u00e7\u00e3o Pelouro Unidade Org\u00e2nica Respons\u00e1vel da Unidade Agostinho Langa J\u00fanior PCA Direc\u00e7\u00e3o Executiva Sul Direc\u00e7\u00e3o Executiva Centro Direc\u00e7\u00e3o Executiva Norte Secretariado Geral Inspec\u00e7\u00e3o Geral Direc\u00e7\u00e3o de Auditoria lnterna Gabinete de Qualidade, Seguran\u00e7a e Meio Ambiente Direc\u00e7\u00e3o de Aquisi\u00e7\u00f5es e Logistica Gabinete de Comunica\u00e7\u00e3o e Imagem Em\u00eddio Bata Ant\u00f3nio Bi\u00e9 Augusto Abudo Julita Juma Ac\u00edlio Chiau Ana Zandamela Yassimina Abudou Samuel Muzime Ad\u00e9lio Dias Joaquim Zucule Administra\u00e7\u00e3o e Finan\u00e7as Direc\u00e7\u00e3o de Administra\u00e7\u00e3o e Finan\u00e7as Direc\u00e7\u00e3o de Estudos Econ\u00f3micos e Parcerias Direc\u00e7\u00e3o de Patrim\u00f3nio Gabinete de Gest\u00e3o do Xiporo Carlos Macamo Julieta Gaspar Delfino Aleluia Marta Mapilele C\u00e2ndido Jone Operacional e Comercial Direc\u00e7\u00e3o de Opera\u00e7\u00f5es Ferrovi\u00e1rias \u2013 Sul Direc\u00e7\u00e3o de Opera\u00e7\u00f5es Ferrovi\u00e1rias \u2013 Centro Direc\u00e7\u00e3o de Opera\u00e7\u00f5es Portu\u00e1rias \u2013 Sul Direc\u00e7\u00e3o de Opera\u00e7\u00f5es Portu\u00e1rias \u2013 Centro Direc\u00e7\u00e3o de Opera\u00e7\u00f5es Portu\u00e1rias \u2013 Norte Direc\u00e7\u00e3o Comercial e Estatistica \u00a0&#8211; Representante Comercial na \u00c1frica do Sul \u00a0&#8211; Representante Comercial no Reino de Eswatine \u00a0&#8211; Representante Comercial no Zimbabwe Arnaldo Manjate Emanuel Chacanza H\u00e9lder Massingue Augusto Francisco Filomena Bene Ermelinda Xerinda Boaventura Mahave Filipe Joaquim Ema Narciso Aboobacar Muss\u00e1 Engenharia e TICs Direc\u00e7\u00e3o de Manuten\u00e7\u00e3o Sul Direc\u00e7\u00e3o de Manuten\u00e7\u00e3o Centro Direc\u00e7\u00e3o de Engenharia Direc\u00e7\u00e3o de Tecnologias de Infoma\u00e7\u00e3o e Comunica\u00e7\u00e3o Iara Popinsky Atan\u00e1sio das Neves Edgar Jorge Il\u00eddio Matola Selma Ferreira Dixon Desenvolvimento do Capital Humano e Assuntos Jur\u00eddicos Direc\u00e7\u00e3o dos Recursos Humanos Direc\u00e7\u00e3o Jur\u00eddica Museu Mar\u00edlia Jorge Ivete Muhai Nelson Sa\u00fate","og_url":"https:\/\/www.cfm.co.mz\/en\/estrutura-organica\/","og_site_name":"CFM - Caminhos De Ferros de Mo\u00e7ambique","article_publisher":"https:\/\/www.facebook.com\/CFMMoz","article_modified_time":"2026-03-11T13:01:14+00:00","og_image":[{"width":2560,"height":1328,"url":"https:\/\/www.cfm.co.mz\/wp-content\/uploads\/2014\/02\/Estrutura_Organica_Vigente_-_CFM_-_Junho_2021-scaled.jpg","type":"image\/jpeg"}],"twitter_card":"summary_large_image","twitter_misc":{"Est. reading time":"2 minutes"},"schema":{"@context":"https:\/\/schema.org","@graph":[{"@type":"WebPage","@id":"https:\/\/www.cfm.co.mz\/estrutura-organica\/","url":"https:\/\/www.cfm.co.mz\/estrutura-organica\/","name":"Estrutura Org\u00e2nica - CFM - Caminhos De Ferros de Mo\u00e7ambique","isPartOf":{"@id":"https:\/\/www.cfm.co.mz\/#website"},"primaryImageOfPage":{"@id":"https:\/\/www.cfm.co.mz\/estrutura-organica\/#primaryimage"},"image":{"@id":"https:\/\/www.cfm.co.mz\/estrutura-organica\/#primaryimage"},"thumbnailUrl":"https:\/\/www.cfm.co.mz\/wp-content\/uploads\/2014\/02\/Estrutura_Organica_Vigente_-_CFM_-_Junho_2021-scaled.jpg","datePublished":"2014-02-20T13:19:35+00:00","dateModified":"2026-03-11T13:01:14+00:00","breadcrumb":{"@id":"https:\/\/www.cfm.co.mz\/estrutura-organica\/#breadcrumb"},"inLanguage":"en-US","potentialAction":[{"@type":"ReadAction","target":["https:\/\/www.cfm.co.mz\/estrutura-organica\/"]}]},{"@type":"ImageObject","inLanguage":"en-US","@id":"https:\/\/www.cfm.co.mz\/estrutura-organica\/#primaryimage","url":"https:\/\/www.cfm.co.mz\/wp-content\/uploads\/2014\/02\/Estrutura_Organica_Vigente_-_CFM_-_Junho_2021-scaled.jpg","contentUrl":"https:\/\/www.cfm.co.mz\/wp-content\/uploads\/2014\/02\/Estrutura_Organica_Vigente_-_CFM_-_Junho_2021-scaled.jpg","width":2560,"height":1328,"caption":"Estrutura Organica Vigente CFM Junho 2021"},{"@type":"BreadcrumbList","@id":"https:\/\/www.cfm.co.mz\/estrutura-organica\/#breadcrumb","itemListElement":[{"@type":"ListItem","position":1,"name":"Home","item":"https:\/\/www.cfm.co.mz\/"},{"@type":"ListItem","position":2,"name":"Estrutura Org\u00e2nica"}]},{"@type":"WebSite","@id":"https:\/\/www.cfm.co.mz\/#website","url":"https:\/\/www.cfm.co.mz\/","name":"CFM - Caminhos De Ferros de Mo\u00e7ambique","description":"Ampliando Horizontes","publisher":{"@id":"https:\/\/www.cfm.co.mz\/#organization"},"potentialAction":[{"@type":"SearchAction","target":{"@type":"EntryPoint","urlTemplate":"https:\/\/www.cfm.co.mz\/?s={search_term_string}"},"query-input":{"@type":"PropertyValueSpecification","valueRequired":true,"valueName":"search_term_string"}}],"inLanguage":"en-US"},{"@type":"Organization","@id":"https:\/\/www.cfm.co.mz\/#organization","name":"CFM - Caminhos De Ferros de Mo\u00e7ambique","url":"https:\/\/www.cfm.co.mz\/","logo":{"@type":"ImageObject","inLanguage":"en-US","@id":"https:\/\/www.cfm.co.mz\/#\/schema\/logo\/image\/","url":"https:\/\/www.cfm.co.mz\/wp-content\/uploads\/2025\/07\/be5f0679-4f5b-4d02-9719-a26ceed29162.jpg","contentUrl":"https:\/\/www.cfm.co.mz\/wp-content\/uploads\/2025\/07\/be5f0679-4f5b-4d02-9719-a26ceed29162.jpg","width":400,"height":65,"caption":"CFM - Caminhos De Ferros de Mo\u00e7ambique"},"image":{"@id":"https:\/\/www.cfm.co.mz\/#\/schema\/logo\/image\/"},"sameAs":["https:\/\/www.facebook.com\/CFMMoz","https:\/\/www.linkedin.com\/company\/caminhos-de-ferro-de-moambique\/"]}]}},"_links":{"self":[{"href":"https:\/\/www.cfm.co.mz\/en\/wp-json\/wp\/v2\/pages\/8556","targetHints":{"allow":["GET"]}}],"collection":[{"href":"https:\/\/www.cfm.co.mz\/en\/wp-json\/wp\/v2\/pages"}],"about":[{"href":"https:\/\/www.cfm.co.mz\/en\/wp-json\/wp\/v2\/types\/page"}],"author":[{"embeddable":true,"href":"https:\/\/www.cfm.co.mz\/en\/wp-json\/wp\/v2\/users\/89"}],"replies":[{"embeddable":true,"href":"https:\/\/www.cfm.co.mz\/en\/wp-json\/wp\/v2\/comments?post=8556"}],"version-history":[{"count":43,"href":"https:\/\/www.cfm.co.mz\/en\/wp-json\/wp\/v2\/pages\/8556\/revisions"}],"predecessor-version":[{"id":14441,"href":"https:\/\/www.cfm.co.mz\/en\/wp-json\/wp\/v2\/pages\/8556\/revisions\/14441"}],"wp:featuredmedia":[{"embeddable":true,"href":"https:\/\/www.cfm.co.mz\/en\/wp-json\/wp\/v2\/media\/8555"}],"wp:attachment":[{"href":"https:\/\/www.cfm.co.mz\/en\/wp-json\/wp\/v2\/media?parent=8556"}],"curies":[{"name":"wp","href":"https:\/\/api.w.org\/{rel}","templated":true}]}}