{"id":8502,"date":"2014-02-19T09:12:24","date_gmt":"2014-02-19T09:12:24","guid":{"rendered":"https:\/\/www.cfm.co.mz\/2014\/02\/19\/contactos-cfm-sul\/"},"modified":"2025-03-17T06:21:00","modified_gmt":"2025-03-17T06:21:00","slug":"contactos-cfm-sul","status":"publish","type":"page","link":"https:\/\/www.cfm.co.mz\/en\/contactos-cfm-sul\/","title":{"rendered":"CFM South Contacts"},"content":{"rendered":"<div data-elementor-type=\"wp-page\" data-elementor-id=\"8502\" class=\"elementor elementor-8502\">\n\t\t\t\t<div class=\"elementor-element elementor-element-ef98190 e-flex e-con-boxed wpr-particle-no wpr-jarallax-no wpr-parallax-no wpr-sticky-section-no e-con e-parent\" data-id=\"ef98190\" data-element_type=\"container\" data-settings=\"{&quot;background_background&quot;:&quot;classic&quot;}\">\n\t\t\t\t\t<div class=\"e-con-inner\">\n\t\t\t\t<div class=\"elementor-element elementor-element-bcb3e29 elementor-widget elementor-widget-heading\" data-id=\"bcb3e29\" data-element_type=\"widget\" data-widget_type=\"heading.default\">\n\t\t\t\t<div class=\"elementor-widget-container\">\n\t\t\t\t\t<h2 class=\"elementor-heading-title elementor-size-default\">Contactos CFM SUL<\/h2>\t\t\t\t<\/div>\n\t\t\t\t<\/div>\n\t\t\t\t\t<\/div>\n\t\t\t\t<\/div>\n\t\t<div class=\"elementor-element elementor-element-cc9f4f4 e-flex e-con-boxed wpr-particle-no wpr-jarallax-no wpr-parallax-no wpr-sticky-section-no e-con e-parent\" data-id=\"cc9f4f4\" data-element_type=\"container\" data-settings=\"{&quot;background_background&quot;:&quot;classic&quot;}\">\n\t\t\t\t\t<div class=\"e-con-inner\">\n\t\t\t\t<div class=\"elementor-element elementor-element-b77b2bb elementor-widget elementor-widget-eael-breadcrumbs\" data-id=\"b77b2bb\" data-element_type=\"widget\" data-widget_type=\"eael-breadcrumbs.default\">\n\t\t\t\t<div class=\"elementor-widget-container\">\n\t\t\t\t\t\t\t<div class=\"eael-breadcrumbs\">\n\t\t\t<div class=\"eael-breadcrumbs__content\"><a href=\"https:\/\/www.cfm.co.mz\/en\">Home<\/a> <span class=\"eael-breadcrumb-separator\"><i aria-hidden=\"true\" class=\"icon icon-right-arrow1\"><\/i><\/span> <span class = \"eael-current\">Page<\/span><\/div>\t\t<\/div>\n\t\t\t\t\t\t<\/div>\n\t\t\t\t<\/div>\n\t\t\t\t\t<\/div>\n\t\t\t\t<\/div>\n\t\t<div class=\"elementor-element elementor-element-97583a5 e-flex e-con-boxed wpr-particle-no wpr-jarallax-no wpr-parallax-no wpr-sticky-section-no e-con e-parent\" data-id=\"97583a5\" data-element_type=\"container\">\n\t\t\t\t\t<div class=\"e-con-inner\">\n\t\t\t\t<div class=\"elementor-element elementor-element-f0346a2 wpr-data-table-type-custom wpr-table-align-items-left elementor-widget elementor-widget-wpr-data-table\" data-id=\"f0346a2\" data-element_type=\"widget\" data-widget_type=\"wpr-data-table.default\">\n\t\t\t\t<div class=\"elementor-widget-container\">\n\t\t\t\t\t\n\t\t\t\t\n\t\t<div class=\"wpr-table-container\">\n\t\t<div class=\"wpr-table-inner-container\" data-table-sorting=\"no\" data-custom-pagination=\"no\" data-row-pagination=\"\" data-entry-info=\"no\" data-rows-per-page=\"\">\n\n\t\t\n\t\t\t<table class=\"wpr-data-table\" id=\"wpr-data-table\">\n\t\t\t\t\t\t\t\t\n\t\t\t\t<thead>\n\t\t\t\t\t<tr class=\"wpr-table-head-row wpr-table-row\">\n\t\t\t\t\t\n\t\t\t\t\t\t<th class=\"wpr-table-th elementor-repeater-item-88c53b3\" colspan=\"3\">\n\t\t\t\t\t\t\t<div class=\"\">\n\t\t\t\t\t\t\t\t\t\t\t\t\t\t\t\t\n\t\t\t\t\t\t\t\t\t\t\t\t\t\t\t\t\t<span class=\"wpr-table-text\">CONTACTOS CFM SUL<\/span>\n\t\t\t\t\t\t\t\t\t\t\t\t\t\t\t\t\t\t\t\t\t\t\t\t\t\t\t\t\t\t\t\t\t\t\t\t\t\t\t\t\t\t\t\t\t\t\t<\/div>\n\t\t\t\t\t\t<\/th>\n\t\t\t\t\t\t\t\t\t\t\t<\/tr>\n\t\t\t\t<\/thead>\n\n\t\t\t\t<tbody>\n\t\t\t\t\t\t\t\t\t<tr class=\"wpr-table-body-row wpr-table-row elementor-repeater-item-c77edae wpr-odd\">\n\t\t\t\t\t\t\t\t\t\t\t\t\t\n\t\t\t\t\t\t\t<td colspan=\"\" rowspan=\"\" class=\"elementor-repeater-item-3f6ee56 wpr-table-td\">\n\n\t\t\t\t\t\t\t\t<div class=\"wpr-td-content-wrapper\">\n\n\t\t\t\t\t\t\t\t\t\t\t\t\t\t\t\t\t\t\t\t\t\t\t\t\t\t\t\t\t<span>\n\t\t\t\t\t\t\t\t\t \n\t\t\t\t\t\t\t\t\t\t\t<span class=\"wpr-table-text\">\n\t\t\t\t\t\t\t\t\t\t\t\t<strong>CFM-South Executive Board<\/strong><br \/>\nOficinas Gerais- Recinto do CFM<br \/>\nTel. (+258) 21430894<br \/>\nFax. (+258) 21430915<br \/>\nMaputo\t\t\t\t\t\t\t\t\t\t\t<\/span>\n\t\t\t\t\t\t\t\t\t\t\t\t\t\t\t\t\t\t\t\t<\/span>\n\t\t\t\t\t\t\t\t\t\t\t\t\t\t\t\t\t\t\t\t\t\t\t\t\t\t\t\t\n\t\t\t\t\t\t\t\t<\/div>\n\n\t\t\t\t\t\t\t<\/td>\n\t\t\t\t\t\t\t\t\t\t\t\t\t\t\t\n\t\t\t\t\t\t\t<td colspan=\"\" rowspan=\"\" class=\"elementor-repeater-item-1e30a5c wpr-table-td\">\n\n\t\t\t\t\t\t\t\t<div class=\"wpr-td-content-wrapper\">\n\n\t\t\t\t\t\t\t\t\t\t\t\t\t\t\t\t\t\t\t\t\t\t\t\t\t\t\t\t\t<span>\n\t\t\t\t\t\t\t\t\t \n\t\t\t\t\t\t\t\t\t\t\t<span class=\"wpr-table-text\">\n\t\t\t\t\t\t\t\t\t\t\t\t<strong>Direc\u00e7\u00e3o Ferrovi\u00e1ria CFM-Sul<\/strong><br \/>\nEsta\u00e7\u00e3o Central dos CFM- Pra\u00e7a dos Trabalhadores<br \/>\nTel. (+258) 21429357<br \/>\nFax. (+258) 21325614<br \/>\nMaputo\t\t\t\t\t\t\t\t\t\t\t<\/span>\n\t\t\t\t\t\t\t\t\t\t\t\t\t\t\t\t\t\t\t\t<\/span>\n\t\t\t\t\t\t\t\t\t\t\t\t\t\t\t\t\t\t\t\t\t\t\t\t\t\t\t\t\n\t\t\t\t\t\t\t\t<\/div>\n\n\t\t\t\t\t\t\t<\/td>\n\t\t\t\t\t\t\t\t\t\t\t\t\t\t\t\n\t\t\t\t\t\t\t<td colspan=\"\" rowspan=\"\" class=\"elementor-repeater-item-c5ae5e4 wpr-table-td\">\n\n\t\t\t\t\t\t\t\t<div class=\"wpr-td-content-wrapper\">\n\n\t\t\t\t\t\t\t\t\t\t\t\t\t\t\t\t\t\t\t\t\t\t\t\t\t\t\t\t\t<span>\n\t\t\t\t\t\t\t\t\t \n\t\t\t\t\t\t\t\t\t\t\t<span class=\"wpr-table-text\">\n\t\t\t\t\t\t\t\t\t\t\t\t<strong>Inhambane Delegation<\/strong><br \/>\nAv. Samora Machel, Pra\u00e7a dos Trabalhadores<br \/>\nTel. (+258) 29320453<br \/>\nFax. (+258) 29320822<br \/>\nInhambane\t\t\t\t\t\t\t\t\t\t\t<\/span>\n\t\t\t\t\t\t\t\t\t\t\t\t\t\t\t\t\t\t\t\t<\/span>\n\t\t\t\t\t\t\t\t\t\t\t\t\t\t\t\t\t\t\t\t\t\t\t\t\t\t\t\t\n\t\t\t\t\t\t\t\t<\/div>\n\n\t\t\t\t\t\t\t<\/td>\n\t\t\t\t\t\t\t\t\t\t\t\t<\/tr>\n\t\t\t        \t\t\t\t\t<tr class=\"wpr-table-body-row wpr-table-row elementor-repeater-item-4668400 wpr-odd\">\n\t\t\t\t\t\t\t\t\t\t\t\t\t\n\t\t\t\t\t\t\t<td colspan=\"\" rowspan=\"\" class=\"elementor-repeater-item-87b8208 wpr-table-td\">\n\n\t\t\t\t\t\t\t\t<div class=\"wpr-td-content-wrapper\">\n\n\t\t\t\t\t\t\t\t\t\t\t\t\t\t\t\t\t\t\t\t\t\t\t\t\t\t\t\t\t<span>\n\t\t\t\t\t\t\t\t\t \n\t\t\t\t\t\t\t\t\t\t\t<span class=\"wpr-table-text\">\n\t\t\t\t\t\t\t\t\t\t\t\t<strong>Delega\u00e7\u00e3o de InhambaneDelega\u00e7\u00e3o de Xai-Xai<\/strong><br \/>\nRua M\u00e1rtires da Revolu\u00e7\u00e3o<br \/>\nTel. (+258) 28222326<br \/>\nGaza\t\t\t\t\t\t\t\t\t\t\t<\/span>\n\t\t\t\t\t\t\t\t\t\t\t\t\t\t\t\t\t\t\t\t<\/span>\n\t\t\t\t\t\t\t\t\t\t\t\t\t\t\t\t\t\t\t\t\t\t\t\t\t\t\t\t\n\t\t\t\t\t\t\t\t<\/div>\n\n\t\t\t\t\t\t\t<\/td>\n\t\t\t\t\t\t\t\t\t\t\t\t\t\t\t\n\t\t\t\t\t\t\t<td colspan=\"\" rowspan=\"\" class=\"elementor-repeater-item-4b1721f wpr-table-td\">\n\n\t\t\t\t\t\t\t\t<div class=\"wpr-td-content-wrapper\">\n\n\t\t\t\t\t\t\t\t\t\t\t\t\t\t\t\t\t\t\t\t\t\t\t\t\t\t\t\t\t<span>\n\t\t\t\t\t\t\t\t\t \n\t\t\t\t\t\t\t\t\t\t\t<span class=\"wpr-table-text\">\n\t\t\t\t\t\t\t\t\t\t\t\t<strong>Port of Maputo \u2013 MPDC<\/strong><br \/>\nMaputo Port Development Company<br \/>\nTel. (+258) 21313920<br \/>\nFax. (+258) 21313921<br \/>\nMaputo\t\t\t\t\t\t\t\t\t\t\t<\/span>\n\t\t\t\t\t\t\t\t\t\t\t\t\t\t\t\t\t\t\t\t<\/span>\n\t\t\t\t\t\t\t\t\t\t\t\t\t\t\t\t\t\t\t\t\t\t\t\t\t\t\t\t\n\t\t\t\t\t\t\t\t<\/div>\n\n\t\t\t\t\t\t\t<\/td>\n\t\t\t\t\t\t\t\t\t\t\t\t\t\t\t\n\t\t\t\t\t\t\t<td colspan=\"\" rowspan=\"\" class=\"elementor-repeater-item-36137ff wpr-table-td\">\n\n\t\t\t\t\t\t\t\t<div class=\"wpr-td-content-wrapper\">\n\n\t\t\t\t\t\t\t\t\t\t\t\t\t\t\t\t\t\t\t\t\t\t\t\t\t\t\t\n\t\t\t\t\t\t\t\t<\/div>\n\n\t\t\t\t\t\t\t<\/td>\n\t\t\t\t\t\t\t\t\t\t\t\t<\/tr>\n\t\t\t        \t\t\t\t<\/tbody>\n\t\t\t<\/table>\n\t\t<\/div>\n\t\t<\/div>\n    \t\t\t\t\t<\/div>\n\t\t\t\t<\/div>\n\t\t\t\t\t<\/div>\n\t\t\t\t<\/div>\n\t\t\t\t<\/div>","protected":false},"excerpt":{"rendered":"<p>Contactos CFM SUL In\u00edcio Page CONTACTOS CFM SUL Direc\u00e7\u00e3o Executiva CFM-Sul Oficinas Gerais- Recinto do CFM Tel. (+258) 21430894 Fax. (+258) 21430915 Maputo Direc\u00e7\u00e3o Ferrovi\u00e1ria CFM-Sul Esta\u00e7\u00e3o Central dos CFM- Pra\u00e7a dos Trabalhadores Tel. (+258) 21429357 Fax. (+258) 21325614 Maputo Delega\u00e7\u00e3o de Inhambane Av. Samora Machel, Pra\u00e7a dos Trabalhadores Tel. (+258) 29320453 Fax. (+258) 29320822 Inhambane Delega\u00e7\u00e3o de InhambaneDelega\u00e7\u00e3o de Xai-Xai Rua M\u00e1rtires da Revolu\u00e7\u00e3o Tel. (+258) 28222326 Gaza Porto de Maputo \u2013 MPDC Maputo Port Development Company Tel. (+258) 21313920 Fax. (+258) 21313921 Maputo<\/p>","protected":false},"author":89,"featured_media":0,"parent":0,"menu_order":3,"comment_status":"closed","ping_status":"open","template":"","meta":{"_acf_changed":false,"pgc_sgb_lightbox_settings":"","footnotes":""},"class_list":["post-8502","page","type-page","status-publish","hentry"],"acf":[],"yoast_head":"<!-- This site is optimized with the Yoast SEO plugin v26.5 - https:\/\/yoast.com\/wordpress\/plugins\/seo\/ -->\n<title>Contactos CFM Sul - CFM - Caminhos De Ferros de Mo\u00e7ambique<\/title>\n<meta name=\"robots\" content=\"index, follow, max-snippet:-1, max-image-preview:large, max-video-preview:-1\" \/>\n<link rel=\"canonical\" href=\"https:\/\/www.cfm.co.mz\/en\/contactos-cfm-sul\/\" \/>\n<meta property=\"og:locale\" content=\"en_US\" \/>\n<meta property=\"og:type\" content=\"article\" \/>\n<meta property=\"og:title\" content=\"Contactos CFM Sul - CFM - Caminhos De Ferros de Mo\u00e7ambique\" \/>\n<meta property=\"og:description\" content=\"Contactos CFM SUL In\u00edcio Page CONTACTOS CFM SUL Direc\u00e7\u00e3o Executiva CFM-Sul Oficinas Gerais- Recinto do CFM Tel. (+258) 21430894 Fax. (+258) 21430915 Maputo Direc\u00e7\u00e3o Ferrovi\u00e1ria CFM-Sul Esta\u00e7\u00e3o Central dos CFM- Pra\u00e7a dos Trabalhadores Tel. (+258) 21429357 Fax. (+258) 21325614 Maputo Delega\u00e7\u00e3o de Inhambane Av. Samora Machel, Pra\u00e7a dos Trabalhadores Tel. (+258) 29320453 Fax. (+258) 29320822 Inhambane Delega\u00e7\u00e3o de InhambaneDelega\u00e7\u00e3o de Xai-Xai Rua M\u00e1rtires da Revolu\u00e7\u00e3o Tel. (+258) 28222326 Gaza Porto de Maputo \u2013 MPDC Maputo Port Development Company Tel. (+258) 21313920 Fax. (+258) 21313921 Maputo\" \/>\n<meta property=\"og:url\" content=\"https:\/\/www.cfm.co.mz\/en\/contactos-cfm-sul\/\" \/>\n<meta property=\"og:site_name\" content=\"CFM - Caminhos De Ferros de Mo\u00e7ambique\" \/>\n<meta property=\"article:publisher\" content=\"https:\/\/www.facebook.com\/CFMMoz\" \/>\n<meta property=\"article:modified_time\" content=\"2025-03-17T06:21:00+00:00\" \/>\n<meta name=\"twitter:card\" content=\"summary_large_image\" \/>\n<script type=\"application\/ld+json\" class=\"yoast-schema-graph\">{\"@context\":\"https:\/\/schema.org\",\"@graph\":[{\"@type\":\"WebPage\",\"@id\":\"https:\/\/www.cfm.co.mz\/contactos-cfm-sul\/\",\"url\":\"https:\/\/www.cfm.co.mz\/contactos-cfm-sul\/\",\"name\":\"Contactos CFM Sul - CFM - Caminhos De Ferros de Mo\u00e7ambique\",\"isPartOf\":{\"@id\":\"https:\/\/www.cfm.co.mz\/#website\"},\"datePublished\":\"2014-02-19T09:12:24+00:00\",\"dateModified\":\"2025-03-17T06:21:00+00:00\",\"breadcrumb\":{\"@id\":\"https:\/\/www.cfm.co.mz\/contactos-cfm-sul\/#breadcrumb\"},\"inLanguage\":\"en-US\",\"potentialAction\":[{\"@type\":\"ReadAction\",\"target\":[\"https:\/\/www.cfm.co.mz\/contactos-cfm-sul\/\"]}]},{\"@type\":\"BreadcrumbList\",\"@id\":\"https:\/\/www.cfm.co.mz\/contactos-cfm-sul\/#breadcrumb\",\"itemListElement\":[{\"@type\":\"ListItem\",\"position\":1,\"name\":\"Home\",\"item\":\"https:\/\/www.cfm.co.mz\/\"},{\"@type\":\"ListItem\",\"position\":2,\"name\":\"Contactos CFM Sul\"}]},{\"@type\":\"WebSite\",\"@id\":\"https:\/\/www.cfm.co.mz\/#website\",\"url\":\"https:\/\/www.cfm.co.mz\/\",\"name\":\"CFM - Caminhos De Ferros de Mo\u00e7ambique\",\"description\":\"Ampliando Horizontes\",\"publisher\":{\"@id\":\"https:\/\/www.cfm.co.mz\/#organization\"},\"potentialAction\":[{\"@type\":\"SearchAction\",\"target\":{\"@type\":\"EntryPoint\",\"urlTemplate\":\"https:\/\/www.cfm.co.mz\/?s={search_term_string}\"},\"query-input\":{\"@type\":\"PropertyValueSpecification\",\"valueRequired\":true,\"valueName\":\"search_term_string\"}}],\"inLanguage\":\"en-US\"},{\"@type\":\"Organization\",\"@id\":\"https:\/\/www.cfm.co.mz\/#organization\",\"name\":\"CFM - Caminhos De Ferros de Mo\u00e7ambique\",\"url\":\"https:\/\/www.cfm.co.mz\/\",\"logo\":{\"@type\":\"ImageObject\",\"inLanguage\":\"en-US\",\"@id\":\"https:\/\/www.cfm.co.mz\/#\/schema\/logo\/image\/\",\"url\":\"https:\/\/www.cfm.co.mz\/wp-content\/uploads\/2025\/07\/be5f0679-4f5b-4d02-9719-a26ceed29162.jpg\",\"contentUrl\":\"https:\/\/www.cfm.co.mz\/wp-content\/uploads\/2025\/07\/be5f0679-4f5b-4d02-9719-a26ceed29162.jpg\",\"width\":400,\"height\":65,\"caption\":\"CFM - Caminhos De Ferros de Mo\u00e7ambique\"},\"image\":{\"@id\":\"https:\/\/www.cfm.co.mz\/#\/schema\/logo\/image\/\"},\"sameAs\":[\"https:\/\/www.facebook.com\/CFMMoz\",\"https:\/\/www.linkedin.com\/company\/caminhos-de-ferro-de-moambique\/\"]}]}<\/script>\n<!-- \/ Yoast SEO plugin. -->","yoast_head_json":{"title":"Contactos CFM Sul - CFM - Caminhos De Ferros de Mo\u00e7ambique","robots":{"index":"index","follow":"follow","max-snippet":"max-snippet:-1","max-image-preview":"max-image-preview:large","max-video-preview":"max-video-preview:-1"},"canonical":"https:\/\/www.cfm.co.mz\/en\/contactos-cfm-sul\/","og_locale":"en_US","og_type":"article","og_title":"Contactos CFM Sul - CFM - Caminhos De Ferros de Mo\u00e7ambique","og_description":"Contactos CFM SUL In\u00edcio Page CONTACTOS CFM SUL Direc\u00e7\u00e3o Executiva CFM-Sul Oficinas Gerais- Recinto do CFM Tel. (+258) 21430894 Fax. (+258) 21430915 Maputo Direc\u00e7\u00e3o Ferrovi\u00e1ria CFM-Sul Esta\u00e7\u00e3o Central dos CFM- Pra\u00e7a dos Trabalhadores Tel. (+258) 21429357 Fax. (+258) 21325614 Maputo Delega\u00e7\u00e3o de Inhambane Av. Samora Machel, Pra\u00e7a dos Trabalhadores Tel. (+258) 29320453 Fax. (+258) 29320822 Inhambane Delega\u00e7\u00e3o de InhambaneDelega\u00e7\u00e3o de Xai-Xai Rua M\u00e1rtires da Revolu\u00e7\u00e3o Tel. (+258) 28222326 Gaza Porto de Maputo \u2013 MPDC Maputo Port Development Company Tel. (+258) 21313920 Fax. (+258) 21313921 Maputo","og_url":"https:\/\/www.cfm.co.mz\/en\/contactos-cfm-sul\/","og_site_name":"CFM - Caminhos De Ferros de Mo\u00e7ambique","article_publisher":"https:\/\/www.facebook.com\/CFMMoz","article_modified_time":"2025-03-17T06:21:00+00:00","twitter_card":"summary_large_image","schema":{"@context":"https:\/\/schema.org","@graph":[{"@type":"WebPage","@id":"https:\/\/www.cfm.co.mz\/contactos-cfm-sul\/","url":"https:\/\/www.cfm.co.mz\/contactos-cfm-sul\/","name":"Contactos CFM Sul - CFM - Caminhos De Ferros de Mo\u00e7ambique","isPartOf":{"@id":"https:\/\/www.cfm.co.mz\/#website"},"datePublished":"2014-02-19T09:12:24+00:00","dateModified":"2025-03-17T06:21:00+00:00","breadcrumb":{"@id":"https:\/\/www.cfm.co.mz\/contactos-cfm-sul\/#breadcrumb"},"inLanguage":"en-US","potentialAction":[{"@type":"ReadAction","target":["https:\/\/www.cfm.co.mz\/contactos-cfm-sul\/"]}]},{"@type":"BreadcrumbList","@id":"https:\/\/www.cfm.co.mz\/contactos-cfm-sul\/#breadcrumb","itemListElement":[{"@type":"ListItem","position":1,"name":"Home","item":"https:\/\/www.cfm.co.mz\/"},{"@type":"ListItem","position":2,"name":"Contactos CFM Sul"}]},{"@type":"WebSite","@id":"https:\/\/www.cfm.co.mz\/#website","url":"https:\/\/www.cfm.co.mz\/","name":"CFM - Caminhos De Ferros de Mo\u00e7ambique","description":"Ampliando Horizontes","publisher":{"@id":"https:\/\/www.cfm.co.mz\/#organization"},"potentialAction":[{"@type":"SearchAction","target":{"@type":"EntryPoint","urlTemplate":"https:\/\/www.cfm.co.mz\/?s={search_term_string}"},"query-input":{"@type":"PropertyValueSpecification","valueRequired":true,"valueName":"search_term_string"}}],"inLanguage":"en-US"},{"@type":"Organization","@id":"https:\/\/www.cfm.co.mz\/#organization","name":"CFM - Caminhos De Ferros de Mo\u00e7ambique","url":"https:\/\/www.cfm.co.mz\/","logo":{"@type":"ImageObject","inLanguage":"en-US","@id":"https:\/\/www.cfm.co.mz\/#\/schema\/logo\/image\/","url":"https:\/\/www.cfm.co.mz\/wp-content\/uploads\/2025\/07\/be5f0679-4f5b-4d02-9719-a26ceed29162.jpg","contentUrl":"https:\/\/www.cfm.co.mz\/wp-content\/uploads\/2025\/07\/be5f0679-4f5b-4d02-9719-a26ceed29162.jpg","width":400,"height":65,"caption":"CFM - Caminhos De Ferros de Mo\u00e7ambique"},"image":{"@id":"https:\/\/www.cfm.co.mz\/#\/schema\/logo\/image\/"},"sameAs":["https:\/\/www.facebook.com\/CFMMoz","https:\/\/www.linkedin.com\/company\/caminhos-de-ferro-de-moambique\/"]}]}},"_links":{"self":[{"href":"https:\/\/www.cfm.co.mz\/en\/wp-json\/wp\/v2\/pages\/8502","targetHints":{"allow":["GET"]}}],"collection":[{"href":"https:\/\/www.cfm.co.mz\/en\/wp-json\/wp\/v2\/pages"}],"about":[{"href":"https:\/\/www.cfm.co.mz\/en\/wp-json\/wp\/v2\/types\/page"}],"author":[{"embeddable":true,"href":"https:\/\/www.cfm.co.mz\/en\/wp-json\/wp\/v2\/users\/89"}],"replies":[{"embeddable":true,"href":"https:\/\/www.cfm.co.mz\/en\/wp-json\/wp\/v2\/comments?post=8502"}],"version-history":[{"count":11,"href":"https:\/\/www.cfm.co.mz\/en\/wp-json\/wp\/v2\/pages\/8502\/revisions"}],"predecessor-version":[{"id":14345,"href":"https:\/\/www.cfm.co.mz\/en\/wp-json\/wp\/v2\/pages\/8502\/revisions\/14345"}],"wp:attachment":[{"href":"https:\/\/www.cfm.co.mz\/en\/wp-json\/wp\/v2\/media?parent=8502"}],"curies":[{"name":"wp","href":"https:\/\/api.w.org\/{rel}","templated":true}]}}