{"id":8498,"date":"2014-02-14T15:56:27","date_gmt":"2014-02-14T15:56:27","guid":{"rendered":"https:\/\/www.cfm.co.mz\/2014\/02\/14\/turismo-nacional\/"},"modified":"2025-03-17T06:24:44","modified_gmt":"2025-03-17T06:24:44","slug":"turismo-nacional","status":"publish","type":"page","link":"https:\/\/www.cfm.co.mz\/en\/turismo-nacional\/","title":{"rendered":"Responsabilidade Social &#8211; Turismo Nacional"},"content":{"rendered":"<div data-elementor-type=\"wp-page\" data-elementor-id=\"8498\" class=\"elementor elementor-8498\">\n\t\t\t\t<div class=\"elementor-element elementor-element-6b757cc e-flex e-con-boxed wpr-particle-no wpr-jarallax-no wpr-parallax-no wpr-sticky-section-no e-con e-parent\" data-id=\"6b757cc\" data-element_type=\"container\" data-settings=\"{&quot;background_background&quot;:&quot;classic&quot;}\">\n\t\t\t\t\t<div class=\"e-con-inner\">\n\t\t\t\t<div class=\"elementor-element elementor-element-5fe2bbf elementor-widget elementor-widget-heading\" data-id=\"5fe2bbf\" data-element_type=\"widget\" data-widget_type=\"heading.default\">\n\t\t\t\t<div class=\"elementor-widget-container\">\n\t\t\t\t\t<h2 class=\"elementor-heading-title elementor-size-default\">Social Responsibility<br \/>na \u00c1rea do Turismo Nacional<\/h2>\t\t\t\t<\/div>\n\t\t\t\t<\/div>\n\t\t\t\t\t<\/div>\n\t\t\t\t<\/div>\n\t\t<div class=\"elementor-element elementor-element-ea1ad7d e-flex e-con-boxed wpr-particle-no wpr-jarallax-no wpr-parallax-no wpr-sticky-section-no e-con e-parent\" data-id=\"ea1ad7d\" data-element_type=\"container\" data-settings=\"{&quot;background_background&quot;:&quot;classic&quot;}\">\n\t\t\t\t\t<div class=\"e-con-inner\">\n\t\t\t\t<div class=\"elementor-element elementor-element-8d90f86 elementor-widget elementor-widget-eael-breadcrumbs\" data-id=\"8d90f86\" data-element_type=\"widget\" data-widget_type=\"eael-breadcrumbs.default\">\n\t\t\t\t<div class=\"elementor-widget-container\">\n\t\t\t\t\t\t\t<div class=\"eael-breadcrumbs\">\n\t\t\t<div class=\"eael-breadcrumbs__content\"><a href=\"https:\/\/www.cfm.co.mz\/en\">Home<\/a> <span class=\"eael-breadcrumb-separator\"><i aria-hidden=\"true\" class=\"icon icon-right-arrow1\"><\/i><\/span> <span class = \"eael-current\">Page<\/span><\/div>\t\t<\/div>\n\t\t\t\t\t\t<\/div>\n\t\t\t\t<\/div>\n\t\t\t\t\t<\/div>\n\t\t\t\t<\/div>\n\t\t<div class=\"elementor-element elementor-element-1f501844 e-flex e-con-boxed wpr-particle-no wpr-jarallax-no wpr-parallax-no wpr-sticky-section-no e-con e-parent\" data-id=\"1f501844\" data-element_type=\"container\">\n\t\t\t\t\t<div class=\"e-con-inner\">\n\t\t\t\t<div class=\"elementor-element elementor-element-3c99a507 elementor-widget elementor-widget-text-editor\" data-id=\"3c99a507\" data-element_type=\"widget\" data-widget_type=\"text-editor.default\">\n\t\t\t\t<div class=\"elementor-widget-container\">\n\t\t\t\t\t\t\t\t\t<p style=\"text-align: justify;\">CFM has been supporting the promotion of the national tourism, development and expansion of the national network of public television throughout the country, water and electricity provision to the people living around some railway stations as well as the rehabilitation of roads and bridges destroyed by natural disasters which, as we know, are naturally cyclical in the country, with no neglect to the to the affected populations.<\/p>\t\t\t\t\t\t\t\t<\/div>\n\t\t\t\t<\/div>\n\t\t\t\t<div class=\"elementor-element elementor-element-5b2778e gallery-spacing-custom elementor-widget elementor-widget-image-gallery\" data-id=\"5b2778e\" data-element_type=\"widget\" data-widget_type=\"image-gallery.default\">\n\t\t\t\t<div class=\"elementor-widget-container\">\n\t\t\t\t\t\t\t<div class=\"elementor-image-gallery\">\n\t\t\t<div id='gallery-1' class='gallery galleryid-8498 gallery-columns-3 gallery-size-medium_large'><figure class='gallery-item'>\n\t\t\t<div class='gallery-icon landscape'>\n\t\t\t\t<a data-elementor-open-lightbox=\"yes\" data-elementor-lightbox-slideshow=\"5b2778e\" data-elementor-lightbox-title=\"Bilene\" data-e-action-hash=\"#elementor-action%3Aaction%3Dlightbox%26settings%3DeyJpZCI6MTIzNzcsInVybCI6Imh0dHBzOlwvXC93d3cuY2ZtLmNvLm16XC93cC1jb250ZW50XC91cGxvYWRzXC8yMDI1XC8wM1wvYmlsZW5lLmpwZyIsInNsaWRlc2hvdyI6IjViMjc3OGUifQ%3D%3D\" href='https:\/\/www.cfm.co.mz\/wp-content\/uploads\/2025\/03\/bilene.jpg'><img fetchpriority=\"high\" decoding=\"async\" width=\"768\" height=\"512\" src=\"https:\/\/www.cfm.co.mz\/wp-content\/uploads\/2025\/03\/bilene-768x512.jpg\" class=\"attachment-medium_large size-medium_large\" alt=\"\" srcset=\"https:\/\/www.cfm.co.mz\/wp-content\/uploads\/2025\/03\/bilene-768x512.jpg 768w, https:\/\/www.cfm.co.mz\/wp-content\/uploads\/2025\/03\/bilene-300x200.jpg 300w, https:\/\/www.cfm.co.mz\/wp-content\/uploads\/2025\/03\/bilene.jpg 800w\" sizes=\"(max-width: 768px) 100vw, 768px\" \/><\/a>\n\t\t\t<\/div><\/figure><figure class='gallery-item'>\n\t\t\t<div class='gallery-icon landscape'>\n\t\t\t\t<a data-elementor-open-lightbox=\"yes\" data-elementor-lightbox-slideshow=\"5b2778e\" data-elementor-lightbox-title=\"Bilene\" data-e-action-hash=\"#elementor-action%3Aaction%3Dlightbox%26settings%3DeyJpZCI6MTIzNzgsInVybCI6Imh0dHBzOlwvXC93d3cuY2ZtLmNvLm16XC93cC1jb250ZW50XC91cGxvYWRzXC8yMDI1XC8wM1wvYmlsZW5lLTEuanBnIiwic2xpZGVzaG93IjoiNWIyNzc4ZSJ9\" href='https:\/\/www.cfm.co.mz\/wp-content\/uploads\/2025\/03\/bilene-1.jpg'><img decoding=\"async\" width=\"768\" height=\"512\" src=\"https:\/\/www.cfm.co.mz\/wp-content\/uploads\/2025\/03\/bilene-1-768x512.jpg\" class=\"attachment-medium_large size-medium_large\" alt=\"\" srcset=\"https:\/\/www.cfm.co.mz\/wp-content\/uploads\/2025\/03\/bilene-1-768x512.jpg 768w, https:\/\/www.cfm.co.mz\/wp-content\/uploads\/2025\/03\/bilene-1-300x200.jpg 300w, https:\/\/www.cfm.co.mz\/wp-content\/uploads\/2025\/03\/bilene-1.jpg 800w\" sizes=\"(max-width: 768px) 100vw, 768px\" \/><\/a>\n\t\t\t<\/div><\/figure><figure class='gallery-item'>\n\t\t\t<div class='gallery-icon landscape'>\n\t\t\t\t<a data-elementor-open-lightbox=\"yes\" data-elementor-lightbox-slideshow=\"5b2778e\" data-elementor-lightbox-title=\"Bilene\" data-e-action-hash=\"#elementor-action%3Aaction%3Dlightbox%26settings%3DeyJpZCI6MTIzNzksInVybCI6Imh0dHBzOlwvXC93d3cuY2ZtLmNvLm16XC93cC1jb250ZW50XC91cGxvYWRzXC8yMDI1XC8wM1wvYmlsZW5lLTIuanBnIiwic2xpZGVzaG93IjoiNWIyNzc4ZSJ9\" href='https:\/\/www.cfm.co.mz\/wp-content\/uploads\/2025\/03\/bilene-2.jpg'><img decoding=\"async\" width=\"768\" height=\"512\" src=\"https:\/\/www.cfm.co.mz\/wp-content\/uploads\/2025\/03\/bilene-2-768x512.jpg\" class=\"attachment-medium_large size-medium_large\" alt=\"\" srcset=\"https:\/\/www.cfm.co.mz\/wp-content\/uploads\/2025\/03\/bilene-2-768x512.jpg 768w, https:\/\/www.cfm.co.mz\/wp-content\/uploads\/2025\/03\/bilene-2-300x200.jpg 300w, https:\/\/www.cfm.co.mz\/wp-content\/uploads\/2025\/03\/bilene-2.jpg 800w\" sizes=\"(max-width: 768px) 100vw, 768px\" \/><\/a>\n\t\t\t<\/div><\/figure>\n\t\t<\/div>\n\t\t<\/div>\n\t\t\t\t\t\t<\/div>\n\t\t\t\t<\/div>\n\t\t\t\t\t<\/div>\n\t\t\t\t<\/div>\n\t\t\t\t<\/div>","protected":false},"excerpt":{"rendered":"<p>Responsabilidade Socialna \u00c1rea do Turismo Nacional In\u00edcio Page O CFM tem vindo a apoiar o fomento do turismo nacional, desenvolvimento e expans\u00e3o da rede nacional de televis\u00e3o p\u00fablica no pa\u00eds, a provis\u00e3o de \u00e1guas e energia el\u00e9ctrica para as popula\u00e7\u00f5es que vivem em redor de algumas esta\u00e7\u00f5es ferrovi\u00e1rias bem como, a reposi\u00e7\u00e3o de estradas e pontes destru\u00eddas pelas calamidades que, como se sabe, s\u00e3o de natureza c\u00edclica no pa\u00eds, sem p\u00f4r de lado o apoio as popula\u00e7\u00f5es afectadas.<\/p>","protected":false},"author":89,"featured_media":0,"parent":0,"menu_order":0,"comment_status":"closed","ping_status":"open","template":"","meta":{"_acf_changed":false,"pgc_sgb_lightbox_settings":"","footnotes":""},"class_list":["post-8498","page","type-page","status-publish","hentry"],"acf":[],"yoast_head":"<!-- This site is optimized with the Yoast SEO plugin v26.5 - https:\/\/yoast.com\/wordpress\/plugins\/seo\/ -->\n<title>Responsabilidade Social - Turismo Nacional - CFM - Caminhos De Ferros de Mo\u00e7ambique<\/title>\n<meta name=\"robots\" content=\"index, follow, max-snippet:-1, max-image-preview:large, max-video-preview:-1\" \/>\n<link rel=\"canonical\" href=\"https:\/\/www.cfm.co.mz\/en\/turismo-nacional\/\" \/>\n<meta property=\"og:locale\" content=\"en_US\" \/>\n<meta property=\"og:type\" content=\"article\" \/>\n<meta property=\"og:title\" content=\"Responsabilidade Social - Turismo Nacional - CFM - Caminhos De Ferros de Mo\u00e7ambique\" \/>\n<meta property=\"og:description\" content=\"Responsabilidade Socialna \u00c1rea do Turismo Nacional In\u00edcio Page O CFM tem vindo a apoiar o fomento do turismo nacional, desenvolvimento e expans\u00e3o da rede nacional de televis\u00e3o p\u00fablica no pa\u00eds, a provis\u00e3o de \u00e1guas e energia el\u00e9ctrica para as popula\u00e7\u00f5es que vivem em redor de algumas esta\u00e7\u00f5es ferrovi\u00e1rias bem como, a reposi\u00e7\u00e3o de estradas e pontes destru\u00eddas pelas calamidades que, como se sabe, s\u00e3o de natureza c\u00edclica no pa\u00eds, sem p\u00f4r de lado o apoio as popula\u00e7\u00f5es afectadas.\" \/>\n<meta property=\"og:url\" content=\"https:\/\/www.cfm.co.mz\/en\/turismo-nacional\/\" \/>\n<meta property=\"og:site_name\" content=\"CFM - Caminhos De Ferros de Mo\u00e7ambique\" \/>\n<meta property=\"article:publisher\" content=\"https:\/\/www.facebook.com\/CFMMoz\" \/>\n<meta property=\"article:modified_time\" content=\"2025-03-17T06:24:44+00:00\" \/>\n<meta property=\"og:image\" content=\"http:\/\/www.cfm.co.mz\/wp-content\/uploads\/2025\/03\/bilene-768x512.jpg\" \/>\n<meta name=\"twitter:card\" content=\"summary_large_image\" \/>\n<script type=\"application\/ld+json\" class=\"yoast-schema-graph\">{\"@context\":\"https:\/\/schema.org\",\"@graph\":[{\"@type\":\"WebPage\",\"@id\":\"https:\/\/www.cfm.co.mz\/turismo-nacional\/\",\"url\":\"https:\/\/www.cfm.co.mz\/turismo-nacional\/\",\"name\":\"Responsabilidade Social - Turismo Nacional - CFM - Caminhos De Ferros de Mo\u00e7ambique\",\"isPartOf\":{\"@id\":\"https:\/\/www.cfm.co.mz\/#website\"},\"primaryImageOfPage\":{\"@id\":\"https:\/\/www.cfm.co.mz\/turismo-nacional\/#primaryimage\"},\"image\":{\"@id\":\"https:\/\/www.cfm.co.mz\/turismo-nacional\/#primaryimage\"},\"thumbnailUrl\":\"http:\/\/www.cfm.co.mz\/wp-content\/uploads\/2025\/03\/bilene-768x512.jpg\",\"datePublished\":\"2014-02-14T15:56:27+00:00\",\"dateModified\":\"2025-03-17T06:24:44+00:00\",\"breadcrumb\":{\"@id\":\"https:\/\/www.cfm.co.mz\/turismo-nacional\/#breadcrumb\"},\"inLanguage\":\"en-US\",\"potentialAction\":[{\"@type\":\"ReadAction\",\"target\":[\"https:\/\/www.cfm.co.mz\/turismo-nacional\/\"]}]},{\"@type\":\"ImageObject\",\"inLanguage\":\"en-US\",\"@id\":\"https:\/\/www.cfm.co.mz\/turismo-nacional\/#primaryimage\",\"url\":\"http:\/\/www.cfm.co.mz\/wp-content\/uploads\/2025\/03\/bilene-768x512.jpg\",\"contentUrl\":\"http:\/\/www.cfm.co.mz\/wp-content\/uploads\/2025\/03\/bilene-768x512.jpg\"},{\"@type\":\"BreadcrumbList\",\"@id\":\"https:\/\/www.cfm.co.mz\/turismo-nacional\/#breadcrumb\",\"itemListElement\":[{\"@type\":\"ListItem\",\"position\":1,\"name\":\"Home\",\"item\":\"https:\/\/www.cfm.co.mz\/\"},{\"@type\":\"ListItem\",\"position\":2,\"name\":\"Responsabilidade Social &#8211; Turismo Nacional\"}]},{\"@type\":\"WebSite\",\"@id\":\"https:\/\/www.cfm.co.mz\/#website\",\"url\":\"https:\/\/www.cfm.co.mz\/\",\"name\":\"CFM - Caminhos De Ferros de Mo\u00e7ambique\",\"description\":\"Ampliando Horizontes\",\"publisher\":{\"@id\":\"https:\/\/www.cfm.co.mz\/#organization\"},\"potentialAction\":[{\"@type\":\"SearchAction\",\"target\":{\"@type\":\"EntryPoint\",\"urlTemplate\":\"https:\/\/www.cfm.co.mz\/?s={search_term_string}\"},\"query-input\":{\"@type\":\"PropertyValueSpecification\",\"valueRequired\":true,\"valueName\":\"search_term_string\"}}],\"inLanguage\":\"en-US\"},{\"@type\":\"Organization\",\"@id\":\"https:\/\/www.cfm.co.mz\/#organization\",\"name\":\"CFM - Caminhos De Ferros de Mo\u00e7ambique\",\"url\":\"https:\/\/www.cfm.co.mz\/\",\"logo\":{\"@type\":\"ImageObject\",\"inLanguage\":\"en-US\",\"@id\":\"https:\/\/www.cfm.co.mz\/#\/schema\/logo\/image\/\",\"url\":\"https:\/\/www.cfm.co.mz\/wp-content\/uploads\/2025\/07\/be5f0679-4f5b-4d02-9719-a26ceed29162.jpg\",\"contentUrl\":\"https:\/\/www.cfm.co.mz\/wp-content\/uploads\/2025\/07\/be5f0679-4f5b-4d02-9719-a26ceed29162.jpg\",\"width\":400,\"height\":65,\"caption\":\"CFM - Caminhos De Ferros de Mo\u00e7ambique\"},\"image\":{\"@id\":\"https:\/\/www.cfm.co.mz\/#\/schema\/logo\/image\/\"},\"sameAs\":[\"https:\/\/www.facebook.com\/CFMMoz\",\"https:\/\/www.linkedin.com\/company\/caminhos-de-ferro-de-moambique\/\"]}]}<\/script>\n<!-- \/ Yoast SEO plugin. -->","yoast_head_json":{"title":"Responsabilidade Social - Turismo Nacional - CFM - Caminhos De Ferros de Mo\u00e7ambique","robots":{"index":"index","follow":"follow","max-snippet":"max-snippet:-1","max-image-preview":"max-image-preview:large","max-video-preview":"max-video-preview:-1"},"canonical":"https:\/\/www.cfm.co.mz\/en\/turismo-nacional\/","og_locale":"en_US","og_type":"article","og_title":"Responsabilidade Social - Turismo Nacional - CFM - Caminhos De Ferros de Mo\u00e7ambique","og_description":"Responsabilidade Socialna \u00c1rea do Turismo Nacional In\u00edcio Page O CFM tem vindo a apoiar o fomento do turismo nacional, desenvolvimento e expans\u00e3o da rede nacional de televis\u00e3o p\u00fablica no pa\u00eds, a provis\u00e3o de \u00e1guas e energia el\u00e9ctrica para as popula\u00e7\u00f5es que vivem em redor de algumas esta\u00e7\u00f5es ferrovi\u00e1rias bem como, a reposi\u00e7\u00e3o de estradas e pontes destru\u00eddas pelas calamidades que, como se sabe, s\u00e3o de natureza c\u00edclica no pa\u00eds, sem p\u00f4r de lado o apoio as popula\u00e7\u00f5es afectadas.","og_url":"https:\/\/www.cfm.co.mz\/en\/turismo-nacional\/","og_site_name":"CFM - Caminhos De Ferros de Mo\u00e7ambique","article_publisher":"https:\/\/www.facebook.com\/CFMMoz","article_modified_time":"2025-03-17T06:24:44+00:00","og_image":[{"url":"http:\/\/www.cfm.co.mz\/wp-content\/uploads\/2025\/03\/bilene-768x512.jpg","type":"","width":"","height":""}],"twitter_card":"summary_large_image","schema":{"@context":"https:\/\/schema.org","@graph":[{"@type":"WebPage","@id":"https:\/\/www.cfm.co.mz\/turismo-nacional\/","url":"https:\/\/www.cfm.co.mz\/turismo-nacional\/","name":"Responsabilidade Social - Turismo Nacional - CFM - Caminhos De Ferros de Mo\u00e7ambique","isPartOf":{"@id":"https:\/\/www.cfm.co.mz\/#website"},"primaryImageOfPage":{"@id":"https:\/\/www.cfm.co.mz\/turismo-nacional\/#primaryimage"},"image":{"@id":"https:\/\/www.cfm.co.mz\/turismo-nacional\/#primaryimage"},"thumbnailUrl":"http:\/\/www.cfm.co.mz\/wp-content\/uploads\/2025\/03\/bilene-768x512.jpg","datePublished":"2014-02-14T15:56:27+00:00","dateModified":"2025-03-17T06:24:44+00:00","breadcrumb":{"@id":"https:\/\/www.cfm.co.mz\/turismo-nacional\/#breadcrumb"},"inLanguage":"en-US","potentialAction":[{"@type":"ReadAction","target":["https:\/\/www.cfm.co.mz\/turismo-nacional\/"]}]},{"@type":"ImageObject","inLanguage":"en-US","@id":"https:\/\/www.cfm.co.mz\/turismo-nacional\/#primaryimage","url":"http:\/\/www.cfm.co.mz\/wp-content\/uploads\/2025\/03\/bilene-768x512.jpg","contentUrl":"http:\/\/www.cfm.co.mz\/wp-content\/uploads\/2025\/03\/bilene-768x512.jpg"},{"@type":"BreadcrumbList","@id":"https:\/\/www.cfm.co.mz\/turismo-nacional\/#breadcrumb","itemListElement":[{"@type":"ListItem","position":1,"name":"Home","item":"https:\/\/www.cfm.co.mz\/"},{"@type":"ListItem","position":2,"name":"Responsabilidade Social &#8211; Turismo Nacional"}]},{"@type":"WebSite","@id":"https:\/\/www.cfm.co.mz\/#website","url":"https:\/\/www.cfm.co.mz\/","name":"CFM - Caminhos De Ferros de Mo\u00e7ambique","description":"Ampliando Horizontes","publisher":{"@id":"https:\/\/www.cfm.co.mz\/#organization"},"potentialAction":[{"@type":"SearchAction","target":{"@type":"EntryPoint","urlTemplate":"https:\/\/www.cfm.co.mz\/?s={search_term_string}"},"query-input":{"@type":"PropertyValueSpecification","valueRequired":true,"valueName":"search_term_string"}}],"inLanguage":"en-US"},{"@type":"Organization","@id":"https:\/\/www.cfm.co.mz\/#organization","name":"CFM - Caminhos De Ferros de Mo\u00e7ambique","url":"https:\/\/www.cfm.co.mz\/","logo":{"@type":"ImageObject","inLanguage":"en-US","@id":"https:\/\/www.cfm.co.mz\/#\/schema\/logo\/image\/","url":"https:\/\/www.cfm.co.mz\/wp-content\/uploads\/2025\/07\/be5f0679-4f5b-4d02-9719-a26ceed29162.jpg","contentUrl":"https:\/\/www.cfm.co.mz\/wp-content\/uploads\/2025\/07\/be5f0679-4f5b-4d02-9719-a26ceed29162.jpg","width":400,"height":65,"caption":"CFM - Caminhos De Ferros de Mo\u00e7ambique"},"image":{"@id":"https:\/\/www.cfm.co.mz\/#\/schema\/logo\/image\/"},"sameAs":["https:\/\/www.facebook.com\/CFMMoz","https:\/\/www.linkedin.com\/company\/caminhos-de-ferro-de-moambique\/"]}]}},"_links":{"self":[{"href":"https:\/\/www.cfm.co.mz\/en\/wp-json\/wp\/v2\/pages\/8498","targetHints":{"allow":["GET"]}}],"collection":[{"href":"https:\/\/www.cfm.co.mz\/en\/wp-json\/wp\/v2\/pages"}],"about":[{"href":"https:\/\/www.cfm.co.mz\/en\/wp-json\/wp\/v2\/types\/page"}],"author":[{"embeddable":true,"href":"https:\/\/www.cfm.co.mz\/en\/wp-json\/wp\/v2\/users\/89"}],"replies":[{"embeddable":true,"href":"https:\/\/www.cfm.co.mz\/en\/wp-json\/wp\/v2\/comments?post=8498"}],"version-history":[{"count":19,"href":"https:\/\/www.cfm.co.mz\/en\/wp-json\/wp\/v2\/pages\/8498\/revisions"}],"predecessor-version":[{"id":13001,"href":"https:\/\/www.cfm.co.mz\/en\/wp-json\/wp\/v2\/pages\/8498\/revisions\/13001"}],"wp:attachment":[{"href":"https:\/\/www.cfm.co.mz\/en\/wp-json\/wp\/v2\/media?parent=8498"}],"curies":[{"name":"wp","href":"https:\/\/api.w.org\/{rel}","templated":true}]}}