{"id":8497,"date":"2014-02-14T15:55:27","date_gmt":"2014-02-14T15:55:27","guid":{"rendered":"https:\/\/www.cfm.co.mz\/2014\/02\/14\/desporto\/"},"modified":"2025-03-17T06:25:31","modified_gmt":"2025-03-17T06:25:31","slug":"desporto","status":"publish","type":"page","link":"https:\/\/www.cfm.co.mz\/en\/desporto\/","title":{"rendered":"Responsabilidade Social &#8211; Desporto"},"content":{"rendered":"<div data-elementor-type=\"wp-page\" data-elementor-id=\"8497\" class=\"elementor elementor-8497\">\n\t\t\t\t<div class=\"elementor-element elementor-element-c739605 e-flex e-con-boxed wpr-particle-no wpr-jarallax-no wpr-parallax-no wpr-sticky-section-no e-con e-parent\" data-id=\"c739605\" data-element_type=\"container\" data-settings=\"{&quot;background_background&quot;:&quot;classic&quot;}\">\n\t\t\t\t\t<div class=\"e-con-inner\">\n\t\t\t\t<div class=\"elementor-element elementor-element-06f5128 elementor-widget elementor-widget-heading\" data-id=\"06f5128\" data-element_type=\"widget\" data-widget_type=\"heading.default\">\n\t\t\t\t<div class=\"elementor-widget-container\">\n\t\t\t\t\t<h2 class=\"elementor-heading-title elementor-size-default\">Social Responsibility<br \/>na \u00c1rea do Desporto<\/h2>\t\t\t\t<\/div>\n\t\t\t\t<\/div>\n\t\t\t\t\t<\/div>\n\t\t\t\t<\/div>\n\t\t<div class=\"elementor-element elementor-element-4f6d819 e-flex e-con-boxed wpr-particle-no wpr-jarallax-no wpr-parallax-no wpr-sticky-section-no e-con e-parent\" data-id=\"4f6d819\" data-element_type=\"container\" data-settings=\"{&quot;background_background&quot;:&quot;classic&quot;}\">\n\t\t\t\t\t<div class=\"e-con-inner\">\n\t\t\t\t<div class=\"elementor-element elementor-element-e859ddc elementor-widget elementor-widget-eael-breadcrumbs\" data-id=\"e859ddc\" data-element_type=\"widget\" data-widget_type=\"eael-breadcrumbs.default\">\n\t\t\t\t<div class=\"elementor-widget-container\">\n\t\t\t\t\t\t\t<div class=\"eael-breadcrumbs\">\n\t\t\t<div class=\"eael-breadcrumbs__content\"><a href=\"https:\/\/www.cfm.co.mz\/en\">Home<\/a> <span class=\"eael-breadcrumb-separator\"><i aria-hidden=\"true\" class=\"icon icon-right-arrow1\"><\/i><\/span> <span class = \"eael-current\">Page<\/span><\/div>\t\t<\/div>\n\t\t\t\t\t\t<\/div>\n\t\t\t\t<\/div>\n\t\t\t\t\t<\/div>\n\t\t\t\t<\/div>\n\t\t<div class=\"elementor-element elementor-element-3a1dc368 e-flex e-con-boxed wpr-particle-no wpr-jarallax-no wpr-parallax-no wpr-sticky-section-no e-con e-parent\" data-id=\"3a1dc368\" data-element_type=\"container\">\n\t\t\t\t\t<div class=\"e-con-inner\">\n\t\t\t\t<div class=\"elementor-element elementor-element-1b71f72b elementor-widget elementor-widget-text-editor\" data-id=\"1b71f72b\" data-element_type=\"widget\" data-widget_type=\"text-editor.default\">\n\t\t\t\t<div class=\"elementor-widget-container\">\n\t\t\t\t\t\t\t\t\t<p style=\"text-align: justify;\">Para al\u00e9m do apoio directo que garante a sustentabilidade dos <strong>Clubes Ferrovi\u00e1rios<\/strong> nas regi\u00f5es Norte, Centro e Sul do Pa\u00eds, o CFM mant\u00e9m um acordo de patroc\u00ednio \u00e0 Liga Mo\u00e7ambicana de Futebol, atrav\u00e9s do Fundo de Promo\u00e7\u00e3o do Desporto para a realiza\u00e7\u00e3o do Campeonato Nacional de Futebol MO\u00c7AMBOLA, e tem apoiado as selec\u00e7\u00f5es nacionais em diversas modalidades desportivas com vista a garantir a sua participa\u00e7\u00e3o em competi\u00e7\u00f5es internacionais, para al\u00e9m de prestar apoio ao desporto recreativo, como seja \u201cLiga O Metical\u201d, que envolve empresas p\u00fablicas.<\/p>\t\t\t\t\t\t\t\t<\/div>\n\t\t\t\t<\/div>\n\t\t\t\t\t<\/div>\n\t\t\t\t<\/div>\n\t\t<div class=\"elementor-element elementor-element-6a0fe90 e-flex e-con-boxed wpr-particle-no wpr-jarallax-no wpr-parallax-no wpr-sticky-section-no e-con e-parent\" data-id=\"6a0fe90\" data-element_type=\"container\">\n\t\t\t\t\t<div class=\"e-con-inner\">\n\t\t<div class=\"elementor-element elementor-element-1733da7 e-con-full e-flex wpr-particle-no wpr-jarallax-no wpr-parallax-no wpr-sticky-section-no e-con e-child\" data-id=\"1733da7\" data-element_type=\"container\">\n\t\t\t\t<div class=\"elementor-element elementor-element-5c1289d elementor-widget elementor-widget-image\" data-id=\"5c1289d\" data-element_type=\"widget\" data-widget_type=\"image.default\">\n\t\t\t\t<div class=\"elementor-widget-container\">\n\t\t\t\t\t\t\t\t\t\t\t\t<figure class=\"wp-caption\">\n\t\t\t\t\t\t\t\t\t\t<img decoding=\"async\" width=\"170\" height=\"200\" src=\"https:\/\/www.cfm.co.mz\/wp-content\/uploads\/2025\/03\/ferroviario-de-maputo.jpg\" class=\"attachment-large size-large wp-image-12361\" alt=\"\" \/>\t\t\t\t\t\t\t\t\t\t\t<figcaption class=\"widget-image-caption wp-caption-text\">Ferrovi\u00e1rio de Maputo<\/figcaption>\n\t\t\t\t\t\t\t\t\t\t<\/figure>\n\t\t\t\t\t\t\t\t\t<\/div>\n\t\t\t\t<\/div>\n\t\t\t\t<\/div>\n\t\t<div class=\"elementor-element elementor-element-58758a1 e-con-full e-flex wpr-particle-no wpr-jarallax-no wpr-parallax-no wpr-sticky-section-no e-con e-child\" data-id=\"58758a1\" data-element_type=\"container\">\n\t\t\t\t<div class=\"elementor-element elementor-element-2847094 elementor-widget elementor-widget-image\" data-id=\"2847094\" data-element_type=\"widget\" data-widget_type=\"image.default\">\n\t\t\t\t<div class=\"elementor-widget-container\">\n\t\t\t\t\t\t\t\t\t\t\t\t<figure class=\"wp-caption\">\n\t\t\t\t\t\t\t\t\t\t<img decoding=\"async\" width=\"170\" height=\"200\" src=\"https:\/\/www.cfm.co.mz\/wp-content\/uploads\/2025\/03\/ferroviario-da-beira.jpg\" class=\"attachment-large size-large wp-image-12353\" alt=\"\" \/>\t\t\t\t\t\t\t\t\t\t\t<figcaption class=\"widget-image-caption wp-caption-text\">Ferrovi\u00e1rio da Beira<\/figcaption>\n\t\t\t\t\t\t\t\t\t\t<\/figure>\n\t\t\t\t\t\t\t\t\t<\/div>\n\t\t\t\t<\/div>\n\t\t\t\t<\/div>\n\t\t<div class=\"elementor-element elementor-element-2cc3c91 e-con-full e-flex wpr-particle-no wpr-jarallax-no wpr-parallax-no wpr-sticky-section-no e-con e-child\" data-id=\"2cc3c91\" data-element_type=\"container\">\n\t\t\t\t<div class=\"elementor-element elementor-element-853cd6f elementor-widget elementor-widget-image\" data-id=\"853cd6f\" data-element_type=\"widget\" data-widget_type=\"image.default\">\n\t\t\t\t<div class=\"elementor-widget-container\">\n\t\t\t\t\t\t\t\t\t\t\t\t<figure class=\"wp-caption\">\n\t\t\t\t\t\t\t\t\t\t<img decoding=\"async\" width=\"170\" height=\"200\" src=\"https:\/\/www.cfm.co.mz\/wp-content\/uploads\/2025\/03\/ferroviario-de-quelimane.jpg\" class=\"attachment-large size-large wp-image-12354\" alt=\"\" \/>\t\t\t\t\t\t\t\t\t\t\t<figcaption class=\"widget-image-caption wp-caption-text\">Ferrovi\u00e1rio de Quelimane<\/figcaption>\n\t\t\t\t\t\t\t\t\t\t<\/figure>\n\t\t\t\t\t\t\t\t\t<\/div>\n\t\t\t\t<\/div>\n\t\t\t\t<\/div>\n\t\t<div class=\"elementor-element elementor-element-627aa07 e-con-full e-flex wpr-particle-no wpr-jarallax-no wpr-parallax-no wpr-sticky-section-no e-con e-child\" data-id=\"627aa07\" data-element_type=\"container\">\n\t\t\t\t<div class=\"elementor-element elementor-element-781fcae elementor-widget elementor-widget-image\" data-id=\"781fcae\" data-element_type=\"widget\" data-widget_type=\"image.default\">\n\t\t\t\t<div class=\"elementor-widget-container\">\n\t\t\t\t\t\t\t\t\t\t\t\t<figure class=\"wp-caption\">\n\t\t\t\t\t\t\t\t\t\t<img loading=\"lazy\" decoding=\"async\" width=\"170\" height=\"200\" src=\"https:\/\/www.cfm.co.mz\/wp-content\/uploads\/2025\/03\/ferroviario-de-nampula.jpg\" class=\"attachment-large size-large wp-image-12355\" alt=\"\" \/>\t\t\t\t\t\t\t\t\t\t\t<figcaption class=\"widget-image-caption wp-caption-text\">Ferrovi\u00e1rio de Nampula<\/figcaption>\n\t\t\t\t\t\t\t\t\t\t<\/figure>\n\t\t\t\t\t\t\t\t\t<\/div>\n\t\t\t\t<\/div>\n\t\t\t\t<\/div>\n\t\t<div class=\"elementor-element elementor-element-924ac2d e-con-full e-flex wpr-particle-no wpr-jarallax-no wpr-parallax-no wpr-sticky-section-no e-con e-child\" data-id=\"924ac2d\" data-element_type=\"container\">\n\t\t\t\t<div class=\"elementor-element elementor-element-cd34921 elementor-widget elementor-widget-image\" data-id=\"cd34921\" data-element_type=\"widget\" data-widget_type=\"image.default\">\n\t\t\t\t<div class=\"elementor-widget-container\">\n\t\t\t\t\t\t\t\t\t\t\t\t<figure class=\"wp-caption\">\n\t\t\t\t\t\t\t\t\t\t<img loading=\"lazy\" decoding=\"async\" width=\"170\" height=\"200\" src=\"https:\/\/www.cfm.co.mz\/wp-content\/uploads\/2025\/03\/ferroviario-de-nacala.jpg\" class=\"attachment-large size-large wp-image-12356\" alt=\"\" \/>\t\t\t\t\t\t\t\t\t\t\t<figcaption class=\"widget-image-caption wp-caption-text\">Ferrovi\u00e1rio de Nacala<\/figcaption>\n\t\t\t\t\t\t\t\t\t\t<\/figure>\n\t\t\t\t\t\t\t\t\t<\/div>\n\t\t\t\t<\/div>\n\t\t\t\t<\/div>\n\t\t<div class=\"elementor-element elementor-element-d7d300a e-con-full e-flex wpr-particle-no wpr-jarallax-no wpr-parallax-no wpr-sticky-section-no e-con e-child\" data-id=\"d7d300a\" data-element_type=\"container\">\n\t\t\t\t<div class=\"elementor-element elementor-element-2a3bef4 elementor-widget elementor-widget-image\" data-id=\"2a3bef4\" data-element_type=\"widget\" data-widget_type=\"image.default\">\n\t\t\t\t<div class=\"elementor-widget-container\">\n\t\t\t\t\t\t\t\t\t\t\t\t<figure class=\"wp-caption\">\n\t\t\t\t\t\t\t\t\t\t<img loading=\"lazy\" decoding=\"async\" width=\"170\" height=\"200\" src=\"https:\/\/www.cfm.co.mz\/wp-content\/uploads\/2025\/03\/ferroviario-da-lichinga.jpg\" class=\"attachment-large size-large wp-image-12357\" alt=\"\" \/>\t\t\t\t\t\t\t\t\t\t\t<figcaption class=\"widget-image-caption wp-caption-text\">Ferrovi\u00e1rio de Lichinga<\/figcaption>\n\t\t\t\t\t\t\t\t\t\t<\/figure>\n\t\t\t\t\t\t\t\t\t<\/div>\n\t\t\t\t<\/div>\n\t\t\t\t<\/div>\n\t\t\t\t\t<\/div>\n\t\t\t\t<\/div>\n\t\t\t\t<\/div>","protected":false},"excerpt":{"rendered":"<p>Responsabilidade Socialna \u00c1rea do Desporto In\u00edcio Page Para al\u00e9m do apoio directo que garante a sustentabilidade dos Clubes Ferrovi\u00e1rios nas regi\u00f5es Norte, Centro e Sul do Pa\u00eds, o CFM mant\u00e9m um acordo de patroc\u00ednio \u00e0 Liga Mo\u00e7ambicana de Futebol, atrav\u00e9s do Fundo de Promo\u00e7\u00e3o do Desporto para a realiza\u00e7\u00e3o do Campeonato Nacional de Futebol MO\u00c7AMBOLA, e tem apoiado as selec\u00e7\u00f5es nacionais em diversas modalidades desportivas com vista a garantir a sua participa\u00e7\u00e3o em competi\u00e7\u00f5es internacionais, para al\u00e9m de prestar apoio ao desporto recreativo, como seja \u201cLiga O Metical\u201d, que envolve empresas p\u00fablicas. Ferrovi\u00e1rio de Maputo Ferrovi\u00e1rio da Beira Ferrovi\u00e1rio de Quelimane Ferrovi\u00e1rio de Nampula Ferrovi\u00e1rio de Nacala Ferrovi\u00e1rio de Lichinga<\/p>","protected":false},"author":89,"featured_media":0,"parent":0,"menu_order":0,"comment_status":"closed","ping_status":"open","template":"","meta":{"_acf_changed":false,"pgc_sgb_lightbox_settings":"","footnotes":""},"class_list":["post-8497","page","type-page","status-publish","hentry"],"acf":[],"yoast_head":"<!-- This site is optimized with the Yoast SEO plugin v26.5 - https:\/\/yoast.com\/wordpress\/plugins\/seo\/ -->\n<title>Responsabilidade Social - Desporto - CFM - Caminhos De Ferros de Mo\u00e7ambique<\/title>\n<meta name=\"robots\" content=\"index, follow, max-snippet:-1, max-image-preview:large, max-video-preview:-1\" \/>\n<link rel=\"canonical\" href=\"https:\/\/www.cfm.co.mz\/en\/desporto\/\" \/>\n<meta property=\"og:locale\" content=\"en_US\" \/>\n<meta property=\"og:type\" content=\"article\" \/>\n<meta property=\"og:title\" content=\"Responsabilidade Social - Desporto - CFM - Caminhos De Ferros de Mo\u00e7ambique\" \/>\n<meta property=\"og:description\" content=\"Responsabilidade Socialna \u00c1rea do Desporto In\u00edcio Page Para al\u00e9m do apoio directo que garante a sustentabilidade dos Clubes Ferrovi\u00e1rios nas regi\u00f5es Norte, Centro e Sul do Pa\u00eds, o CFM mant\u00e9m um acordo de patroc\u00ednio \u00e0 Liga Mo\u00e7ambicana de Futebol, atrav\u00e9s do Fundo de Promo\u00e7\u00e3o do Desporto para a realiza\u00e7\u00e3o do Campeonato Nacional de Futebol MO\u00c7AMBOLA, e tem apoiado as selec\u00e7\u00f5es nacionais em diversas modalidades desportivas com vista a garantir a sua participa\u00e7\u00e3o em competi\u00e7\u00f5es internacionais, para al\u00e9m de prestar apoio ao desporto recreativo, como seja \u201cLiga O Metical\u201d, que envolve empresas p\u00fablicas. Ferrovi\u00e1rio de Maputo Ferrovi\u00e1rio da Beira Ferrovi\u00e1rio de Quelimane Ferrovi\u00e1rio de Nampula Ferrovi\u00e1rio de Nacala Ferrovi\u00e1rio de Lichinga\" \/>\n<meta property=\"og:url\" content=\"https:\/\/www.cfm.co.mz\/en\/desporto\/\" \/>\n<meta property=\"og:site_name\" content=\"CFM - Caminhos De Ferros de Mo\u00e7ambique\" \/>\n<meta property=\"article:publisher\" content=\"https:\/\/www.facebook.com\/CFMMoz\" \/>\n<meta property=\"article:modified_time\" content=\"2025-03-17T06:25:31+00:00\" \/>\n<meta property=\"og:image\" content=\"http:\/\/www.cfm.co.mz\/wp-content\/uploads\/2025\/03\/ferroviario-de-maputo.jpg\" \/>\n<meta name=\"twitter:card\" content=\"summary_large_image\" \/>\n<meta name=\"twitter:label1\" content=\"Est. reading time\" \/>\n\t<meta name=\"twitter:data1\" content=\"1 minute\" \/>\n<script type=\"application\/ld+json\" class=\"yoast-schema-graph\">{\"@context\":\"https:\/\/schema.org\",\"@graph\":[{\"@type\":\"WebPage\",\"@id\":\"https:\/\/www.cfm.co.mz\/desporto\/\",\"url\":\"https:\/\/www.cfm.co.mz\/desporto\/\",\"name\":\"Responsabilidade Social - Desporto - CFM - Caminhos De Ferros de Mo\u00e7ambique\",\"isPartOf\":{\"@id\":\"https:\/\/www.cfm.co.mz\/#website\"},\"primaryImageOfPage\":{\"@id\":\"https:\/\/www.cfm.co.mz\/desporto\/#primaryimage\"},\"image\":{\"@id\":\"https:\/\/www.cfm.co.mz\/desporto\/#primaryimage\"},\"thumbnailUrl\":\"http:\/\/www.cfm.co.mz\/wp-content\/uploads\/2025\/03\/ferroviario-de-maputo.jpg\",\"datePublished\":\"2014-02-14T15:55:27+00:00\",\"dateModified\":\"2025-03-17T06:25:31+00:00\",\"breadcrumb\":{\"@id\":\"https:\/\/www.cfm.co.mz\/desporto\/#breadcrumb\"},\"inLanguage\":\"en-US\",\"potentialAction\":[{\"@type\":\"ReadAction\",\"target\":[\"https:\/\/www.cfm.co.mz\/desporto\/\"]}]},{\"@type\":\"ImageObject\",\"inLanguage\":\"en-US\",\"@id\":\"https:\/\/www.cfm.co.mz\/desporto\/#primaryimage\",\"url\":\"http:\/\/www.cfm.co.mz\/wp-content\/uploads\/2025\/03\/ferroviario-de-maputo.jpg\",\"contentUrl\":\"http:\/\/www.cfm.co.mz\/wp-content\/uploads\/2025\/03\/ferroviario-de-maputo.jpg\"},{\"@type\":\"BreadcrumbList\",\"@id\":\"https:\/\/www.cfm.co.mz\/desporto\/#breadcrumb\",\"itemListElement\":[{\"@type\":\"ListItem\",\"position\":1,\"name\":\"Home\",\"item\":\"https:\/\/www.cfm.co.mz\/\"},{\"@type\":\"ListItem\",\"position\":2,\"name\":\"Responsabilidade Social &#8211; Desporto\"}]},{\"@type\":\"WebSite\",\"@id\":\"https:\/\/www.cfm.co.mz\/#website\",\"url\":\"https:\/\/www.cfm.co.mz\/\",\"name\":\"CFM - Caminhos De Ferros de Mo\u00e7ambique\",\"description\":\"Ampliando Horizontes\",\"publisher\":{\"@id\":\"https:\/\/www.cfm.co.mz\/#organization\"},\"potentialAction\":[{\"@type\":\"SearchAction\",\"target\":{\"@type\":\"EntryPoint\",\"urlTemplate\":\"https:\/\/www.cfm.co.mz\/?s={search_term_string}\"},\"query-input\":{\"@type\":\"PropertyValueSpecification\",\"valueRequired\":true,\"valueName\":\"search_term_string\"}}],\"inLanguage\":\"en-US\"},{\"@type\":\"Organization\",\"@id\":\"https:\/\/www.cfm.co.mz\/#organization\",\"name\":\"CFM - Caminhos De Ferros de Mo\u00e7ambique\",\"url\":\"https:\/\/www.cfm.co.mz\/\",\"logo\":{\"@type\":\"ImageObject\",\"inLanguage\":\"en-US\",\"@id\":\"https:\/\/www.cfm.co.mz\/#\/schema\/logo\/image\/\",\"url\":\"https:\/\/www.cfm.co.mz\/wp-content\/uploads\/2025\/07\/be5f0679-4f5b-4d02-9719-a26ceed29162.jpg\",\"contentUrl\":\"https:\/\/www.cfm.co.mz\/wp-content\/uploads\/2025\/07\/be5f0679-4f5b-4d02-9719-a26ceed29162.jpg\",\"width\":400,\"height\":65,\"caption\":\"CFM - Caminhos De Ferros de Mo\u00e7ambique\"},\"image\":{\"@id\":\"https:\/\/www.cfm.co.mz\/#\/schema\/logo\/image\/\"},\"sameAs\":[\"https:\/\/www.facebook.com\/CFMMoz\",\"https:\/\/www.linkedin.com\/company\/caminhos-de-ferro-de-moambique\/\"]}]}<\/script>\n<!-- \/ Yoast SEO plugin. -->","yoast_head_json":{"title":"Responsabilidade Social - Desporto - CFM - Caminhos De Ferros de Mo\u00e7ambique","robots":{"index":"index","follow":"follow","max-snippet":"max-snippet:-1","max-image-preview":"max-image-preview:large","max-video-preview":"max-video-preview:-1"},"canonical":"https:\/\/www.cfm.co.mz\/en\/desporto\/","og_locale":"en_US","og_type":"article","og_title":"Responsabilidade Social - Desporto - CFM - Caminhos De Ferros de Mo\u00e7ambique","og_description":"Responsabilidade Socialna \u00c1rea do Desporto In\u00edcio Page Para al\u00e9m do apoio directo que garante a sustentabilidade dos Clubes Ferrovi\u00e1rios nas regi\u00f5es Norte, Centro e Sul do Pa\u00eds, o CFM mant\u00e9m um acordo de patroc\u00ednio \u00e0 Liga Mo\u00e7ambicana de Futebol, atrav\u00e9s do Fundo de Promo\u00e7\u00e3o do Desporto para a realiza\u00e7\u00e3o do Campeonato Nacional de Futebol MO\u00c7AMBOLA, e tem apoiado as selec\u00e7\u00f5es nacionais em diversas modalidades desportivas com vista a garantir a sua participa\u00e7\u00e3o em competi\u00e7\u00f5es internacionais, para al\u00e9m de prestar apoio ao desporto recreativo, como seja \u201cLiga O Metical\u201d, que envolve empresas p\u00fablicas. Ferrovi\u00e1rio de Maputo Ferrovi\u00e1rio da Beira Ferrovi\u00e1rio de Quelimane Ferrovi\u00e1rio de Nampula Ferrovi\u00e1rio de Nacala Ferrovi\u00e1rio de Lichinga","og_url":"https:\/\/www.cfm.co.mz\/en\/desporto\/","og_site_name":"CFM - Caminhos De Ferros de Mo\u00e7ambique","article_publisher":"https:\/\/www.facebook.com\/CFMMoz","article_modified_time":"2025-03-17T06:25:31+00:00","og_image":[{"url":"http:\/\/www.cfm.co.mz\/wp-content\/uploads\/2025\/03\/ferroviario-de-maputo.jpg","type":"","width":"","height":""}],"twitter_card":"summary_large_image","twitter_misc":{"Est. reading time":"1 minute"},"schema":{"@context":"https:\/\/schema.org","@graph":[{"@type":"WebPage","@id":"https:\/\/www.cfm.co.mz\/desporto\/","url":"https:\/\/www.cfm.co.mz\/desporto\/","name":"Responsabilidade Social - Desporto - CFM - Caminhos De Ferros de Mo\u00e7ambique","isPartOf":{"@id":"https:\/\/www.cfm.co.mz\/#website"},"primaryImageOfPage":{"@id":"https:\/\/www.cfm.co.mz\/desporto\/#primaryimage"},"image":{"@id":"https:\/\/www.cfm.co.mz\/desporto\/#primaryimage"},"thumbnailUrl":"http:\/\/www.cfm.co.mz\/wp-content\/uploads\/2025\/03\/ferroviario-de-maputo.jpg","datePublished":"2014-02-14T15:55:27+00:00","dateModified":"2025-03-17T06:25:31+00:00","breadcrumb":{"@id":"https:\/\/www.cfm.co.mz\/desporto\/#breadcrumb"},"inLanguage":"en-US","potentialAction":[{"@type":"ReadAction","target":["https:\/\/www.cfm.co.mz\/desporto\/"]}]},{"@type":"ImageObject","inLanguage":"en-US","@id":"https:\/\/www.cfm.co.mz\/desporto\/#primaryimage","url":"http:\/\/www.cfm.co.mz\/wp-content\/uploads\/2025\/03\/ferroviario-de-maputo.jpg","contentUrl":"http:\/\/www.cfm.co.mz\/wp-content\/uploads\/2025\/03\/ferroviario-de-maputo.jpg"},{"@type":"BreadcrumbList","@id":"https:\/\/www.cfm.co.mz\/desporto\/#breadcrumb","itemListElement":[{"@type":"ListItem","position":1,"name":"Home","item":"https:\/\/www.cfm.co.mz\/"},{"@type":"ListItem","position":2,"name":"Responsabilidade Social &#8211; Desporto"}]},{"@type":"WebSite","@id":"https:\/\/www.cfm.co.mz\/#website","url":"https:\/\/www.cfm.co.mz\/","name":"CFM - Caminhos De Ferros de Mo\u00e7ambique","description":"Ampliando Horizontes","publisher":{"@id":"https:\/\/www.cfm.co.mz\/#organization"},"potentialAction":[{"@type":"SearchAction","target":{"@type":"EntryPoint","urlTemplate":"https:\/\/www.cfm.co.mz\/?s={search_term_string}"},"query-input":{"@type":"PropertyValueSpecification","valueRequired":true,"valueName":"search_term_string"}}],"inLanguage":"en-US"},{"@type":"Organization","@id":"https:\/\/www.cfm.co.mz\/#organization","name":"CFM - Caminhos De Ferros de Mo\u00e7ambique","url":"https:\/\/www.cfm.co.mz\/","logo":{"@type":"ImageObject","inLanguage":"en-US","@id":"https:\/\/www.cfm.co.mz\/#\/schema\/logo\/image\/","url":"https:\/\/www.cfm.co.mz\/wp-content\/uploads\/2025\/07\/be5f0679-4f5b-4d02-9719-a26ceed29162.jpg","contentUrl":"https:\/\/www.cfm.co.mz\/wp-content\/uploads\/2025\/07\/be5f0679-4f5b-4d02-9719-a26ceed29162.jpg","width":400,"height":65,"caption":"CFM - Caminhos De Ferros de Mo\u00e7ambique"},"image":{"@id":"https:\/\/www.cfm.co.mz\/#\/schema\/logo\/image\/"},"sameAs":["https:\/\/www.facebook.com\/CFMMoz","https:\/\/www.linkedin.com\/company\/caminhos-de-ferro-de-moambique\/"]}]}},"_links":{"self":[{"href":"https:\/\/www.cfm.co.mz\/en\/wp-json\/wp\/v2\/pages\/8497","targetHints":{"allow":["GET"]}}],"collection":[{"href":"https:\/\/www.cfm.co.mz\/en\/wp-json\/wp\/v2\/pages"}],"about":[{"href":"https:\/\/www.cfm.co.mz\/en\/wp-json\/wp\/v2\/types\/page"}],"author":[{"embeddable":true,"href":"https:\/\/www.cfm.co.mz\/en\/wp-json\/wp\/v2\/users\/89"}],"replies":[{"embeddable":true,"href":"https:\/\/www.cfm.co.mz\/en\/wp-json\/wp\/v2\/comments?post=8497"}],"version-history":[{"count":22,"href":"https:\/\/www.cfm.co.mz\/en\/wp-json\/wp\/v2\/pages\/8497\/revisions"}],"predecessor-version":[{"id":13010,"href":"https:\/\/www.cfm.co.mz\/en\/wp-json\/wp\/v2\/pages\/8497\/revisions\/13010"}],"wp:attachment":[{"href":"https:\/\/www.cfm.co.mz\/en\/wp-json\/wp\/v2\/media?parent=8497"}],"curies":[{"name":"wp","href":"https:\/\/api.w.org\/{rel}","templated":true}]}}