{"id":8496,"date":"2014-02-14T15:55:00","date_gmt":"2014-02-14T15:55:00","guid":{"rendered":"https:\/\/www.cfm.co.mz\/2014\/02\/14\/saude\/"},"modified":"2025-03-17T06:25:00","modified_gmt":"2025-03-17T06:25:00","slug":"saude","status":"publish","type":"page","link":"https:\/\/www.cfm.co.mz\/en\/saude\/","title":{"rendered":"Responsabilidade Social &#8211; Sa\u00fade"},"content":{"rendered":"<div data-elementor-type=\"wp-page\" data-elementor-id=\"8496\" class=\"elementor elementor-8496\">\n\t\t\t\t<div class=\"elementor-element elementor-element-b674d1a e-flex e-con-boxed wpr-particle-no wpr-jarallax-no wpr-parallax-no wpr-sticky-section-no e-con e-parent\" data-id=\"b674d1a\" data-element_type=\"container\" data-settings=\"{&quot;background_background&quot;:&quot;classic&quot;}\">\n\t\t\t\t\t<div class=\"e-con-inner\">\n\t\t\t\t<div class=\"elementor-element elementor-element-ef6dce6 elementor-widget elementor-widget-heading\" data-id=\"ef6dce6\" data-element_type=\"widget\" data-widget_type=\"heading.default\">\n\t\t\t\t<div class=\"elementor-widget-container\">\n\t\t\t\t\t<h2 class=\"elementor-heading-title elementor-size-default\">Social Responsibility<br \/>na \u00c1rea da Sa\u00fade<\/h2>\t\t\t\t<\/div>\n\t\t\t\t<\/div>\n\t\t\t\t\t<\/div>\n\t\t\t\t<\/div>\n\t\t<div class=\"elementor-element elementor-element-22ad0db e-flex e-con-boxed wpr-particle-no wpr-jarallax-no wpr-parallax-no wpr-sticky-section-no e-con e-parent\" data-id=\"22ad0db\" data-element_type=\"container\" data-settings=\"{&quot;background_background&quot;:&quot;classic&quot;}\">\n\t\t\t\t\t<div class=\"e-con-inner\">\n\t\t\t\t<div class=\"elementor-element elementor-element-2b53416 elementor-widget elementor-widget-eael-breadcrumbs\" data-id=\"2b53416\" data-element_type=\"widget\" data-widget_type=\"eael-breadcrumbs.default\">\n\t\t\t\t<div class=\"elementor-widget-container\">\n\t\t\t\t\t\t\t<div class=\"eael-breadcrumbs\">\n\t\t\t<div class=\"eael-breadcrumbs__content\"><a href=\"https:\/\/www.cfm.co.mz\/en\">Home<\/a> <span class=\"eael-breadcrumb-separator\"><i aria-hidden=\"true\" class=\"icon icon-right-arrow1\"><\/i><\/span> <span class = \"eael-current\">Page<\/span><\/div>\t\t<\/div>\n\t\t\t\t\t\t<\/div>\n\t\t\t\t<\/div>\n\t\t\t\t\t<\/div>\n\t\t\t\t<\/div>\n\t\t<div class=\"elementor-element elementor-element-a8223e3 e-flex e-con-boxed wpr-particle-no wpr-jarallax-no wpr-parallax-no wpr-sticky-section-no e-con e-parent\" data-id=\"a8223e3\" data-element_type=\"container\">\n\t\t\t\t\t<div class=\"e-con-inner\">\n\t\t\t\t<div class=\"elementor-element elementor-element-1291add5 elementor-widget elementor-widget-text-editor\" data-id=\"1291add5\" data-element_type=\"widget\" data-widget_type=\"text-editor.default\">\n\t\t\t\t<div class=\"elementor-widget-container\">\n\t\t\t\t\t\t\t\t\t<p style=\"text-align: justify;\">Ciente dos elevados custos dos equipamentos e meios auxiliares de diagn\u00f3stico, a empresa tem vindo a apoiar a aquisi\u00e7\u00e3o destes, bem como de outros consum\u00edveis hospitalares para as diversas unidades p\u00fablicas. Promove, igualmente a realiza\u00e7\u00e3o regular de feiras de sa\u00fade para os trabalhadores, seus dependentes e a popula\u00e7\u00e3o residente nas \u00e1reas em que essas feiras se realizam. O objectivo destas feiras \u00e9 consciencializar os participantes sobre os cuidados de sa\u00fade, promover campanhas de sensibiliza\u00e7\u00e3o e preven\u00e7\u00e3o de doen\u00e7as e testagens volunt\u00e1rias.<\/p>\t\t\t\t\t\t\t\t<\/div>\n\t\t\t\t<\/div>\n\t\t\t\t<div class=\"elementor-element elementor-element-b5574e5 gallery-spacing-custom elementor-widget elementor-widget-image-gallery\" data-id=\"b5574e5\" data-element_type=\"widget\" data-widget_type=\"image-gallery.default\">\n\t\t\t\t<div class=\"elementor-widget-container\">\n\t\t\t\t\t\t\t<div class=\"elementor-image-gallery\">\n\t\t\t<div id='gallery-1' class='gallery galleryid-8496 gallery-columns-5 gallery-size-medium'><figure class='gallery-item'>\n\t\t\t<div class='gallery-icon landscape'>\n\t\t\t\t<a data-elementor-open-lightbox=\"yes\" data-elementor-lightbox-slideshow=\"b5574e5\" data-elementor-lightbox-title=\"Hospital\" data-e-action-hash=\"#elementor-action%3Aaction%3Dlightbox%26settings%3DeyJpZCI6MTIzOTMsInVybCI6Imh0dHBzOlwvXC93d3cuY2ZtLmNvLm16XC93cC1jb250ZW50XC91cGxvYWRzXC8yMDI1XC8wM1wvaG9zcGl0YWwuanBnIiwic2xpZGVzaG93IjoiYjU1NzRlNSJ9\" href='https:\/\/www.cfm.co.mz\/wp-content\/uploads\/2025\/03\/hospital.jpg'><img fetchpriority=\"high\" decoding=\"async\" width=\"300\" height=\"200\" src=\"https:\/\/www.cfm.co.mz\/wp-content\/uploads\/2025\/03\/hospital-300x200.jpg\" class=\"attachment-medium size-medium\" alt=\"\" srcset=\"https:\/\/www.cfm.co.mz\/wp-content\/uploads\/2025\/03\/hospital-300x200.jpg 300w, https:\/\/www.cfm.co.mz\/wp-content\/uploads\/2025\/03\/hospital.jpg 500w\" sizes=\"(max-width: 300px) 100vw, 300px\" \/><\/a>\n\t\t\t<\/div><\/figure><figure class='gallery-item'>\n\t\t\t<div class='gallery-icon landscape'>\n\t\t\t\t<a data-elementor-open-lightbox=\"yes\" data-elementor-lightbox-slideshow=\"b5574e5\" data-elementor-lightbox-title=\"Hospital\" data-e-action-hash=\"#elementor-action%3Aaction%3Dlightbox%26settings%3DeyJpZCI6MTIzOTQsInVybCI6Imh0dHBzOlwvXC93d3cuY2ZtLmNvLm16XC93cC1jb250ZW50XC91cGxvYWRzXC8yMDI1XC8wM1wvaG9zcGl0YWwtMS5qcGciLCJzbGlkZXNob3ciOiJiNTU3NGU1In0%3D\" href='https:\/\/www.cfm.co.mz\/wp-content\/uploads\/2025\/03\/hospital-1.jpg'><img decoding=\"async\" width=\"300\" height=\"200\" src=\"https:\/\/www.cfm.co.mz\/wp-content\/uploads\/2025\/03\/hospital-1-300x200.jpg\" class=\"attachment-medium size-medium\" alt=\"\" srcset=\"https:\/\/www.cfm.co.mz\/wp-content\/uploads\/2025\/03\/hospital-1-300x200.jpg 300w, https:\/\/www.cfm.co.mz\/wp-content\/uploads\/2025\/03\/hospital-1.jpg 500w\" sizes=\"(max-width: 300px) 100vw, 300px\" \/><\/a>\n\t\t\t<\/div><\/figure><figure class='gallery-item'>\n\t\t\t<div class='gallery-icon landscape'>\n\t\t\t\t<a data-elementor-open-lightbox=\"yes\" data-elementor-lightbox-slideshow=\"b5574e5\" data-elementor-lightbox-title=\"Hospital\" data-e-action-hash=\"#elementor-action%3Aaction%3Dlightbox%26settings%3DeyJpZCI6MTIzOTUsInVybCI6Imh0dHBzOlwvXC93d3cuY2ZtLmNvLm16XC93cC1jb250ZW50XC91cGxvYWRzXC8yMDI1XC8wM1wvaG9zcGl0YWwtMi5qcGciLCJzbGlkZXNob3ciOiJiNTU3NGU1In0%3D\" href='https:\/\/www.cfm.co.mz\/wp-content\/uploads\/2025\/03\/hospital-2.jpg'><img decoding=\"async\" width=\"300\" height=\"200\" src=\"https:\/\/www.cfm.co.mz\/wp-content\/uploads\/2025\/03\/hospital-2-300x200.jpg\" class=\"attachment-medium size-medium\" alt=\"\" srcset=\"https:\/\/www.cfm.co.mz\/wp-content\/uploads\/2025\/03\/hospital-2-300x200.jpg 300w, https:\/\/www.cfm.co.mz\/wp-content\/uploads\/2025\/03\/hospital-2.jpg 500w\" sizes=\"(max-width: 300px) 100vw, 300px\" \/><\/a>\n\t\t\t<\/div><\/figure><figure class='gallery-item'>\n\t\t\t<div class='gallery-icon landscape'>\n\t\t\t\t<a data-elementor-open-lightbox=\"yes\" data-elementor-lightbox-slideshow=\"b5574e5\" data-elementor-lightbox-title=\"Hospital\" data-e-action-hash=\"#elementor-action%3Aaction%3Dlightbox%26settings%3DeyJpZCI6MTIzOTYsInVybCI6Imh0dHBzOlwvXC93d3cuY2ZtLmNvLm16XC93cC1jb250ZW50XC91cGxvYWRzXC8yMDI1XC8wM1wvaG9zcGl0YWwtMy5qcGciLCJzbGlkZXNob3ciOiJiNTU3NGU1In0%3D\" href='https:\/\/www.cfm.co.mz\/wp-content\/uploads\/2025\/03\/hospital-3.jpg'><img loading=\"lazy\" decoding=\"async\" width=\"300\" height=\"200\" src=\"https:\/\/www.cfm.co.mz\/wp-content\/uploads\/2025\/03\/hospital-3-300x200.jpg\" class=\"attachment-medium size-medium\" alt=\"\" srcset=\"https:\/\/www.cfm.co.mz\/wp-content\/uploads\/2025\/03\/hospital-3-300x200.jpg 300w, https:\/\/www.cfm.co.mz\/wp-content\/uploads\/2025\/03\/hospital-3.jpg 500w\" sizes=\"(max-width: 300px) 100vw, 300px\" \/><\/a>\n\t\t\t<\/div><\/figure><figure class='gallery-item'>\n\t\t\t<div class='gallery-icon landscape'>\n\t\t\t\t<a data-elementor-open-lightbox=\"yes\" data-elementor-lightbox-slideshow=\"b5574e5\" data-elementor-lightbox-title=\"Hospital\" data-e-action-hash=\"#elementor-action%3Aaction%3Dlightbox%26settings%3DeyJpZCI6MTIzOTcsInVybCI6Imh0dHBzOlwvXC93d3cuY2ZtLmNvLm16XC93cC1jb250ZW50XC91cGxvYWRzXC8yMDI1XC8wM1wvaG9zcGl0YWwtNC5qcGciLCJzbGlkZXNob3ciOiJiNTU3NGU1In0%3D\" href='https:\/\/www.cfm.co.mz\/wp-content\/uploads\/2025\/03\/hospital-4.jpg'><img loading=\"lazy\" decoding=\"async\" width=\"300\" height=\"200\" src=\"https:\/\/www.cfm.co.mz\/wp-content\/uploads\/2025\/03\/hospital-4-300x200.jpg\" class=\"attachment-medium size-medium\" alt=\"\" srcset=\"https:\/\/www.cfm.co.mz\/wp-content\/uploads\/2025\/03\/hospital-4-300x200.jpg 300w, https:\/\/www.cfm.co.mz\/wp-content\/uploads\/2025\/03\/hospital-4.jpg 500w\" sizes=\"(max-width: 300px) 100vw, 300px\" \/><\/a>\n\t\t\t<\/div><\/figure><figure class='gallery-item'>\n\t\t\t<div class='gallery-icon landscape'>\n\t\t\t\t<a data-elementor-open-lightbox=\"yes\" data-elementor-lightbox-slideshow=\"b5574e5\" data-elementor-lightbox-title=\"Hospital\" data-e-action-hash=\"#elementor-action%3Aaction%3Dlightbox%26settings%3DeyJpZCI6MTIzOTgsInVybCI6Imh0dHBzOlwvXC93d3cuY2ZtLmNvLm16XC93cC1jb250ZW50XC91cGxvYWRzXC8yMDI1XC8wM1wvaG9zcGl0YWwtNS5qcGciLCJzbGlkZXNob3ciOiJiNTU3NGU1In0%3D\" href='https:\/\/www.cfm.co.mz\/wp-content\/uploads\/2025\/03\/hospital-5.jpg'><img loading=\"lazy\" decoding=\"async\" width=\"300\" height=\"200\" src=\"https:\/\/www.cfm.co.mz\/wp-content\/uploads\/2025\/03\/hospital-5-300x200.jpg\" class=\"attachment-medium size-medium\" alt=\"\" srcset=\"https:\/\/www.cfm.co.mz\/wp-content\/uploads\/2025\/03\/hospital-5-300x200.jpg 300w, https:\/\/www.cfm.co.mz\/wp-content\/uploads\/2025\/03\/hospital-5.jpg 500w\" sizes=\"(max-width: 300px) 100vw, 300px\" \/><\/a>\n\t\t\t<\/div><\/figure>\n\t\t<\/div>\n\t\t<\/div>\n\t\t\t\t\t\t<\/div>\n\t\t\t\t<\/div>\n\t\t\t\t\t<\/div>\n\t\t\t\t<\/div>\n\t\t\t\t<\/div>","protected":false},"excerpt":{"rendered":"<p>Responsabilidade Socialna \u00c1rea da Sa\u00fade In\u00edcio Page Ciente dos elevados custos dos equipamentos e meios auxiliares de diagn\u00f3stico, a empresa tem vindo a apoiar a aquisi\u00e7\u00e3o destes, bem como de outros consum\u00edveis hospitalares para as diversas unidades p\u00fablicas. Promove, igualmente a realiza\u00e7\u00e3o regular de feiras de sa\u00fade para os trabalhadores, seus dependentes e a popula\u00e7\u00e3o residente nas \u00e1reas em que essas feiras se realizam. O objectivo destas feiras \u00e9 consciencializar os participantes sobre os cuidados de sa\u00fade, promover campanhas de sensibiliza\u00e7\u00e3o e preven\u00e7\u00e3o de doen\u00e7as e testagens volunt\u00e1rias.<\/p>","protected":false},"author":89,"featured_media":0,"parent":0,"menu_order":0,"comment_status":"closed","ping_status":"open","template":"","meta":{"_acf_changed":false,"pgc_sgb_lightbox_settings":"","footnotes":""},"class_list":["post-8496","page","type-page","status-publish","hentry"],"acf":[],"yoast_head":"<!-- This site is optimized with the Yoast SEO plugin v26.5 - https:\/\/yoast.com\/wordpress\/plugins\/seo\/ -->\n<title>Responsabilidade Social - Sa\u00fade - CFM - Caminhos De Ferros de Mo\u00e7ambique<\/title>\n<meta name=\"robots\" content=\"index, follow, max-snippet:-1, max-image-preview:large, max-video-preview:-1\" \/>\n<link rel=\"canonical\" href=\"https:\/\/www.cfm.co.mz\/en\/saude\/\" \/>\n<meta property=\"og:locale\" content=\"en_US\" \/>\n<meta property=\"og:type\" content=\"article\" \/>\n<meta property=\"og:title\" content=\"Responsabilidade Social - Sa\u00fade - CFM - Caminhos De Ferros de Mo\u00e7ambique\" \/>\n<meta property=\"og:description\" content=\"Responsabilidade Socialna \u00c1rea da Sa\u00fade In\u00edcio Page Ciente dos elevados custos dos equipamentos e meios auxiliares de diagn\u00f3stico, a empresa tem vindo a apoiar a aquisi\u00e7\u00e3o destes, bem como de outros consum\u00edveis hospitalares para as diversas unidades p\u00fablicas. Promove, igualmente a realiza\u00e7\u00e3o regular de feiras de sa\u00fade para os trabalhadores, seus dependentes e a popula\u00e7\u00e3o residente nas \u00e1reas em que essas feiras se realizam. O objectivo destas feiras \u00e9 consciencializar os participantes sobre os cuidados de sa\u00fade, promover campanhas de sensibiliza\u00e7\u00e3o e preven\u00e7\u00e3o de doen\u00e7as e testagens volunt\u00e1rias.\" \/>\n<meta property=\"og:url\" content=\"https:\/\/www.cfm.co.mz\/en\/saude\/\" \/>\n<meta property=\"og:site_name\" content=\"CFM - Caminhos De Ferros de Mo\u00e7ambique\" \/>\n<meta property=\"article:publisher\" content=\"https:\/\/www.facebook.com\/CFMMoz\" \/>\n<meta property=\"article:modified_time\" content=\"2025-03-17T06:25:00+00:00\" \/>\n<meta property=\"og:image\" content=\"http:\/\/www.cfm.co.mz\/wp-content\/uploads\/2025\/03\/hospital-300x200.jpg\" \/>\n<meta name=\"twitter:card\" content=\"summary_large_image\" \/>\n<meta name=\"twitter:label1\" content=\"Est. reading time\" \/>\n\t<meta name=\"twitter:data1\" content=\"1 minute\" \/>\n<script type=\"application\/ld+json\" class=\"yoast-schema-graph\">{\"@context\":\"https:\/\/schema.org\",\"@graph\":[{\"@type\":\"WebPage\",\"@id\":\"https:\/\/www.cfm.co.mz\/saude\/\",\"url\":\"https:\/\/www.cfm.co.mz\/saude\/\",\"name\":\"Responsabilidade Social - Sa\u00fade - CFM - Caminhos De Ferros de Mo\u00e7ambique\",\"isPartOf\":{\"@id\":\"https:\/\/www.cfm.co.mz\/#website\"},\"primaryImageOfPage\":{\"@id\":\"https:\/\/www.cfm.co.mz\/saude\/#primaryimage\"},\"image\":{\"@id\":\"https:\/\/www.cfm.co.mz\/saude\/#primaryimage\"},\"thumbnailUrl\":\"http:\/\/www.cfm.co.mz\/wp-content\/uploads\/2025\/03\/hospital-300x200.jpg\",\"datePublished\":\"2014-02-14T15:55:00+00:00\",\"dateModified\":\"2025-03-17T06:25:00+00:00\",\"breadcrumb\":{\"@id\":\"https:\/\/www.cfm.co.mz\/saude\/#breadcrumb\"},\"inLanguage\":\"en-US\",\"potentialAction\":[{\"@type\":\"ReadAction\",\"target\":[\"https:\/\/www.cfm.co.mz\/saude\/\"]}]},{\"@type\":\"ImageObject\",\"inLanguage\":\"en-US\",\"@id\":\"https:\/\/www.cfm.co.mz\/saude\/#primaryimage\",\"url\":\"http:\/\/www.cfm.co.mz\/wp-content\/uploads\/2025\/03\/hospital-300x200.jpg\",\"contentUrl\":\"http:\/\/www.cfm.co.mz\/wp-content\/uploads\/2025\/03\/hospital-300x200.jpg\"},{\"@type\":\"BreadcrumbList\",\"@id\":\"https:\/\/www.cfm.co.mz\/saude\/#breadcrumb\",\"itemListElement\":[{\"@type\":\"ListItem\",\"position\":1,\"name\":\"Home\",\"item\":\"https:\/\/www.cfm.co.mz\/\"},{\"@type\":\"ListItem\",\"position\":2,\"name\":\"Responsabilidade Social &#8211; Sa\u00fade\"}]},{\"@type\":\"WebSite\",\"@id\":\"https:\/\/www.cfm.co.mz\/#website\",\"url\":\"https:\/\/www.cfm.co.mz\/\",\"name\":\"CFM - Caminhos De Ferros de Mo\u00e7ambique\",\"description\":\"Ampliando Horizontes\",\"publisher\":{\"@id\":\"https:\/\/www.cfm.co.mz\/#organization\"},\"potentialAction\":[{\"@type\":\"SearchAction\",\"target\":{\"@type\":\"EntryPoint\",\"urlTemplate\":\"https:\/\/www.cfm.co.mz\/?s={search_term_string}\"},\"query-input\":{\"@type\":\"PropertyValueSpecification\",\"valueRequired\":true,\"valueName\":\"search_term_string\"}}],\"inLanguage\":\"en-US\"},{\"@type\":\"Organization\",\"@id\":\"https:\/\/www.cfm.co.mz\/#organization\",\"name\":\"CFM - Caminhos De Ferros de Mo\u00e7ambique\",\"url\":\"https:\/\/www.cfm.co.mz\/\",\"logo\":{\"@type\":\"ImageObject\",\"inLanguage\":\"en-US\",\"@id\":\"https:\/\/www.cfm.co.mz\/#\/schema\/logo\/image\/\",\"url\":\"https:\/\/www.cfm.co.mz\/wp-content\/uploads\/2025\/07\/be5f0679-4f5b-4d02-9719-a26ceed29162.jpg\",\"contentUrl\":\"https:\/\/www.cfm.co.mz\/wp-content\/uploads\/2025\/07\/be5f0679-4f5b-4d02-9719-a26ceed29162.jpg\",\"width\":400,\"height\":65,\"caption\":\"CFM - Caminhos De Ferros de Mo\u00e7ambique\"},\"image\":{\"@id\":\"https:\/\/www.cfm.co.mz\/#\/schema\/logo\/image\/\"},\"sameAs\":[\"https:\/\/www.facebook.com\/CFMMoz\",\"https:\/\/www.linkedin.com\/company\/caminhos-de-ferro-de-moambique\/\"]}]}<\/script>\n<!-- \/ Yoast SEO plugin. -->","yoast_head_json":{"title":"Responsabilidade Social - Sa\u00fade - CFM - Caminhos De Ferros de Mo\u00e7ambique","robots":{"index":"index","follow":"follow","max-snippet":"max-snippet:-1","max-image-preview":"max-image-preview:large","max-video-preview":"max-video-preview:-1"},"canonical":"https:\/\/www.cfm.co.mz\/en\/saude\/","og_locale":"en_US","og_type":"article","og_title":"Responsabilidade Social - Sa\u00fade - CFM - Caminhos De Ferros de Mo\u00e7ambique","og_description":"Responsabilidade Socialna \u00c1rea da Sa\u00fade In\u00edcio Page Ciente dos elevados custos dos equipamentos e meios auxiliares de diagn\u00f3stico, a empresa tem vindo a apoiar a aquisi\u00e7\u00e3o destes, bem como de outros consum\u00edveis hospitalares para as diversas unidades p\u00fablicas. Promove, igualmente a realiza\u00e7\u00e3o regular de feiras de sa\u00fade para os trabalhadores, seus dependentes e a popula\u00e7\u00e3o residente nas \u00e1reas em que essas feiras se realizam. O objectivo destas feiras \u00e9 consciencializar os participantes sobre os cuidados de sa\u00fade, promover campanhas de sensibiliza\u00e7\u00e3o e preven\u00e7\u00e3o de doen\u00e7as e testagens volunt\u00e1rias.","og_url":"https:\/\/www.cfm.co.mz\/en\/saude\/","og_site_name":"CFM - Caminhos De Ferros de Mo\u00e7ambique","article_publisher":"https:\/\/www.facebook.com\/CFMMoz","article_modified_time":"2025-03-17T06:25:00+00:00","og_image":[{"url":"http:\/\/www.cfm.co.mz\/wp-content\/uploads\/2025\/03\/hospital-300x200.jpg","type":"","width":"","height":""}],"twitter_card":"summary_large_image","twitter_misc":{"Est. reading time":"1 minute"},"schema":{"@context":"https:\/\/schema.org","@graph":[{"@type":"WebPage","@id":"https:\/\/www.cfm.co.mz\/saude\/","url":"https:\/\/www.cfm.co.mz\/saude\/","name":"Responsabilidade Social - Sa\u00fade - CFM - Caminhos De Ferros de Mo\u00e7ambique","isPartOf":{"@id":"https:\/\/www.cfm.co.mz\/#website"},"primaryImageOfPage":{"@id":"https:\/\/www.cfm.co.mz\/saude\/#primaryimage"},"image":{"@id":"https:\/\/www.cfm.co.mz\/saude\/#primaryimage"},"thumbnailUrl":"http:\/\/www.cfm.co.mz\/wp-content\/uploads\/2025\/03\/hospital-300x200.jpg","datePublished":"2014-02-14T15:55:00+00:00","dateModified":"2025-03-17T06:25:00+00:00","breadcrumb":{"@id":"https:\/\/www.cfm.co.mz\/saude\/#breadcrumb"},"inLanguage":"en-US","potentialAction":[{"@type":"ReadAction","target":["https:\/\/www.cfm.co.mz\/saude\/"]}]},{"@type":"ImageObject","inLanguage":"en-US","@id":"https:\/\/www.cfm.co.mz\/saude\/#primaryimage","url":"http:\/\/www.cfm.co.mz\/wp-content\/uploads\/2025\/03\/hospital-300x200.jpg","contentUrl":"http:\/\/www.cfm.co.mz\/wp-content\/uploads\/2025\/03\/hospital-300x200.jpg"},{"@type":"BreadcrumbList","@id":"https:\/\/www.cfm.co.mz\/saude\/#breadcrumb","itemListElement":[{"@type":"ListItem","position":1,"name":"Home","item":"https:\/\/www.cfm.co.mz\/"},{"@type":"ListItem","position":2,"name":"Responsabilidade Social &#8211; Sa\u00fade"}]},{"@type":"WebSite","@id":"https:\/\/www.cfm.co.mz\/#website","url":"https:\/\/www.cfm.co.mz\/","name":"CFM - Caminhos De Ferros de Mo\u00e7ambique","description":"Ampliando Horizontes","publisher":{"@id":"https:\/\/www.cfm.co.mz\/#organization"},"potentialAction":[{"@type":"SearchAction","target":{"@type":"EntryPoint","urlTemplate":"https:\/\/www.cfm.co.mz\/?s={search_term_string}"},"query-input":{"@type":"PropertyValueSpecification","valueRequired":true,"valueName":"search_term_string"}}],"inLanguage":"en-US"},{"@type":"Organization","@id":"https:\/\/www.cfm.co.mz\/#organization","name":"CFM - Caminhos De Ferros de Mo\u00e7ambique","url":"https:\/\/www.cfm.co.mz\/","logo":{"@type":"ImageObject","inLanguage":"en-US","@id":"https:\/\/www.cfm.co.mz\/#\/schema\/logo\/image\/","url":"https:\/\/www.cfm.co.mz\/wp-content\/uploads\/2025\/07\/be5f0679-4f5b-4d02-9719-a26ceed29162.jpg","contentUrl":"https:\/\/www.cfm.co.mz\/wp-content\/uploads\/2025\/07\/be5f0679-4f5b-4d02-9719-a26ceed29162.jpg","width":400,"height":65,"caption":"CFM - Caminhos De Ferros de Mo\u00e7ambique"},"image":{"@id":"https:\/\/www.cfm.co.mz\/#\/schema\/logo\/image\/"},"sameAs":["https:\/\/www.facebook.com\/CFMMoz","https:\/\/www.linkedin.com\/company\/caminhos-de-ferro-de-moambique\/"]}]}},"_links":{"self":[{"href":"https:\/\/www.cfm.co.mz\/en\/wp-json\/wp\/v2\/pages\/8496","targetHints":{"allow":["GET"]}}],"collection":[{"href":"https:\/\/www.cfm.co.mz\/en\/wp-json\/wp\/v2\/pages"}],"about":[{"href":"https:\/\/www.cfm.co.mz\/en\/wp-json\/wp\/v2\/types\/page"}],"author":[{"embeddable":true,"href":"https:\/\/www.cfm.co.mz\/en\/wp-json\/wp\/v2\/users\/89"}],"replies":[{"embeddable":true,"href":"https:\/\/www.cfm.co.mz\/en\/wp-json\/wp\/v2\/comments?post=8496"}],"version-history":[{"count":16,"href":"https:\/\/www.cfm.co.mz\/en\/wp-json\/wp\/v2\/pages\/8496\/revisions"}],"predecessor-version":[{"id":13004,"href":"https:\/\/www.cfm.co.mz\/en\/wp-json\/wp\/v2\/pages\/8496\/revisions\/13004"}],"wp:attachment":[{"href":"https:\/\/www.cfm.co.mz\/en\/wp-json\/wp\/v2\/media?parent=8496"}],"curies":[{"name":"wp","href":"https:\/\/api.w.org\/{rel}","templated":true}]}}