{"id":8489,"date":"2014-02-14T13:29:51","date_gmt":"2014-02-14T13:29:51","guid":{"rendered":"https:\/\/www.cfm.co.mz\/2014\/02\/14\/porto-de-pemba\/"},"modified":"2025-08-27T13:35:04","modified_gmt":"2025-08-27T13:35:04","slug":"porto-de-pemba","status":"publish","type":"page","link":"https:\/\/www.cfm.co.mz\/en\/porto-de-pemba\/","title":{"rendered":"Port of Pemba"},"content":{"rendered":"<div data-elementor-type=\"wp-page\" data-elementor-id=\"8489\" class=\"elementor elementor-8489\">\n\t\t\t\t<div class=\"elementor-element elementor-element-a957187 e-flex e-con-boxed wpr-particle-no wpr-jarallax-no wpr-parallax-no wpr-sticky-section-no e-con e-parent\" data-id=\"a957187\" data-element_type=\"container\" data-settings=\"{&quot;background_background&quot;:&quot;classic&quot;}\">\n\t\t\t\t\t<div class=\"e-con-inner\">\n\t\t\t\t<div class=\"elementor-element elementor-element-5e259ff elementor-widget elementor-widget-heading\" data-id=\"5e259ff\" data-element_type=\"widget\" data-widget_type=\"heading.default\">\n\t\t\t\t<div class=\"elementor-widget-container\">\n\t\t\t\t\t<h2 class=\"elementor-heading-title elementor-size-default\">Port of Pemba<\/h2>\t\t\t\t<\/div>\n\t\t\t\t<\/div>\n\t\t\t\t\t<\/div>\n\t\t\t\t<\/div>\n\t\t<div class=\"elementor-element elementor-element-4175a17 e-flex e-con-boxed wpr-particle-no wpr-jarallax-no wpr-parallax-no wpr-sticky-section-no e-con e-parent\" data-id=\"4175a17\" data-element_type=\"container\" data-settings=\"{&quot;background_background&quot;:&quot;classic&quot;}\">\n\t\t\t\t\t<div class=\"e-con-inner\">\n\t\t\t\t<div class=\"elementor-element elementor-element-6ac6e84 elementor-widget elementor-widget-eael-breadcrumbs\" data-id=\"6ac6e84\" data-element_type=\"widget\" data-widget_type=\"eael-breadcrumbs.default\">\n\t\t\t\t<div class=\"elementor-widget-container\">\n\t\t\t\t\t\t\t<div class=\"eael-breadcrumbs\">\n\t\t\t<div class=\"eael-breadcrumbs__content\"><a href=\"https:\/\/www.cfm.co.mz\/en\">Home<\/a> <span class=\"eael-breadcrumb-separator\"><i aria-hidden=\"true\" class=\"icon icon-right-arrow1\"><\/i><\/span> <span class = \"eael-current\">Page<\/span><\/div>\t\t<\/div>\n\t\t\t\t\t\t<\/div>\n\t\t\t\t<\/div>\n\t\t\t\t\t<\/div>\n\t\t\t\t<\/div>\n\t\t<div class=\"elementor-element elementor-element-649e7dd e-flex e-con-boxed wpr-particle-no wpr-jarallax-no wpr-parallax-no wpr-sticky-section-no e-con e-parent\" data-id=\"649e7dd\" data-element_type=\"container\">\n\t\t\t\t\t<div class=\"e-con-inner\">\n\t\t<div class=\"elementor-element elementor-element-d082651 e-con-full e-flex wpr-particle-no wpr-jarallax-no wpr-parallax-no wpr-sticky-section-no e-con e-child\" data-id=\"d082651\" data-element_type=\"container\">\n\t\t\t\t<div class=\"elementor-element elementor-element-aa26503 elementor-widget elementor-widget-image\" data-id=\"aa26503\" data-element_type=\"widget\" data-widget_type=\"image.default\">\n\t\t\t\t<div class=\"elementor-widget-container\">\n\t\t\t\t\t\t\t\t\t\t\t\t\t\t\t<img fetchpriority=\"high\" decoding=\"async\" width=\"524\" height=\"365\" src=\"https:\/\/www.cfm.co.mz\/wp-content\/uploads\/2024\/12\/portofpemba.jpeg\" class=\"attachment-large size-large wp-image-12040\" alt=\"\" srcset=\"https:\/\/www.cfm.co.mz\/wp-content\/uploads\/2024\/12\/portofpemba.jpeg 524w, https:\/\/www.cfm.co.mz\/wp-content\/uploads\/2024\/12\/portofpemba-300x209.jpeg 300w\" sizes=\"(max-width: 524px) 100vw, 524px\" \/>\t\t\t\t\t\t\t\t\t\t\t\t\t\t\t<\/div>\n\t\t\t\t<\/div>\n\t\t\t\t<\/div>\n\t\t<div class=\"elementor-element elementor-element-9255d7d e-con-full e-flex wpr-particle-no wpr-jarallax-no wpr-parallax-no wpr-sticky-section-no e-con e-child\" data-id=\"9255d7d\" data-element_type=\"container\">\n\t\t\t\t<div class=\"elementor-element elementor-element-5052ac2 elementor-widget elementor-widget-text-editor\" data-id=\"5052ac2\" data-element_type=\"widget\" data-widget_type=\"text-editor.default\">\n\t\t\t\t<div class=\"elementor-widget-container\">\n\t\t\t\t\t\t\t\t\t<p>It has a pier measuring 183 meters long and 17 meters wide, covering an area of \u200b\u200b3,103 square meters. It has two berthing areas: one measuring 135 meters long and 7 to 8 meters deep, and the other measuring 25 meters long and 2 to 5 meters deep.<\/p><p style=\"text-align: justify;\">The Port of Pemba has a storage area of \u200b\u200b20,000 square meters, with a single warehouse of 1,800 square meters. The terminal is served by a 25-ton gantry crane, seven forklifts with capacities ranging from 2.5 to 28 tons, and two tractors.<\/p>\t\t\t\t\t\t\t\t<\/div>\n\t\t\t\t<\/div>\n\t\t<div class=\"elementor-element elementor-element-3904535 e-grid e-con-full elementor-hidden-desktop elementor-hidden-tablet elementor-hidden-mobile wpr-particle-no wpr-jarallax-no wpr-parallax-no wpr-sticky-section-no e-con e-child\" data-id=\"3904535\" data-element_type=\"container\">\n\t\t\t\t<div class=\"elementor-element elementor-element-c93c46d elementor-widget elementor-widget-elementskit-funfact\" data-id=\"c93c46d\" data-element_type=\"widget\" data-widget_type=\"elementskit-funfact.default\">\n\t\t\t\t<div class=\"elementor-widget-container\">\n\t\t\t\t\t<div class=\"ekit-wid-con\" >\n\t\t<div class=\"elementskit-funfact text-center\">\n\t\t\t\n\t\t\t<div class=\"elementskit-funfact-inner\">\n\t\t\t\t\t\t\t\t\n\t\t\t\t<div class=\"funfact-content\">\n\t\t\t\t\t<div class=\"number-percentage-wraper\">\n\t\t\t\t\t\t\t\t\t\t\t\t<span class=\"number-percentage\"\n\t\t\t\t\t\t      data-value=\"3103\"\n\t\t\t\t\t\t      data-animation-duration=\"3500\"\n\t\t\t\t\t\t\t  data-style=\"static\">0<\/span>\n\t\t\t\t\t\tm\u00b2\t\t\t\t\t\t\t\t\t\t\t<\/div>\n\n\t\t\t\t\t<h3 class=\"funfact-title\">De \u00e1rea do cais<\/h3>\t\t\t\t\t\t\t\t<\/div>\n\t\t<\/div>\n\t\t<\/div>\n\n\n\t\t<\/div>\t\t\t\t<\/div>\n\t\t\t\t<\/div>\n\t\t\t\t<div class=\"elementor-element elementor-element-c7d4ee6 elementor-widget elementor-widget-elementskit-funfact\" data-id=\"c7d4ee6\" data-element_type=\"widget\" data-widget_type=\"elementskit-funfact.default\">\n\t\t\t\t<div class=\"elementor-widget-container\">\n\t\t\t\t\t<div class=\"ekit-wid-con\" >\n\t\t<div class=\"elementskit-funfact text-center\">\n\t\t\t\n\t\t\t<div class=\"elementskit-funfact-inner\">\n\t\t\t\t\t\t\t\t\n\t\t\t\t<div class=\"funfact-content\">\n\t\t\t\t\t<div class=\"number-percentage-wraper\">\n\t\t\t\t\t\t\t\t\t\t\t\t<span class=\"number-percentage\"\n\t\t\t\t\t\t      data-value=\"20000\"\n\t\t\t\t\t\t      data-animation-duration=\"3500\"\n\t\t\t\t\t\t\t  data-style=\"static\">0<\/span>\n\t\t\t\t\t\tm\u00b2\t\t\t\t\t\t\t\t\t\t\t<\/div>\n\n\t\t\t\t\t<h3 class=\"funfact-title\">De \u00e1rea de armazenagem<\/h3>\t\t\t\t\t\t\t\t<\/div>\n\t\t<\/div>\n\t\t<\/div>\n\n\n\t\t<\/div>\t\t\t\t<\/div>\n\t\t\t\t<\/div>\n\t\t\t\t<\/div>\n\t\t\t\t<\/div>\n\t\t\t\t\t<\/div>\n\t\t\t\t<\/div>\n\t\t\t\t<\/div>","protected":false},"excerpt":{"rendered":"<p>Porto de Pemba In\u00edcio Page Possui um cais com 183 metros de comprimento e uma largura de 17 metros, perfazendo uma \u00e1rea de 3.103 metros quadrados. Tem duas frentes de acostagem, uma com 135 metros de comprimento e uma profundidade entre 7 e 8 metros e a outra com 25 metros e uma profundidade de 2 a 5 metros. O Porto de Pemba tem uma \u00e1rea de armazenagem de 20.000 metros quadrados, com um \u00fanico armaz\u00e9m de 1.800 metros quadrados. O terminal \u00e9 servido por um p\u00f3rtico de 25 toneladas, sete empilhadeiras, cujas capacidades variam entre 2,5 e 28 toneladas, e dois tractores. 0 m\u00b2 De \u00e1rea do cais 0 m\u00b2 De \u00e1rea de armazenagem<\/p>","protected":false},"author":89,"featured_media":8488,"parent":0,"menu_order":0,"comment_status":"closed","ping_status":"open","template":"","meta":{"_acf_changed":false,"pgc_sgb_lightbox_settings":"","footnotes":""},"class_list":["post-8489","page","type-page","status-publish","has-post-thumbnail","hentry"],"acf":[],"yoast_head":"<!-- This site is optimized with the Yoast SEO plugin v26.5 - https:\/\/yoast.com\/wordpress\/plugins\/seo\/ -->\n<title>Porto de Pemba - CFM - Caminhos De Ferros de Mo\u00e7ambique<\/title>\n<meta name=\"robots\" content=\"index, follow, max-snippet:-1, max-image-preview:large, max-video-preview:-1\" \/>\n<link rel=\"canonical\" href=\"https:\/\/www.cfm.co.mz\/en\/porto-de-pemba\/\" \/>\n<meta property=\"og:locale\" content=\"en_US\" \/>\n<meta property=\"og:type\" content=\"article\" \/>\n<meta property=\"og:title\" content=\"Porto de Pemba - CFM - Caminhos De Ferros de Mo\u00e7ambique\" \/>\n<meta property=\"og:description\" content=\"Porto de Pemba In\u00edcio Page Possui um cais com 183 metros de comprimento e uma largura de 17 metros, perfazendo uma \u00e1rea de 3.103 metros quadrados. Tem duas frentes de acostagem, uma com 135 metros de comprimento e uma profundidade entre 7 e 8 metros e a outra com 25 metros e uma profundidade de 2 a 5 metros. O Porto de Pemba tem uma \u00e1rea de armazenagem de 20.000 metros quadrados, com um \u00fanico armaz\u00e9m de 1.800 metros quadrados. O terminal \u00e9 servido por um p\u00f3rtico de 25 toneladas, sete empilhadeiras, cujas capacidades variam entre 2,5 e 28 toneladas, e dois tractores. 0 m\u00b2 De \u00e1rea do cais 0 m\u00b2 De \u00e1rea de armazenagem\" \/>\n<meta property=\"og:url\" content=\"https:\/\/www.cfm.co.mz\/en\/porto-de-pemba\/\" \/>\n<meta property=\"og:site_name\" content=\"CFM - Caminhos De Ferros de Mo\u00e7ambique\" \/>\n<meta property=\"article:publisher\" content=\"https:\/\/www.facebook.com\/CFMMoz\" \/>\n<meta property=\"article:modified_time\" content=\"2025-08-27T13:35:04+00:00\" \/>\n<meta property=\"og:image\" content=\"https:\/\/www.cfm.co.mz\/wp-content\/uploads\/2014\/02\/portopemba.png\" \/>\n\t<meta property=\"og:image:width\" content=\"448\" \/>\n\t<meta property=\"og:image:height\" content=\"336\" \/>\n\t<meta property=\"og:image:type\" content=\"image\/png\" \/>\n<meta name=\"twitter:card\" content=\"summary_large_image\" \/>\n<meta name=\"twitter:label1\" content=\"Est. reading time\" \/>\n\t<meta name=\"twitter:data1\" content=\"1 minute\" \/>\n<script type=\"application\/ld+json\" class=\"yoast-schema-graph\">{\"@context\":\"https:\/\/schema.org\",\"@graph\":[{\"@type\":\"WebPage\",\"@id\":\"https:\/\/www.cfm.co.mz\/porto-de-pemba\/\",\"url\":\"https:\/\/www.cfm.co.mz\/porto-de-pemba\/\",\"name\":\"Porto de Pemba - CFM - Caminhos De Ferros de Mo\u00e7ambique\",\"isPartOf\":{\"@id\":\"https:\/\/www.cfm.co.mz\/#website\"},\"primaryImageOfPage\":{\"@id\":\"https:\/\/www.cfm.co.mz\/porto-de-pemba\/#primaryimage\"},\"image\":{\"@id\":\"https:\/\/www.cfm.co.mz\/porto-de-pemba\/#primaryimage\"},\"thumbnailUrl\":\"https:\/\/www.cfm.co.mz\/wp-content\/uploads\/2014\/02\/portopemba.png\",\"datePublished\":\"2014-02-14T13:29:51+00:00\",\"dateModified\":\"2025-08-27T13:35:04+00:00\",\"breadcrumb\":{\"@id\":\"https:\/\/www.cfm.co.mz\/porto-de-pemba\/#breadcrumb\"},\"inLanguage\":\"en-US\",\"potentialAction\":[{\"@type\":\"ReadAction\",\"target\":[\"https:\/\/www.cfm.co.mz\/porto-de-pemba\/\"]}]},{\"@type\":\"ImageObject\",\"inLanguage\":\"en-US\",\"@id\":\"https:\/\/www.cfm.co.mz\/porto-de-pemba\/#primaryimage\",\"url\":\"https:\/\/www.cfm.co.mz\/wp-content\/uploads\/2014\/02\/portopemba.png\",\"contentUrl\":\"https:\/\/www.cfm.co.mz\/wp-content\/uploads\/2014\/02\/portopemba.png\",\"width\":448,\"height\":336,\"caption\":\"portopemba\"},{\"@type\":\"BreadcrumbList\",\"@id\":\"https:\/\/www.cfm.co.mz\/porto-de-pemba\/#breadcrumb\",\"itemListElement\":[{\"@type\":\"ListItem\",\"position\":1,\"name\":\"Home\",\"item\":\"https:\/\/www.cfm.co.mz\/\"},{\"@type\":\"ListItem\",\"position\":2,\"name\":\"Porto de Pemba\"}]},{\"@type\":\"WebSite\",\"@id\":\"https:\/\/www.cfm.co.mz\/#website\",\"url\":\"https:\/\/www.cfm.co.mz\/\",\"name\":\"CFM - Caminhos De Ferros de Mo\u00e7ambique\",\"description\":\"Ampliando Horizontes\",\"publisher\":{\"@id\":\"https:\/\/www.cfm.co.mz\/#organization\"},\"potentialAction\":[{\"@type\":\"SearchAction\",\"target\":{\"@type\":\"EntryPoint\",\"urlTemplate\":\"https:\/\/www.cfm.co.mz\/?s={search_term_string}\"},\"query-input\":{\"@type\":\"PropertyValueSpecification\",\"valueRequired\":true,\"valueName\":\"search_term_string\"}}],\"inLanguage\":\"en-US\"},{\"@type\":\"Organization\",\"@id\":\"https:\/\/www.cfm.co.mz\/#organization\",\"name\":\"CFM - Caminhos De Ferros de Mo\u00e7ambique\",\"url\":\"https:\/\/www.cfm.co.mz\/\",\"logo\":{\"@type\":\"ImageObject\",\"inLanguage\":\"en-US\",\"@id\":\"https:\/\/www.cfm.co.mz\/#\/schema\/logo\/image\/\",\"url\":\"https:\/\/www.cfm.co.mz\/wp-content\/uploads\/2025\/07\/be5f0679-4f5b-4d02-9719-a26ceed29162.jpg\",\"contentUrl\":\"https:\/\/www.cfm.co.mz\/wp-content\/uploads\/2025\/07\/be5f0679-4f5b-4d02-9719-a26ceed29162.jpg\",\"width\":400,\"height\":65,\"caption\":\"CFM - Caminhos De Ferros de Mo\u00e7ambique\"},\"image\":{\"@id\":\"https:\/\/www.cfm.co.mz\/#\/schema\/logo\/image\/\"},\"sameAs\":[\"https:\/\/www.facebook.com\/CFMMoz\",\"https:\/\/www.linkedin.com\/company\/caminhos-de-ferro-de-moambique\/\"]}]}<\/script>\n<!-- \/ Yoast SEO plugin. -->","yoast_head_json":{"title":"Porto de Pemba - CFM - Caminhos De Ferros de Mo\u00e7ambique","robots":{"index":"index","follow":"follow","max-snippet":"max-snippet:-1","max-image-preview":"max-image-preview:large","max-video-preview":"max-video-preview:-1"},"canonical":"https:\/\/www.cfm.co.mz\/en\/porto-de-pemba\/","og_locale":"en_US","og_type":"article","og_title":"Porto de Pemba - CFM - Caminhos De Ferros de Mo\u00e7ambique","og_description":"Porto de Pemba In\u00edcio Page Possui um cais com 183 metros de comprimento e uma largura de 17 metros, perfazendo uma \u00e1rea de 3.103 metros quadrados. Tem duas frentes de acostagem, uma com 135 metros de comprimento e uma profundidade entre 7 e 8 metros e a outra com 25 metros e uma profundidade de 2 a 5 metros. O Porto de Pemba tem uma \u00e1rea de armazenagem de 20.000 metros quadrados, com um \u00fanico armaz\u00e9m de 1.800 metros quadrados. O terminal \u00e9 servido por um p\u00f3rtico de 25 toneladas, sete empilhadeiras, cujas capacidades variam entre 2,5 e 28 toneladas, e dois tractores. 0 m\u00b2 De \u00e1rea do cais 0 m\u00b2 De \u00e1rea de armazenagem","og_url":"https:\/\/www.cfm.co.mz\/en\/porto-de-pemba\/","og_site_name":"CFM - Caminhos De Ferros de Mo\u00e7ambique","article_publisher":"https:\/\/www.facebook.com\/CFMMoz","article_modified_time":"2025-08-27T13:35:04+00:00","og_image":[{"width":448,"height":336,"url":"https:\/\/www.cfm.co.mz\/wp-content\/uploads\/2014\/02\/portopemba.png","type":"image\/png"}],"twitter_card":"summary_large_image","twitter_misc":{"Est. reading time":"1 minute"},"schema":{"@context":"https:\/\/schema.org","@graph":[{"@type":"WebPage","@id":"https:\/\/www.cfm.co.mz\/porto-de-pemba\/","url":"https:\/\/www.cfm.co.mz\/porto-de-pemba\/","name":"Porto de Pemba - CFM - Caminhos De Ferros de Mo\u00e7ambique","isPartOf":{"@id":"https:\/\/www.cfm.co.mz\/#website"},"primaryImageOfPage":{"@id":"https:\/\/www.cfm.co.mz\/porto-de-pemba\/#primaryimage"},"image":{"@id":"https:\/\/www.cfm.co.mz\/porto-de-pemba\/#primaryimage"},"thumbnailUrl":"https:\/\/www.cfm.co.mz\/wp-content\/uploads\/2014\/02\/portopemba.png","datePublished":"2014-02-14T13:29:51+00:00","dateModified":"2025-08-27T13:35:04+00:00","breadcrumb":{"@id":"https:\/\/www.cfm.co.mz\/porto-de-pemba\/#breadcrumb"},"inLanguage":"en-US","potentialAction":[{"@type":"ReadAction","target":["https:\/\/www.cfm.co.mz\/porto-de-pemba\/"]}]},{"@type":"ImageObject","inLanguage":"en-US","@id":"https:\/\/www.cfm.co.mz\/porto-de-pemba\/#primaryimage","url":"https:\/\/www.cfm.co.mz\/wp-content\/uploads\/2014\/02\/portopemba.png","contentUrl":"https:\/\/www.cfm.co.mz\/wp-content\/uploads\/2014\/02\/portopemba.png","width":448,"height":336,"caption":"portopemba"},{"@type":"BreadcrumbList","@id":"https:\/\/www.cfm.co.mz\/porto-de-pemba\/#breadcrumb","itemListElement":[{"@type":"ListItem","position":1,"name":"Home","item":"https:\/\/www.cfm.co.mz\/"},{"@type":"ListItem","position":2,"name":"Porto de Pemba"}]},{"@type":"WebSite","@id":"https:\/\/www.cfm.co.mz\/#website","url":"https:\/\/www.cfm.co.mz\/","name":"CFM - Caminhos De Ferros de Mo\u00e7ambique","description":"Ampliando Horizontes","publisher":{"@id":"https:\/\/www.cfm.co.mz\/#organization"},"potentialAction":[{"@type":"SearchAction","target":{"@type":"EntryPoint","urlTemplate":"https:\/\/www.cfm.co.mz\/?s={search_term_string}"},"query-input":{"@type":"PropertyValueSpecification","valueRequired":true,"valueName":"search_term_string"}}],"inLanguage":"en-US"},{"@type":"Organization","@id":"https:\/\/www.cfm.co.mz\/#organization","name":"CFM - Caminhos De Ferros de Mo\u00e7ambique","url":"https:\/\/www.cfm.co.mz\/","logo":{"@type":"ImageObject","inLanguage":"en-US","@id":"https:\/\/www.cfm.co.mz\/#\/schema\/logo\/image\/","url":"https:\/\/www.cfm.co.mz\/wp-content\/uploads\/2025\/07\/be5f0679-4f5b-4d02-9719-a26ceed29162.jpg","contentUrl":"https:\/\/www.cfm.co.mz\/wp-content\/uploads\/2025\/07\/be5f0679-4f5b-4d02-9719-a26ceed29162.jpg","width":400,"height":65,"caption":"CFM - Caminhos De Ferros de Mo\u00e7ambique"},"image":{"@id":"https:\/\/www.cfm.co.mz\/#\/schema\/logo\/image\/"},"sameAs":["https:\/\/www.facebook.com\/CFMMoz","https:\/\/www.linkedin.com\/company\/caminhos-de-ferro-de-moambique\/"]}]}},"_links":{"self":[{"href":"https:\/\/www.cfm.co.mz\/en\/wp-json\/wp\/v2\/pages\/8489","targetHints":{"allow":["GET"]}}],"collection":[{"href":"https:\/\/www.cfm.co.mz\/en\/wp-json\/wp\/v2\/pages"}],"about":[{"href":"https:\/\/www.cfm.co.mz\/en\/wp-json\/wp\/v2\/types\/page"}],"author":[{"embeddable":true,"href":"https:\/\/www.cfm.co.mz\/en\/wp-json\/wp\/v2\/users\/89"}],"replies":[{"embeddable":true,"href":"https:\/\/www.cfm.co.mz\/en\/wp-json\/wp\/v2\/comments?post=8489"}],"version-history":[{"count":19,"href":"https:\/\/www.cfm.co.mz\/en\/wp-json\/wp\/v2\/pages\/8489\/revisions"}],"predecessor-version":[{"id":14207,"href":"https:\/\/www.cfm.co.mz\/en\/wp-json\/wp\/v2\/pages\/8489\/revisions\/14207"}],"wp:featuredmedia":[{"embeddable":true,"href":"https:\/\/www.cfm.co.mz\/en\/wp-json\/wp\/v2\/media\/8488"}],"wp:attachment":[{"href":"https:\/\/www.cfm.co.mz\/en\/wp-json\/wp\/v2\/media?parent=8489"}],"curies":[{"name":"wp","href":"https:\/\/api.w.org\/{rel}","templated":true}]}}