{"id":8483,"date":"2014-02-14T13:26:34","date_gmt":"2014-02-14T13:26:34","guid":{"rendered":"https:\/\/www.cfm.co.mz\/2014\/02\/14\/linha-cuamba-entre-lagos\/"},"modified":"2025-08-27T13:34:26","modified_gmt":"2025-08-27T13:34:26","slug":"linha-cuamba-entre-lagos","status":"publish","type":"page","link":"https:\/\/www.cfm.co.mz\/en\/linha-cuamba-entre-lagos\/","title":{"rendered":"Cuamba-Entre Lagos Line"},"content":{"rendered":"<div data-elementor-type=\"wp-page\" data-elementor-id=\"8483\" class=\"elementor elementor-8483\">\n\t\t\t\t<div class=\"elementor-element elementor-element-8d815f7 e-flex e-con-boxed wpr-particle-no wpr-jarallax-no wpr-parallax-no wpr-sticky-section-no e-con e-parent\" data-id=\"8d815f7\" data-element_type=\"container\" data-settings=\"{&quot;background_background&quot;:&quot;classic&quot;}\">\n\t\t\t\t\t<div class=\"e-con-inner\">\n\t\t\t\t<div class=\"elementor-element elementor-element-9238f66 elementor-widget elementor-widget-heading\" data-id=\"9238f66\" data-element_type=\"widget\" data-widget_type=\"heading.default\">\n\t\t\t\t<div class=\"elementor-widget-container\">\n\t\t\t\t\t<h2 class=\"elementor-heading-title elementor-size-default\">Cuamba-Entre Lagos Line<\/h2>\t\t\t\t<\/div>\n\t\t\t\t<\/div>\n\t\t\t\t\t<\/div>\n\t\t\t\t<\/div>\n\t\t<div class=\"elementor-element elementor-element-201a52c e-flex e-con-boxed wpr-particle-no wpr-jarallax-no wpr-parallax-no wpr-sticky-section-no e-con e-parent\" data-id=\"201a52c\" data-element_type=\"container\" data-settings=\"{&quot;background_background&quot;:&quot;classic&quot;}\">\n\t\t\t\t\t<div class=\"e-con-inner\">\n\t\t\t\t<div class=\"elementor-element elementor-element-71964fc elementor-widget elementor-widget-eael-breadcrumbs\" data-id=\"71964fc\" data-element_type=\"widget\" data-widget_type=\"eael-breadcrumbs.default\">\n\t\t\t\t<div class=\"elementor-widget-container\">\n\t\t\t\t\t\t\t<div class=\"eael-breadcrumbs\">\n\t\t\t<div class=\"eael-breadcrumbs__content\"><a href=\"https:\/\/www.cfm.co.mz\/en\">Home<\/a> <span class=\"eael-breadcrumb-separator\"><i aria-hidden=\"true\" class=\"icon icon-right-arrow1\"><\/i><\/span> <span class = \"eael-current\">Page<\/span><\/div>\t\t<\/div>\n\t\t\t\t\t\t<\/div>\n\t\t\t\t<\/div>\n\t\t\t\t\t<\/div>\n\t\t\t\t<\/div>\n\t\t<div class=\"elementor-element elementor-element-0980d5f e-flex e-con-boxed wpr-particle-no wpr-jarallax-no wpr-parallax-no wpr-sticky-section-no e-con e-parent\" data-id=\"0980d5f\" data-element_type=\"container\">\n\t\t\t\t\t<div class=\"e-con-inner\">\n\t\t<div class=\"elementor-element elementor-element-821b734 e-con-full e-flex wpr-particle-no wpr-jarallax-no wpr-parallax-no wpr-sticky-section-no e-con e-child\" data-id=\"821b734\" data-element_type=\"container\">\n\t\t\t\t<div class=\"elementor-element elementor-element-1f45a10 elementor-widget elementor-widget-image\" data-id=\"1f45a10\" data-element_type=\"widget\" data-widget_type=\"image.default\">\n\t\t\t\t<div class=\"elementor-widget-container\">\n\t\t\t\t\t\t\t\t\t\t\t\t\t\t\t<img fetchpriority=\"high\" decoding=\"async\" width=\"336\" height=\"422\" src=\"https:\/\/www.cfm.co.mz\/wp-content\/uploads\/2014\/02\/obras_cfm.jpg\" class=\"attachment-large size-large wp-image-8482\" alt=\"obras cfm\" srcset=\"https:\/\/www.cfm.co.mz\/wp-content\/uploads\/2014\/02\/obras_cfm.jpg 336w, https:\/\/www.cfm.co.mz\/wp-content\/uploads\/2014\/02\/obras_cfm-239x300.jpg 239w\" sizes=\"(max-width: 336px) 100vw, 336px\" \/>\t\t\t\t\t\t\t\t\t\t\t\t\t\t\t<\/div>\n\t\t\t\t<\/div>\n\t\t\t\t<\/div>\n\t\t<div class=\"elementor-element elementor-element-4d58a1e e-con-full e-flex wpr-particle-no wpr-jarallax-no wpr-parallax-no wpr-sticky-section-no e-con e-child\" data-id=\"4d58a1e\" data-element_type=\"container\">\n\t\t\t\t<div class=\"elementor-element elementor-element-e8cbe2b elementor-widget elementor-widget-text-editor\" data-id=\"e8cbe2b\" data-element_type=\"widget\" data-widget_type=\"text-editor.default\">\n\t\t\t\t<div class=\"elementor-widget-container\">\n\t\t\t\t\t\t\t\t\t<p style=\"text-align: justify;\">The Cuamba-Entre Lagos railway line is 77 km long. CFM-Norte has been conducting ongoing maintenance and surveillance along this stretch to prevent derailments and generally improve traffic safety.<\/p><p style=\"text-align: justify;\">Modernization work is underway to increase its level of efficiency in train circulation.<\/p>\t\t\t\t\t\t\t\t<\/div>\n\t\t\t\t<\/div>\n\t\t<div class=\"elementor-element elementor-element-6dc9e52 e-grid e-con-full elementor-hidden-desktop elementor-hidden-tablet elementor-hidden-mobile wpr-particle-no wpr-jarallax-no wpr-parallax-no wpr-sticky-section-no e-con e-child\" data-id=\"6dc9e52\" data-element_type=\"container\">\n\t\t\t\t<div class=\"elementor-element elementor-element-0368a0a elementor-widget elementor-widget-elementskit-funfact\" data-id=\"0368a0a\" data-element_type=\"widget\" data-widget_type=\"elementskit-funfact.default\">\n\t\t\t\t<div class=\"elementor-widget-container\">\n\t\t\t\t\t<div class=\"ekit-wid-con\" >\n\t\t<div class=\"elementskit-funfact text-center\">\n\t\t\t\n\t\t\t<div class=\"elementskit-funfact-inner position_top\">\n\t\t\t\t\t\t\t\t\t<div class=\"funfact-icon\">\n\t\t\t\t\t\t\t\t\t\t\t<\/div>\n\t\t\t\t\t\t\t\t\n\t\t\t\t<div class=\"funfact-content\">\n\t\t\t\t\t<div class=\"number-percentage-wraper\">\n\t\t\t\t\t\t\t\t\t\t\t\t<span class=\"number-percentage\"\n\t\t\t\t\t\t      data-value=\"100000\"\n\t\t\t\t\t\t      data-animation-duration=\"3500\"\n\t\t\t\t\t\t\t  data-style=\"static\">0<\/span>\n\t\t\t\t\t\t\t\t\t\t\t\t\t\t\t\t\t<\/div>\n\n\t\t\t\t\t<h3 class=\"funfact-title\">Passageiros tranpostados por ano<\/h3>\t\t\t\t\t\t\t\t<\/div>\n\t\t<\/div>\n\t\t<\/div>\n\n\n\t\t<\/div>\t\t\t\t<\/div>\n\t\t\t\t<\/div>\n\t\t\t\t<div class=\"elementor-element elementor-element-e1e0891 elementor-widget elementor-widget-elementskit-funfact\" data-id=\"e1e0891\" data-element_type=\"widget\" data-widget_type=\"elementskit-funfact.default\">\n\t\t\t\t<div class=\"elementor-widget-container\">\n\t\t\t\t\t<div class=\"ekit-wid-con\" >\n\t\t<div class=\"elementskit-funfact text-center\">\n\t\t\t\n\t\t\t<div class=\"elementskit-funfact-inner\">\n\t\t\t\t\t\t\t\t\n\t\t\t\t<div class=\"funfact-content\">\n\t\t\t\t\t<div class=\"number-percentage-wraper\">\n\t\t\t\t\t\t\t\t\t\t\t\t<span class=\"number-percentage\"\n\t\t\t\t\t\t      data-value=\"300\"\n\t\t\t\t\t\t      data-animation-duration=\"3500\"\n\t\t\t\t\t\t\t  data-style=\"static\">0<\/span>\n\t\t\t\t\t\tT\t\t\t\t\t\t\t\t\t\t\t<\/div>\n\n\t\t\t\t\t<h3 class=\"funfact-title\">De carga manuseada anualmente<\/h3>\t\t\t\t\t\t\t\t<\/div>\n\t\t<\/div>\n\t\t<\/div>\n\n\n\t\t<\/div>\t\t\t\t<\/div>\n\t\t\t\t<\/div>\n\t\t\t\t<div class=\"elementor-element elementor-element-5c11937 elementor-widget elementor-widget-elementskit-funfact\" data-id=\"5c11937\" data-element_type=\"widget\" data-widget_type=\"elementskit-funfact.default\">\n\t\t\t\t<div class=\"elementor-widget-container\">\n\t\t\t\t\t<div class=\"ekit-wid-con\" >\n\t\t<div class=\"elementskit-funfact text-center\">\n\t\t\t\n\t\t\t<div class=\"elementskit-funfact-inner\">\n\t\t\t\t\t\t\t\t\n\t\t\t\t<div class=\"funfact-content\">\n\t\t\t\t\t<div class=\"number-percentage-wraper\">\n\t\t\t\t\t\t\t\t\t\t\t\t<span class=\"number-percentage\"\n\t\t\t\t\t\t      data-value=\"533\"\n\t\t\t\t\t\t      data-animation-duration=\"3500\"\n\t\t\t\t\t\t\t  data-style=\"static\">0<\/span>\n\t\t\t\t\t\tKm\t\t\t\t\t\t\t\t\t\t\t<\/div>\n\n\t\t\t\t\t<h3 class=\"funfact-title\">De extens\u00e3o de linha<\/h3>\t\t\t\t\t\t\t\t<\/div>\n\t\t<\/div>\n\t\t<\/div>\n\n\n\t\t<\/div>\t\t\t\t<\/div>\n\t\t\t\t<\/div>\n\t\t\t\t<\/div>\n\t\t\t\t<\/div>\n\t\t\t\t\t<\/div>\n\t\t\t\t<\/div>\n\t\t\t\t<\/div>","protected":false},"excerpt":{"rendered":"<p>Linha Cuamba-Entre Lagos In\u00edcio Page A linha f\u00e9rrea Cuamba-Entre Lagos tem uma extens\u00e3o de 77 km. Neste tro\u00e7o, os CFM-Norte v\u00eam realizando trabalhos de manuten\u00e7\u00e3o e vigil\u00e2ncia permanente, no sentido de evitar descarrilamentos e melhorar, de forma geral, a seguran\u00e7a das circula\u00e7\u00f5es. Est\u00e3o em curso trabalhos de moderniza\u00e7\u00e3o, de forma a elevar o seu n\u00edvel de efic\u00e1cia na circula\u00e7\u00e3o de comboios. 0 Passageiros tranpostados por ano 0 T De carga manuseada anualmente 0 Km De extens\u00e3o de linha<\/p>","protected":false},"author":89,"featured_media":8482,"parent":0,"menu_order":0,"comment_status":"closed","ping_status":"open","template":"","meta":{"_acf_changed":false,"pgc_sgb_lightbox_settings":"","footnotes":""},"class_list":["post-8483","page","type-page","status-publish","has-post-thumbnail","hentry"],"acf":[],"yoast_head":"<!-- This site is optimized with the Yoast SEO plugin v26.5 - https:\/\/yoast.com\/wordpress\/plugins\/seo\/ -->\n<title>Linha Cuamba-Entre Lagos - CFM - Caminhos De Ferros de Mo\u00e7ambique<\/title>\n<meta name=\"robots\" content=\"index, follow, max-snippet:-1, max-image-preview:large, max-video-preview:-1\" \/>\n<link rel=\"canonical\" href=\"https:\/\/www.cfm.co.mz\/en\/linha-cuamba-entre-lagos\/\" \/>\n<meta property=\"og:locale\" content=\"en_US\" \/>\n<meta property=\"og:type\" content=\"article\" \/>\n<meta property=\"og:title\" content=\"Linha Cuamba-Entre Lagos - CFM - Caminhos De Ferros de Mo\u00e7ambique\" \/>\n<meta property=\"og:description\" content=\"Linha Cuamba-Entre Lagos In\u00edcio Page A linha f\u00e9rrea Cuamba-Entre Lagos tem uma extens\u00e3o de 77 km. Neste tro\u00e7o, os CFM-Norte v\u00eam realizando trabalhos de manuten\u00e7\u00e3o e vigil\u00e2ncia permanente, no sentido de evitar descarrilamentos e melhorar, de forma geral, a seguran\u00e7a das circula\u00e7\u00f5es. Est\u00e3o em curso trabalhos de moderniza\u00e7\u00e3o, de forma a elevar o seu n\u00edvel de efic\u00e1cia na circula\u00e7\u00e3o de comboios. 0 Passageiros tranpostados por ano 0 T De carga manuseada anualmente 0 Km De extens\u00e3o de linha\" \/>\n<meta property=\"og:url\" content=\"https:\/\/www.cfm.co.mz\/en\/linha-cuamba-entre-lagos\/\" \/>\n<meta property=\"og:site_name\" content=\"CFM - Caminhos De Ferros de Mo\u00e7ambique\" \/>\n<meta property=\"article:publisher\" content=\"https:\/\/www.facebook.com\/CFMMoz\" \/>\n<meta property=\"article:modified_time\" content=\"2025-08-27T13:34:26+00:00\" \/>\n<meta property=\"og:image\" content=\"https:\/\/www.cfm.co.mz\/wp-content\/uploads\/2014\/02\/obras_cfm.jpg\" \/>\n\t<meta property=\"og:image:width\" content=\"336\" \/>\n\t<meta property=\"og:image:height\" content=\"422\" \/>\n\t<meta property=\"og:image:type\" content=\"image\/jpeg\" \/>\n<meta name=\"twitter:card\" content=\"summary_large_image\" \/>\n<meta name=\"twitter:label1\" content=\"Est. reading time\" \/>\n\t<meta name=\"twitter:data1\" content=\"1 minute\" \/>\n<script type=\"application\/ld+json\" class=\"yoast-schema-graph\">{\"@context\":\"https:\/\/schema.org\",\"@graph\":[{\"@type\":\"WebPage\",\"@id\":\"https:\/\/www.cfm.co.mz\/linha-cuamba-entre-lagos\/\",\"url\":\"https:\/\/www.cfm.co.mz\/linha-cuamba-entre-lagos\/\",\"name\":\"Linha Cuamba-Entre Lagos - CFM - Caminhos De Ferros de Mo\u00e7ambique\",\"isPartOf\":{\"@id\":\"https:\/\/www.cfm.co.mz\/#website\"},\"primaryImageOfPage\":{\"@id\":\"https:\/\/www.cfm.co.mz\/linha-cuamba-entre-lagos\/#primaryimage\"},\"image\":{\"@id\":\"https:\/\/www.cfm.co.mz\/linha-cuamba-entre-lagos\/#primaryimage\"},\"thumbnailUrl\":\"https:\/\/www.cfm.co.mz\/wp-content\/uploads\/2014\/02\/obras_cfm.jpg\",\"datePublished\":\"2014-02-14T13:26:34+00:00\",\"dateModified\":\"2025-08-27T13:34:26+00:00\",\"breadcrumb\":{\"@id\":\"https:\/\/www.cfm.co.mz\/linha-cuamba-entre-lagos\/#breadcrumb\"},\"inLanguage\":\"en-US\",\"potentialAction\":[{\"@type\":\"ReadAction\",\"target\":[\"https:\/\/www.cfm.co.mz\/linha-cuamba-entre-lagos\/\"]}]},{\"@type\":\"ImageObject\",\"inLanguage\":\"en-US\",\"@id\":\"https:\/\/www.cfm.co.mz\/linha-cuamba-entre-lagos\/#primaryimage\",\"url\":\"https:\/\/www.cfm.co.mz\/wp-content\/uploads\/2014\/02\/obras_cfm.jpg\",\"contentUrl\":\"https:\/\/www.cfm.co.mz\/wp-content\/uploads\/2014\/02\/obras_cfm.jpg\",\"width\":336,\"height\":422,\"caption\":\"obras cfm\"},{\"@type\":\"BreadcrumbList\",\"@id\":\"https:\/\/www.cfm.co.mz\/linha-cuamba-entre-lagos\/#breadcrumb\",\"itemListElement\":[{\"@type\":\"ListItem\",\"position\":1,\"name\":\"Home\",\"item\":\"https:\/\/www.cfm.co.mz\/\"},{\"@type\":\"ListItem\",\"position\":2,\"name\":\"Linha Cuamba-Entre Lagos\"}]},{\"@type\":\"WebSite\",\"@id\":\"https:\/\/www.cfm.co.mz\/#website\",\"url\":\"https:\/\/www.cfm.co.mz\/\",\"name\":\"CFM - Caminhos De Ferros de Mo\u00e7ambique\",\"description\":\"Ampliando Horizontes\",\"publisher\":{\"@id\":\"https:\/\/www.cfm.co.mz\/#organization\"},\"potentialAction\":[{\"@type\":\"SearchAction\",\"target\":{\"@type\":\"EntryPoint\",\"urlTemplate\":\"https:\/\/www.cfm.co.mz\/?s={search_term_string}\"},\"query-input\":{\"@type\":\"PropertyValueSpecification\",\"valueRequired\":true,\"valueName\":\"search_term_string\"}}],\"inLanguage\":\"en-US\"},{\"@type\":\"Organization\",\"@id\":\"https:\/\/www.cfm.co.mz\/#organization\",\"name\":\"CFM - Caminhos De Ferros de Mo\u00e7ambique\",\"url\":\"https:\/\/www.cfm.co.mz\/\",\"logo\":{\"@type\":\"ImageObject\",\"inLanguage\":\"en-US\",\"@id\":\"https:\/\/www.cfm.co.mz\/#\/schema\/logo\/image\/\",\"url\":\"https:\/\/www.cfm.co.mz\/wp-content\/uploads\/2025\/07\/be5f0679-4f5b-4d02-9719-a26ceed29162.jpg\",\"contentUrl\":\"https:\/\/www.cfm.co.mz\/wp-content\/uploads\/2025\/07\/be5f0679-4f5b-4d02-9719-a26ceed29162.jpg\",\"width\":400,\"height\":65,\"caption\":\"CFM - Caminhos De Ferros de Mo\u00e7ambique\"},\"image\":{\"@id\":\"https:\/\/www.cfm.co.mz\/#\/schema\/logo\/image\/\"},\"sameAs\":[\"https:\/\/www.facebook.com\/CFMMoz\",\"https:\/\/www.linkedin.com\/company\/caminhos-de-ferro-de-moambique\/\"]}]}<\/script>\n<!-- \/ Yoast SEO plugin. -->","yoast_head_json":{"title":"Linha Cuamba-Entre Lagos - CFM - Caminhos De Ferros de Mo\u00e7ambique","robots":{"index":"index","follow":"follow","max-snippet":"max-snippet:-1","max-image-preview":"max-image-preview:large","max-video-preview":"max-video-preview:-1"},"canonical":"https:\/\/www.cfm.co.mz\/en\/linha-cuamba-entre-lagos\/","og_locale":"en_US","og_type":"article","og_title":"Linha Cuamba-Entre Lagos - CFM - Caminhos De Ferros de Mo\u00e7ambique","og_description":"Linha Cuamba-Entre Lagos In\u00edcio Page A linha f\u00e9rrea Cuamba-Entre Lagos tem uma extens\u00e3o de 77 km. Neste tro\u00e7o, os CFM-Norte v\u00eam realizando trabalhos de manuten\u00e7\u00e3o e vigil\u00e2ncia permanente, no sentido de evitar descarrilamentos e melhorar, de forma geral, a seguran\u00e7a das circula\u00e7\u00f5es. Est\u00e3o em curso trabalhos de moderniza\u00e7\u00e3o, de forma a elevar o seu n\u00edvel de efic\u00e1cia na circula\u00e7\u00e3o de comboios. 0 Passageiros tranpostados por ano 0 T De carga manuseada anualmente 0 Km De extens\u00e3o de linha","og_url":"https:\/\/www.cfm.co.mz\/en\/linha-cuamba-entre-lagos\/","og_site_name":"CFM - Caminhos De Ferros de Mo\u00e7ambique","article_publisher":"https:\/\/www.facebook.com\/CFMMoz","article_modified_time":"2025-08-27T13:34:26+00:00","og_image":[{"width":336,"height":422,"url":"https:\/\/www.cfm.co.mz\/wp-content\/uploads\/2014\/02\/obras_cfm.jpg","type":"image\/jpeg"}],"twitter_card":"summary_large_image","twitter_misc":{"Est. reading time":"1 minute"},"schema":{"@context":"https:\/\/schema.org","@graph":[{"@type":"WebPage","@id":"https:\/\/www.cfm.co.mz\/linha-cuamba-entre-lagos\/","url":"https:\/\/www.cfm.co.mz\/linha-cuamba-entre-lagos\/","name":"Linha Cuamba-Entre Lagos - CFM - Caminhos De Ferros de Mo\u00e7ambique","isPartOf":{"@id":"https:\/\/www.cfm.co.mz\/#website"},"primaryImageOfPage":{"@id":"https:\/\/www.cfm.co.mz\/linha-cuamba-entre-lagos\/#primaryimage"},"image":{"@id":"https:\/\/www.cfm.co.mz\/linha-cuamba-entre-lagos\/#primaryimage"},"thumbnailUrl":"https:\/\/www.cfm.co.mz\/wp-content\/uploads\/2014\/02\/obras_cfm.jpg","datePublished":"2014-02-14T13:26:34+00:00","dateModified":"2025-08-27T13:34:26+00:00","breadcrumb":{"@id":"https:\/\/www.cfm.co.mz\/linha-cuamba-entre-lagos\/#breadcrumb"},"inLanguage":"en-US","potentialAction":[{"@type":"ReadAction","target":["https:\/\/www.cfm.co.mz\/linha-cuamba-entre-lagos\/"]}]},{"@type":"ImageObject","inLanguage":"en-US","@id":"https:\/\/www.cfm.co.mz\/linha-cuamba-entre-lagos\/#primaryimage","url":"https:\/\/www.cfm.co.mz\/wp-content\/uploads\/2014\/02\/obras_cfm.jpg","contentUrl":"https:\/\/www.cfm.co.mz\/wp-content\/uploads\/2014\/02\/obras_cfm.jpg","width":336,"height":422,"caption":"obras cfm"},{"@type":"BreadcrumbList","@id":"https:\/\/www.cfm.co.mz\/linha-cuamba-entre-lagos\/#breadcrumb","itemListElement":[{"@type":"ListItem","position":1,"name":"Home","item":"https:\/\/www.cfm.co.mz\/"},{"@type":"ListItem","position":2,"name":"Linha Cuamba-Entre Lagos"}]},{"@type":"WebSite","@id":"https:\/\/www.cfm.co.mz\/#website","url":"https:\/\/www.cfm.co.mz\/","name":"CFM - Caminhos De Ferros de Mo\u00e7ambique","description":"Ampliando Horizontes","publisher":{"@id":"https:\/\/www.cfm.co.mz\/#organization"},"potentialAction":[{"@type":"SearchAction","target":{"@type":"EntryPoint","urlTemplate":"https:\/\/www.cfm.co.mz\/?s={search_term_string}"},"query-input":{"@type":"PropertyValueSpecification","valueRequired":true,"valueName":"search_term_string"}}],"inLanguage":"en-US"},{"@type":"Organization","@id":"https:\/\/www.cfm.co.mz\/#organization","name":"CFM - Caminhos De Ferros de Mo\u00e7ambique","url":"https:\/\/www.cfm.co.mz\/","logo":{"@type":"ImageObject","inLanguage":"en-US","@id":"https:\/\/www.cfm.co.mz\/#\/schema\/logo\/image\/","url":"https:\/\/www.cfm.co.mz\/wp-content\/uploads\/2025\/07\/be5f0679-4f5b-4d02-9719-a26ceed29162.jpg","contentUrl":"https:\/\/www.cfm.co.mz\/wp-content\/uploads\/2025\/07\/be5f0679-4f5b-4d02-9719-a26ceed29162.jpg","width":400,"height":65,"caption":"CFM - Caminhos De Ferros de Mo\u00e7ambique"},"image":{"@id":"https:\/\/www.cfm.co.mz\/#\/schema\/logo\/image\/"},"sameAs":["https:\/\/www.facebook.com\/CFMMoz","https:\/\/www.linkedin.com\/company\/caminhos-de-ferro-de-moambique\/"]}]}},"_links":{"self":[{"href":"https:\/\/www.cfm.co.mz\/en\/wp-json\/wp\/v2\/pages\/8483","targetHints":{"allow":["GET"]}}],"collection":[{"href":"https:\/\/www.cfm.co.mz\/en\/wp-json\/wp\/v2\/pages"}],"about":[{"href":"https:\/\/www.cfm.co.mz\/en\/wp-json\/wp\/v2\/types\/page"}],"author":[{"embeddable":true,"href":"https:\/\/www.cfm.co.mz\/en\/wp-json\/wp\/v2\/users\/89"}],"replies":[{"embeddable":true,"href":"https:\/\/www.cfm.co.mz\/en\/wp-json\/wp\/v2\/comments?post=8483"}],"version-history":[{"count":13,"href":"https:\/\/www.cfm.co.mz\/en\/wp-json\/wp\/v2\/pages\/8483\/revisions"}],"predecessor-version":[{"id":14201,"href":"https:\/\/www.cfm.co.mz\/en\/wp-json\/wp\/v2\/pages\/8483\/revisions\/14201"}],"wp:featuredmedia":[{"embeddable":true,"href":"https:\/\/www.cfm.co.mz\/en\/wp-json\/wp\/v2\/media\/8482"}],"wp:attachment":[{"href":"https:\/\/www.cfm.co.mz\/en\/wp-json\/wp\/v2\/media?parent=8483"}],"curies":[{"name":"wp","href":"https:\/\/api.w.org\/{rel}","templated":true}]}}