{"id":8481,"date":"2014-02-14T13:22:43","date_gmt":"2014-02-14T13:22:43","guid":{"rendered":"https:\/\/www.cfm.co.mz\/2014\/02\/14\/linha-nacala-cuamba\/"},"modified":"2025-08-27T13:32:10","modified_gmt":"2025-08-27T13:32:10","slug":"linha-nacala-cuamba","status":"publish","type":"page","link":"https:\/\/www.cfm.co.mz\/en\/linha-nacala-cuamba\/","title":{"rendered":"Nacala-Cuamba Line"},"content":{"rendered":"<div data-elementor-type=\"wp-page\" data-elementor-id=\"8481\" class=\"elementor elementor-8481\">\n\t\t\t\t<div class=\"elementor-element elementor-element-e087223 e-flex e-con-boxed wpr-particle-no wpr-jarallax-no wpr-parallax-no wpr-sticky-section-no e-con e-parent\" data-id=\"e087223\" data-element_type=\"container\" data-settings=\"{&quot;background_background&quot;:&quot;classic&quot;}\">\n\t\t\t\t\t<div class=\"e-con-inner\">\n\t\t\t\t<div class=\"elementor-element elementor-element-749f63c elementor-widget elementor-widget-heading\" data-id=\"749f63c\" data-element_type=\"widget\" data-widget_type=\"heading.default\">\n\t\t\t\t<div class=\"elementor-widget-container\">\n\t\t\t\t\t<h2 class=\"elementor-heading-title elementor-size-default\">Nacala-Cuamba Line<\/h2>\t\t\t\t<\/div>\n\t\t\t\t<\/div>\n\t\t\t\t\t<\/div>\n\t\t\t\t<\/div>\n\t\t<div class=\"elementor-element elementor-element-4b64fd5 e-flex e-con-boxed wpr-particle-no wpr-jarallax-no wpr-parallax-no wpr-sticky-section-no e-con e-parent\" data-id=\"4b64fd5\" data-element_type=\"container\" data-settings=\"{&quot;background_background&quot;:&quot;classic&quot;}\">\n\t\t\t\t\t<div class=\"e-con-inner\">\n\t\t\t\t<div class=\"elementor-element elementor-element-9ff72fc elementor-widget elementor-widget-eael-breadcrumbs\" data-id=\"9ff72fc\" data-element_type=\"widget\" data-widget_type=\"eael-breadcrumbs.default\">\n\t\t\t\t<div class=\"elementor-widget-container\">\n\t\t\t\t\t\t\t<div class=\"eael-breadcrumbs\">\n\t\t\t<div class=\"eael-breadcrumbs__content\"><a href=\"https:\/\/www.cfm.co.mz\/en\">Home<\/a> <span class=\"eael-breadcrumb-separator\"><i aria-hidden=\"true\" class=\"icon icon-right-arrow1\"><\/i><\/span> <span class = \"eael-current\">Page<\/span><\/div>\t\t<\/div>\n\t\t\t\t\t\t<\/div>\n\t\t\t\t<\/div>\n\t\t\t\t\t<\/div>\n\t\t\t\t<\/div>\n\t\t<div class=\"elementor-element elementor-element-af43731 e-flex e-con-boxed wpr-particle-no wpr-jarallax-no wpr-parallax-no wpr-sticky-section-no e-con e-parent\" data-id=\"af43731\" data-element_type=\"container\">\n\t\t\t\t\t<div class=\"e-con-inner\">\n\t\t<div class=\"elementor-element elementor-element-e97b54c e-con-full e-flex wpr-particle-no wpr-jarallax-no wpr-parallax-no wpr-sticky-section-no e-con e-child\" data-id=\"e97b54c\" data-element_type=\"container\">\n\t\t\t\t<div class=\"elementor-element elementor-element-aaf4375 elementor-widget elementor-widget-image\" data-id=\"aaf4375\" data-element_type=\"widget\" data-widget_type=\"image.default\">\n\t\t\t\t<div class=\"elementor-widget-container\">\n\t\t\t\t\t\t\t\t\t\t\t\t\t\t\t<img fetchpriority=\"high\" decoding=\"async\" width=\"800\" height=\"533\" src=\"https:\/\/www.cfm.co.mz\/wp-content\/uploads\/2024\/12\/nacala-cuamba-1024x682.jpg\" class=\"attachment-large size-large wp-image-11867\" alt=\"\" srcset=\"https:\/\/www.cfm.co.mz\/wp-content\/uploads\/2024\/12\/nacala-cuamba-1024x682.jpg 1024w, https:\/\/www.cfm.co.mz\/wp-content\/uploads\/2024\/12\/nacala-cuamba-300x200.jpg 300w, https:\/\/www.cfm.co.mz\/wp-content\/uploads\/2024\/12\/nacala-cuamba-768x512.jpg 768w, https:\/\/www.cfm.co.mz\/wp-content\/uploads\/2024\/12\/nacala-cuamba.jpg 1037w\" sizes=\"(max-width: 800px) 100vw, 800px\" \/>\t\t\t\t\t\t\t\t\t\t\t\t\t\t\t<\/div>\n\t\t\t\t<\/div>\n\t\t\t\t<\/div>\n\t\t<div class=\"elementor-element elementor-element-495629d e-con-full e-flex wpr-particle-no wpr-jarallax-no wpr-parallax-no wpr-sticky-section-no e-con e-child\" data-id=\"495629d\" data-element_type=\"container\">\n\t\t\t\t<div class=\"elementor-element elementor-element-6487c4da elementor-widget elementor-widget-text-editor\" data-id=\"6487c4da\" data-element_type=\"widget\" data-widget_type=\"text-editor.default\">\n\t\t\t\t<div class=\"elementor-widget-container\">\n\t\t\t\t\t\t\t\t\t<p>The 533 km Nacala-Cuamba railway line was completely rehabilitated during the war and received funding of US$254 million, supported by France, Portugal and the European Union.<\/p>\r\n<p>The project was also financed in local currency through a 20 billion meticais contribution from the State Budget, the Bank of Mozambique, and CFM. The line's superstructure is modern in design and in good condition.<\/p>\t\t\t\t\t\t\t\t<\/div>\n\t\t\t\t<\/div>\n\t\t<div class=\"elementor-element elementor-element-efc9d27 e-grid e-con-full elementor-hidden-desktop elementor-hidden-tablet elementor-hidden-mobile wpr-particle-no wpr-jarallax-no wpr-parallax-no wpr-sticky-section-no e-con e-child\" data-id=\"efc9d27\" data-element_type=\"container\">\n\t\t\t\t<div class=\"elementor-element elementor-element-a88c02d elementor-widget elementor-widget-elementskit-funfact\" data-id=\"a88c02d\" data-element_type=\"widget\" data-widget_type=\"elementskit-funfact.default\">\n\t\t\t\t<div class=\"elementor-widget-container\">\n\t\t\t\t\t<div class=\"ekit-wid-con\" >\n\t\t<div class=\"elementskit-funfact text-center\">\n\t\t\t\n\t\t\t<div class=\"elementskit-funfact-inner position_top\">\n\t\t\t\t\t\t\t\t\t<div class=\"funfact-icon\">\n\t\t\t\t\t\t\t\t\t\t\t<\/div>\n\t\t\t\t\t\t\t\t\n\t\t\t\t<div class=\"funfact-content\">\n\t\t\t\t\t<div class=\"number-percentage-wraper\">\n\t\t\t\t\t\t\t\t\t\t\t\t<span class=\"number-percentage\"\n\t\t\t\t\t\t      data-value=\"100000\"\n\t\t\t\t\t\t      data-animation-duration=\"3500\"\n\t\t\t\t\t\t\t  data-style=\"static\">0<\/span>\n\t\t\t\t\t\t\t\t\t\t\t\t\t\t\t\t\t<\/div>\n\n\t\t\t\t\t<h3 class=\"funfact-title\">Passageiros tranportados por ano<\/h3>\t\t\t\t\t\t\t\t<\/div>\n\t\t<\/div>\n\t\t<\/div>\n\n\n\t\t<\/div>\t\t\t\t<\/div>\n\t\t\t\t<\/div>\n\t\t\t\t<div class=\"elementor-element elementor-element-d49a54a elementor-widget elementor-widget-elementskit-funfact\" data-id=\"d49a54a\" data-element_type=\"widget\" data-widget_type=\"elementskit-funfact.default\">\n\t\t\t\t<div class=\"elementor-widget-container\">\n\t\t\t\t\t<div class=\"ekit-wid-con\" >\n\t\t<div class=\"elementskit-funfact text-center\">\n\t\t\t\n\t\t\t<div class=\"elementskit-funfact-inner\">\n\t\t\t\t\t\t\t\t\n\t\t\t\t<div class=\"funfact-content\">\n\t\t\t\t\t<div class=\"number-percentage-wraper\">\n\t\t\t\t\t\t\t\t\t\t\t\t<span class=\"number-percentage\"\n\t\t\t\t\t\t      data-value=\"300\"\n\t\t\t\t\t\t      data-animation-duration=\"3500\"\n\t\t\t\t\t\t\t  data-style=\"static\">0<\/span>\n\t\t\t\t\t\tT\t\t\t\t\t\t\t\t\t\t\t<\/div>\n\n\t\t\t\t\t<h3 class=\"funfact-title\">De carga manuseada anualmente<\/h3>\t\t\t\t\t\t\t\t<\/div>\n\t\t<\/div>\n\t\t<\/div>\n\n\n\t\t<\/div>\t\t\t\t<\/div>\n\t\t\t\t<\/div>\n\t\t\t\t<div class=\"elementor-element elementor-element-de72093 elementor-widget elementor-widget-elementskit-funfact\" data-id=\"de72093\" data-element_type=\"widget\" data-widget_type=\"elementskit-funfact.default\">\n\t\t\t\t<div class=\"elementor-widget-container\">\n\t\t\t\t\t<div class=\"ekit-wid-con\" >\n\t\t<div class=\"elementskit-funfact text-center\">\n\t\t\t\n\t\t\t<div class=\"elementskit-funfact-inner\">\n\t\t\t\t\t\t\t\t\n\t\t\t\t<div class=\"funfact-content\">\n\t\t\t\t\t<div class=\"number-percentage-wraper\">\n\t\t\t\t\t\t\t\t\t\t\t\t<span class=\"number-percentage\"\n\t\t\t\t\t\t      data-value=\"522\"\n\t\t\t\t\t\t      data-animation-duration=\"3500\"\n\t\t\t\t\t\t\t  data-style=\"static\">0<\/span>\n\t\t\t\t\t\tKm\t\t\t\t\t\t\t\t\t\t\t<\/div>\n\n\t\t\t\t\t<h3 class=\"funfact-title\">De extens\u00e3o de linha<\/h3>\t\t\t\t\t\t\t\t<\/div>\n\t\t<\/div>\n\t\t<\/div>\n\n\n\t\t<\/div>\t\t\t\t<\/div>\n\t\t\t\t<\/div>\n\t\t\t\t<\/div>\n\t\t\t\t<\/div>\n\t\t\t\t\t<\/div>\n\t\t\t\t<\/div>\n\t\t\t\t<\/div>","protected":false},"excerpt":{"rendered":"<p>Linha Nacala-Cuamba In\u00edcio Page A linha f\u00e9rrea Nacala-Cuamba, com 533 km, foi totalmente reabilitada em per\u00edodo de guerra e teve um financiamento de 254 milh\u00f5es de d\u00f3lares, suportado por Fran\u00e7a, Portugal e Uni\u00e3o Europeia. O empreendimento foi tamb\u00e9m financiado, em moeda nacional, atrav\u00e9s da contribui\u00e7\u00e3o de 20 mil milh\u00f5es de meticais do Or\u00e7amento Geral do Estado, Banco de Mo\u00e7ambique e CFM. A super estrutura da linha \u00e9 de concep\u00e7\u00e3o moderna e encontra-se em bom estado de conserva\u00e7\u00e3o. 0 Passageiros tranportados por ano 0 T De carga manuseada anualmente 0 Km De extens\u00e3o de linha<\/p>","protected":false},"author":89,"featured_media":0,"parent":0,"menu_order":0,"comment_status":"closed","ping_status":"open","template":"","meta":{"_acf_changed":false,"pgc_sgb_lightbox_settings":"","footnotes":""},"class_list":["post-8481","page","type-page","status-publish","hentry"],"acf":[],"yoast_head":"<!-- This site is optimized with the Yoast SEO plugin v26.5 - https:\/\/yoast.com\/wordpress\/plugins\/seo\/ -->\n<title>Linha Nacala-Cuamba - CFM - Caminhos De Ferros de Mo\u00e7ambique<\/title>\n<meta name=\"robots\" content=\"index, follow, max-snippet:-1, max-image-preview:large, max-video-preview:-1\" \/>\n<link rel=\"canonical\" href=\"https:\/\/www.cfm.co.mz\/en\/linha-nacala-cuamba\/\" \/>\n<meta property=\"og:locale\" content=\"en_US\" \/>\n<meta property=\"og:type\" content=\"article\" \/>\n<meta property=\"og:title\" content=\"Linha Nacala-Cuamba - CFM - Caminhos De Ferros de Mo\u00e7ambique\" \/>\n<meta property=\"og:description\" content=\"Linha Nacala-Cuamba In\u00edcio Page A linha f\u00e9rrea Nacala-Cuamba, com 533 km, foi totalmente reabilitada em per\u00edodo de guerra e teve um financiamento de 254 milh\u00f5es de d\u00f3lares, suportado por Fran\u00e7a, Portugal e Uni\u00e3o Europeia. O empreendimento foi tamb\u00e9m financiado, em moeda nacional, atrav\u00e9s da contribui\u00e7\u00e3o de 20 mil milh\u00f5es de meticais do Or\u00e7amento Geral do Estado, Banco de Mo\u00e7ambique e CFM. A super estrutura da linha \u00e9 de concep\u00e7\u00e3o moderna e encontra-se em bom estado de conserva\u00e7\u00e3o. 0 Passageiros tranportados por ano 0 T De carga manuseada anualmente 0 Km De extens\u00e3o de linha\" \/>\n<meta property=\"og:url\" content=\"https:\/\/www.cfm.co.mz\/en\/linha-nacala-cuamba\/\" \/>\n<meta property=\"og:site_name\" content=\"CFM - Caminhos De Ferros de Mo\u00e7ambique\" \/>\n<meta property=\"article:publisher\" content=\"https:\/\/www.facebook.com\/CFMMoz\" \/>\n<meta property=\"article:modified_time\" content=\"2025-08-27T13:32:10+00:00\" \/>\n<meta property=\"og:image\" content=\"https:\/\/www.cfm.co.mz\/wp-content\/uploads\/2024\/12\/nacala-cuamba.jpg\" \/>\n\t<meta property=\"og:image:width\" content=\"1037\" \/>\n\t<meta property=\"og:image:height\" content=\"691\" \/>\n\t<meta property=\"og:image:type\" content=\"image\/jpeg\" \/>\n<meta name=\"twitter:card\" content=\"summary_large_image\" \/>\n<meta name=\"twitter:label1\" content=\"Est. reading time\" \/>\n\t<meta name=\"twitter:data1\" content=\"1 minute\" \/>\n<script type=\"application\/ld+json\" class=\"yoast-schema-graph\">{\"@context\":\"https:\/\/schema.org\",\"@graph\":[{\"@type\":\"WebPage\",\"@id\":\"https:\/\/www.cfm.co.mz\/linha-nacala-cuamba\/\",\"url\":\"https:\/\/www.cfm.co.mz\/linha-nacala-cuamba\/\",\"name\":\"Linha Nacala-Cuamba - CFM - Caminhos De Ferros de Mo\u00e7ambique\",\"isPartOf\":{\"@id\":\"https:\/\/www.cfm.co.mz\/#website\"},\"primaryImageOfPage\":{\"@id\":\"https:\/\/www.cfm.co.mz\/linha-nacala-cuamba\/#primaryimage\"},\"image\":{\"@id\":\"https:\/\/www.cfm.co.mz\/linha-nacala-cuamba\/#primaryimage\"},\"thumbnailUrl\":\"https:\/\/www.cfm.co.mz\/wp-content\/uploads\/2024\/12\/nacala-cuamba-1024x682.jpg\",\"datePublished\":\"2014-02-14T13:22:43+00:00\",\"dateModified\":\"2025-08-27T13:32:10+00:00\",\"breadcrumb\":{\"@id\":\"https:\/\/www.cfm.co.mz\/linha-nacala-cuamba\/#breadcrumb\"},\"inLanguage\":\"en-US\",\"potentialAction\":[{\"@type\":\"ReadAction\",\"target\":[\"https:\/\/www.cfm.co.mz\/linha-nacala-cuamba\/\"]}]},{\"@type\":\"ImageObject\",\"inLanguage\":\"en-US\",\"@id\":\"https:\/\/www.cfm.co.mz\/linha-nacala-cuamba\/#primaryimage\",\"url\":\"https:\/\/www.cfm.co.mz\/wp-content\/uploads\/2024\/12\/nacala-cuamba-1024x682.jpg\",\"contentUrl\":\"https:\/\/www.cfm.co.mz\/wp-content\/uploads\/2024\/12\/nacala-cuamba-1024x682.jpg\"},{\"@type\":\"BreadcrumbList\",\"@id\":\"https:\/\/www.cfm.co.mz\/linha-nacala-cuamba\/#breadcrumb\",\"itemListElement\":[{\"@type\":\"ListItem\",\"position\":1,\"name\":\"Home\",\"item\":\"https:\/\/www.cfm.co.mz\/\"},{\"@type\":\"ListItem\",\"position\":2,\"name\":\"Linha Nacala-Cuamba\"}]},{\"@type\":\"WebSite\",\"@id\":\"https:\/\/www.cfm.co.mz\/#website\",\"url\":\"https:\/\/www.cfm.co.mz\/\",\"name\":\"CFM - Caminhos De Ferros de Mo\u00e7ambique\",\"description\":\"Ampliando Horizontes\",\"publisher\":{\"@id\":\"https:\/\/www.cfm.co.mz\/#organization\"},\"potentialAction\":[{\"@type\":\"SearchAction\",\"target\":{\"@type\":\"EntryPoint\",\"urlTemplate\":\"https:\/\/www.cfm.co.mz\/?s={search_term_string}\"},\"query-input\":{\"@type\":\"PropertyValueSpecification\",\"valueRequired\":true,\"valueName\":\"search_term_string\"}}],\"inLanguage\":\"en-US\"},{\"@type\":\"Organization\",\"@id\":\"https:\/\/www.cfm.co.mz\/#organization\",\"name\":\"CFM - Caminhos De Ferros de Mo\u00e7ambique\",\"url\":\"https:\/\/www.cfm.co.mz\/\",\"logo\":{\"@type\":\"ImageObject\",\"inLanguage\":\"en-US\",\"@id\":\"https:\/\/www.cfm.co.mz\/#\/schema\/logo\/image\/\",\"url\":\"https:\/\/www.cfm.co.mz\/wp-content\/uploads\/2025\/07\/be5f0679-4f5b-4d02-9719-a26ceed29162.jpg\",\"contentUrl\":\"https:\/\/www.cfm.co.mz\/wp-content\/uploads\/2025\/07\/be5f0679-4f5b-4d02-9719-a26ceed29162.jpg\",\"width\":400,\"height\":65,\"caption\":\"CFM - Caminhos De Ferros de Mo\u00e7ambique\"},\"image\":{\"@id\":\"https:\/\/www.cfm.co.mz\/#\/schema\/logo\/image\/\"},\"sameAs\":[\"https:\/\/www.facebook.com\/CFMMoz\",\"https:\/\/www.linkedin.com\/company\/caminhos-de-ferro-de-moambique\/\"]}]}<\/script>\n<!-- \/ Yoast SEO plugin. -->","yoast_head_json":{"title":"Linha Nacala-Cuamba - CFM - Caminhos De Ferros de Mo\u00e7ambique","robots":{"index":"index","follow":"follow","max-snippet":"max-snippet:-1","max-image-preview":"max-image-preview:large","max-video-preview":"max-video-preview:-1"},"canonical":"https:\/\/www.cfm.co.mz\/en\/linha-nacala-cuamba\/","og_locale":"en_US","og_type":"article","og_title":"Linha Nacala-Cuamba - CFM - Caminhos De Ferros de Mo\u00e7ambique","og_description":"Linha Nacala-Cuamba In\u00edcio Page A linha f\u00e9rrea Nacala-Cuamba, com 533 km, foi totalmente reabilitada em per\u00edodo de guerra e teve um financiamento de 254 milh\u00f5es de d\u00f3lares, suportado por Fran\u00e7a, Portugal e Uni\u00e3o Europeia. O empreendimento foi tamb\u00e9m financiado, em moeda nacional, atrav\u00e9s da contribui\u00e7\u00e3o de 20 mil milh\u00f5es de meticais do Or\u00e7amento Geral do Estado, Banco de Mo\u00e7ambique e CFM. A super estrutura da linha \u00e9 de concep\u00e7\u00e3o moderna e encontra-se em bom estado de conserva\u00e7\u00e3o. 0 Passageiros tranportados por ano 0 T De carga manuseada anualmente 0 Km De extens\u00e3o de linha","og_url":"https:\/\/www.cfm.co.mz\/en\/linha-nacala-cuamba\/","og_site_name":"CFM - Caminhos De Ferros de Mo\u00e7ambique","article_publisher":"https:\/\/www.facebook.com\/CFMMoz","article_modified_time":"2025-08-27T13:32:10+00:00","og_image":[{"width":1037,"height":691,"url":"https:\/\/www.cfm.co.mz\/wp-content\/uploads\/2024\/12\/nacala-cuamba.jpg","type":"image\/jpeg"}],"twitter_card":"summary_large_image","twitter_misc":{"Est. reading time":"1 minute"},"schema":{"@context":"https:\/\/schema.org","@graph":[{"@type":"WebPage","@id":"https:\/\/www.cfm.co.mz\/linha-nacala-cuamba\/","url":"https:\/\/www.cfm.co.mz\/linha-nacala-cuamba\/","name":"Linha Nacala-Cuamba - CFM - Caminhos De Ferros de Mo\u00e7ambique","isPartOf":{"@id":"https:\/\/www.cfm.co.mz\/#website"},"primaryImageOfPage":{"@id":"https:\/\/www.cfm.co.mz\/linha-nacala-cuamba\/#primaryimage"},"image":{"@id":"https:\/\/www.cfm.co.mz\/linha-nacala-cuamba\/#primaryimage"},"thumbnailUrl":"https:\/\/www.cfm.co.mz\/wp-content\/uploads\/2024\/12\/nacala-cuamba-1024x682.jpg","datePublished":"2014-02-14T13:22:43+00:00","dateModified":"2025-08-27T13:32:10+00:00","breadcrumb":{"@id":"https:\/\/www.cfm.co.mz\/linha-nacala-cuamba\/#breadcrumb"},"inLanguage":"en-US","potentialAction":[{"@type":"ReadAction","target":["https:\/\/www.cfm.co.mz\/linha-nacala-cuamba\/"]}]},{"@type":"ImageObject","inLanguage":"en-US","@id":"https:\/\/www.cfm.co.mz\/linha-nacala-cuamba\/#primaryimage","url":"https:\/\/www.cfm.co.mz\/wp-content\/uploads\/2024\/12\/nacala-cuamba-1024x682.jpg","contentUrl":"https:\/\/www.cfm.co.mz\/wp-content\/uploads\/2024\/12\/nacala-cuamba-1024x682.jpg"},{"@type":"BreadcrumbList","@id":"https:\/\/www.cfm.co.mz\/linha-nacala-cuamba\/#breadcrumb","itemListElement":[{"@type":"ListItem","position":1,"name":"Home","item":"https:\/\/www.cfm.co.mz\/"},{"@type":"ListItem","position":2,"name":"Linha Nacala-Cuamba"}]},{"@type":"WebSite","@id":"https:\/\/www.cfm.co.mz\/#website","url":"https:\/\/www.cfm.co.mz\/","name":"CFM - Caminhos De Ferros de Mo\u00e7ambique","description":"Ampliando Horizontes","publisher":{"@id":"https:\/\/www.cfm.co.mz\/#organization"},"potentialAction":[{"@type":"SearchAction","target":{"@type":"EntryPoint","urlTemplate":"https:\/\/www.cfm.co.mz\/?s={search_term_string}"},"query-input":{"@type":"PropertyValueSpecification","valueRequired":true,"valueName":"search_term_string"}}],"inLanguage":"en-US"},{"@type":"Organization","@id":"https:\/\/www.cfm.co.mz\/#organization","name":"CFM - Caminhos De Ferros de Mo\u00e7ambique","url":"https:\/\/www.cfm.co.mz\/","logo":{"@type":"ImageObject","inLanguage":"en-US","@id":"https:\/\/www.cfm.co.mz\/#\/schema\/logo\/image\/","url":"https:\/\/www.cfm.co.mz\/wp-content\/uploads\/2025\/07\/be5f0679-4f5b-4d02-9719-a26ceed29162.jpg","contentUrl":"https:\/\/www.cfm.co.mz\/wp-content\/uploads\/2025\/07\/be5f0679-4f5b-4d02-9719-a26ceed29162.jpg","width":400,"height":65,"caption":"CFM - Caminhos De Ferros de Mo\u00e7ambique"},"image":{"@id":"https:\/\/www.cfm.co.mz\/#\/schema\/logo\/image\/"},"sameAs":["https:\/\/www.facebook.com\/CFMMoz","https:\/\/www.linkedin.com\/company\/caminhos-de-ferro-de-moambique\/"]}]}},"_links":{"self":[{"href":"https:\/\/www.cfm.co.mz\/en\/wp-json\/wp\/v2\/pages\/8481","targetHints":{"allow":["GET"]}}],"collection":[{"href":"https:\/\/www.cfm.co.mz\/en\/wp-json\/wp\/v2\/pages"}],"about":[{"href":"https:\/\/www.cfm.co.mz\/en\/wp-json\/wp\/v2\/types\/page"}],"author":[{"embeddable":true,"href":"https:\/\/www.cfm.co.mz\/en\/wp-json\/wp\/v2\/users\/89"}],"replies":[{"embeddable":true,"href":"https:\/\/www.cfm.co.mz\/en\/wp-json\/wp\/v2\/comments?post=8481"}],"version-history":[{"count":28,"href":"https:\/\/www.cfm.co.mz\/en\/wp-json\/wp\/v2\/pages\/8481\/revisions"}],"predecessor-version":[{"id":14195,"href":"https:\/\/www.cfm.co.mz\/en\/wp-json\/wp\/v2\/pages\/8481\/revisions\/14195"}],"wp:attachment":[{"href":"https:\/\/www.cfm.co.mz\/en\/wp-json\/wp\/v2\/media?parent=8481"}],"curies":[{"name":"wp","href":"https:\/\/api.w.org\/{rel}","templated":true}]}}