{"id":8477,"date":"2014-02-14T13:10:40","date_gmt":"2014-02-14T13:10:40","guid":{"rendered":"https:\/\/www.cfm.co.mz\/2014\/02\/14\/terminal-de-combustiveis-2\/"},"modified":"2024-10-07T09:26:31","modified_gmt":"2024-10-07T09:26:31","slug":"terminal-de-combustiveis-2","status":"publish","type":"page","link":"https:\/\/www.cfm.co.mz\/en\/terminal-de-combustiveis-2\/","title":{"rendered":"Terminal de Combust\u00edveis"},"content":{"rendered":"<p>Located at Pier 12, the modern oil terminal, opened in 1994, has the capacity to load and unload tankers of 500 to 50,000 DWT and 500 to 2,500 DWT, respectively. The terminal system consists of four pipelines: one for fuel, three for diesel, and one for jet oil and petroleum. This terminal handles 400 tons of fuel per hour and has an installed capacity of 3,000,000 tons per year.<\/p>","protected":false},"excerpt":{"rendered":"<p>Located at Pier 12, the modern oil terminal, opened in 1994, has the capacity to load and unload tankers of 500 to 50,000 DWT and 500 to 2,500 DWT, respectively. The terminal system consists of four pipelines: one for fuel, three for diesel, and one for jet oil and petroleum. This terminal handles 400 tons of fuel per hour and has an installed capacity of 3,000,000 tons per year.<\/p>","protected":false},"author":89,"featured_media":0,"parent":0,"menu_order":0,"comment_status":"open","ping_status":"open","template":"","meta":{"_acf_changed":false,"pgc_sgb_lightbox_settings":"","footnotes":""},"class_list":["post-8477","page","type-page","status-publish","hentry"],"acf":[],"yoast_head":"<!-- This site is optimized with the Yoast SEO plugin v26.5 - https:\/\/yoast.com\/wordpress\/plugins\/seo\/ -->\n<title>Terminal de Combust\u00edveis - CFM - Caminhos De Ferros de Mo\u00e7ambique<\/title>\n<meta name=\"robots\" content=\"index, follow, max-snippet:-1, max-image-preview:large, max-video-preview:-1\" \/>\n<link rel=\"canonical\" href=\"https:\/\/www.cfm.co.mz\/en\/terminal-de-combustiveis-2\/\" \/>\n<meta property=\"og:locale\" content=\"en_US\" \/>\n<meta property=\"og:type\" content=\"article\" \/>\n<meta property=\"og:title\" content=\"Terminal de Combust\u00edveis - CFM - Caminhos De Ferros de Mo\u00e7ambique\" \/>\n<meta property=\"og:description\" content=\"Localizado no cais 12, o moderno terminal de petr\u00f3leos, inaugurado em 1994, tem capacidade para carregar e descarregar petroleiros de 500 a 50.000 DWT e de 500 a 2.500 DWT, respectivamente. O sistema do terminal \u00e9 composto basicamente por quatro oleodutos: um para Fuel, tr\u00eas para Diesel e um para Jet Oil e Petr\u00f3leos. Este terminal manuseia 400 toneladas de combust\u00edvel por hora e tem capacidade instalada de 3.000.000 de toneladas\/ano.\" \/>\n<meta property=\"og:url\" content=\"https:\/\/www.cfm.co.mz\/en\/terminal-de-combustiveis-2\/\" \/>\n<meta property=\"og:site_name\" content=\"CFM - Caminhos De Ferros de Mo\u00e7ambique\" \/>\n<meta property=\"article:publisher\" content=\"https:\/\/www.facebook.com\/CFMMoz\" \/>\n<meta property=\"article:modified_time\" content=\"2024-10-07T09:26:31+00:00\" \/>\n<meta name=\"twitter:card\" content=\"summary_large_image\" \/>\n<script type=\"application\/ld+json\" class=\"yoast-schema-graph\">{\"@context\":\"https:\/\/schema.org\",\"@graph\":[{\"@type\":\"WebPage\",\"@id\":\"https:\/\/www.cfm.co.mz\/terminal-de-combustiveis-2\/\",\"url\":\"https:\/\/www.cfm.co.mz\/terminal-de-combustiveis-2\/\",\"name\":\"Terminal de Combust\u00edveis - CFM - Caminhos De Ferros de Mo\u00e7ambique\",\"isPartOf\":{\"@id\":\"https:\/\/www.cfm.co.mz\/#website\"},\"datePublished\":\"2014-02-14T13:10:40+00:00\",\"dateModified\":\"2024-10-07T09:26:31+00:00\",\"breadcrumb\":{\"@id\":\"https:\/\/www.cfm.co.mz\/terminal-de-combustiveis-2\/#breadcrumb\"},\"inLanguage\":\"en-US\",\"potentialAction\":[{\"@type\":\"ReadAction\",\"target\":[\"https:\/\/www.cfm.co.mz\/terminal-de-combustiveis-2\/\"]}]},{\"@type\":\"BreadcrumbList\",\"@id\":\"https:\/\/www.cfm.co.mz\/terminal-de-combustiveis-2\/#breadcrumb\",\"itemListElement\":[{\"@type\":\"ListItem\",\"position\":1,\"name\":\"Home\",\"item\":\"https:\/\/www.cfm.co.mz\/\"},{\"@type\":\"ListItem\",\"position\":2,\"name\":\"Terminal de Combust\u00edveis\"}]},{\"@type\":\"WebSite\",\"@id\":\"https:\/\/www.cfm.co.mz\/#website\",\"url\":\"https:\/\/www.cfm.co.mz\/\",\"name\":\"CFM - Caminhos De Ferros de Mo\u00e7ambique\",\"description\":\"Ampliando Horizontes\",\"publisher\":{\"@id\":\"https:\/\/www.cfm.co.mz\/#organization\"},\"potentialAction\":[{\"@type\":\"SearchAction\",\"target\":{\"@type\":\"EntryPoint\",\"urlTemplate\":\"https:\/\/www.cfm.co.mz\/?s={search_term_string}\"},\"query-input\":{\"@type\":\"PropertyValueSpecification\",\"valueRequired\":true,\"valueName\":\"search_term_string\"}}],\"inLanguage\":\"en-US\"},{\"@type\":\"Organization\",\"@id\":\"https:\/\/www.cfm.co.mz\/#organization\",\"name\":\"CFM - Caminhos De Ferros de Mo\u00e7ambique\",\"url\":\"https:\/\/www.cfm.co.mz\/\",\"logo\":{\"@type\":\"ImageObject\",\"inLanguage\":\"en-US\",\"@id\":\"https:\/\/www.cfm.co.mz\/#\/schema\/logo\/image\/\",\"url\":\"https:\/\/www.cfm.co.mz\/wp-content\/uploads\/2025\/07\/be5f0679-4f5b-4d02-9719-a26ceed29162.jpg\",\"contentUrl\":\"https:\/\/www.cfm.co.mz\/wp-content\/uploads\/2025\/07\/be5f0679-4f5b-4d02-9719-a26ceed29162.jpg\",\"width\":400,\"height\":65,\"caption\":\"CFM - Caminhos De Ferros de Mo\u00e7ambique\"},\"image\":{\"@id\":\"https:\/\/www.cfm.co.mz\/#\/schema\/logo\/image\/\"},\"sameAs\":[\"https:\/\/www.facebook.com\/CFMMoz\",\"https:\/\/www.linkedin.com\/company\/caminhos-de-ferro-de-moambique\/\"]}]}<\/script>\n<!-- \/ Yoast SEO plugin. -->","yoast_head_json":{"title":"Terminal de Combust\u00edveis - CFM - Caminhos De Ferros de Mo\u00e7ambique","robots":{"index":"index","follow":"follow","max-snippet":"max-snippet:-1","max-image-preview":"max-image-preview:large","max-video-preview":"max-video-preview:-1"},"canonical":"https:\/\/www.cfm.co.mz\/en\/terminal-de-combustiveis-2\/","og_locale":"en_US","og_type":"article","og_title":"Terminal de Combust\u00edveis - CFM - Caminhos De Ferros de Mo\u00e7ambique","og_description":"Localizado no cais 12, o moderno terminal de petr\u00f3leos, inaugurado em 1994, tem capacidade para carregar e descarregar petroleiros de 500 a 50.000 DWT e de 500 a 2.500 DWT, respectivamente. O sistema do terminal \u00e9 composto basicamente por quatro oleodutos: um para Fuel, tr\u00eas para Diesel e um para Jet Oil e Petr\u00f3leos. Este terminal manuseia 400 toneladas de combust\u00edvel por hora e tem capacidade instalada de 3.000.000 de toneladas\/ano.","og_url":"https:\/\/www.cfm.co.mz\/en\/terminal-de-combustiveis-2\/","og_site_name":"CFM - Caminhos De Ferros de Mo\u00e7ambique","article_publisher":"https:\/\/www.facebook.com\/CFMMoz","article_modified_time":"2024-10-07T09:26:31+00:00","twitter_card":"summary_large_image","schema":{"@context":"https:\/\/schema.org","@graph":[{"@type":"WebPage","@id":"https:\/\/www.cfm.co.mz\/terminal-de-combustiveis-2\/","url":"https:\/\/www.cfm.co.mz\/terminal-de-combustiveis-2\/","name":"Terminal de Combust\u00edveis - CFM - Caminhos De Ferros de Mo\u00e7ambique","isPartOf":{"@id":"https:\/\/www.cfm.co.mz\/#website"},"datePublished":"2014-02-14T13:10:40+00:00","dateModified":"2024-10-07T09:26:31+00:00","breadcrumb":{"@id":"https:\/\/www.cfm.co.mz\/terminal-de-combustiveis-2\/#breadcrumb"},"inLanguage":"en-US","potentialAction":[{"@type":"ReadAction","target":["https:\/\/www.cfm.co.mz\/terminal-de-combustiveis-2\/"]}]},{"@type":"BreadcrumbList","@id":"https:\/\/www.cfm.co.mz\/terminal-de-combustiveis-2\/#breadcrumb","itemListElement":[{"@type":"ListItem","position":1,"name":"Home","item":"https:\/\/www.cfm.co.mz\/"},{"@type":"ListItem","position":2,"name":"Terminal de Combust\u00edveis"}]},{"@type":"WebSite","@id":"https:\/\/www.cfm.co.mz\/#website","url":"https:\/\/www.cfm.co.mz\/","name":"CFM - Caminhos De Ferros de Mo\u00e7ambique","description":"Ampliando Horizontes","publisher":{"@id":"https:\/\/www.cfm.co.mz\/#organization"},"potentialAction":[{"@type":"SearchAction","target":{"@type":"EntryPoint","urlTemplate":"https:\/\/www.cfm.co.mz\/?s={search_term_string}"},"query-input":{"@type":"PropertyValueSpecification","valueRequired":true,"valueName":"search_term_string"}}],"inLanguage":"en-US"},{"@type":"Organization","@id":"https:\/\/www.cfm.co.mz\/#organization","name":"CFM - Caminhos De Ferros de Mo\u00e7ambique","url":"https:\/\/www.cfm.co.mz\/","logo":{"@type":"ImageObject","inLanguage":"en-US","@id":"https:\/\/www.cfm.co.mz\/#\/schema\/logo\/image\/","url":"https:\/\/www.cfm.co.mz\/wp-content\/uploads\/2025\/07\/be5f0679-4f5b-4d02-9719-a26ceed29162.jpg","contentUrl":"https:\/\/www.cfm.co.mz\/wp-content\/uploads\/2025\/07\/be5f0679-4f5b-4d02-9719-a26ceed29162.jpg","width":400,"height":65,"caption":"CFM - Caminhos De Ferros de Mo\u00e7ambique"},"image":{"@id":"https:\/\/www.cfm.co.mz\/#\/schema\/logo\/image\/"},"sameAs":["https:\/\/www.facebook.com\/CFMMoz","https:\/\/www.linkedin.com\/company\/caminhos-de-ferro-de-moambique\/"]}]}},"_links":{"self":[{"href":"https:\/\/www.cfm.co.mz\/en\/wp-json\/wp\/v2\/pages\/8477","targetHints":{"allow":["GET"]}}],"collection":[{"href":"https:\/\/www.cfm.co.mz\/en\/wp-json\/wp\/v2\/pages"}],"about":[{"href":"https:\/\/www.cfm.co.mz\/en\/wp-json\/wp\/v2\/types\/page"}],"author":[{"embeddable":true,"href":"https:\/\/www.cfm.co.mz\/en\/wp-json\/wp\/v2\/users\/89"}],"replies":[{"embeddable":true,"href":"https:\/\/www.cfm.co.mz\/en\/wp-json\/wp\/v2\/comments?post=8477"}],"version-history":[{"count":1,"href":"https:\/\/www.cfm.co.mz\/en\/wp-json\/wp\/v2\/pages\/8477\/revisions"}],"predecessor-version":[{"id":10634,"href":"https:\/\/www.cfm.co.mz\/en\/wp-json\/wp\/v2\/pages\/8477\/revisions\/10634"}],"wp:attachment":[{"href":"https:\/\/www.cfm.co.mz\/en\/wp-json\/wp\/v2\/media?parent=8477"}],"curies":[{"name":"wp","href":"https:\/\/api.w.org\/{rel}","templated":true}]}}