{"id":8475,"date":"2014-02-14T13:09:11","date_gmt":"2014-02-14T13:09:11","guid":{"rendered":"https:\/\/www.cfm.co.mz\/2014\/02\/14\/terminal-de-contentores-e-propositos-multiplos\/"},"modified":"2024-10-07T09:26:44","modified_gmt":"2024-10-07T09:26:44","slug":"terminal-de-contentores-e-propositos-multiplos","status":"publish","type":"page","link":"https:\/\/www.cfm.co.mz\/en\/terminal-de-contentores-e-propositos-multiplos\/","title":{"rendered":"Container and Multipurpose Terminal"},"content":{"rendered":"<p style=\"text-align: justify;\"><img decoding=\"async\" class=\"alignleft size-full wp-image-8473\" src=\"http:\/\/www.cfm.co.mz\/wp-content\/uploads\/2014\/02\/terminalcontentoresportobeira.jpg\" alt=\"terminalcontentoresportobeira\" width=\"250\" height=\"166\" style=\"margin: 10px; float: left;\" srcset=\"https:\/\/www.cfm.co.mz\/wp-content\/uploads\/2014\/02\/terminalcontentoresportobeira.jpg 448w, https:\/\/www.cfm.co.mz\/wp-content\/uploads\/2014\/02\/terminalcontentoresportobeira-300x200.jpg 300w\" sizes=\"(max-width: 250px) 100vw, 250px\" \/>As part of the CFM privatization process, Cornelder B.V. (a Dutch company) was chosen to form a joint venture with CFM to operate the container and general cargo terminals at the Port of Beira. To this end, Cornelder de Mo\u00e7ambique SARL was created and registered, with Cornelder B.V. holding 70% of the shares and CFM holding 30%.<\/p>\n<p style=\"text-align: justify;\" class=\"translation-block\">The infrastructure comprises a pier measuring 645 meters in length and a depth of 12 meters along the projected pier.<br>The terminal has two ship-to-shore container gantry cranes with a 36-meter reach and the capacity to handle containers of 20, 40 and 45 feet, as well as a maximum lifting capacity of 50 tons at the hook and 40 tons at the spreader. A rail-mounted gantry crane for loading and unloading railcars is operating in the container enclosure, which covers a total area of \u200b\u200b200,000 square meters.<\/p>\n<p style=\"text-align: justify;\"><img decoding=\"async\" class=\"alignleft size-full wp-image-8474\" src=\"http:\/\/www.cfm.co.mz\/wp-content\/uploads\/2014\/02\/granitobeira.jpg\" alt=\"granitobeira\" width=\"250\" height=\"166\" style=\"margin: 10px; float: left;\" srcset=\"https:\/\/www.cfm.co.mz\/wp-content\/uploads\/2014\/02\/granitobeira.jpg 448w, https:\/\/www.cfm.co.mz\/wp-content\/uploads\/2014\/02\/granitobeira-300x200.jpg 300w\" sizes=\"(max-width: 250px) 100vw, 250px\" \/>The facility has 144 reference points and a granite storage area. There are also two covered warehouses, each covering an area of \u200b\u200bapproximately 11,000 square meters. The terminal's projected capacity is 100,000 TEU per year.<\/p>\n<p style=\"text-align: justify;\">Equipped with modern equipment and more than 30 computers, conditions are created for greater control, speed and efficiency in cargo handling.<\/p>","protected":false},"excerpt":{"rendered":"<p>No \u00e2mbito do processo de privatiza\u00e7\u00e3o dos CFM, a Cornelder B.V (empresa holandesa) foi escolhida para constituir uma joint venture com os CFM para a explora\u00e7\u00e3o dos terminais de contentores e de carga geral no Porto da Beira. Para o efeito, foi criada e registada a empresa Cornelder de Mo\u00e7ambique SARL, cabendo 70% das ac\u00e7\u00f5es \u00e0 Cornelder B.V e 30% aos CFM. As infra-estruturas comportam um cais com 645 metros de comprimento e uma profundidade junto ao cais projectada em 12 metros.O terminal possui dois p\u00f3rticos porta-contentores navio-terra com 36 metros de alcance e capacidade de manuseamento de contentores de 20, 40 e 45 p\u00e9s, assim como um m\u00e1ximo de capacidade de eleva\u00e7\u00e3o de 50 toneladas no gancho e 40 no distribuidor. Um p\u00f3rtico montado sobre carris para carga e descarga de vag\u00f5es est\u00e1 a funcionar no recinto de contentores, que cobre uma \u00e1rea total de 200.000 metros quadrados. O recinto possui 144 pontos de refer\u00eancia e uma \u00e1rea para armazenamento de granito. Existem tamb\u00e9m dois armaz\u00e9ns cobertos, com uma \u00e1rea de cerca de 11.000 metros quadrados. A capacidade projectada para o terminal \u00e9 de 100.000 TEU por ano. Dotado de equipamento moderno e mais de 30 computadores, est\u00e3o criadas condi\u00e7\u00f5es para maior controlo, rapidez e efici\u00eancia no manuseamento de carga.<\/p>","protected":false},"author":89,"featured_media":8473,"parent":0,"menu_order":0,"comment_status":"open","ping_status":"open","template":"","meta":{"_acf_changed":false,"pgc_sgb_lightbox_settings":"","footnotes":""},"class_list":["post-8475","page","type-page","status-publish","has-post-thumbnail","hentry"],"acf":[],"yoast_head":"<!-- This site is optimized with the Yoast SEO plugin v26.5 - https:\/\/yoast.com\/wordpress\/plugins\/seo\/ -->\n<title>Terminal de Contentores e Prop\u00f3sitos M\u00faltiplos - CFM - Caminhos De Ferros de Mo\u00e7ambique<\/title>\n<meta name=\"robots\" content=\"index, follow, max-snippet:-1, max-image-preview:large, max-video-preview:-1\" \/>\n<link rel=\"canonical\" href=\"https:\/\/www.cfm.co.mz\/en\/terminal-de-contentores-e-propositos-multiplos\/\" \/>\n<meta property=\"og:locale\" content=\"en_US\" \/>\n<meta property=\"og:type\" content=\"article\" \/>\n<meta property=\"og:title\" content=\"Terminal de Contentores e Prop\u00f3sitos M\u00faltiplos - CFM - Caminhos De Ferros de Mo\u00e7ambique\" \/>\n<meta property=\"og:description\" content=\"No \u00e2mbito do processo de privatiza\u00e7\u00e3o dos CFM, a Cornelder B.V (empresa holandesa) foi escolhida para constituir uma joint venture com os CFM para a explora\u00e7\u00e3o dos terminais de contentores e de carga geral no Porto da Beira. Para o efeito, foi criada e registada a empresa Cornelder de Mo\u00e7ambique SARL, cabendo 70% das ac\u00e7\u00f5es \u00e0 Cornelder B.V e 30% aos CFM. As infra-estruturas comportam um cais com 645 metros de comprimento e uma profundidade junto ao cais projectada em 12 metros.O terminal possui dois p\u00f3rticos porta-contentores navio-terra com 36 metros de alcance e capacidade de manuseamento de contentores de 20, 40 e 45 p\u00e9s, assim como um m\u00e1ximo de capacidade de eleva\u00e7\u00e3o de 50 toneladas no gancho e 40 no distribuidor. Um p\u00f3rtico montado sobre carris para carga e descarga de vag\u00f5es est\u00e1 a funcionar no recinto de contentores, que cobre uma \u00e1rea total de 200.000 metros quadrados. O recinto possui 144 pontos de refer\u00eancia e uma \u00e1rea para armazenamento de granito. Existem tamb\u00e9m dois armaz\u00e9ns cobertos, com uma \u00e1rea de cerca de 11.000 metros quadrados. A capacidade projectada para o terminal \u00e9 de 100.000 TEU por ano. Dotado de equipamento moderno e mais de 30 computadores, est\u00e3o criadas condi\u00e7\u00f5es para maior controlo, rapidez e efici\u00eancia no manuseamento de carga.\" \/>\n<meta property=\"og:url\" content=\"https:\/\/www.cfm.co.mz\/en\/terminal-de-contentores-e-propositos-multiplos\/\" \/>\n<meta property=\"og:site_name\" content=\"CFM - Caminhos De Ferros de Mo\u00e7ambique\" \/>\n<meta property=\"article:publisher\" content=\"https:\/\/www.facebook.com\/CFMMoz\" \/>\n<meta property=\"article:modified_time\" content=\"2024-10-07T09:26:44+00:00\" \/>\n<meta property=\"og:image\" content=\"https:\/\/www.cfm.co.mz\/wp-content\/uploads\/2014\/02\/terminalcontentoresportobeira.jpg\" \/>\n\t<meta property=\"og:image:width\" content=\"448\" \/>\n\t<meta property=\"og:image:height\" content=\"298\" \/>\n\t<meta property=\"og:image:type\" content=\"image\/jpeg\" \/>\n<meta name=\"twitter:card\" content=\"summary_large_image\" \/>\n<meta name=\"twitter:label1\" content=\"Est. reading time\" \/>\n\t<meta name=\"twitter:data1\" content=\"1 minute\" \/>\n<script type=\"application\/ld+json\" class=\"yoast-schema-graph\">{\"@context\":\"https:\/\/schema.org\",\"@graph\":[{\"@type\":\"WebPage\",\"@id\":\"https:\/\/www.cfm.co.mz\/terminal-de-contentores-e-propositos-multiplos\/\",\"url\":\"https:\/\/www.cfm.co.mz\/terminal-de-contentores-e-propositos-multiplos\/\",\"name\":\"Terminal de Contentores e Prop\u00f3sitos M\u00faltiplos - CFM - Caminhos De Ferros de Mo\u00e7ambique\",\"isPartOf\":{\"@id\":\"https:\/\/www.cfm.co.mz\/#website\"},\"primaryImageOfPage\":{\"@id\":\"https:\/\/www.cfm.co.mz\/terminal-de-contentores-e-propositos-multiplos\/#primaryimage\"},\"image\":{\"@id\":\"https:\/\/www.cfm.co.mz\/terminal-de-contentores-e-propositos-multiplos\/#primaryimage\"},\"thumbnailUrl\":\"https:\/\/www.cfm.co.mz\/wp-content\/uploads\/2014\/02\/terminalcontentoresportobeira.jpg\",\"datePublished\":\"2014-02-14T13:09:11+00:00\",\"dateModified\":\"2024-10-07T09:26:44+00:00\",\"breadcrumb\":{\"@id\":\"https:\/\/www.cfm.co.mz\/terminal-de-contentores-e-propositos-multiplos\/#breadcrumb\"},\"inLanguage\":\"en-US\",\"potentialAction\":[{\"@type\":\"ReadAction\",\"target\":[\"https:\/\/www.cfm.co.mz\/terminal-de-contentores-e-propositos-multiplos\/\"]}]},{\"@type\":\"ImageObject\",\"inLanguage\":\"en-US\",\"@id\":\"https:\/\/www.cfm.co.mz\/terminal-de-contentores-e-propositos-multiplos\/#primaryimage\",\"url\":\"https:\/\/www.cfm.co.mz\/wp-content\/uploads\/2014\/02\/terminalcontentoresportobeira.jpg\",\"contentUrl\":\"https:\/\/www.cfm.co.mz\/wp-content\/uploads\/2014\/02\/terminalcontentoresportobeira.jpg\",\"width\":448,\"height\":298,\"caption\":\"terminalcontentoresportobeira\"},{\"@type\":\"BreadcrumbList\",\"@id\":\"https:\/\/www.cfm.co.mz\/terminal-de-contentores-e-propositos-multiplos\/#breadcrumb\",\"itemListElement\":[{\"@type\":\"ListItem\",\"position\":1,\"name\":\"Home\",\"item\":\"https:\/\/www.cfm.co.mz\/\"},{\"@type\":\"ListItem\",\"position\":2,\"name\":\"Terminal de Contentores e Prop\u00f3sitos M\u00faltiplos\"}]},{\"@type\":\"WebSite\",\"@id\":\"https:\/\/www.cfm.co.mz\/#website\",\"url\":\"https:\/\/www.cfm.co.mz\/\",\"name\":\"CFM - Caminhos De Ferros de Mo\u00e7ambique\",\"description\":\"Ampliando Horizontes\",\"publisher\":{\"@id\":\"https:\/\/www.cfm.co.mz\/#organization\"},\"potentialAction\":[{\"@type\":\"SearchAction\",\"target\":{\"@type\":\"EntryPoint\",\"urlTemplate\":\"https:\/\/www.cfm.co.mz\/?s={search_term_string}\"},\"query-input\":{\"@type\":\"PropertyValueSpecification\",\"valueRequired\":true,\"valueName\":\"search_term_string\"}}],\"inLanguage\":\"en-US\"},{\"@type\":\"Organization\",\"@id\":\"https:\/\/www.cfm.co.mz\/#organization\",\"name\":\"CFM - Caminhos De Ferros de Mo\u00e7ambique\",\"url\":\"https:\/\/www.cfm.co.mz\/\",\"logo\":{\"@type\":\"ImageObject\",\"inLanguage\":\"en-US\",\"@id\":\"https:\/\/www.cfm.co.mz\/#\/schema\/logo\/image\/\",\"url\":\"https:\/\/www.cfm.co.mz\/wp-content\/uploads\/2025\/07\/be5f0679-4f5b-4d02-9719-a26ceed29162.jpg\",\"contentUrl\":\"https:\/\/www.cfm.co.mz\/wp-content\/uploads\/2025\/07\/be5f0679-4f5b-4d02-9719-a26ceed29162.jpg\",\"width\":400,\"height\":65,\"caption\":\"CFM - Caminhos De Ferros de Mo\u00e7ambique\"},\"image\":{\"@id\":\"https:\/\/www.cfm.co.mz\/#\/schema\/logo\/image\/\"},\"sameAs\":[\"https:\/\/www.facebook.com\/CFMMoz\",\"https:\/\/www.linkedin.com\/company\/caminhos-de-ferro-de-moambique\/\"]}]}<\/script>\n<!-- \/ Yoast SEO plugin. -->","yoast_head_json":{"title":"Terminal de Contentores e Prop\u00f3sitos M\u00faltiplos - CFM - Caminhos De Ferros de Mo\u00e7ambique","robots":{"index":"index","follow":"follow","max-snippet":"max-snippet:-1","max-image-preview":"max-image-preview:large","max-video-preview":"max-video-preview:-1"},"canonical":"https:\/\/www.cfm.co.mz\/en\/terminal-de-contentores-e-propositos-multiplos\/","og_locale":"en_US","og_type":"article","og_title":"Terminal de Contentores e Prop\u00f3sitos M\u00faltiplos - CFM - Caminhos De Ferros de Mo\u00e7ambique","og_description":"No \u00e2mbito do processo de privatiza\u00e7\u00e3o dos CFM, a Cornelder B.V (empresa holandesa) foi escolhida para constituir uma joint venture com os CFM para a explora\u00e7\u00e3o dos terminais de contentores e de carga geral no Porto da Beira. Para o efeito, foi criada e registada a empresa Cornelder de Mo\u00e7ambique SARL, cabendo 70% das ac\u00e7\u00f5es \u00e0 Cornelder B.V e 30% aos CFM. As infra-estruturas comportam um cais com 645 metros de comprimento e uma profundidade junto ao cais projectada em 12 metros.O terminal possui dois p\u00f3rticos porta-contentores navio-terra com 36 metros de alcance e capacidade de manuseamento de contentores de 20, 40 e 45 p\u00e9s, assim como um m\u00e1ximo de capacidade de eleva\u00e7\u00e3o de 50 toneladas no gancho e 40 no distribuidor. Um p\u00f3rtico montado sobre carris para carga e descarga de vag\u00f5es est\u00e1 a funcionar no recinto de contentores, que cobre uma \u00e1rea total de 200.000 metros quadrados. O recinto possui 144 pontos de refer\u00eancia e uma \u00e1rea para armazenamento de granito. Existem tamb\u00e9m dois armaz\u00e9ns cobertos, com uma \u00e1rea de cerca de 11.000 metros quadrados. A capacidade projectada para o terminal \u00e9 de 100.000 TEU por ano. Dotado de equipamento moderno e mais de 30 computadores, est\u00e3o criadas condi\u00e7\u00f5es para maior controlo, rapidez e efici\u00eancia no manuseamento de carga.","og_url":"https:\/\/www.cfm.co.mz\/en\/terminal-de-contentores-e-propositos-multiplos\/","og_site_name":"CFM - Caminhos De Ferros de Mo\u00e7ambique","article_publisher":"https:\/\/www.facebook.com\/CFMMoz","article_modified_time":"2024-10-07T09:26:44+00:00","og_image":[{"width":448,"height":298,"url":"https:\/\/www.cfm.co.mz\/wp-content\/uploads\/2014\/02\/terminalcontentoresportobeira.jpg","type":"image\/jpeg"}],"twitter_card":"summary_large_image","twitter_misc":{"Est. reading time":"1 minute"},"schema":{"@context":"https:\/\/schema.org","@graph":[{"@type":"WebPage","@id":"https:\/\/www.cfm.co.mz\/terminal-de-contentores-e-propositos-multiplos\/","url":"https:\/\/www.cfm.co.mz\/terminal-de-contentores-e-propositos-multiplos\/","name":"Terminal de Contentores e Prop\u00f3sitos M\u00faltiplos - CFM - Caminhos De Ferros de Mo\u00e7ambique","isPartOf":{"@id":"https:\/\/www.cfm.co.mz\/#website"},"primaryImageOfPage":{"@id":"https:\/\/www.cfm.co.mz\/terminal-de-contentores-e-propositos-multiplos\/#primaryimage"},"image":{"@id":"https:\/\/www.cfm.co.mz\/terminal-de-contentores-e-propositos-multiplos\/#primaryimage"},"thumbnailUrl":"https:\/\/www.cfm.co.mz\/wp-content\/uploads\/2014\/02\/terminalcontentoresportobeira.jpg","datePublished":"2014-02-14T13:09:11+00:00","dateModified":"2024-10-07T09:26:44+00:00","breadcrumb":{"@id":"https:\/\/www.cfm.co.mz\/terminal-de-contentores-e-propositos-multiplos\/#breadcrumb"},"inLanguage":"en-US","potentialAction":[{"@type":"ReadAction","target":["https:\/\/www.cfm.co.mz\/terminal-de-contentores-e-propositos-multiplos\/"]}]},{"@type":"ImageObject","inLanguage":"en-US","@id":"https:\/\/www.cfm.co.mz\/terminal-de-contentores-e-propositos-multiplos\/#primaryimage","url":"https:\/\/www.cfm.co.mz\/wp-content\/uploads\/2014\/02\/terminalcontentoresportobeira.jpg","contentUrl":"https:\/\/www.cfm.co.mz\/wp-content\/uploads\/2014\/02\/terminalcontentoresportobeira.jpg","width":448,"height":298,"caption":"terminalcontentoresportobeira"},{"@type":"BreadcrumbList","@id":"https:\/\/www.cfm.co.mz\/terminal-de-contentores-e-propositos-multiplos\/#breadcrumb","itemListElement":[{"@type":"ListItem","position":1,"name":"Home","item":"https:\/\/www.cfm.co.mz\/"},{"@type":"ListItem","position":2,"name":"Terminal de Contentores e Prop\u00f3sitos M\u00faltiplos"}]},{"@type":"WebSite","@id":"https:\/\/www.cfm.co.mz\/#website","url":"https:\/\/www.cfm.co.mz\/","name":"CFM - Caminhos De Ferros de Mo\u00e7ambique","description":"Ampliando Horizontes","publisher":{"@id":"https:\/\/www.cfm.co.mz\/#organization"},"potentialAction":[{"@type":"SearchAction","target":{"@type":"EntryPoint","urlTemplate":"https:\/\/www.cfm.co.mz\/?s={search_term_string}"},"query-input":{"@type":"PropertyValueSpecification","valueRequired":true,"valueName":"search_term_string"}}],"inLanguage":"en-US"},{"@type":"Organization","@id":"https:\/\/www.cfm.co.mz\/#organization","name":"CFM - Caminhos De Ferros de Mo\u00e7ambique","url":"https:\/\/www.cfm.co.mz\/","logo":{"@type":"ImageObject","inLanguage":"en-US","@id":"https:\/\/www.cfm.co.mz\/#\/schema\/logo\/image\/","url":"https:\/\/www.cfm.co.mz\/wp-content\/uploads\/2025\/07\/be5f0679-4f5b-4d02-9719-a26ceed29162.jpg","contentUrl":"https:\/\/www.cfm.co.mz\/wp-content\/uploads\/2025\/07\/be5f0679-4f5b-4d02-9719-a26ceed29162.jpg","width":400,"height":65,"caption":"CFM - Caminhos De Ferros de Mo\u00e7ambique"},"image":{"@id":"https:\/\/www.cfm.co.mz\/#\/schema\/logo\/image\/"},"sameAs":["https:\/\/www.facebook.com\/CFMMoz","https:\/\/www.linkedin.com\/company\/caminhos-de-ferro-de-moambique\/"]}]}},"_links":{"self":[{"href":"https:\/\/www.cfm.co.mz\/en\/wp-json\/wp\/v2\/pages\/8475","targetHints":{"allow":["GET"]}}],"collection":[{"href":"https:\/\/www.cfm.co.mz\/en\/wp-json\/wp\/v2\/pages"}],"about":[{"href":"https:\/\/www.cfm.co.mz\/en\/wp-json\/wp\/v2\/types\/page"}],"author":[{"embeddable":true,"href":"https:\/\/www.cfm.co.mz\/en\/wp-json\/wp\/v2\/users\/89"}],"replies":[{"embeddable":true,"href":"https:\/\/www.cfm.co.mz\/en\/wp-json\/wp\/v2\/comments?post=8475"}],"version-history":[{"count":1,"href":"https:\/\/www.cfm.co.mz\/en\/wp-json\/wp\/v2\/pages\/8475\/revisions"}],"predecessor-version":[{"id":10636,"href":"https:\/\/www.cfm.co.mz\/en\/wp-json\/wp\/v2\/pages\/8475\/revisions\/10636"}],"wp:featuredmedia":[{"embeddable":true,"href":"https:\/\/www.cfm.co.mz\/en\/wp-json\/wp\/v2\/media\/8473"}],"wp:attachment":[{"href":"https:\/\/www.cfm.co.mz\/en\/wp-json\/wp\/v2\/media?parent=8475"}],"curies":[{"name":"wp","href":"https:\/\/api.w.org\/{rel}","templated":true}]}}