{"id":8454,"date":"2014-02-14T12:33:29","date_gmt":"2014-02-14T12:33:29","guid":{"rendered":"https:\/\/www.cfm.co.mz\/2014\/02\/14\/terminal-de-acucar\/"},"modified":"2024-10-07T09:24:16","modified_gmt":"2024-10-07T09:24:16","slug":"terminal-de-acucar","status":"publish","type":"page","link":"https:\/\/www.cfm.co.mz\/en\/terminal-de-acucar\/","title":{"rendered":"Sugar Terminal"},"content":{"rendered":"<p>Esta instala\u00e7\u00e3o compreende tr\u00eas armaz\u00e9ns com capacidade de 40.000 toneladas l\u00edquidas cada. O carregamento de navios \u00e9 feito atrav\u00e9s de um sistema de tapete rolante, que possui 150 metros. A capacidade m\u00e9dia de enchimento \u00e9 de cerca de 750 toneladas por hora (em cada uma das duas torres).<\/p>\n<p>O cais tem uma profundidade de 10,5 metros, um comprimento de 170 metros e possui uma \u00e1rea global de armazenagem de 14.640 metros quadrados. O terminal tem uma capacidade instalada para o manuseamento de 600.000 toneladas m\u00e9tricas por ano. Desde 1995, o terminal \u00e9 explorado pela Sociedade Terminais de A\u00e7\u00facar de Mo\u00e7ambique (STAM), por via de um contrato de &#8220;leasing&#8221; rubricado entre os CFM e as associa\u00e7\u00f5es a\u00e7ucareiras de Zimbabwe e Swazil\u00e2ndia.<\/p>","protected":false},"excerpt":{"rendered":"<p>Esta instala\u00e7\u00e3o compreende tr\u00eas armaz\u00e9ns com capacidade de 40.000 toneladas l\u00edquidas cada. O carregamento de navios \u00e9 feito atrav\u00e9s de um sistema de tapete rolante, que possui 150 metros. A capacidade m\u00e9dia de enchimento \u00e9 de cerca de 750 toneladas por hora (em cada uma das duas torres). O cais tem uma profundidade de 10,5 metros, um comprimento de 170 metros e possui uma \u00e1rea global de armazenagem de 14.640 metros quadrados. O terminal tem uma capacidade instalada para o manuseamento de 600.000 toneladas m\u00e9tricas por ano. Desde 1995, o terminal \u00e9 explorado pela Sociedade Terminais de A\u00e7\u00facar de Mo\u00e7ambique (STAM), por via de um contrato de &#8220;leasing&#8221; rubricado entre os CFM e as associa\u00e7\u00f5es a\u00e7ucareiras de Zimbabwe e Swazil\u00e2ndia.<\/p>","protected":false},"author":89,"featured_media":0,"parent":0,"menu_order":8,"comment_status":"open","ping_status":"open","template":"","meta":{"_acf_changed":false,"pgc_sgb_lightbox_settings":"","footnotes":""},"class_list":["post-8454","page","type-page","status-publish","hentry"],"acf":[],"yoast_head":"<!-- This site is optimized with the Yoast SEO plugin v26.5 - https:\/\/yoast.com\/wordpress\/plugins\/seo\/ -->\n<title>Terminal de A\u00e7\u00facar - CFM - Caminhos De Ferros de Mo\u00e7ambique<\/title>\n<meta name=\"robots\" content=\"index, follow, max-snippet:-1, max-image-preview:large, max-video-preview:-1\" \/>\n<link rel=\"canonical\" href=\"https:\/\/www.cfm.co.mz\/en\/terminal-de-acucar\/\" \/>\n<meta property=\"og:locale\" content=\"en_US\" \/>\n<meta property=\"og:type\" content=\"article\" \/>\n<meta property=\"og:title\" content=\"Terminal de A\u00e7\u00facar - CFM - Caminhos De Ferros de Mo\u00e7ambique\" \/>\n<meta property=\"og:description\" content=\"Esta instala\u00e7\u00e3o compreende tr\u00eas armaz\u00e9ns com capacidade de 40.000 toneladas l\u00edquidas cada. O carregamento de navios \u00e9 feito atrav\u00e9s de um sistema de tapete rolante, que possui 150 metros. A capacidade m\u00e9dia de enchimento \u00e9 de cerca de 750 toneladas por hora (em cada uma das duas torres). O cais tem uma profundidade de 10,5 metros, um comprimento de 170 metros e possui uma \u00e1rea global de armazenagem de 14.640 metros quadrados. O terminal tem uma capacidade instalada para o manuseamento de 600.000 toneladas m\u00e9tricas por ano. Desde 1995, o terminal \u00e9 explorado pela Sociedade Terminais de A\u00e7\u00facar de Mo\u00e7ambique (STAM), por via de um contrato de &#8220;leasing&#8221; rubricado entre os CFM e as associa\u00e7\u00f5es a\u00e7ucareiras de Zimbabwe e Swazil\u00e2ndia.\" \/>\n<meta property=\"og:url\" content=\"https:\/\/www.cfm.co.mz\/en\/terminal-de-acucar\/\" \/>\n<meta property=\"og:site_name\" content=\"CFM - Caminhos De Ferros de Mo\u00e7ambique\" \/>\n<meta property=\"article:publisher\" content=\"https:\/\/www.facebook.com\/CFMMoz\" \/>\n<meta property=\"article:modified_time\" content=\"2024-10-07T09:24:16+00:00\" \/>\n<meta name=\"twitter:card\" content=\"summary_large_image\" \/>\n<meta name=\"twitter:label1\" content=\"Est. reading time\" \/>\n\t<meta name=\"twitter:data1\" content=\"1 minute\" \/>\n<script type=\"application\/ld+json\" class=\"yoast-schema-graph\">{\"@context\":\"https:\/\/schema.org\",\"@graph\":[{\"@type\":\"WebPage\",\"@id\":\"https:\/\/www.cfm.co.mz\/terminal-de-acucar\/\",\"url\":\"https:\/\/www.cfm.co.mz\/terminal-de-acucar\/\",\"name\":\"Terminal de A\u00e7\u00facar - CFM - Caminhos De Ferros de Mo\u00e7ambique\",\"isPartOf\":{\"@id\":\"https:\/\/www.cfm.co.mz\/#website\"},\"datePublished\":\"2014-02-14T12:33:29+00:00\",\"dateModified\":\"2024-10-07T09:24:16+00:00\",\"breadcrumb\":{\"@id\":\"https:\/\/www.cfm.co.mz\/terminal-de-acucar\/#breadcrumb\"},\"inLanguage\":\"en-US\",\"potentialAction\":[{\"@type\":\"ReadAction\",\"target\":[\"https:\/\/www.cfm.co.mz\/terminal-de-acucar\/\"]}]},{\"@type\":\"BreadcrumbList\",\"@id\":\"https:\/\/www.cfm.co.mz\/terminal-de-acucar\/#breadcrumb\",\"itemListElement\":[{\"@type\":\"ListItem\",\"position\":1,\"name\":\"Home\",\"item\":\"https:\/\/www.cfm.co.mz\/\"},{\"@type\":\"ListItem\",\"position\":2,\"name\":\"Terminal de A\u00e7\u00facar\"}]},{\"@type\":\"WebSite\",\"@id\":\"https:\/\/www.cfm.co.mz\/#website\",\"url\":\"https:\/\/www.cfm.co.mz\/\",\"name\":\"CFM - Caminhos De Ferros de Mo\u00e7ambique\",\"description\":\"Ampliando Horizontes\",\"publisher\":{\"@id\":\"https:\/\/www.cfm.co.mz\/#organization\"},\"potentialAction\":[{\"@type\":\"SearchAction\",\"target\":{\"@type\":\"EntryPoint\",\"urlTemplate\":\"https:\/\/www.cfm.co.mz\/?s={search_term_string}\"},\"query-input\":{\"@type\":\"PropertyValueSpecification\",\"valueRequired\":true,\"valueName\":\"search_term_string\"}}],\"inLanguage\":\"en-US\"},{\"@type\":\"Organization\",\"@id\":\"https:\/\/www.cfm.co.mz\/#organization\",\"name\":\"CFM - Caminhos De Ferros de Mo\u00e7ambique\",\"url\":\"https:\/\/www.cfm.co.mz\/\",\"logo\":{\"@type\":\"ImageObject\",\"inLanguage\":\"en-US\",\"@id\":\"https:\/\/www.cfm.co.mz\/#\/schema\/logo\/image\/\",\"url\":\"https:\/\/www.cfm.co.mz\/wp-content\/uploads\/2025\/07\/be5f0679-4f5b-4d02-9719-a26ceed29162.jpg\",\"contentUrl\":\"https:\/\/www.cfm.co.mz\/wp-content\/uploads\/2025\/07\/be5f0679-4f5b-4d02-9719-a26ceed29162.jpg\",\"width\":400,\"height\":65,\"caption\":\"CFM - Caminhos De Ferros de Mo\u00e7ambique\"},\"image\":{\"@id\":\"https:\/\/www.cfm.co.mz\/#\/schema\/logo\/image\/\"},\"sameAs\":[\"https:\/\/www.facebook.com\/CFMMoz\",\"https:\/\/www.linkedin.com\/company\/caminhos-de-ferro-de-moambique\/\"]}]}<\/script>\n<!-- \/ Yoast SEO plugin. -->","yoast_head_json":{"title":"Terminal de A\u00e7\u00facar - CFM - Caminhos De Ferros de Mo\u00e7ambique","robots":{"index":"index","follow":"follow","max-snippet":"max-snippet:-1","max-image-preview":"max-image-preview:large","max-video-preview":"max-video-preview:-1"},"canonical":"https:\/\/www.cfm.co.mz\/en\/terminal-de-acucar\/","og_locale":"en_US","og_type":"article","og_title":"Terminal de A\u00e7\u00facar - CFM - Caminhos De Ferros de Mo\u00e7ambique","og_description":"Esta instala\u00e7\u00e3o compreende tr\u00eas armaz\u00e9ns com capacidade de 40.000 toneladas l\u00edquidas cada. O carregamento de navios \u00e9 feito atrav\u00e9s de um sistema de tapete rolante, que possui 150 metros. A capacidade m\u00e9dia de enchimento \u00e9 de cerca de 750 toneladas por hora (em cada uma das duas torres). O cais tem uma profundidade de 10,5 metros, um comprimento de 170 metros e possui uma \u00e1rea global de armazenagem de 14.640 metros quadrados. O terminal tem uma capacidade instalada para o manuseamento de 600.000 toneladas m\u00e9tricas por ano. Desde 1995, o terminal \u00e9 explorado pela Sociedade Terminais de A\u00e7\u00facar de Mo\u00e7ambique (STAM), por via de um contrato de &#8220;leasing&#8221; rubricado entre os CFM e as associa\u00e7\u00f5es a\u00e7ucareiras de Zimbabwe e Swazil\u00e2ndia.","og_url":"https:\/\/www.cfm.co.mz\/en\/terminal-de-acucar\/","og_site_name":"CFM - Caminhos De Ferros de Mo\u00e7ambique","article_publisher":"https:\/\/www.facebook.com\/CFMMoz","article_modified_time":"2024-10-07T09:24:16+00:00","twitter_card":"summary_large_image","twitter_misc":{"Est. reading time":"1 minute"},"schema":{"@context":"https:\/\/schema.org","@graph":[{"@type":"WebPage","@id":"https:\/\/www.cfm.co.mz\/terminal-de-acucar\/","url":"https:\/\/www.cfm.co.mz\/terminal-de-acucar\/","name":"Terminal de A\u00e7\u00facar - CFM - Caminhos De Ferros de Mo\u00e7ambique","isPartOf":{"@id":"https:\/\/www.cfm.co.mz\/#website"},"datePublished":"2014-02-14T12:33:29+00:00","dateModified":"2024-10-07T09:24:16+00:00","breadcrumb":{"@id":"https:\/\/www.cfm.co.mz\/terminal-de-acucar\/#breadcrumb"},"inLanguage":"en-US","potentialAction":[{"@type":"ReadAction","target":["https:\/\/www.cfm.co.mz\/terminal-de-acucar\/"]}]},{"@type":"BreadcrumbList","@id":"https:\/\/www.cfm.co.mz\/terminal-de-acucar\/#breadcrumb","itemListElement":[{"@type":"ListItem","position":1,"name":"Home","item":"https:\/\/www.cfm.co.mz\/"},{"@type":"ListItem","position":2,"name":"Terminal de A\u00e7\u00facar"}]},{"@type":"WebSite","@id":"https:\/\/www.cfm.co.mz\/#website","url":"https:\/\/www.cfm.co.mz\/","name":"CFM - Caminhos De Ferros de Mo\u00e7ambique","description":"Ampliando Horizontes","publisher":{"@id":"https:\/\/www.cfm.co.mz\/#organization"},"potentialAction":[{"@type":"SearchAction","target":{"@type":"EntryPoint","urlTemplate":"https:\/\/www.cfm.co.mz\/?s={search_term_string}"},"query-input":{"@type":"PropertyValueSpecification","valueRequired":true,"valueName":"search_term_string"}}],"inLanguage":"en-US"},{"@type":"Organization","@id":"https:\/\/www.cfm.co.mz\/#organization","name":"CFM - Caminhos De Ferros de Mo\u00e7ambique","url":"https:\/\/www.cfm.co.mz\/","logo":{"@type":"ImageObject","inLanguage":"en-US","@id":"https:\/\/www.cfm.co.mz\/#\/schema\/logo\/image\/","url":"https:\/\/www.cfm.co.mz\/wp-content\/uploads\/2025\/07\/be5f0679-4f5b-4d02-9719-a26ceed29162.jpg","contentUrl":"https:\/\/www.cfm.co.mz\/wp-content\/uploads\/2025\/07\/be5f0679-4f5b-4d02-9719-a26ceed29162.jpg","width":400,"height":65,"caption":"CFM - Caminhos De Ferros de Mo\u00e7ambique"},"image":{"@id":"https:\/\/www.cfm.co.mz\/#\/schema\/logo\/image\/"},"sameAs":["https:\/\/www.facebook.com\/CFMMoz","https:\/\/www.linkedin.com\/company\/caminhos-de-ferro-de-moambique\/"]}]}},"_links":{"self":[{"href":"https:\/\/www.cfm.co.mz\/en\/wp-json\/wp\/v2\/pages\/8454","targetHints":{"allow":["GET"]}}],"collection":[{"href":"https:\/\/www.cfm.co.mz\/en\/wp-json\/wp\/v2\/pages"}],"about":[{"href":"https:\/\/www.cfm.co.mz\/en\/wp-json\/wp\/v2\/types\/page"}],"author":[{"embeddable":true,"href":"https:\/\/www.cfm.co.mz\/en\/wp-json\/wp\/v2\/users\/89"}],"replies":[{"embeddable":true,"href":"https:\/\/www.cfm.co.mz\/en\/wp-json\/wp\/v2\/comments?post=8454"}],"version-history":[{"count":1,"href":"https:\/\/www.cfm.co.mz\/en\/wp-json\/wp\/v2\/pages\/8454\/revisions"}],"predecessor-version":[{"id":10618,"href":"https:\/\/www.cfm.co.mz\/en\/wp-json\/wp\/v2\/pages\/8454\/revisions\/10618"}],"wp:attachment":[{"href":"https:\/\/www.cfm.co.mz\/en\/wp-json\/wp\/v2\/media?parent=8454"}],"curies":[{"name":"wp","href":"https:\/\/api.w.org\/{rel}","templated":true}]}}