{"id":8451,"date":"2014-02-14T12:31:00","date_gmt":"2014-02-14T12:31:00","guid":{"rendered":"https:\/\/www.cfm.co.mz\/2014\/02\/14\/cais-de-carga-geral\/"},"modified":"2024-10-07T09:24:36","modified_gmt":"2024-10-07T09:24:36","slug":"cais-de-carga-geral","status":"publish","type":"page","link":"https:\/\/www.cfm.co.mz\/en\/cais-de-carga-geral\/","title":{"rendered":"General Cargo Dock"},"content":{"rendered":"<p>Este terminal tem um cais com 440 metros de extens\u00e3o possui ainda um cais especial com capacidade para receber navios de 40.000 de tonelagem de arquea\u00e7\u00e3o bruta.<\/p>\n<p>Existem 35 guindastes de 3 a 5 toneladas, um de 10 toneladas e ainda um de 60\/80 toneladas, com um alcance de 23 a 27 metros. Este equipamento est\u00e1 preparado para manusear um volume de 2.5 milh\u00f5es de toneladas anuais.<\/p>","protected":false},"excerpt":{"rendered":"<p>Este terminal tem um cais com 440 metros de extens\u00e3o possui ainda um cais especial com capacidade para receber navios de 40.000 de tonelagem de arquea\u00e7\u00e3o bruta. Existem 35 guindastes de 3 a 5 toneladas, um de 10 toneladas e ainda um de 60\/80 toneladas, com um alcance de 23 a 27 metros. Este equipamento est\u00e1 preparado para manusear um volume de 2.5 milh\u00f5es de toneladas anuais.<\/p>","protected":false},"author":89,"featured_media":0,"parent":0,"menu_order":11,"comment_status":"open","ping_status":"open","template":"","meta":{"_acf_changed":false,"pgc_sgb_lightbox_settings":"","footnotes":""},"class_list":["post-8451","page","type-page","status-publish","hentry"],"acf":[],"yoast_head":"<!-- This site is optimized with the Yoast SEO plugin v26.5 - https:\/\/yoast.com\/wordpress\/plugins\/seo\/ -->\n<title>Cais de Carga Geral - CFM - Caminhos De Ferros de Mo\u00e7ambique<\/title>\n<meta name=\"robots\" content=\"index, follow, max-snippet:-1, max-image-preview:large, max-video-preview:-1\" \/>\n<link rel=\"canonical\" href=\"https:\/\/www.cfm.co.mz\/en\/cais-de-carga-geral\/\" \/>\n<meta property=\"og:locale\" content=\"en_US\" \/>\n<meta property=\"og:type\" content=\"article\" \/>\n<meta property=\"og:title\" content=\"Cais de Carga Geral - CFM - Caminhos De Ferros de Mo\u00e7ambique\" \/>\n<meta property=\"og:description\" content=\"Este terminal tem um cais com 440 metros de extens\u00e3o possui ainda um cais especial com capacidade para receber navios de 40.000 de tonelagem de arquea\u00e7\u00e3o bruta. Existem 35 guindastes de 3 a 5 toneladas, um de 10 toneladas e ainda um de 60\/80 toneladas, com um alcance de 23 a 27 metros. Este equipamento est\u00e1 preparado para manusear um volume de 2.5 milh\u00f5es de toneladas anuais.\" \/>\n<meta property=\"og:url\" content=\"https:\/\/www.cfm.co.mz\/en\/cais-de-carga-geral\/\" \/>\n<meta property=\"og:site_name\" content=\"CFM - Caminhos De Ferros de Mo\u00e7ambique\" \/>\n<meta property=\"article:publisher\" content=\"https:\/\/www.facebook.com\/CFMMoz\" \/>\n<meta property=\"article:modified_time\" content=\"2024-10-07T09:24:36+00:00\" \/>\n<meta name=\"twitter:card\" content=\"summary_large_image\" \/>\n<script type=\"application\/ld+json\" class=\"yoast-schema-graph\">{\"@context\":\"https:\/\/schema.org\",\"@graph\":[{\"@type\":\"WebPage\",\"@id\":\"https:\/\/www.cfm.co.mz\/cais-de-carga-geral\/\",\"url\":\"https:\/\/www.cfm.co.mz\/cais-de-carga-geral\/\",\"name\":\"Cais de Carga Geral - CFM - Caminhos De Ferros de Mo\u00e7ambique\",\"isPartOf\":{\"@id\":\"https:\/\/www.cfm.co.mz\/#website\"},\"datePublished\":\"2014-02-14T12:31:00+00:00\",\"dateModified\":\"2024-10-07T09:24:36+00:00\",\"breadcrumb\":{\"@id\":\"https:\/\/www.cfm.co.mz\/cais-de-carga-geral\/#breadcrumb\"},\"inLanguage\":\"en-US\",\"potentialAction\":[{\"@type\":\"ReadAction\",\"target\":[\"https:\/\/www.cfm.co.mz\/cais-de-carga-geral\/\"]}]},{\"@type\":\"BreadcrumbList\",\"@id\":\"https:\/\/www.cfm.co.mz\/cais-de-carga-geral\/#breadcrumb\",\"itemListElement\":[{\"@type\":\"ListItem\",\"position\":1,\"name\":\"Home\",\"item\":\"https:\/\/www.cfm.co.mz\/\"},{\"@type\":\"ListItem\",\"position\":2,\"name\":\"Cais de Carga Geral\"}]},{\"@type\":\"WebSite\",\"@id\":\"https:\/\/www.cfm.co.mz\/#website\",\"url\":\"https:\/\/www.cfm.co.mz\/\",\"name\":\"CFM - Caminhos De Ferros de Mo\u00e7ambique\",\"description\":\"Ampliando Horizontes\",\"publisher\":{\"@id\":\"https:\/\/www.cfm.co.mz\/#organization\"},\"potentialAction\":[{\"@type\":\"SearchAction\",\"target\":{\"@type\":\"EntryPoint\",\"urlTemplate\":\"https:\/\/www.cfm.co.mz\/?s={search_term_string}\"},\"query-input\":{\"@type\":\"PropertyValueSpecification\",\"valueRequired\":true,\"valueName\":\"search_term_string\"}}],\"inLanguage\":\"en-US\"},{\"@type\":\"Organization\",\"@id\":\"https:\/\/www.cfm.co.mz\/#organization\",\"name\":\"CFM - Caminhos De Ferros de Mo\u00e7ambique\",\"url\":\"https:\/\/www.cfm.co.mz\/\",\"logo\":{\"@type\":\"ImageObject\",\"inLanguage\":\"en-US\",\"@id\":\"https:\/\/www.cfm.co.mz\/#\/schema\/logo\/image\/\",\"url\":\"https:\/\/www.cfm.co.mz\/wp-content\/uploads\/2025\/07\/be5f0679-4f5b-4d02-9719-a26ceed29162.jpg\",\"contentUrl\":\"https:\/\/www.cfm.co.mz\/wp-content\/uploads\/2025\/07\/be5f0679-4f5b-4d02-9719-a26ceed29162.jpg\",\"width\":400,\"height\":65,\"caption\":\"CFM - Caminhos De Ferros de Mo\u00e7ambique\"},\"image\":{\"@id\":\"https:\/\/www.cfm.co.mz\/#\/schema\/logo\/image\/\"},\"sameAs\":[\"https:\/\/www.facebook.com\/CFMMoz\",\"https:\/\/www.linkedin.com\/company\/caminhos-de-ferro-de-moambique\/\"]}]}<\/script>\n<!-- \/ Yoast SEO plugin. -->","yoast_head_json":{"title":"Cais de Carga Geral - CFM - Caminhos De Ferros de Mo\u00e7ambique","robots":{"index":"index","follow":"follow","max-snippet":"max-snippet:-1","max-image-preview":"max-image-preview:large","max-video-preview":"max-video-preview:-1"},"canonical":"https:\/\/www.cfm.co.mz\/en\/cais-de-carga-geral\/","og_locale":"en_US","og_type":"article","og_title":"Cais de Carga Geral - CFM - Caminhos De Ferros de Mo\u00e7ambique","og_description":"Este terminal tem um cais com 440 metros de extens\u00e3o possui ainda um cais especial com capacidade para receber navios de 40.000 de tonelagem de arquea\u00e7\u00e3o bruta. Existem 35 guindastes de 3 a 5 toneladas, um de 10 toneladas e ainda um de 60\/80 toneladas, com um alcance de 23 a 27 metros. Este equipamento est\u00e1 preparado para manusear um volume de 2.5 milh\u00f5es de toneladas anuais.","og_url":"https:\/\/www.cfm.co.mz\/en\/cais-de-carga-geral\/","og_site_name":"CFM - Caminhos De Ferros de Mo\u00e7ambique","article_publisher":"https:\/\/www.facebook.com\/CFMMoz","article_modified_time":"2024-10-07T09:24:36+00:00","twitter_card":"summary_large_image","schema":{"@context":"https:\/\/schema.org","@graph":[{"@type":"WebPage","@id":"https:\/\/www.cfm.co.mz\/cais-de-carga-geral\/","url":"https:\/\/www.cfm.co.mz\/cais-de-carga-geral\/","name":"Cais de Carga Geral - CFM - Caminhos De Ferros de Mo\u00e7ambique","isPartOf":{"@id":"https:\/\/www.cfm.co.mz\/#website"},"datePublished":"2014-02-14T12:31:00+00:00","dateModified":"2024-10-07T09:24:36+00:00","breadcrumb":{"@id":"https:\/\/www.cfm.co.mz\/cais-de-carga-geral\/#breadcrumb"},"inLanguage":"en-US","potentialAction":[{"@type":"ReadAction","target":["https:\/\/www.cfm.co.mz\/cais-de-carga-geral\/"]}]},{"@type":"BreadcrumbList","@id":"https:\/\/www.cfm.co.mz\/cais-de-carga-geral\/#breadcrumb","itemListElement":[{"@type":"ListItem","position":1,"name":"Home","item":"https:\/\/www.cfm.co.mz\/"},{"@type":"ListItem","position":2,"name":"Cais de Carga Geral"}]},{"@type":"WebSite","@id":"https:\/\/www.cfm.co.mz\/#website","url":"https:\/\/www.cfm.co.mz\/","name":"CFM - Caminhos De Ferros de Mo\u00e7ambique","description":"Ampliando Horizontes","publisher":{"@id":"https:\/\/www.cfm.co.mz\/#organization"},"potentialAction":[{"@type":"SearchAction","target":{"@type":"EntryPoint","urlTemplate":"https:\/\/www.cfm.co.mz\/?s={search_term_string}"},"query-input":{"@type":"PropertyValueSpecification","valueRequired":true,"valueName":"search_term_string"}}],"inLanguage":"en-US"},{"@type":"Organization","@id":"https:\/\/www.cfm.co.mz\/#organization","name":"CFM - Caminhos De Ferros de Mo\u00e7ambique","url":"https:\/\/www.cfm.co.mz\/","logo":{"@type":"ImageObject","inLanguage":"en-US","@id":"https:\/\/www.cfm.co.mz\/#\/schema\/logo\/image\/","url":"https:\/\/www.cfm.co.mz\/wp-content\/uploads\/2025\/07\/be5f0679-4f5b-4d02-9719-a26ceed29162.jpg","contentUrl":"https:\/\/www.cfm.co.mz\/wp-content\/uploads\/2025\/07\/be5f0679-4f5b-4d02-9719-a26ceed29162.jpg","width":400,"height":65,"caption":"CFM - Caminhos De Ferros de Mo\u00e7ambique"},"image":{"@id":"https:\/\/www.cfm.co.mz\/#\/schema\/logo\/image\/"},"sameAs":["https:\/\/www.facebook.com\/CFMMoz","https:\/\/www.linkedin.com\/company\/caminhos-de-ferro-de-moambique\/"]}]}},"_links":{"self":[{"href":"https:\/\/www.cfm.co.mz\/en\/wp-json\/wp\/v2\/pages\/8451","targetHints":{"allow":["GET"]}}],"collection":[{"href":"https:\/\/www.cfm.co.mz\/en\/wp-json\/wp\/v2\/pages"}],"about":[{"href":"https:\/\/www.cfm.co.mz\/en\/wp-json\/wp\/v2\/types\/page"}],"author":[{"embeddable":true,"href":"https:\/\/www.cfm.co.mz\/en\/wp-json\/wp\/v2\/users\/89"}],"replies":[{"embeddable":true,"href":"https:\/\/www.cfm.co.mz\/en\/wp-json\/wp\/v2\/comments?post=8451"}],"version-history":[{"count":1,"href":"https:\/\/www.cfm.co.mz\/en\/wp-json\/wp\/v2\/pages\/8451\/revisions"}],"predecessor-version":[{"id":10621,"href":"https:\/\/www.cfm.co.mz\/en\/wp-json\/wp\/v2\/pages\/8451\/revisions\/10621"}],"wp:attachment":[{"href":"https:\/\/www.cfm.co.mz\/en\/wp-json\/wp\/v2\/media?parent=8451"}],"curies":[{"name":"wp","href":"https:\/\/api.w.org\/{rel}","templated":true}]}}