{"id":8450,"date":"2014-02-14T12:29:30","date_gmt":"2014-02-14T12:29:30","guid":{"rendered":"https:\/\/www.cfm.co.mz\/2014\/02\/14\/terminal-de-cabotagem\/"},"modified":"2024-10-07T09:24:43","modified_gmt":"2024-10-07T09:24:43","slug":"terminal-de-cabotagem","status":"publish","type":"page","link":"https:\/\/www.cfm.co.mz\/en\/terminal-de-cabotagem\/","title":{"rendered":"Cabotage Terminal"},"content":{"rendered":"<p>Este terminal, cujo cais tem cerca de 300 metros de comprimento e uma \u00e1rea de 6.200 metros quadrados, possui tr\u00eas postos de acostagem, podendo, em simult\u00e2neo, albergar tr\u00eas navios. O terminal possui uma \u00e1rea de armazenagem a c\u00e9u aberto de 20.000 metros quadrados e outra coberta, de 5.000 metros quadrados, sendo esta \u00faltima composta por tr\u00eas armaz\u00e9ns, designadamente A1, A2 e A3, qualquer deles em \u00f3ptimo estado de conserva\u00e7\u00e3o.<\/p>\n<p>O terminal tem uma capacidade instalada de manuseamento de 500.000 toneladas por ano.<\/p>","protected":false},"excerpt":{"rendered":"<p>Este terminal, cujo cais tem cerca de 300 metros de comprimento e uma \u00e1rea de 6.200 metros quadrados, possui tr\u00eas postos de acostagem, podendo, em simult\u00e2neo, albergar tr\u00eas navios. O terminal possui uma \u00e1rea de armazenagem a c\u00e9u aberto de 20.000 metros quadrados e outra coberta, de 5.000 metros quadrados, sendo esta \u00faltima composta por tr\u00eas armaz\u00e9ns, designadamente A1, A2 e A3, qualquer deles em \u00f3ptimo estado de conserva\u00e7\u00e3o. O terminal tem uma capacidade instalada de manuseamento de 500.000 toneladas por ano.<\/p>","protected":false},"author":89,"featured_media":0,"parent":0,"menu_order":12,"comment_status":"open","ping_status":"open","template":"","meta":{"_acf_changed":false,"pgc_sgb_lightbox_settings":"","footnotes":""},"class_list":["post-8450","page","type-page","status-publish","hentry"],"acf":[],"yoast_head":"<!-- This site is optimized with the Yoast SEO plugin v26.5 - https:\/\/yoast.com\/wordpress\/plugins\/seo\/ -->\n<title>Terminal de Cabotagem - CFM - Caminhos De Ferros de Mo\u00e7ambique<\/title>\n<meta name=\"robots\" content=\"index, follow, max-snippet:-1, max-image-preview:large, max-video-preview:-1\" \/>\n<link rel=\"canonical\" href=\"https:\/\/www.cfm.co.mz\/en\/terminal-de-cabotagem\/\" \/>\n<meta property=\"og:locale\" content=\"en_US\" \/>\n<meta property=\"og:type\" content=\"article\" \/>\n<meta property=\"og:title\" content=\"Terminal de Cabotagem - CFM - Caminhos De Ferros de Mo\u00e7ambique\" \/>\n<meta property=\"og:description\" content=\"Este terminal, cujo cais tem cerca de 300 metros de comprimento e uma \u00e1rea de 6.200 metros quadrados, possui tr\u00eas postos de acostagem, podendo, em simult\u00e2neo, albergar tr\u00eas navios. O terminal possui uma \u00e1rea de armazenagem a c\u00e9u aberto de 20.000 metros quadrados e outra coberta, de 5.000 metros quadrados, sendo esta \u00faltima composta por tr\u00eas armaz\u00e9ns, designadamente A1, A2 e A3, qualquer deles em \u00f3ptimo estado de conserva\u00e7\u00e3o. O terminal tem uma capacidade instalada de manuseamento de 500.000 toneladas por ano.\" \/>\n<meta property=\"og:url\" content=\"https:\/\/www.cfm.co.mz\/en\/terminal-de-cabotagem\/\" \/>\n<meta property=\"og:site_name\" content=\"CFM - Caminhos De Ferros de Mo\u00e7ambique\" \/>\n<meta property=\"article:publisher\" content=\"https:\/\/www.facebook.com\/CFMMoz\" \/>\n<meta property=\"article:modified_time\" content=\"2024-10-07T09:24:43+00:00\" \/>\n<meta name=\"twitter:card\" content=\"summary_large_image\" \/>\n<script type=\"application\/ld+json\" class=\"yoast-schema-graph\">{\"@context\":\"https:\/\/schema.org\",\"@graph\":[{\"@type\":\"WebPage\",\"@id\":\"https:\/\/www.cfm.co.mz\/terminal-de-cabotagem\/\",\"url\":\"https:\/\/www.cfm.co.mz\/terminal-de-cabotagem\/\",\"name\":\"Terminal de Cabotagem - CFM - Caminhos De Ferros de Mo\u00e7ambique\",\"isPartOf\":{\"@id\":\"https:\/\/www.cfm.co.mz\/#website\"},\"datePublished\":\"2014-02-14T12:29:30+00:00\",\"dateModified\":\"2024-10-07T09:24:43+00:00\",\"breadcrumb\":{\"@id\":\"https:\/\/www.cfm.co.mz\/terminal-de-cabotagem\/#breadcrumb\"},\"inLanguage\":\"en-US\",\"potentialAction\":[{\"@type\":\"ReadAction\",\"target\":[\"https:\/\/www.cfm.co.mz\/terminal-de-cabotagem\/\"]}]},{\"@type\":\"BreadcrumbList\",\"@id\":\"https:\/\/www.cfm.co.mz\/terminal-de-cabotagem\/#breadcrumb\",\"itemListElement\":[{\"@type\":\"ListItem\",\"position\":1,\"name\":\"Home\",\"item\":\"https:\/\/www.cfm.co.mz\/\"},{\"@type\":\"ListItem\",\"position\":2,\"name\":\"Terminal de Cabotagem\"}]},{\"@type\":\"WebSite\",\"@id\":\"https:\/\/www.cfm.co.mz\/#website\",\"url\":\"https:\/\/www.cfm.co.mz\/\",\"name\":\"CFM - Caminhos De Ferros de Mo\u00e7ambique\",\"description\":\"Ampliando Horizontes\",\"publisher\":{\"@id\":\"https:\/\/www.cfm.co.mz\/#organization\"},\"potentialAction\":[{\"@type\":\"SearchAction\",\"target\":{\"@type\":\"EntryPoint\",\"urlTemplate\":\"https:\/\/www.cfm.co.mz\/?s={search_term_string}\"},\"query-input\":{\"@type\":\"PropertyValueSpecification\",\"valueRequired\":true,\"valueName\":\"search_term_string\"}}],\"inLanguage\":\"en-US\"},{\"@type\":\"Organization\",\"@id\":\"https:\/\/www.cfm.co.mz\/#organization\",\"name\":\"CFM - Caminhos De Ferros de Mo\u00e7ambique\",\"url\":\"https:\/\/www.cfm.co.mz\/\",\"logo\":{\"@type\":\"ImageObject\",\"inLanguage\":\"en-US\",\"@id\":\"https:\/\/www.cfm.co.mz\/#\/schema\/logo\/image\/\",\"url\":\"https:\/\/www.cfm.co.mz\/wp-content\/uploads\/2025\/07\/be5f0679-4f5b-4d02-9719-a26ceed29162.jpg\",\"contentUrl\":\"https:\/\/www.cfm.co.mz\/wp-content\/uploads\/2025\/07\/be5f0679-4f5b-4d02-9719-a26ceed29162.jpg\",\"width\":400,\"height\":65,\"caption\":\"CFM - Caminhos De Ferros de Mo\u00e7ambique\"},\"image\":{\"@id\":\"https:\/\/www.cfm.co.mz\/#\/schema\/logo\/image\/\"},\"sameAs\":[\"https:\/\/www.facebook.com\/CFMMoz\",\"https:\/\/www.linkedin.com\/company\/caminhos-de-ferro-de-moambique\/\"]}]}<\/script>\n<!-- \/ Yoast SEO plugin. -->","yoast_head_json":{"title":"Terminal de Cabotagem - CFM - Caminhos De Ferros de Mo\u00e7ambique","robots":{"index":"index","follow":"follow","max-snippet":"max-snippet:-1","max-image-preview":"max-image-preview:large","max-video-preview":"max-video-preview:-1"},"canonical":"https:\/\/www.cfm.co.mz\/en\/terminal-de-cabotagem\/","og_locale":"en_US","og_type":"article","og_title":"Terminal de Cabotagem - CFM - Caminhos De Ferros de Mo\u00e7ambique","og_description":"Este terminal, cujo cais tem cerca de 300 metros de comprimento e uma \u00e1rea de 6.200 metros quadrados, possui tr\u00eas postos de acostagem, podendo, em simult\u00e2neo, albergar tr\u00eas navios. O terminal possui uma \u00e1rea de armazenagem a c\u00e9u aberto de 20.000 metros quadrados e outra coberta, de 5.000 metros quadrados, sendo esta \u00faltima composta por tr\u00eas armaz\u00e9ns, designadamente A1, A2 e A3, qualquer deles em \u00f3ptimo estado de conserva\u00e7\u00e3o. O terminal tem uma capacidade instalada de manuseamento de 500.000 toneladas por ano.","og_url":"https:\/\/www.cfm.co.mz\/en\/terminal-de-cabotagem\/","og_site_name":"CFM - Caminhos De Ferros de Mo\u00e7ambique","article_publisher":"https:\/\/www.facebook.com\/CFMMoz","article_modified_time":"2024-10-07T09:24:43+00:00","twitter_card":"summary_large_image","schema":{"@context":"https:\/\/schema.org","@graph":[{"@type":"WebPage","@id":"https:\/\/www.cfm.co.mz\/terminal-de-cabotagem\/","url":"https:\/\/www.cfm.co.mz\/terminal-de-cabotagem\/","name":"Terminal de Cabotagem - CFM - Caminhos De Ferros de Mo\u00e7ambique","isPartOf":{"@id":"https:\/\/www.cfm.co.mz\/#website"},"datePublished":"2014-02-14T12:29:30+00:00","dateModified":"2024-10-07T09:24:43+00:00","breadcrumb":{"@id":"https:\/\/www.cfm.co.mz\/terminal-de-cabotagem\/#breadcrumb"},"inLanguage":"en-US","potentialAction":[{"@type":"ReadAction","target":["https:\/\/www.cfm.co.mz\/terminal-de-cabotagem\/"]}]},{"@type":"BreadcrumbList","@id":"https:\/\/www.cfm.co.mz\/terminal-de-cabotagem\/#breadcrumb","itemListElement":[{"@type":"ListItem","position":1,"name":"Home","item":"https:\/\/www.cfm.co.mz\/"},{"@type":"ListItem","position":2,"name":"Terminal de Cabotagem"}]},{"@type":"WebSite","@id":"https:\/\/www.cfm.co.mz\/#website","url":"https:\/\/www.cfm.co.mz\/","name":"CFM - Caminhos De Ferros de Mo\u00e7ambique","description":"Ampliando Horizontes","publisher":{"@id":"https:\/\/www.cfm.co.mz\/#organization"},"potentialAction":[{"@type":"SearchAction","target":{"@type":"EntryPoint","urlTemplate":"https:\/\/www.cfm.co.mz\/?s={search_term_string}"},"query-input":{"@type":"PropertyValueSpecification","valueRequired":true,"valueName":"search_term_string"}}],"inLanguage":"en-US"},{"@type":"Organization","@id":"https:\/\/www.cfm.co.mz\/#organization","name":"CFM - Caminhos De Ferros de Mo\u00e7ambique","url":"https:\/\/www.cfm.co.mz\/","logo":{"@type":"ImageObject","inLanguage":"en-US","@id":"https:\/\/www.cfm.co.mz\/#\/schema\/logo\/image\/","url":"https:\/\/www.cfm.co.mz\/wp-content\/uploads\/2025\/07\/be5f0679-4f5b-4d02-9719-a26ceed29162.jpg","contentUrl":"https:\/\/www.cfm.co.mz\/wp-content\/uploads\/2025\/07\/be5f0679-4f5b-4d02-9719-a26ceed29162.jpg","width":400,"height":65,"caption":"CFM - Caminhos De Ferros de Mo\u00e7ambique"},"image":{"@id":"https:\/\/www.cfm.co.mz\/#\/schema\/logo\/image\/"},"sameAs":["https:\/\/www.facebook.com\/CFMMoz","https:\/\/www.linkedin.com\/company\/caminhos-de-ferro-de-moambique\/"]}]}},"_links":{"self":[{"href":"https:\/\/www.cfm.co.mz\/en\/wp-json\/wp\/v2\/pages\/8450","targetHints":{"allow":["GET"]}}],"collection":[{"href":"https:\/\/www.cfm.co.mz\/en\/wp-json\/wp\/v2\/pages"}],"about":[{"href":"https:\/\/www.cfm.co.mz\/en\/wp-json\/wp\/v2\/types\/page"}],"author":[{"embeddable":true,"href":"https:\/\/www.cfm.co.mz\/en\/wp-json\/wp\/v2\/users\/89"}],"replies":[{"embeddable":true,"href":"https:\/\/www.cfm.co.mz\/en\/wp-json\/wp\/v2\/comments?post=8450"}],"version-history":[{"count":1,"href":"https:\/\/www.cfm.co.mz\/en\/wp-json\/wp\/v2\/pages\/8450\/revisions"}],"predecessor-version":[{"id":10622,"href":"https:\/\/www.cfm.co.mz\/en\/wp-json\/wp\/v2\/pages\/8450\/revisions\/10622"}],"wp:attachment":[{"href":"https:\/\/www.cfm.co.mz\/en\/wp-json\/wp\/v2\/media?parent=8450"}],"curies":[{"name":"wp","href":"https:\/\/api.w.org\/{rel}","templated":true}]}}