{"id":8448,"date":"2014-02-13T14:29:41","date_gmt":"2014-02-13T14:29:41","guid":{"rendered":"https:\/\/www.cfm.co.mz\/2014\/02\/13\/linha-do-limpopo\/"},"modified":"2025-08-27T13:37:56","modified_gmt":"2025-08-27T13:37:56","slug":"linha-do-limpopo","status":"publish","type":"page","link":"https:\/\/www.cfm.co.mz\/en\/linha-do-limpopo\/","title":{"rendered":"Limpopo Line"},"content":{"rendered":"<div data-elementor-type=\"wp-page\" data-elementor-id=\"8448\" class=\"elementor elementor-8448\">\n\t\t\t\t<div class=\"elementor-element elementor-element-1cf27c5 e-flex e-con-boxed wpr-particle-no wpr-jarallax-no wpr-parallax-no wpr-sticky-section-no e-con e-parent\" data-id=\"1cf27c5\" data-element_type=\"container\" data-settings=\"{&quot;background_background&quot;:&quot;classic&quot;}\">\n\t\t\t\t\t<div class=\"e-con-inner\">\n\t\t\t\t<div class=\"elementor-element elementor-element-bf9a9d6 elementor-widget elementor-widget-heading\" data-id=\"bf9a9d6\" data-element_type=\"widget\" data-widget_type=\"heading.default\">\n\t\t\t\t<div class=\"elementor-widget-container\">\n\t\t\t\t\t<h2 class=\"elementor-heading-title elementor-size-default\">Limpopo Line<\/h2>\t\t\t\t<\/div>\n\t\t\t\t<\/div>\n\t\t\t\t\t<\/div>\n\t\t\t\t<\/div>\n\t\t<div class=\"elementor-element elementor-element-de8daa0 e-flex e-con-boxed wpr-particle-no wpr-jarallax-no wpr-parallax-no wpr-sticky-section-no e-con e-parent\" data-id=\"de8daa0\" data-element_type=\"container\" data-settings=\"{&quot;background_background&quot;:&quot;classic&quot;}\">\n\t\t\t\t\t<div class=\"e-con-inner\">\n\t\t\t\t<div class=\"elementor-element elementor-element-e59ab9b elementor-widget elementor-widget-eael-breadcrumbs\" data-id=\"e59ab9b\" data-element_type=\"widget\" data-widget_type=\"eael-breadcrumbs.default\">\n\t\t\t\t<div class=\"elementor-widget-container\">\n\t\t\t\t\t\t\t<div class=\"eael-breadcrumbs\">\n\t\t\t<div class=\"eael-breadcrumbs__content\"><a href=\"https:\/\/www.cfm.co.mz\/en\">Home<\/a> <span class=\"eael-breadcrumb-separator\"><i aria-hidden=\"true\" class=\"icon icon-right-arrow1\"><\/i><\/span> <span class = \"eael-current\">Page<\/span><\/div>\t\t<\/div>\n\t\t\t\t\t\t<\/div>\n\t\t\t\t<\/div>\n\t\t\t\t\t<\/div>\n\t\t\t\t<\/div>\n\t\t<div class=\"elementor-element elementor-element-36afe53 e-flex e-con-boxed wpr-particle-no wpr-jarallax-no wpr-parallax-no wpr-sticky-section-no e-con e-parent\" data-id=\"36afe53\" data-element_type=\"container\">\n\t\t\t\t\t<div class=\"e-con-inner\">\n\t\t<div class=\"elementor-element elementor-element-2af5477 e-con-full e-flex wpr-particle-no wpr-jarallax-no wpr-parallax-no wpr-sticky-section-no e-con e-child\" data-id=\"2af5477\" data-element_type=\"container\">\n\t\t\t\t<div class=\"elementor-element elementor-element-b283555 elementor-widget elementor-widget-image\" data-id=\"b283555\" data-element_type=\"widget\" data-widget_type=\"image.default\">\n\t\t\t\t<div class=\"elementor-widget-container\">\n\t\t\t\t\t\t\t\t\t\t\t\t\t\t\t<img fetchpriority=\"high\" decoding=\"async\" width=\"448\" height=\"298\" src=\"https:\/\/www.cfm.co.mz\/wp-content\/uploads\/2014\/02\/linhalimpopo.jpg\" class=\"attachment-large size-large wp-image-8447\" alt=\"linhalimpopo\" srcset=\"https:\/\/www.cfm.co.mz\/wp-content\/uploads\/2014\/02\/linhalimpopo.jpg 448w, https:\/\/www.cfm.co.mz\/wp-content\/uploads\/2014\/02\/linhalimpopo-300x200.jpg 300w\" sizes=\"(max-width: 448px) 100vw, 448px\" \/>\t\t\t\t\t\t\t\t\t\t\t\t\t\t\t<\/div>\n\t\t\t\t<\/div>\n\t\t\t\t<\/div>\n\t\t<div class=\"elementor-element elementor-element-8341d63 e-con-full e-flex wpr-particle-no wpr-jarallax-no wpr-parallax-no wpr-sticky-section-no e-con e-child\" data-id=\"8341d63\" data-element_type=\"container\">\n\t\t\t\t<div class=\"elementor-element elementor-element-556a7ac elementor-widget elementor-widget-text-editor\" data-id=\"556a7ac\" data-element_type=\"widget\" data-widget_type=\"text-editor.default\">\n\t\t\t\t<div class=\"elementor-widget-container\">\n\t\t\t\t\t\t\t\t\t<p style=\"text-align: justify;\">At 522 km long, it is the largest railway line in the Southern Railway System, connecting the Port of Maputo and neighboring Zimbabwe.<\/p><p style=\"text-align: justify;\">Along this strategic route, there are 12 stations and 19 stops.<\/p>\t\t\t\t\t\t\t\t<\/div>\n\t\t\t\t<\/div>\n\t\t<div class=\"elementor-element elementor-element-c0011e2 e-grid e-con-full elementor-hidden-desktop elementor-hidden-tablet elementor-hidden-mobile wpr-particle-no wpr-jarallax-no wpr-parallax-no wpr-sticky-section-no e-con e-child\" data-id=\"c0011e2\" data-element_type=\"container\">\n\t\t\t\t<div class=\"elementor-element elementor-element-0de66d3 elementor-widget elementor-widget-elementskit-funfact\" data-id=\"0de66d3\" data-element_type=\"widget\" data-widget_type=\"elementskit-funfact.default\">\n\t\t\t\t<div class=\"elementor-widget-container\">\n\t\t\t\t\t<div class=\"ekit-wid-con\" >\n\t\t<div class=\"elementskit-funfact text-center\">\n\t\t\t\n\t\t\t<div class=\"elementskit-funfact-inner position_top\">\n\t\t\t\t\t\t\t\t\t<div class=\"funfact-icon\">\n\t\t\t\t\t\t\t\t\t\t\t<\/div>\n\t\t\t\t\t\t\t\t\n\t\t\t\t<div class=\"funfact-content\">\n\t\t\t\t\t<div class=\"number-percentage-wraper\">\n\t\t\t\t\t\t\t\t\t\t\t\t<span class=\"number-percentage\"\n\t\t\t\t\t\t      data-value=\"100000\"\n\t\t\t\t\t\t      data-animation-duration=\"3500\"\n\t\t\t\t\t\t\t  data-style=\"static\">0<\/span>\n\t\t\t\t\t\t\t\t\t\t\t\t\t\t\t\t\t<\/div>\n\n\t\t\t\t\t<h3 class=\"funfact-title\">Passageiros tranpostados por ano<\/h3>\t\t\t\t\t\t\t\t<\/div>\n\t\t<\/div>\n\t\t<\/div>\n\n\n\t\t<\/div>\t\t\t\t<\/div>\n\t\t\t\t<\/div>\n\t\t\t\t<div class=\"elementor-element elementor-element-1e8e79a elementor-widget elementor-widget-elementskit-funfact\" data-id=\"1e8e79a\" data-element_type=\"widget\" data-widget_type=\"elementskit-funfact.default\">\n\t\t\t\t<div class=\"elementor-widget-container\">\n\t\t\t\t\t<div class=\"ekit-wid-con\" >\n\t\t<div class=\"elementskit-funfact text-center\">\n\t\t\t\n\t\t\t<div class=\"elementskit-funfact-inner\">\n\t\t\t\t\t\t\t\t\n\t\t\t\t<div class=\"funfact-content\">\n\t\t\t\t\t<div class=\"number-percentage-wraper\">\n\t\t\t\t\t\t\t\t\t\t\t\t<span class=\"number-percentage\"\n\t\t\t\t\t\t      data-value=\"300\"\n\t\t\t\t\t\t      data-animation-duration=\"3500\"\n\t\t\t\t\t\t\t  data-style=\"static\">0<\/span>\n\t\t\t\t\t\tT\t\t\t\t\t\t\t\t\t\t\t<\/div>\n\n\t\t\t\t\t<h3 class=\"funfact-title\">De carga manuseada anualmente<\/h3>\t\t\t\t\t\t\t\t<\/div>\n\t\t<\/div>\n\t\t<\/div>\n\n\n\t\t<\/div>\t\t\t\t<\/div>\n\t\t\t\t<\/div>\n\t\t\t\t<div class=\"elementor-element elementor-element-1aee741 elementor-widget elementor-widget-elementskit-funfact\" data-id=\"1aee741\" data-element_type=\"widget\" data-widget_type=\"elementskit-funfact.default\">\n\t\t\t\t<div class=\"elementor-widget-container\">\n\t\t\t\t\t<div class=\"ekit-wid-con\" >\n\t\t<div class=\"elementskit-funfact text-center\">\n\t\t\t\n\t\t\t<div class=\"elementskit-funfact-inner\">\n\t\t\t\t\t\t\t\t\n\t\t\t\t<div class=\"funfact-content\">\n\t\t\t\t\t<div class=\"number-percentage-wraper\">\n\t\t\t\t\t\t\t\t\t\t\t\t<span class=\"number-percentage\"\n\t\t\t\t\t\t      data-value=\"522\"\n\t\t\t\t\t\t      data-animation-duration=\"3500\"\n\t\t\t\t\t\t\t  data-style=\"static\">0<\/span>\n\t\t\t\t\t\tKm\t\t\t\t\t\t\t\t\t\t\t<\/div>\n\n\t\t\t\t\t<h3 class=\"funfact-title\">De extens\u00e3o de linha<\/h3>\t\t\t\t\t\t\t\t<\/div>\n\t\t<\/div>\n\t\t<\/div>\n\n\n\t\t<\/div>\t\t\t\t<\/div>\n\t\t\t\t<\/div>\n\t\t\t\t<\/div>\n\t\t\t\t<\/div>\n\t\t\t\t\t<\/div>\n\t\t\t\t<\/div>\n\t\t\t\t<\/div>","protected":false},"excerpt":{"rendered":"<p>Linha do Limpopo In\u00edcio Page Com 522 km de dist\u00e2ncia, \u00e9 a maior linha f\u00e9rrea do Sistema Ferrovi\u00e1rio- Sul, estabelecendo liga\u00e7\u00e3o entre o Porto de Maputo e o vizinho Zimbabwe. Ao longo desta estrat\u00e9gica via, existem 12 esta\u00e7\u00f5es e 19 apeadeiros. 0 Passageiros tranpostados por ano 0 T De carga manuseada anualmente 0 Km De extens\u00e3o de linha<\/p>","protected":false},"author":89,"featured_media":8447,"parent":0,"menu_order":0,"comment_status":"closed","ping_status":"open","template":"","meta":{"_acf_changed":false,"pgc_sgb_lightbox_settings":"","footnotes":""},"class_list":["post-8448","page","type-page","status-publish","has-post-thumbnail","hentry"],"acf":[],"yoast_head":"<!-- This site is optimized with the Yoast SEO plugin v26.5 - https:\/\/yoast.com\/wordpress\/plugins\/seo\/ -->\n<title>Linha do Limpopo - CFM - Caminhos De Ferros de Mo\u00e7ambique<\/title>\n<meta name=\"robots\" content=\"index, follow, max-snippet:-1, max-image-preview:large, max-video-preview:-1\" \/>\n<link rel=\"canonical\" href=\"https:\/\/www.cfm.co.mz\/en\/linha-do-limpopo\/\" \/>\n<meta property=\"og:locale\" content=\"en_US\" \/>\n<meta property=\"og:type\" content=\"article\" \/>\n<meta property=\"og:title\" content=\"Linha do Limpopo - CFM - Caminhos De Ferros de Mo\u00e7ambique\" \/>\n<meta property=\"og:description\" content=\"Linha do Limpopo In\u00edcio Page Com 522 km de dist\u00e2ncia, \u00e9 a maior linha f\u00e9rrea do Sistema Ferrovi\u00e1rio- Sul, estabelecendo liga\u00e7\u00e3o entre o Porto de Maputo e o vizinho Zimbabwe. Ao longo desta estrat\u00e9gica via, existem 12 esta\u00e7\u00f5es e 19 apeadeiros. 0 Passageiros tranpostados por ano 0 T De carga manuseada anualmente 0 Km De extens\u00e3o de linha\" \/>\n<meta property=\"og:url\" content=\"https:\/\/www.cfm.co.mz\/en\/linha-do-limpopo\/\" \/>\n<meta property=\"og:site_name\" content=\"CFM - Caminhos De Ferros de Mo\u00e7ambique\" \/>\n<meta property=\"article:publisher\" content=\"https:\/\/www.facebook.com\/CFMMoz\" \/>\n<meta property=\"article:modified_time\" content=\"2025-08-27T13:37:56+00:00\" \/>\n<meta property=\"og:image\" content=\"https:\/\/www.cfm.co.mz\/wp-content\/uploads\/2014\/02\/linhalimpopo.jpg\" \/>\n\t<meta property=\"og:image:width\" content=\"448\" \/>\n\t<meta property=\"og:image:height\" content=\"298\" \/>\n\t<meta property=\"og:image:type\" content=\"image\/jpeg\" \/>\n<meta name=\"twitter:card\" content=\"summary_large_image\" \/>\n<meta name=\"twitter:label1\" content=\"Est. reading time\" \/>\n\t<meta name=\"twitter:data1\" content=\"1 minute\" \/>\n<script type=\"application\/ld+json\" class=\"yoast-schema-graph\">{\"@context\":\"https:\/\/schema.org\",\"@graph\":[{\"@type\":\"WebPage\",\"@id\":\"https:\/\/www.cfm.co.mz\/linha-do-limpopo\/\",\"url\":\"https:\/\/www.cfm.co.mz\/linha-do-limpopo\/\",\"name\":\"Linha do Limpopo - CFM - Caminhos De Ferros de Mo\u00e7ambique\",\"isPartOf\":{\"@id\":\"https:\/\/www.cfm.co.mz\/#website\"},\"primaryImageOfPage\":{\"@id\":\"https:\/\/www.cfm.co.mz\/linha-do-limpopo\/#primaryimage\"},\"image\":{\"@id\":\"https:\/\/www.cfm.co.mz\/linha-do-limpopo\/#primaryimage\"},\"thumbnailUrl\":\"https:\/\/www.cfm.co.mz\/wp-content\/uploads\/2014\/02\/linhalimpopo.jpg\",\"datePublished\":\"2014-02-13T14:29:41+00:00\",\"dateModified\":\"2025-08-27T13:37:56+00:00\",\"breadcrumb\":{\"@id\":\"https:\/\/www.cfm.co.mz\/linha-do-limpopo\/#breadcrumb\"},\"inLanguage\":\"en-US\",\"potentialAction\":[{\"@type\":\"ReadAction\",\"target\":[\"https:\/\/www.cfm.co.mz\/linha-do-limpopo\/\"]}]},{\"@type\":\"ImageObject\",\"inLanguage\":\"en-US\",\"@id\":\"https:\/\/www.cfm.co.mz\/linha-do-limpopo\/#primaryimage\",\"url\":\"https:\/\/www.cfm.co.mz\/wp-content\/uploads\/2014\/02\/linhalimpopo.jpg\",\"contentUrl\":\"https:\/\/www.cfm.co.mz\/wp-content\/uploads\/2014\/02\/linhalimpopo.jpg\",\"width\":448,\"height\":298,\"caption\":\"linhalimpopo\"},{\"@type\":\"BreadcrumbList\",\"@id\":\"https:\/\/www.cfm.co.mz\/linha-do-limpopo\/#breadcrumb\",\"itemListElement\":[{\"@type\":\"ListItem\",\"position\":1,\"name\":\"Home\",\"item\":\"https:\/\/www.cfm.co.mz\/\"},{\"@type\":\"ListItem\",\"position\":2,\"name\":\"Linha do Limpopo\"}]},{\"@type\":\"WebSite\",\"@id\":\"https:\/\/www.cfm.co.mz\/#website\",\"url\":\"https:\/\/www.cfm.co.mz\/\",\"name\":\"CFM - Caminhos De Ferros de Mo\u00e7ambique\",\"description\":\"Ampliando Horizontes\",\"publisher\":{\"@id\":\"https:\/\/www.cfm.co.mz\/#organization\"},\"potentialAction\":[{\"@type\":\"SearchAction\",\"target\":{\"@type\":\"EntryPoint\",\"urlTemplate\":\"https:\/\/www.cfm.co.mz\/?s={search_term_string}\"},\"query-input\":{\"@type\":\"PropertyValueSpecification\",\"valueRequired\":true,\"valueName\":\"search_term_string\"}}],\"inLanguage\":\"en-US\"},{\"@type\":\"Organization\",\"@id\":\"https:\/\/www.cfm.co.mz\/#organization\",\"name\":\"CFM - Caminhos De Ferros de Mo\u00e7ambique\",\"url\":\"https:\/\/www.cfm.co.mz\/\",\"logo\":{\"@type\":\"ImageObject\",\"inLanguage\":\"en-US\",\"@id\":\"https:\/\/www.cfm.co.mz\/#\/schema\/logo\/image\/\",\"url\":\"https:\/\/www.cfm.co.mz\/wp-content\/uploads\/2025\/07\/be5f0679-4f5b-4d02-9719-a26ceed29162.jpg\",\"contentUrl\":\"https:\/\/www.cfm.co.mz\/wp-content\/uploads\/2025\/07\/be5f0679-4f5b-4d02-9719-a26ceed29162.jpg\",\"width\":400,\"height\":65,\"caption\":\"CFM - Caminhos De Ferros de Mo\u00e7ambique\"},\"image\":{\"@id\":\"https:\/\/www.cfm.co.mz\/#\/schema\/logo\/image\/\"},\"sameAs\":[\"https:\/\/www.facebook.com\/CFMMoz\",\"https:\/\/www.linkedin.com\/company\/caminhos-de-ferro-de-moambique\/\"]}]}<\/script>\n<!-- \/ Yoast SEO plugin. -->","yoast_head_json":{"title":"Linha do Limpopo - CFM - Caminhos De Ferros de Mo\u00e7ambique","robots":{"index":"index","follow":"follow","max-snippet":"max-snippet:-1","max-image-preview":"max-image-preview:large","max-video-preview":"max-video-preview:-1"},"canonical":"https:\/\/www.cfm.co.mz\/en\/linha-do-limpopo\/","og_locale":"en_US","og_type":"article","og_title":"Linha do Limpopo - CFM - Caminhos De Ferros de Mo\u00e7ambique","og_description":"Linha do Limpopo In\u00edcio Page Com 522 km de dist\u00e2ncia, \u00e9 a maior linha f\u00e9rrea do Sistema Ferrovi\u00e1rio- Sul, estabelecendo liga\u00e7\u00e3o entre o Porto de Maputo e o vizinho Zimbabwe. Ao longo desta estrat\u00e9gica via, existem 12 esta\u00e7\u00f5es e 19 apeadeiros. 0 Passageiros tranpostados por ano 0 T De carga manuseada anualmente 0 Km De extens\u00e3o de linha","og_url":"https:\/\/www.cfm.co.mz\/en\/linha-do-limpopo\/","og_site_name":"CFM - Caminhos De Ferros de Mo\u00e7ambique","article_publisher":"https:\/\/www.facebook.com\/CFMMoz","article_modified_time":"2025-08-27T13:37:56+00:00","og_image":[{"width":448,"height":298,"url":"https:\/\/www.cfm.co.mz\/wp-content\/uploads\/2014\/02\/linhalimpopo.jpg","type":"image\/jpeg"}],"twitter_card":"summary_large_image","twitter_misc":{"Est. reading time":"1 minute"},"schema":{"@context":"https:\/\/schema.org","@graph":[{"@type":"WebPage","@id":"https:\/\/www.cfm.co.mz\/linha-do-limpopo\/","url":"https:\/\/www.cfm.co.mz\/linha-do-limpopo\/","name":"Linha do Limpopo - CFM - Caminhos De Ferros de Mo\u00e7ambique","isPartOf":{"@id":"https:\/\/www.cfm.co.mz\/#website"},"primaryImageOfPage":{"@id":"https:\/\/www.cfm.co.mz\/linha-do-limpopo\/#primaryimage"},"image":{"@id":"https:\/\/www.cfm.co.mz\/linha-do-limpopo\/#primaryimage"},"thumbnailUrl":"https:\/\/www.cfm.co.mz\/wp-content\/uploads\/2014\/02\/linhalimpopo.jpg","datePublished":"2014-02-13T14:29:41+00:00","dateModified":"2025-08-27T13:37:56+00:00","breadcrumb":{"@id":"https:\/\/www.cfm.co.mz\/linha-do-limpopo\/#breadcrumb"},"inLanguage":"en-US","potentialAction":[{"@type":"ReadAction","target":["https:\/\/www.cfm.co.mz\/linha-do-limpopo\/"]}]},{"@type":"ImageObject","inLanguage":"en-US","@id":"https:\/\/www.cfm.co.mz\/linha-do-limpopo\/#primaryimage","url":"https:\/\/www.cfm.co.mz\/wp-content\/uploads\/2014\/02\/linhalimpopo.jpg","contentUrl":"https:\/\/www.cfm.co.mz\/wp-content\/uploads\/2014\/02\/linhalimpopo.jpg","width":448,"height":298,"caption":"linhalimpopo"},{"@type":"BreadcrumbList","@id":"https:\/\/www.cfm.co.mz\/linha-do-limpopo\/#breadcrumb","itemListElement":[{"@type":"ListItem","position":1,"name":"Home","item":"https:\/\/www.cfm.co.mz\/"},{"@type":"ListItem","position":2,"name":"Linha do Limpopo"}]},{"@type":"WebSite","@id":"https:\/\/www.cfm.co.mz\/#website","url":"https:\/\/www.cfm.co.mz\/","name":"CFM - Caminhos De Ferros de Mo\u00e7ambique","description":"Ampliando Horizontes","publisher":{"@id":"https:\/\/www.cfm.co.mz\/#organization"},"potentialAction":[{"@type":"SearchAction","target":{"@type":"EntryPoint","urlTemplate":"https:\/\/www.cfm.co.mz\/?s={search_term_string}"},"query-input":{"@type":"PropertyValueSpecification","valueRequired":true,"valueName":"search_term_string"}}],"inLanguage":"en-US"},{"@type":"Organization","@id":"https:\/\/www.cfm.co.mz\/#organization","name":"CFM - Caminhos De Ferros de Mo\u00e7ambique","url":"https:\/\/www.cfm.co.mz\/","logo":{"@type":"ImageObject","inLanguage":"en-US","@id":"https:\/\/www.cfm.co.mz\/#\/schema\/logo\/image\/","url":"https:\/\/www.cfm.co.mz\/wp-content\/uploads\/2025\/07\/be5f0679-4f5b-4d02-9719-a26ceed29162.jpg","contentUrl":"https:\/\/www.cfm.co.mz\/wp-content\/uploads\/2025\/07\/be5f0679-4f5b-4d02-9719-a26ceed29162.jpg","width":400,"height":65,"caption":"CFM - Caminhos De Ferros de Mo\u00e7ambique"},"image":{"@id":"https:\/\/www.cfm.co.mz\/#\/schema\/logo\/image\/"},"sameAs":["https:\/\/www.facebook.com\/CFMMoz","https:\/\/www.linkedin.com\/company\/caminhos-de-ferro-de-moambique\/"]}]}},"_links":{"self":[{"href":"https:\/\/www.cfm.co.mz\/en\/wp-json\/wp\/v2\/pages\/8448","targetHints":{"allow":["GET"]}}],"collection":[{"href":"https:\/\/www.cfm.co.mz\/en\/wp-json\/wp\/v2\/pages"}],"about":[{"href":"https:\/\/www.cfm.co.mz\/en\/wp-json\/wp\/v2\/types\/page"}],"author":[{"embeddable":true,"href":"https:\/\/www.cfm.co.mz\/en\/wp-json\/wp\/v2\/users\/89"}],"replies":[{"embeddable":true,"href":"https:\/\/www.cfm.co.mz\/en\/wp-json\/wp\/v2\/comments?post=8448"}],"version-history":[{"count":16,"href":"https:\/\/www.cfm.co.mz\/en\/wp-json\/wp\/v2\/pages\/8448\/revisions"}],"predecessor-version":[{"id":14228,"href":"https:\/\/www.cfm.co.mz\/en\/wp-json\/wp\/v2\/pages\/8448\/revisions\/14228"}],"wp:featuredmedia":[{"embeddable":true,"href":"https:\/\/www.cfm.co.mz\/en\/wp-json\/wp\/v2\/media\/8447"}],"wp:attachment":[{"href":"https:\/\/www.cfm.co.mz\/en\/wp-json\/wp\/v2\/media?parent=8448"}],"curies":[{"name":"wp","href":"https:\/\/api.w.org\/{rel}","templated":true}]}}