{"id":12650,"date":"2025-03-12T11:44:01","date_gmt":"2025-03-12T11:44:01","guid":{"rendered":"https:\/\/www.cfm.co.mz\/?page_id=12650"},"modified":"2025-03-17T06:28:28","modified_gmt":"2025-03-17T06:28:28","slug":"outros-documentos","status":"publish","type":"page","link":"https:\/\/www.cfm.co.mz\/en\/outros-documentos\/","title":{"rendered":"Other Documents"},"content":{"rendered":"<div data-elementor-type=\"wp-page\" data-elementor-id=\"12650\" class=\"elementor elementor-12650\">\n\t\t\t\t<div class=\"elementor-element elementor-element-ec553cb e-flex e-con-boxed wpr-particle-no wpr-jarallax-no wpr-parallax-no wpr-sticky-section-no e-con e-parent\" data-id=\"ec553cb\" data-element_type=\"container\" data-settings=\"{&quot;background_background&quot;:&quot;classic&quot;}\">\n\t\t\t\t\t<div class=\"e-con-inner\">\n\t\t\t\t<div class=\"elementor-element elementor-element-ccf37e4 elementor-widget elementor-widget-heading\" data-id=\"ccf37e4\" data-element_type=\"widget\" data-widget_type=\"heading.default\">\n\t\t\t\t<div class=\"elementor-widget-container\">\n\t\t\t\t\t<h2 class=\"elementor-heading-title elementor-size-default\">Other Documents<\/h2>\t\t\t\t<\/div>\n\t\t\t\t<\/div>\n\t\t\t\t\t<\/div>\n\t\t\t\t<\/div>\n\t\t<div class=\"elementor-element elementor-element-22e3733 e-flex e-con-boxed wpr-particle-no wpr-jarallax-no wpr-parallax-no wpr-sticky-section-no e-con e-parent\" data-id=\"22e3733\" data-element_type=\"container\" data-settings=\"{&quot;background_background&quot;:&quot;classic&quot;}\">\n\t\t\t\t\t<div class=\"e-con-inner\">\n\t\t\t\t<div class=\"elementor-element elementor-element-2d96d46 elementor-widget elementor-widget-eael-breadcrumbs\" data-id=\"2d96d46\" data-element_type=\"widget\" data-widget_type=\"eael-breadcrumbs.default\">\n\t\t\t\t<div class=\"elementor-widget-container\">\n\t\t\t\t\t\t\t<div class=\"eael-breadcrumbs\">\n\t\t\t<div class=\"eael-breadcrumbs__content\"><a href=\"https:\/\/www.cfm.co.mz\/en\">Home<\/a> <span class=\"eael-breadcrumb-separator\"><i aria-hidden=\"true\" class=\"icon icon-right-arrow1\"><\/i><\/span> <span class = \"eael-current\">Page<\/span><\/div>\t\t<\/div>\n\t\t\t\t\t\t<\/div>\n\t\t\t\t<\/div>\n\t\t\t\t\t<\/div>\n\t\t\t\t<\/div>\n\t\t<div class=\"elementor-element elementor-element-97d37d9 e-flex e-con-boxed wpr-particle-no wpr-jarallax-no wpr-parallax-no wpr-sticky-section-no e-con e-parent\" data-id=\"97d37d9\" data-element_type=\"container\">\n\t\t\t\t\t<div class=\"e-con-inner\">\n\t\t\t\t<div class=\"elementor-element elementor-element-df9c32f doclistfull elementor-widget elementor-widget-shortcode\" data-id=\"df9c32f\" data-element_type=\"widget\" data-widget_type=\"shortcode.default\">\n\t\t\t\t<div class=\"elementor-widget-container\">\n\t\t\t\t\t\t\t<div class=\"elementor-shortcode\"><div class=\"sdm_download_item\"><div class=\"sdm_download_item_top\"><div class=\"sdm_download_thumbnail\"><\/div><div class=\"sdm_download_title\">Porto de Nacala &#8211; Manual e Direct\u00f3rio &#8211; 2025<\/div><\/div><div style=\"clear:both;\"><\/div><div class=\"sdm_download_description\"><\/div><div class=\"sdm_download_link\"><span class=\"sdm_download_button\"><a href=\"https:\/\/www.cfm.co.mz\/en\/?sdm_process_download=1&download_id=12544\" class=\"sdm_download green\" title=\"Porto de Nacala &#8211; Manual e Direct\u00f3rio &#8211; 2025\" target=\"_blank\">Download<\/a><\/span><span class=\"sdm_download_item_count\"><span class=\"sdm_item_count_number\">618<\/span><span class=\"sdm_item_count_string\"> Downloads<\/span><\/span><\/div><\/div><div class=\"sdm_download_item\"><div class=\"sdm_download_item_top\"><div class=\"sdm_download_thumbnail\"><\/div><div class=\"sdm_download_title\">Matriz dos Processos para Contrata\u00e7\u00e3o de Empreitadas de Obras P\u00fablicas e Fornecimento de Bens e Servi\u00e7os<\/div><\/div><div style=\"clear:both;\"><\/div><div class=\"sdm_download_description\"><\/div><div class=\"sdm_download_link\"><span class=\"sdm_download_button\"><a href=\"https:\/\/www.cfm.co.mz\/en\/?sdm_process_download=1&download_id=12542\" class=\"sdm_download green\" title=\"Matriz dos Processos para Contrata\u00e7\u00e3o de Empreitadas de Obras P\u00fablicas e Fornecimento de Bens e Servi\u00e7os\" target=\"_blank\">Download<\/a><\/span><span class=\"sdm_download_item_count\"><span class=\"sdm_item_count_number\">410<\/span><span class=\"sdm_item_count_string\"> Downloads<\/span><\/span><\/div><\/div><div class=\"sdm_download_item\"><div class=\"sdm_download_item_top\"><div class=\"sdm_download_thumbnail\"><\/div><div class=\"sdm_download_title\">Regulamento de Contrata\u00e7\u00e3o de Empreitada de Obras, Fornecimento de Bens e Presta\u00e7\u00e3o de Servi\u00e7os da Portos e Caminhos de Ferro de Mo\u00e7ambique, Empresa P\u00fablica<\/div><\/div><div style=\"clear:both;\"><\/div><div class=\"sdm_download_description\"><\/div><div class=\"sdm_download_link\"><span class=\"sdm_download_button\"><a href=\"https:\/\/www.cfm.co.mz\/en\/?sdm_process_download=1&download_id=12540\" class=\"sdm_download green\" title=\"Regulamento de Contrata\u00e7\u00e3o de Empreitada de Obras, Fornecimento de Bens e Presta\u00e7\u00e3o de Servi\u00e7os da Portos e Caminhos de Ferro de Mo\u00e7ambique, Empresa P\u00fablica\" target=\"_blank\">Download<\/a><\/span><span class=\"sdm_download_item_count\"><span class=\"sdm_item_count_number\">1880<\/span><span class=\"sdm_item_count_string\"> Downloads<\/span><\/span><\/div><\/div><div class=\"sdm_download_item\"><div class=\"sdm_download_item_top\"><div class=\"sdm_download_thumbnail\"><\/div><div class=\"sdm_download_title\">Politica da Qualidade do CFM<\/div><\/div><div style=\"clear:both;\"><\/div><div class=\"sdm_download_description\"><\/div><div class=\"sdm_download_link\"><span class=\"sdm_download_button\"><a href=\"https:\/\/www.cfm.co.mz\/en\/?sdm_process_download=1&download_id=12538\" class=\"sdm_download green\" title=\"Politica da Qualidade do CFM\" target=\"_blank\">Download<\/a><\/span><span class=\"sdm_download_item_count\"><span class=\"sdm_item_count_number\">1020<\/span><span class=\"sdm_item_count_string\"> Downloads<\/span><\/span><\/div><\/div><div class=\"sdm_download_item\"><div class=\"sdm_download_item_top\"><div class=\"sdm_download_thumbnail\"><\/div><div class=\"sdm_download_title\">Politica Ambiental do CFM<\/div><\/div><div style=\"clear:both;\"><\/div><div class=\"sdm_download_description\"><\/div><div class=\"sdm_download_link\"><span class=\"sdm_download_button\"><a href=\"https:\/\/www.cfm.co.mz\/en\/?sdm_process_download=1&download_id=12536\" class=\"sdm_download green\" title=\"Politica Ambiental do CFM\" target=\"_blank\">Download<\/a><\/span><span class=\"sdm_download_item_count\"><span class=\"sdm_item_count_number\">1130<\/span><span class=\"sdm_item_count_string\"> Downloads<\/span><\/span><\/div><\/div><div class=\"sdm_download_item\"><div class=\"sdm_download_item_top\"><div class=\"sdm_download_thumbnail\"><\/div><div class=\"sdm_download_title\">Compromisso Social do CFM<\/div><\/div><div style=\"clear:both;\"><\/div><div class=\"sdm_download_description\"><\/div><div class=\"sdm_download_link\"><span class=\"sdm_download_button\"><a href=\"https:\/\/www.cfm.co.mz\/en\/?sdm_process_download=1&download_id=12534\" class=\"sdm_download green\" title=\"Compromisso Social do CFM\" target=\"_blank\">Download<\/a><\/span><span class=\"sdm_download_item_count\"><span class=\"sdm_item_count_number\">973<\/span><span class=\"sdm_item_count_string\"> Downloads<\/span><\/span><\/div><\/div><div class=\"sdm_download_item\"><div class=\"sdm_download_item_top\"><div class=\"sdm_download_thumbnail\"><\/div><div class=\"sdm_download_title\">Sum\u00e1rio Executivo do PGAS<\/div><\/div><div style=\"clear:both;\"><\/div><div class=\"sdm_download_description\"><\/div><div class=\"sdm_download_link\"><span class=\"sdm_download_button\"><a href=\"https:\/\/www.cfm.co.mz\/en\/?sdm_process_download=1&download_id=12532\" class=\"sdm_download green\" title=\"Sum\u00e1rio Executivo do PGAS\" target=\"_blank\">Download<\/a><\/span><span class=\"sdm_download_item_count\"><span class=\"sdm_item_count_number\">353<\/span><span class=\"sdm_item_count_string\"> Downloads<\/span><\/span><\/div><\/div><div class=\"sdm_download_item\"><div class=\"sdm_download_item_top\"><div class=\"sdm_download_thumbnail\"><\/div><div class=\"sdm_download_title\">Plano de Gest\u00e3o Ambiental e Social (PGAS)<\/div><\/div><div style=\"clear:both;\"><\/div><div class=\"sdm_download_description\"><\/div><div class=\"sdm_download_link\"><span class=\"sdm_download_button\"><a href=\"https:\/\/www.cfm.co.mz\/en\/?sdm_process_download=1&download_id=12530\" class=\"sdm_download green\" title=\"Plano de Gest\u00e3o Ambiental e Social (PGAS)\" target=\"_blank\">Download<\/a><\/span><span class=\"sdm_download_item_count\"><span class=\"sdm_item_count_number\">1084<\/span><span class=\"sdm_item_count_string\"> Downloads<\/span><\/span><\/div><\/div><div class=\"sdm_download_item\"><div class=\"sdm_download_item_top\"><div class=\"sdm_download_thumbnail\"><\/div><div class=\"sdm_download_title\">Livro de Tarifas dos Portos e Terminais Oce\u00e2nicos sob gest\u00e3o do CFM &#8211; 2023<\/div><\/div><div style=\"clear:both;\"><\/div><div class=\"sdm_download_description\"><\/div><div class=\"sdm_download_link\"><span class=\"sdm_download_button\"><a href=\"https:\/\/www.cfm.co.mz\/en\/?sdm_process_download=1&download_id=12528\" class=\"sdm_download green\" title=\"Livro de Tarifas dos Portos e Terminais Oce\u00e2nicos sob gest\u00e3o do CFM &#8211; 2023\" target=\"_blank\">Download<\/a><\/span><span class=\"sdm_download_item_count\"><span class=\"sdm_item_count_number\">1405<\/span><span class=\"sdm_item_count_string\"> Downloads<\/span><\/span><\/div><\/div><div class=\"sdm_download_item\"><div class=\"sdm_download_item_top\"><div class=\"sdm_download_thumbnail\"><\/div><div class=\"sdm_download_title\">Livro de Tarifas dos Portos e Terminais Oce\u00e2nicos Sob gest\u00e3o do CFM &#8211; 2020<\/div><\/div><div style=\"clear:both;\"><\/div><div class=\"sdm_download_description\"><\/div><div class=\"sdm_download_link\"><span class=\"sdm_download_button\"><a href=\"https:\/\/www.cfm.co.mz\/en\/?sdm_process_download=1&download_id=12526\" class=\"sdm_download green\" title=\"Livro de Tarifas dos Portos e Terminais Oce\u00e2nicos Sob gest\u00e3o do CFM &#8211; 2020\" target=\"_blank\">Download<\/a><\/span><span class=\"sdm_download_item_count\"><span class=\"sdm_item_count_number\">5208<\/span><span class=\"sdm_item_count_string\"> Downloads<\/span><\/span><\/div><\/div><div class=\"sdm_download_item\"><div class=\"sdm_download_item_top\"><div class=\"sdm_download_thumbnail\"><\/div><div class=\"sdm_download_title\">Os Nossos Portos &#8211; Brochura<\/div><\/div><div style=\"clear:both;\"><\/div><div class=\"sdm_download_description\"><\/div><div class=\"sdm_download_link\"><span class=\"sdm_download_button\"><a href=\"https:\/\/www.cfm.co.mz\/en\/?sdm_process_download=1&download_id=12524\" class=\"sdm_download green\" title=\"Os Nossos Portos &#8211; Brochura\" target=\"_blank\">Download<\/a><\/span><span class=\"sdm_download_item_count\"><span class=\"sdm_item_count_number\">5937<\/span><span class=\"sdm_item_count_string\"> Downloads<\/span><\/span><\/div><\/div><div class=\"sdm_download_item\"><div class=\"sdm_download_item_top\"><div class=\"sdm_download_thumbnail\"><\/div><div class=\"sdm_download_title\">Livro de Tarifas &#8211; Aplic\u00e1vel \u00e0 Ind\u00fastria de Petr\u00f3leo &#038; G\u00e1s<\/div><\/div><div style=\"clear:both;\"><\/div><div class=\"sdm_download_description\"><\/div><div class=\"sdm_download_link\"><span class=\"sdm_download_button\"><a href=\"https:\/\/www.cfm.co.mz\/en\/?sdm_process_download=1&download_id=12522\" class=\"sdm_download green\" title=\"Livro de Tarifas &#8211; Aplic\u00e1vel \u00e0 Ind\u00fastria de Petr\u00f3leo &#038; G\u00e1s\" target=\"_blank\">Download<\/a><\/span><span class=\"sdm_download_item_count\"><span class=\"sdm_item_count_number\">4129<\/span><span class=\"sdm_item_count_string\"> Downloads<\/span><\/span><\/div><\/div><div class=\"sdm_download_item\"><div class=\"sdm_download_item_top\"><div class=\"sdm_download_thumbnail\"><\/div><div class=\"sdm_download_title\">Livro de Tarifas dos Portos e Terminais Oceanicos do CFM Edi\u00e7\u00e3o 2019<\/div><\/div><div style=\"clear:both;\"><\/div><div class=\"sdm_download_description\"><\/div><div class=\"sdm_download_link\"><span class=\"sdm_download_button\"><a href=\"https:\/\/www.cfm.co.mz\/en\/?sdm_process_download=1&download_id=12520\" class=\"sdm_download green\" title=\"Livro de Tarifas dos Portos e Terminais Oceanicos do CFM Edi\u00e7\u00e3o 2019\" target=\"_blank\">Download<\/a><\/span><span class=\"sdm_download_item_count\"><span class=\"sdm_item_count_number\">6463<\/span><span class=\"sdm_item_count_string\"> Downloads<\/span><\/span><\/div><\/div><div class=\"sdm_download_item\"><div class=\"sdm_download_item_top\"><div class=\"sdm_download_thumbnail\"><\/div><div class=\"sdm_download_title\">Livro de Tarifas Portuarias &#8211; 2018<\/div><\/div><div style=\"clear:both;\"><\/div><div class=\"sdm_download_description\"><\/div><div class=\"sdm_download_link\"><span class=\"sdm_download_button\"><a href=\"https:\/\/www.cfm.co.mz\/en\/?sdm_process_download=1&download_id=12518\" class=\"sdm_download green\" title=\"Livro de Tarifas Portuarias &#8211; 2018\" target=\"_blank\">Download<\/a><\/span><span class=\"sdm_download_item_count\"><span class=\"sdm_item_count_number\">7111<\/span><span class=\"sdm_item_count_string\"> Downloads<\/span><\/span><\/div><\/div><div class=\"sdm_clear_float\"><\/div><\/div>\n\t\t\t\t\t\t<\/div>\n\t\t\t\t<\/div>\n\t\t\t\t\t<\/div>\n\t\t\t\t<\/div>\n\t\t\t\t<\/div>","protected":false},"excerpt":{"rendered":"<p>Outros documentos In\u00edcio Page<\/p>","protected":false},"author":1,"featured_media":0,"parent":0,"menu_order":0,"comment_status":"closed","ping_status":"closed","template":"","meta":{"_acf_changed":false,"pgc_sgb_lightbox_settings":"","footnotes":""},"class_list":["post-12650","page","type-page","status-publish","hentry"],"acf":[],"yoast_head":"<!-- This site is optimized with the Yoast SEO plugin v26.5 - https:\/\/yoast.com\/wordpress\/plugins\/seo\/ -->\n<title>Outros documentos - CFM - Caminhos De Ferros de Mo\u00e7ambique<\/title>\n<meta name=\"robots\" content=\"index, follow, max-snippet:-1, max-image-preview:large, max-video-preview:-1\" \/>\n<link rel=\"canonical\" href=\"https:\/\/www.cfm.co.mz\/en\/outros-documentos\/\" \/>\n<meta property=\"og:locale\" content=\"en_US\" \/>\n<meta property=\"og:type\" content=\"article\" \/>\n<meta property=\"og:title\" content=\"Outros documentos - CFM - Caminhos De Ferros de Mo\u00e7ambique\" \/>\n<meta property=\"og:description\" content=\"Outros documentos In\u00edcio Page\" \/>\n<meta property=\"og:url\" content=\"https:\/\/www.cfm.co.mz\/en\/outros-documentos\/\" \/>\n<meta property=\"og:site_name\" content=\"CFM - Caminhos De Ferros de Mo\u00e7ambique\" \/>\n<meta property=\"article:publisher\" content=\"https:\/\/www.facebook.com\/CFMMoz\" \/>\n<meta property=\"article:modified_time\" content=\"2025-03-17T06:28:28+00:00\" \/>\n<meta name=\"twitter:card\" content=\"summary_large_image\" \/>\n<script type=\"application\/ld+json\" class=\"yoast-schema-graph\">{\"@context\":\"https:\/\/schema.org\",\"@graph\":[{\"@type\":\"WebPage\",\"@id\":\"https:\/\/www.cfm.co.mz\/outros-documentos\/\",\"url\":\"https:\/\/www.cfm.co.mz\/outros-documentos\/\",\"name\":\"Outros documentos - CFM - Caminhos De Ferros de Mo\u00e7ambique\",\"isPartOf\":{\"@id\":\"https:\/\/www.cfm.co.mz\/#website\"},\"datePublished\":\"2025-03-12T11:44:01+00:00\",\"dateModified\":\"2025-03-17T06:28:28+00:00\",\"breadcrumb\":{\"@id\":\"https:\/\/www.cfm.co.mz\/outros-documentos\/#breadcrumb\"},\"inLanguage\":\"en-US\",\"potentialAction\":[{\"@type\":\"ReadAction\",\"target\":[\"https:\/\/www.cfm.co.mz\/outros-documentos\/\"]}]},{\"@type\":\"BreadcrumbList\",\"@id\":\"https:\/\/www.cfm.co.mz\/outros-documentos\/#breadcrumb\",\"itemListElement\":[{\"@type\":\"ListItem\",\"position\":1,\"name\":\"Home\",\"item\":\"https:\/\/www.cfm.co.mz\/\"},{\"@type\":\"ListItem\",\"position\":2,\"name\":\"Outros documentos\"}]},{\"@type\":\"WebSite\",\"@id\":\"https:\/\/www.cfm.co.mz\/#website\",\"url\":\"https:\/\/www.cfm.co.mz\/\",\"name\":\"CFM - Caminhos De Ferros de Mo\u00e7ambique\",\"description\":\"Ampliando Horizontes\",\"publisher\":{\"@id\":\"https:\/\/www.cfm.co.mz\/#organization\"},\"potentialAction\":[{\"@type\":\"SearchAction\",\"target\":{\"@type\":\"EntryPoint\",\"urlTemplate\":\"https:\/\/www.cfm.co.mz\/?s={search_term_string}\"},\"query-input\":{\"@type\":\"PropertyValueSpecification\",\"valueRequired\":true,\"valueName\":\"search_term_string\"}}],\"inLanguage\":\"en-US\"},{\"@type\":\"Organization\",\"@id\":\"https:\/\/www.cfm.co.mz\/#organization\",\"name\":\"CFM - Caminhos De Ferros de Mo\u00e7ambique\",\"url\":\"https:\/\/www.cfm.co.mz\/\",\"logo\":{\"@type\":\"ImageObject\",\"inLanguage\":\"en-US\",\"@id\":\"https:\/\/www.cfm.co.mz\/#\/schema\/logo\/image\/\",\"url\":\"https:\/\/www.cfm.co.mz\/wp-content\/uploads\/2025\/07\/be5f0679-4f5b-4d02-9719-a26ceed29162.jpg\",\"contentUrl\":\"https:\/\/www.cfm.co.mz\/wp-content\/uploads\/2025\/07\/be5f0679-4f5b-4d02-9719-a26ceed29162.jpg\",\"width\":400,\"height\":65,\"caption\":\"CFM - Caminhos De Ferros de Mo\u00e7ambique\"},\"image\":{\"@id\":\"https:\/\/www.cfm.co.mz\/#\/schema\/logo\/image\/\"},\"sameAs\":[\"https:\/\/www.facebook.com\/CFMMoz\",\"https:\/\/www.linkedin.com\/company\/caminhos-de-ferro-de-moambique\/\"]}]}<\/script>\n<!-- \/ Yoast SEO plugin. -->","yoast_head_json":{"title":"Outros documentos - CFM - Caminhos De Ferros de Mo\u00e7ambique","robots":{"index":"index","follow":"follow","max-snippet":"max-snippet:-1","max-image-preview":"max-image-preview:large","max-video-preview":"max-video-preview:-1"},"canonical":"https:\/\/www.cfm.co.mz\/en\/outros-documentos\/","og_locale":"en_US","og_type":"article","og_title":"Outros documentos - CFM - Caminhos De Ferros de Mo\u00e7ambique","og_description":"Outros documentos In\u00edcio Page","og_url":"https:\/\/www.cfm.co.mz\/en\/outros-documentos\/","og_site_name":"CFM - Caminhos De Ferros de Mo\u00e7ambique","article_publisher":"https:\/\/www.facebook.com\/CFMMoz","article_modified_time":"2025-03-17T06:28:28+00:00","twitter_card":"summary_large_image","schema":{"@context":"https:\/\/schema.org","@graph":[{"@type":"WebPage","@id":"https:\/\/www.cfm.co.mz\/outros-documentos\/","url":"https:\/\/www.cfm.co.mz\/outros-documentos\/","name":"Outros documentos - CFM - Caminhos De Ferros de Mo\u00e7ambique","isPartOf":{"@id":"https:\/\/www.cfm.co.mz\/#website"},"datePublished":"2025-03-12T11:44:01+00:00","dateModified":"2025-03-17T06:28:28+00:00","breadcrumb":{"@id":"https:\/\/www.cfm.co.mz\/outros-documentos\/#breadcrumb"},"inLanguage":"en-US","potentialAction":[{"@type":"ReadAction","target":["https:\/\/www.cfm.co.mz\/outros-documentos\/"]}]},{"@type":"BreadcrumbList","@id":"https:\/\/www.cfm.co.mz\/outros-documentos\/#breadcrumb","itemListElement":[{"@type":"ListItem","position":1,"name":"Home","item":"https:\/\/www.cfm.co.mz\/"},{"@type":"ListItem","position":2,"name":"Outros documentos"}]},{"@type":"WebSite","@id":"https:\/\/www.cfm.co.mz\/#website","url":"https:\/\/www.cfm.co.mz\/","name":"CFM - Caminhos De Ferros de Mo\u00e7ambique","description":"Ampliando Horizontes","publisher":{"@id":"https:\/\/www.cfm.co.mz\/#organization"},"potentialAction":[{"@type":"SearchAction","target":{"@type":"EntryPoint","urlTemplate":"https:\/\/www.cfm.co.mz\/?s={search_term_string}"},"query-input":{"@type":"PropertyValueSpecification","valueRequired":true,"valueName":"search_term_string"}}],"inLanguage":"en-US"},{"@type":"Organization","@id":"https:\/\/www.cfm.co.mz\/#organization","name":"CFM - Caminhos De Ferros de Mo\u00e7ambique","url":"https:\/\/www.cfm.co.mz\/","logo":{"@type":"ImageObject","inLanguage":"en-US","@id":"https:\/\/www.cfm.co.mz\/#\/schema\/logo\/image\/","url":"https:\/\/www.cfm.co.mz\/wp-content\/uploads\/2025\/07\/be5f0679-4f5b-4d02-9719-a26ceed29162.jpg","contentUrl":"https:\/\/www.cfm.co.mz\/wp-content\/uploads\/2025\/07\/be5f0679-4f5b-4d02-9719-a26ceed29162.jpg","width":400,"height":65,"caption":"CFM - Caminhos De Ferros de Mo\u00e7ambique"},"image":{"@id":"https:\/\/www.cfm.co.mz\/#\/schema\/logo\/image\/"},"sameAs":["https:\/\/www.facebook.com\/CFMMoz","https:\/\/www.linkedin.com\/company\/caminhos-de-ferro-de-moambique\/"]}]}},"_links":{"self":[{"href":"https:\/\/www.cfm.co.mz\/en\/wp-json\/wp\/v2\/pages\/12650","targetHints":{"allow":["GET"]}}],"collection":[{"href":"https:\/\/www.cfm.co.mz\/en\/wp-json\/wp\/v2\/pages"}],"about":[{"href":"https:\/\/www.cfm.co.mz\/en\/wp-json\/wp\/v2\/types\/page"}],"author":[{"embeddable":true,"href":"https:\/\/www.cfm.co.mz\/en\/wp-json\/wp\/v2\/users\/1"}],"replies":[{"embeddable":true,"href":"https:\/\/www.cfm.co.mz\/en\/wp-json\/wp\/v2\/comments?post=12650"}],"version-history":[{"count":7,"href":"https:\/\/www.cfm.co.mz\/en\/wp-json\/wp\/v2\/pages\/12650\/revisions"}],"predecessor-version":[{"id":13040,"href":"https:\/\/www.cfm.co.mz\/en\/wp-json\/wp\/v2\/pages\/12650\/revisions\/13040"}],"wp:attachment":[{"href":"https:\/\/www.cfm.co.mz\/en\/wp-json\/wp\/v2\/media?parent=12650"}],"curies":[{"name":"wp","href":"https:\/\/api.w.org\/{rel}","templated":true}]}}