{"id":12608,"date":"2025-03-12T08:03:25","date_gmt":"2025-03-12T08:03:25","guid":{"rendered":"https:\/\/www.cfm.co.mz\/?page_id=12608"},"modified":"2025-03-17T06:26:05","modified_gmt":"2025-03-17T06:26:05","slug":"relatorios-e-contas","status":"publish","type":"page","link":"https:\/\/www.cfm.co.mz\/en\/relatorios-e-contas\/","title":{"rendered":"Reports and Accounts"},"content":{"rendered":"<div data-elementor-type=\"wp-page\" data-elementor-id=\"12608\" class=\"elementor elementor-12608\">\n\t\t\t\t<div class=\"elementor-element elementor-element-ec553cb e-flex e-con-boxed wpr-particle-no wpr-jarallax-no wpr-parallax-no wpr-sticky-section-no e-con e-parent\" data-id=\"ec553cb\" data-element_type=\"container\" data-settings=\"{&quot;background_background&quot;:&quot;classic&quot;}\">\n\t\t\t\t\t<div class=\"e-con-inner\">\n\t\t\t\t<div class=\"elementor-element elementor-element-ccf37e4 elementor-widget elementor-widget-heading\" data-id=\"ccf37e4\" data-element_type=\"widget\" data-widget_type=\"heading.default\">\n\t\t\t\t<div class=\"elementor-widget-container\">\n\t\t\t\t\t<h2 class=\"elementor-heading-title elementor-size-default\">Reports and Accounts<\/h2>\t\t\t\t<\/div>\n\t\t\t\t<\/div>\n\t\t\t\t\t<\/div>\n\t\t\t\t<\/div>\n\t\t<div class=\"elementor-element elementor-element-7f6c0a0 e-flex e-con-boxed wpr-particle-no wpr-jarallax-no wpr-parallax-no wpr-sticky-section-no e-con e-parent\" data-id=\"7f6c0a0\" data-element_type=\"container\" data-settings=\"{&quot;background_background&quot;:&quot;classic&quot;}\">\n\t\t\t\t\t<div class=\"e-con-inner\">\n\t\t\t\t<div class=\"elementor-element elementor-element-1c218ce elementor-widget elementor-widget-eael-breadcrumbs\" data-id=\"1c218ce\" data-element_type=\"widget\" data-widget_type=\"eael-breadcrumbs.default\">\n\t\t\t\t<div class=\"elementor-widget-container\">\n\t\t\t\t\t\t\t<div class=\"eael-breadcrumbs\">\n\t\t\t<div class=\"eael-breadcrumbs__content\"><a href=\"https:\/\/www.cfm.co.mz\/en\">Home<\/a> <span class=\"eael-breadcrumb-separator\"><i aria-hidden=\"true\" class=\"icon icon-right-arrow1\"><\/i><\/span> <span class = \"eael-current\">Page<\/span><\/div>\t\t<\/div>\n\t\t\t\t\t\t<\/div>\n\t\t\t\t<\/div>\n\t\t\t\t\t<\/div>\n\t\t\t\t<\/div>\n\t\t<div class=\"elementor-element elementor-element-97d37d9 e-flex e-con-boxed wpr-particle-no wpr-jarallax-no wpr-parallax-no wpr-sticky-section-no e-con e-parent\" data-id=\"97d37d9\" data-element_type=\"container\">\n\t\t\t\t\t<div class=\"e-con-inner\">\n\t\t\t\t<div class=\"elementor-element elementor-element-df9c32f doclistfull elementor-widget elementor-widget-shortcode\" data-id=\"df9c32f\" data-element_type=\"widget\" data-widget_type=\"shortcode.default\">\n\t\t\t\t<div class=\"elementor-widget-container\">\n\t\t\t\t\t\t\t<div class=\"elementor-shortcode\"><div class=\"sdm_download_item\"><div class=\"sdm_download_item_top\"><div class=\"sdm_download_thumbnail\"><\/div><div class=\"sdm_download_title\">Relat\u00f3rio e Contas &#8211; 2024<\/div><\/div><div style=\"clear:both;\"><\/div><div class=\"sdm_download_description\"><\/div><div class=\"sdm_download_link\"><span class=\"sdm_download_button\"><a href=\"https:\/\/www.cfm.co.mz\/en\/?sdm_process_download=1&download_id=13992\" class=\"sdm_download green\" title=\"Relat\u00f3rio e Contas &#8211; 2024\" target=\"_blank\">Download<\/a><\/span><span class=\"sdm_download_item_count\"><span class=\"sdm_item_count_number\">1486<\/span><span class=\"sdm_item_count_string\"> Downloads<\/span><\/span><\/div><\/div><div class=\"sdm_download_item\"><div class=\"sdm_download_item_top\"><div class=\"sdm_download_thumbnail\"><\/div><div class=\"sdm_download_title\">Relat\u00f3rio e Contas &#8211; 2023<\/div><\/div><div style=\"clear:both;\"><\/div><div class=\"sdm_download_description\"><\/div><div class=\"sdm_download_link\"><span class=\"sdm_download_button\"><a href=\"https:\/\/www.cfm.co.mz\/en\/?sdm_process_download=1&download_id=12599\" class=\"sdm_download green\" title=\"Relat\u00f3rio e Contas &#8211; 2023\" target=\"_blank\">Download<\/a><\/span><span class=\"sdm_download_item_count\"><span class=\"sdm_item_count_number\">1773<\/span><span class=\"sdm_item_count_string\"> Downloads<\/span><\/span><\/div><\/div><div class=\"sdm_download_item\"><div class=\"sdm_download_item_top\"><div class=\"sdm_download_thumbnail\"><\/div><div class=\"sdm_download_title\">Relat\u00f3rio e Contas &#8211; 2022<\/div><\/div><div style=\"clear:both;\"><\/div><div class=\"sdm_download_description\"><\/div><div class=\"sdm_download_link\"><span class=\"sdm_download_button\"><a href=\"https:\/\/www.cfm.co.mz\/en\/?sdm_process_download=1&download_id=12596\" class=\"sdm_download green\" title=\"Relat\u00f3rio e Contas &#8211; 2022\" target=\"_blank\">Download<\/a><\/span><span class=\"sdm_download_item_count\"><span class=\"sdm_item_count_number\">2957<\/span><span class=\"sdm_item_count_string\"> Downloads<\/span><\/span><\/div><\/div><div class=\"sdm_download_item\"><div class=\"sdm_download_item_top\"><div class=\"sdm_download_thumbnail\"><\/div><div class=\"sdm_download_title\">Report and Accounts &#8211; 2022<\/div><\/div><div style=\"clear:both;\"><\/div><div class=\"sdm_download_description\"><\/div><div class=\"sdm_download_link\"><span class=\"sdm_download_button\"><a href=\"https:\/\/www.cfm.co.mz\/en\/?sdm_process_download=1&download_id=12594\" class=\"sdm_download green\" title=\"Report and Accounts &#8211; 2022\" target=\"_blank\">Download<\/a><\/span><span class=\"sdm_download_item_count\"><span class=\"sdm_item_count_number\">2218<\/span><span class=\"sdm_item_count_string\"> Downloads<\/span><\/span><\/div><\/div><div class=\"sdm_download_item\"><div class=\"sdm_download_item_top\"><div class=\"sdm_download_thumbnail\"><\/div><div class=\"sdm_download_title\">Relat\u00f3rio e Contas &#8211; 2021<\/div><\/div><div style=\"clear:both;\"><\/div><div class=\"sdm_download_description\"><\/div><div class=\"sdm_download_link\"><span class=\"sdm_download_button\"><a href=\"https:\/\/www.cfm.co.mz\/en\/?sdm_process_download=1&download_id=12592\" class=\"sdm_download green\" title=\"Relat\u00f3rio e Contas &#8211; 2021\" target=\"_blank\">Download<\/a><\/span><span class=\"sdm_download_item_count\"><span class=\"sdm_item_count_number\">22165<\/span><span class=\"sdm_item_count_string\"> Downloads<\/span><\/span><\/div><\/div><div class=\"sdm_download_item\"><div class=\"sdm_download_item_top\"><div class=\"sdm_download_thumbnail\"><\/div><div class=\"sdm_download_title\">Relat\u00f3rio e Contas &#8211; 2020<\/div><\/div><div style=\"clear:both;\"><\/div><div class=\"sdm_download_description\"><\/div><div class=\"sdm_download_link\"><span class=\"sdm_download_button\"><a href=\"https:\/\/www.cfm.co.mz\/en\/?sdm_process_download=1&download_id=12590\" class=\"sdm_download green\" title=\"Relat\u00f3rio e Contas &#8211; 2020\" target=\"_self\">Download<\/a><\/span><span class=\"sdm_download_item_count\"><span class=\"sdm_item_count_number\">461<\/span><span class=\"sdm_item_count_string\"> Downloads<\/span><\/span><\/div><\/div><div class=\"sdm_download_item\"><div class=\"sdm_download_item_top\"><div class=\"sdm_download_thumbnail\"><\/div><div class=\"sdm_download_title\">Relat\u00f3rio e Contas &#8211; 2019<\/div><\/div><div style=\"clear:both;\"><\/div><div class=\"sdm_download_description\"><\/div><div class=\"sdm_download_link\"><span class=\"sdm_download_button\"><a href=\"https:\/\/www.cfm.co.mz\/en\/?sdm_process_download=1&download_id=12588\" class=\"sdm_download green\" title=\"Relat\u00f3rio e Contas &#8211; 2019\" target=\"_blank\">Download<\/a><\/span><span class=\"sdm_download_item_count\"><span class=\"sdm_item_count_number\">7250<\/span><span class=\"sdm_item_count_string\"> Downloads<\/span><\/span><\/div><\/div><div class=\"sdm_download_item\"><div class=\"sdm_download_item_top\"><div class=\"sdm_download_thumbnail\"><\/div><div class=\"sdm_download_title\">Relat\u00f3rio e Contas &#8211; 2018<\/div><\/div><div style=\"clear:both;\"><\/div><div class=\"sdm_download_description\"><\/div><div class=\"sdm_download_link\"><span class=\"sdm_download_button\"><a href=\"https:\/\/www.cfm.co.mz\/en\/?sdm_process_download=1&download_id=12586\" class=\"sdm_download green\" title=\"Relat\u00f3rio e Contas &#8211; 2018\" target=\"_blank\">Download<\/a><\/span><span class=\"sdm_download_item_count\"><span class=\"sdm_item_count_number\">6551<\/span><span class=\"sdm_item_count_string\"> Downloads<\/span><\/span><\/div><\/div><div class=\"sdm_download_item\"><div class=\"sdm_download_item_top\"><div class=\"sdm_download_thumbnail\"><\/div><div class=\"sdm_download_title\">Relat\u00f3rio e Contas &#8211; 2017<\/div><\/div><div style=\"clear:both;\"><\/div><div class=\"sdm_download_description\"><\/div><div class=\"sdm_download_link\"><span class=\"sdm_download_button\"><a href=\"https:\/\/www.cfm.co.mz\/en\/?sdm_process_download=1&download_id=12584\" class=\"sdm_download green\" title=\"Relat\u00f3rio e Contas &#8211; 2017\" target=\"_blank\">Download<\/a><\/span><span class=\"sdm_download_item_count\"><span class=\"sdm_item_count_number\">8749<\/span><span class=\"sdm_item_count_string\"> Downloads<\/span><\/span><\/div><\/div><div class=\"sdm_download_item\"><div class=\"sdm_download_item_top\"><div class=\"sdm_download_thumbnail\"><\/div><div class=\"sdm_download_title\">Relatorio e Contas &#8211; 2016<\/div><\/div><div style=\"clear:both;\"><\/div><div class=\"sdm_download_description\"><\/div><div class=\"sdm_download_link\"><span class=\"sdm_download_button\"><a href=\"https:\/\/www.cfm.co.mz\/en\/?sdm_process_download=1&download_id=12582\" class=\"sdm_download green\" title=\"Relatorio e Contas &#8211; 2016\" target=\"_blank\">Download<\/a><\/span><span class=\"sdm_download_item_count\"><span class=\"sdm_item_count_number\">5822<\/span><span class=\"sdm_item_count_string\"> Downloads<\/span><\/span><\/div><\/div><div class=\"sdm_download_item\"><div class=\"sdm_download_item_top\"><div class=\"sdm_download_thumbnail\"><\/div><div class=\"sdm_download_title\">Relatorio e Contas &#8211; 2015<\/div><\/div><div style=\"clear:both;\"><\/div><div class=\"sdm_download_description\"><\/div><div class=\"sdm_download_link\"><span class=\"sdm_download_button\"><a href=\"https:\/\/www.cfm.co.mz\/en\/?sdm_process_download=1&download_id=12580\" class=\"sdm_download green\" title=\"Relatorio e Contas &#8211; 2015\" target=\"_blank\">Download<\/a><\/span><span class=\"sdm_download_item_count\"><span class=\"sdm_item_count_number\">4719<\/span><span class=\"sdm_item_count_string\"> Downloads<\/span><\/span><\/div><\/div><div class=\"sdm_download_item\"><div class=\"sdm_download_item_top\"><div class=\"sdm_download_thumbnail\"><\/div><div class=\"sdm_download_title\">Relatorio e Contas &#8211; 2014<\/div><\/div><div style=\"clear:both;\"><\/div><div class=\"sdm_download_description\"><\/div><div class=\"sdm_download_link\"><span class=\"sdm_download_button\"><a href=\"https:\/\/www.cfm.co.mz\/en\/?sdm_process_download=1&download_id=12578\" class=\"sdm_download green\" title=\"Relatorio e Contas &#8211; 2014\" target=\"_blank\">Download<\/a><\/span><span class=\"sdm_download_item_count\"><span class=\"sdm_item_count_number\">3909<\/span><span class=\"sdm_item_count_string\"> Downloads<\/span><\/span><\/div><\/div><div class=\"sdm_download_item\"><div class=\"sdm_download_item_top\"><div class=\"sdm_download_thumbnail\"><\/div><div class=\"sdm_download_title\">Relatorio e Contas &#8211; 2013<\/div><\/div><div style=\"clear:both;\"><\/div><div class=\"sdm_download_description\"><\/div><div class=\"sdm_download_link\"><span class=\"sdm_download_button\"><a href=\"https:\/\/www.cfm.co.mz\/en\/?sdm_process_download=1&download_id=12576\" class=\"sdm_download green\" title=\"Relatorio e Contas &#8211; 2013\" target=\"_blank\">Download<\/a><\/span><span class=\"sdm_download_item_count\"><span class=\"sdm_item_count_number\">11425<\/span><span class=\"sdm_item_count_string\"> Downloads<\/span><\/span><\/div><\/div><div class=\"sdm_download_item\"><div class=\"sdm_download_item_top\"><div class=\"sdm_download_thumbnail\"><\/div><div class=\"sdm_download_title\">Relatorio e Contas &#8211; 2012<\/div><\/div><div style=\"clear:both;\"><\/div><div class=\"sdm_download_description\"><\/div><div class=\"sdm_download_link\"><span class=\"sdm_download_button\"><a href=\"https:\/\/www.cfm.co.mz\/en\/?sdm_process_download=1&download_id=12574\" class=\"sdm_download green\" title=\"Relatorio e Contas &#8211; 2012\" target=\"_blank\">Download<\/a><\/span><span class=\"sdm_download_item_count\"><span class=\"sdm_item_count_number\">11179<\/span><span class=\"sdm_item_count_string\"> Downloads<\/span><\/span><\/div><\/div><div class=\"sdm_download_item\"><div class=\"sdm_download_item_top\"><div class=\"sdm_download_thumbnail\"><\/div><div class=\"sdm_download_title\">Report and Accounts &#8211; 2012<\/div><\/div><div style=\"clear:both;\"><\/div><div class=\"sdm_download_description\"><\/div><div class=\"sdm_download_link\"><span class=\"sdm_download_button\"><a href=\"https:\/\/www.cfm.co.mz\/en\/?sdm_process_download=1&download_id=12572\" class=\"sdm_download green\" title=\"Report and Accounts &#8211; 2012\" target=\"_blank\">Download<\/a><\/span><span class=\"sdm_download_item_count\"><span class=\"sdm_item_count_number\">6601<\/span><span class=\"sdm_item_count_string\"> Downloads<\/span><\/span><\/div><\/div><div class=\"sdm_download_item\"><div class=\"sdm_download_item_top\"><div class=\"sdm_download_thumbnail\"><\/div><div class=\"sdm_download_title\">Relatorio e Contas &#8211; 2011<\/div><\/div><div style=\"clear:both;\"><\/div><div class=\"sdm_download_description\"><\/div><div class=\"sdm_download_link\"><span class=\"sdm_download_button\"><a href=\"https:\/\/www.cfm.co.mz\/en\/?sdm_process_download=1&download_id=12570\" class=\"sdm_download green\" title=\"Relatorio e Contas &#8211; 2011\" target=\"_self\">Download<\/a><\/span><span class=\"sdm_download_item_count\"><span class=\"sdm_item_count_number\">7015<\/span><span class=\"sdm_item_count_string\"> Downloads<\/span><\/span><\/div><\/div><div class=\"sdm_download_item\"><div class=\"sdm_download_item_top\"><div class=\"sdm_download_thumbnail\"><\/div><div class=\"sdm_download_title\">Relatorio e Contas &#8211; 2010<\/div><\/div><div style=\"clear:both;\"><\/div><div class=\"sdm_download_description\"><\/div><div class=\"sdm_download_link\"><span class=\"sdm_download_button\"><a href=\"https:\/\/www.cfm.co.mz\/en\/?sdm_process_download=1&download_id=12568\" class=\"sdm_download green\" title=\"Relatorio e Contas &#8211; 2010\" target=\"_blank\">Download<\/a><\/span><span class=\"sdm_download_item_count\"><span class=\"sdm_item_count_number\">7094<\/span><span class=\"sdm_item_count_string\"> Downloads<\/span><\/span><\/div><\/div><div class=\"sdm_download_item\"><div class=\"sdm_download_item_top\"><div class=\"sdm_download_thumbnail\"><\/div><div class=\"sdm_download_title\">Relat\u00f3rio e Contas &#8211; 2009<\/div><\/div><div style=\"clear:both;\"><\/div><div class=\"sdm_download_description\"><\/div><div class=\"sdm_download_link\"><span class=\"sdm_download_button\"><a href=\"https:\/\/www.cfm.co.mz\/en\/?sdm_process_download=1&download_id=12566\" class=\"sdm_download green\" title=\"Relat\u00f3rio e Contas &#8211; 2009\" target=\"_blank\">Download<\/a><\/span><span class=\"sdm_download_item_count\"><span class=\"sdm_item_count_number\">3669<\/span><span class=\"sdm_item_count_string\"> Downloads<\/span><\/span><\/div><\/div><div class=\"sdm_clear_float\"><\/div><\/div>\n\t\t\t\t\t\t<\/div>\n\t\t\t\t<\/div>\n\t\t\t\t\t<\/div>\n\t\t\t\t<\/div>\n\t\t\t\t<\/div>","protected":false},"excerpt":{"rendered":"<p>Relat\u00f3rios e Contas In\u00edcio Page<\/p>","protected":false},"author":1,"featured_media":0,"parent":0,"menu_order":0,"comment_status":"closed","ping_status":"closed","template":"","meta":{"_acf_changed":false,"pgc_sgb_lightbox_settings":"","footnotes":""},"class_list":["post-12608","page","type-page","status-publish","hentry"],"acf":[],"yoast_head":"<!-- This site is optimized with the Yoast SEO plugin v26.5 - https:\/\/yoast.com\/wordpress\/plugins\/seo\/ -->\n<title>Relat\u00f3rios e Contas - CFM - Caminhos De Ferros de Mo\u00e7ambique<\/title>\n<meta name=\"robots\" content=\"index, follow, max-snippet:-1, max-image-preview:large, max-video-preview:-1\" \/>\n<link rel=\"canonical\" href=\"https:\/\/www.cfm.co.mz\/en\/relatorios-e-contas\/\" \/>\n<meta property=\"og:locale\" content=\"en_US\" \/>\n<meta property=\"og:type\" content=\"article\" \/>\n<meta property=\"og:title\" content=\"Relat\u00f3rios e Contas - CFM - Caminhos De Ferros de Mo\u00e7ambique\" \/>\n<meta property=\"og:description\" content=\"Relat\u00f3rios e Contas In\u00edcio Page\" \/>\n<meta property=\"og:url\" content=\"https:\/\/www.cfm.co.mz\/en\/relatorios-e-contas\/\" \/>\n<meta property=\"og:site_name\" content=\"CFM - Caminhos De Ferros de Mo\u00e7ambique\" \/>\n<meta property=\"article:publisher\" content=\"https:\/\/www.facebook.com\/CFMMoz\" \/>\n<meta property=\"article:modified_time\" content=\"2025-03-17T06:26:05+00:00\" \/>\n<meta name=\"twitter:card\" content=\"summary_large_image\" \/>\n<script type=\"application\/ld+json\" class=\"yoast-schema-graph\">{\"@context\":\"https:\/\/schema.org\",\"@graph\":[{\"@type\":\"WebPage\",\"@id\":\"https:\/\/www.cfm.co.mz\/relatorios-e-contas\/\",\"url\":\"https:\/\/www.cfm.co.mz\/relatorios-e-contas\/\",\"name\":\"Relat\u00f3rios e Contas - CFM - Caminhos De Ferros de Mo\u00e7ambique\",\"isPartOf\":{\"@id\":\"https:\/\/www.cfm.co.mz\/#website\"},\"datePublished\":\"2025-03-12T08:03:25+00:00\",\"dateModified\":\"2025-03-17T06:26:05+00:00\",\"breadcrumb\":{\"@id\":\"https:\/\/www.cfm.co.mz\/relatorios-e-contas\/#breadcrumb\"},\"inLanguage\":\"en-US\",\"potentialAction\":[{\"@type\":\"ReadAction\",\"target\":[\"https:\/\/www.cfm.co.mz\/relatorios-e-contas\/\"]}]},{\"@type\":\"BreadcrumbList\",\"@id\":\"https:\/\/www.cfm.co.mz\/relatorios-e-contas\/#breadcrumb\",\"itemListElement\":[{\"@type\":\"ListItem\",\"position\":1,\"name\":\"Home\",\"item\":\"https:\/\/www.cfm.co.mz\/\"},{\"@type\":\"ListItem\",\"position\":2,\"name\":\"Relat\u00f3rios e Contas\"}]},{\"@type\":\"WebSite\",\"@id\":\"https:\/\/www.cfm.co.mz\/#website\",\"url\":\"https:\/\/www.cfm.co.mz\/\",\"name\":\"CFM - Caminhos De Ferros de Mo\u00e7ambique\",\"description\":\"Ampliando Horizontes\",\"publisher\":{\"@id\":\"https:\/\/www.cfm.co.mz\/#organization\"},\"potentialAction\":[{\"@type\":\"SearchAction\",\"target\":{\"@type\":\"EntryPoint\",\"urlTemplate\":\"https:\/\/www.cfm.co.mz\/?s={search_term_string}\"},\"query-input\":{\"@type\":\"PropertyValueSpecification\",\"valueRequired\":true,\"valueName\":\"search_term_string\"}}],\"inLanguage\":\"en-US\"},{\"@type\":\"Organization\",\"@id\":\"https:\/\/www.cfm.co.mz\/#organization\",\"name\":\"CFM - Caminhos De Ferros de Mo\u00e7ambique\",\"url\":\"https:\/\/www.cfm.co.mz\/\",\"logo\":{\"@type\":\"ImageObject\",\"inLanguage\":\"en-US\",\"@id\":\"https:\/\/www.cfm.co.mz\/#\/schema\/logo\/image\/\",\"url\":\"https:\/\/www.cfm.co.mz\/wp-content\/uploads\/2025\/07\/be5f0679-4f5b-4d02-9719-a26ceed29162.jpg\",\"contentUrl\":\"https:\/\/www.cfm.co.mz\/wp-content\/uploads\/2025\/07\/be5f0679-4f5b-4d02-9719-a26ceed29162.jpg\",\"width\":400,\"height\":65,\"caption\":\"CFM - Caminhos De Ferros de Mo\u00e7ambique\"},\"image\":{\"@id\":\"https:\/\/www.cfm.co.mz\/#\/schema\/logo\/image\/\"},\"sameAs\":[\"https:\/\/www.facebook.com\/CFMMoz\",\"https:\/\/www.linkedin.com\/company\/caminhos-de-ferro-de-moambique\/\"]}]}<\/script>\n<!-- \/ Yoast SEO plugin. -->","yoast_head_json":{"title":"Relat\u00f3rios e Contas - CFM - Caminhos De Ferros de Mo\u00e7ambique","robots":{"index":"index","follow":"follow","max-snippet":"max-snippet:-1","max-image-preview":"max-image-preview:large","max-video-preview":"max-video-preview:-1"},"canonical":"https:\/\/www.cfm.co.mz\/en\/relatorios-e-contas\/","og_locale":"en_US","og_type":"article","og_title":"Relat\u00f3rios e Contas - CFM - Caminhos De Ferros de Mo\u00e7ambique","og_description":"Relat\u00f3rios e Contas In\u00edcio Page","og_url":"https:\/\/www.cfm.co.mz\/en\/relatorios-e-contas\/","og_site_name":"CFM - Caminhos De Ferros de Mo\u00e7ambique","article_publisher":"https:\/\/www.facebook.com\/CFMMoz","article_modified_time":"2025-03-17T06:26:05+00:00","twitter_card":"summary_large_image","schema":{"@context":"https:\/\/schema.org","@graph":[{"@type":"WebPage","@id":"https:\/\/www.cfm.co.mz\/relatorios-e-contas\/","url":"https:\/\/www.cfm.co.mz\/relatorios-e-contas\/","name":"Relat\u00f3rios e Contas - CFM - Caminhos De Ferros de Mo\u00e7ambique","isPartOf":{"@id":"https:\/\/www.cfm.co.mz\/#website"},"datePublished":"2025-03-12T08:03:25+00:00","dateModified":"2025-03-17T06:26:05+00:00","breadcrumb":{"@id":"https:\/\/www.cfm.co.mz\/relatorios-e-contas\/#breadcrumb"},"inLanguage":"en-US","potentialAction":[{"@type":"ReadAction","target":["https:\/\/www.cfm.co.mz\/relatorios-e-contas\/"]}]},{"@type":"BreadcrumbList","@id":"https:\/\/www.cfm.co.mz\/relatorios-e-contas\/#breadcrumb","itemListElement":[{"@type":"ListItem","position":1,"name":"Home","item":"https:\/\/www.cfm.co.mz\/"},{"@type":"ListItem","position":2,"name":"Relat\u00f3rios e Contas"}]},{"@type":"WebSite","@id":"https:\/\/www.cfm.co.mz\/#website","url":"https:\/\/www.cfm.co.mz\/","name":"CFM - Caminhos De Ferros de Mo\u00e7ambique","description":"Ampliando Horizontes","publisher":{"@id":"https:\/\/www.cfm.co.mz\/#organization"},"potentialAction":[{"@type":"SearchAction","target":{"@type":"EntryPoint","urlTemplate":"https:\/\/www.cfm.co.mz\/?s={search_term_string}"},"query-input":{"@type":"PropertyValueSpecification","valueRequired":true,"valueName":"search_term_string"}}],"inLanguage":"en-US"},{"@type":"Organization","@id":"https:\/\/www.cfm.co.mz\/#organization","name":"CFM - Caminhos De Ferros de Mo\u00e7ambique","url":"https:\/\/www.cfm.co.mz\/","logo":{"@type":"ImageObject","inLanguage":"en-US","@id":"https:\/\/www.cfm.co.mz\/#\/schema\/logo\/image\/","url":"https:\/\/www.cfm.co.mz\/wp-content\/uploads\/2025\/07\/be5f0679-4f5b-4d02-9719-a26ceed29162.jpg","contentUrl":"https:\/\/www.cfm.co.mz\/wp-content\/uploads\/2025\/07\/be5f0679-4f5b-4d02-9719-a26ceed29162.jpg","width":400,"height":65,"caption":"CFM - Caminhos De Ferros de Mo\u00e7ambique"},"image":{"@id":"https:\/\/www.cfm.co.mz\/#\/schema\/logo\/image\/"},"sameAs":["https:\/\/www.facebook.com\/CFMMoz","https:\/\/www.linkedin.com\/company\/caminhos-de-ferro-de-moambique\/"]}]}},"_links":{"self":[{"href":"https:\/\/www.cfm.co.mz\/en\/wp-json\/wp\/v2\/pages\/12608","targetHints":{"allow":["GET"]}}],"collection":[{"href":"https:\/\/www.cfm.co.mz\/en\/wp-json\/wp\/v2\/pages"}],"about":[{"href":"https:\/\/www.cfm.co.mz\/en\/wp-json\/wp\/v2\/types\/page"}],"author":[{"embeddable":true,"href":"https:\/\/www.cfm.co.mz\/en\/wp-json\/wp\/v2\/users\/1"}],"replies":[{"embeddable":true,"href":"https:\/\/www.cfm.co.mz\/en\/wp-json\/wp\/v2\/comments?post=12608"}],"version-history":[{"count":22,"href":"https:\/\/www.cfm.co.mz\/en\/wp-json\/wp\/v2\/pages\/12608\/revisions"}],"predecessor-version":[{"id":13016,"href":"https:\/\/www.cfm.co.mz\/en\/wp-json\/wp\/v2\/pages\/12608\/revisions\/13016"}],"wp:attachment":[{"href":"https:\/\/www.cfm.co.mz\/en\/wp-json\/wp\/v2\/media?parent=12608"}],"curies":[{"name":"wp","href":"https:\/\/api.w.org\/{rel}","templated":true}]}}